{"id":14777,"date":"2026-04-26T09:13:46","date_gmt":"2026-04-26T09:13:46","guid":{"rendered":""},"modified":"2026-04-26T09:13:46","modified_gmt":"2026-04-26T09:13:46","slug":"haspl-uhelnik-90-typ-4-65x90x90mm-prolis-horka-nabidka-14777","status":"publish","type":"product","link":"https:\/\/www.koupelnapro.com\/index.php\/produkt\/haspl-uhelnik-90-typ-4-65x90x90mm-prolis-horka-nabidka-14777\/","title":{"rendered":"Ha\u0161pl \u00daheln\u00edk 90 Typ-4 65x90x90mm prolis Hork\u00e1 Nab\u00eddka"},"content":{"rendered":"<h2>\u00daheln\u00edk kovov\u00fd 90\u00b0 65x90x90mm s prolisem<\/h2>\n<p>Uheln\u00edk 90 stup\u0148\u016f je ide\u00e1ln\u00ed prvek pro lehk\u00e9 kotven\u00ed obvodov\u00fdch panel\u016f nebo vazn\u00edk\u016f k podzednici a je tak\u00e9 vhodn\u00fd pro konstrukci ro\u0161tu. Tento kovov\u00fd spojovac\u00ed prvek zaji\u0161\u0165uje stabilitu a pevnost konstrukce. P\u0159i mont\u00e1\u017ei je d\u016fle\u017eit\u00e9 dodr\u017eovat specifikaci, \u017ee uheln\u00edk mus\u00ed b\u00fdt minim\u00e1ln\u011b o 10 mm z ka\u017ed\u00e9 strany u\u017e\u0161\u00ed ne\u017e je tr\u00e1m a v\u017edy mus\u00ed b\u00fdt um\u00edst\u011bn z obou stran tr\u00e1mu.<\/p>\n<p>\u00a0<\/p>\n<h2>V\u00fdhody spojovac\u00edch \u00faheln\u00edk\u016f<\/h2>\n<ul>\n<li><strong>Lehk\u00e9 kotven\u00ed<\/strong> \u2013 Ide\u00e1ln\u00ed pro obvodov\u00e9 panely a vazn\u00edky.<\/li>\n<li><strong>Vhodn\u00e9 pro ro\u0161ty<\/strong> \u2013 Poskytuje stabiln\u00ed konstruk\u010dn\u00ed \u0159e\u0161en\u00ed.<\/li>\n<li><strong>Specifikace pro mont\u00e1\u017e<\/strong> \u2013 Minim\u00e1ln\u011b o 10 mm u\u017e\u0161\u00ed ne\u017e tr\u00e1m pro bezpe\u010dn\u00e9 uchycen\u00ed.<\/li>\n<li><strong>Instalace z obou stran<\/strong> \u2013 Zaji\u0161\u0165uje maxim\u00e1ln\u00ed pevnost spoje.<\/li>\n<\/ul>\n<h2>K \u010demu se pou\u017e\u00edvaj\u00ed \u00faheln\u00edky<\/h2>\n<p>Uheln\u00edk 90 stup\u0148\u016f se pou\u017e\u00edv\u00e1 pro lehk\u00e9 kotven\u00ed obvodov\u00fdch panel\u016f nebo vazn\u00edk\u016f k podzednici a je tak\u00e9 vhodn\u00fd pro konstrukci ro\u0161tu. Je d\u016fle\u017eit\u00e9, aby byl uheln\u00edk p\u0159i mont\u00e1\u017ei minim\u00e1ln\u011b o 10 mm z ka\u017ed\u00e9 strany u\u017e\u0161\u00ed ne\u017e je tr\u00e1m a aby byl um\u00edst\u011bn z obou stran tr\u00e1mu pro zaji\u0161t\u011bn\u00ed stability a bezpe\u010dnosti konstrukce.<\/p>\n<p>\u00a0<\/p>\n<h3>Kl\u00ed\u010dov\u00e9 vlastnosti a parametry produktu \u00faheln\u00edk<\/h3>\n<div id=\"PDTable3\" class=\"ProductDetailTableView v3a v3 bs-view dcon dc177 PDTable3\" >\n<table>\n<thead><\/thead>\n<tbody>\n<tr class=\"attribute attr_A001\">\n<td class=\"caption\">rozm\u011br <\/td>\n<td class=\"value\">65 x 90 x 90 mm<\/td>\n<\/tr>\n<tr class=\"attribute attr_A0039\">\n<td class=\"caption\">typ<\/td>\n<td class=\"value\">s prolisem<\/td>\n<\/tr>\n<tr class=\"attribute attr_bsshop_maker\">\n<td class=\"caption\">V\u00fdrobce<\/td>\n<td class=\"value\">Ha\u0161pl a.s.<\/td>\n<\/tr>\n<\/tbody>\n<\/table>\n<\/div>\n<\/div><\/div>\n<\/div>\n<div id=\"e3289892\" class=\"tabs\">\n","protected":false},"excerpt":{"rendered":"<p>\u00daheln\u00edk kovov\u00fd 90\u00b0 65x90x90mm s prolisem Uheln\u00edk 90 stup\u0148\u016f je ide\u00e1ln\u00ed prvek pro lehk\u00e9 kotven\u00ed obvodov\u00fdch panel\u016f nebo vazn\u00edk\u016f k podzednici a je tak\u00e9 vhodn\u00fd pro konstrukci ro\u0161tu. Tento kovov\u00fd spojovac\u00ed prvek zaji\u0161\u0165uje stabilitu a pevnost konstrukce. P\u0159i mont\u00e1\u017ei je d\u016fle\u017eit\u00e9 dodr\u017eovat specifikaci, \u017ee uheln\u00edk mus\u00ed b\u00fdt minim\u00e1ln\u011b o 10 mm z ka\u017ed\u00e9 strany u\u017e\u0161\u00ed [&hellip;]<\/p>\n","protected":false},"featured_media":14877,"comment_status":"open","ping_status":"open","template":"","meta":[],"product_brand":[],"product_cat":[84],"product_tag":[],"class_list":{"0":"post-14777","1":"product","2":"type-product","3":"status-publish","4":"has-post-thumbnail","6":"product_cat-spojovac-205-materi-193-l","8":"first","9":"instock","10":"sale","11":"shipping-taxable","12":"purchasable","13":"product-type-simple"},"yoast_head":"<!-- This site is optimized with the Yoast SEO plugin v26.8 - https:\/\/yoast.com\/product\/yoast-seo-wordpress\/ -->\n<title>Ha\u0161pl \u00daheln\u00edk 90 Typ-4 65x90x90mm prolis Hork\u00e1 Nab\u00eddka -<\/title>\n<meta name=\"robots\" content=\"index, follow, max-snippet:-1, max-image-preview:large, max-video-preview:-1\" \/>\n<link rel=\"canonical\" href=\"https:\/\/www.koupelnapro.com\/index.php\/produkt\/haspl-uhelnik-90-typ-4-65x90x90mm-prolis-horka-nabidka-14777\/\" \/>\n<meta property=\"og:locale\" content=\"cs_CZ\" \/>\n<meta property=\"og:type\" content=\"article\" \/>\n<meta property=\"og:title\" content=\"Ha\u0161pl \u00daheln\u00edk 90 Typ-4 65x90x90mm prolis Hork\u00e1 Nab\u00eddka -\" \/>\n<meta property=\"og:description\" content=\"\u00daheln\u00edk kovov\u00fd 90\u00b0 65x90x90mm s prolisem Uheln\u00edk 90 stup\u0148\u016f je ide\u00e1ln\u00ed prvek pro lehk\u00e9 kotven\u00ed obvodov\u00fdch panel\u016f nebo vazn\u00edk\u016f k podzednici a je tak\u00e9 vhodn\u00fd pro konstrukci ro\u0161tu. Tento kovov\u00fd spojovac\u00ed prvek zaji\u0161\u0165uje stabilitu a pevnost konstrukce. P\u0159i mont\u00e1\u017ei je d\u016fle\u017eit\u00e9 dodr\u017eovat specifikaci, \u017ee uheln\u00edk mus\u00ed b\u00fdt minim\u00e1ln\u011b o 10 mm z ka\u017ed\u00e9 strany u\u017e\u0161\u00ed [&hellip;]\" \/>\n<meta property=\"og:url\" content=\"https:\/\/www.koupelnapro.com\/index.php\/produkt\/haspl-uhelnik-90-typ-4-65x90x90mm-prolis-horka-nabidka-14777\/\" \/>\n<meta property=\"og:image\" content=\"https:\/\/www.koupelnapro.com\/wp-content\/uploads\/2026\/SK0003422-CZ20260425-091908-0-1777079948-haspl-uhelnik-90-typ-4-65x90x90mm-prolis.webp\" \/>\n\t<meta property=\"og:image:width\" content=\"1000\" \/>\n\t<meta property=\"og:image:height\" content=\"525\" \/>\n\t<meta property=\"og:image:type\" content=\"image\/webp\" \/>\n<meta name=\"twitter:card\" content=\"summary_large_image\" \/>\n<meta name=\"twitter:label1\" content=\"Odhadovan\u00e1 doba \u010dten\u00ed\" \/>\n\t<meta name=\"twitter:data1\" content=\"1 minuta\" \/>\n<script type=\"application\/ld+json\" class=\"yoast-schema-graph\">{\"@context\":\"https:\/\/schema.org\",\"@graph\":[{\"@type\":\"WebPage\",\"@id\":\"https:\/\/www.koupelnapro.com\/index.php\/produkt\/haspl-uhelnik-90-typ-4-65x90x90mm-prolis-horka-nabidka-14777\/\",\"url\":\"https:\/\/www.koupelnapro.com\/index.php\/produkt\/haspl-uhelnik-90-typ-4-65x90x90mm-prolis-horka-nabidka-14777\/\",\"name\":\"Ha\u0161pl \u00daheln\u00edk 90 Typ-4 65x90x90mm prolis Hork\u00e1 Nab\u00eddka -\",\"isPartOf\":{\"@id\":\"https:\/\/www.koupelnapro.com\/#website\"},\"primaryImageOfPage\":{\"@id\":\"https:\/\/www.koupelnapro.com\/index.php\/produkt\/haspl-uhelnik-90-typ-4-65x90x90mm-prolis-horka-nabidka-14777\/#primaryimage\"},\"image\":{\"@id\":\"https:\/\/www.koupelnapro.com\/index.php\/produkt\/haspl-uhelnik-90-typ-4-65x90x90mm-prolis-horka-nabidka-14777\/#primaryimage\"},\"thumbnailUrl\":\"https:\/\/www.koupelnapro.com\/wp-content\/uploads\/2026\/SK0003422-CZ20260425-091908-0-1777079948-haspl-uhelnik-90-typ-4-65x90x90mm-prolis.webp\",\"datePublished\":\"2026-04-26T09:13:46+00:00\",\"breadcrumb\":{\"@id\":\"https:\/\/www.koupelnapro.com\/index.php\/produkt\/haspl-uhelnik-90-typ-4-65x90x90mm-prolis-horka-nabidka-14777\/#breadcrumb\"},\"inLanguage\":\"cs\",\"potentialAction\":[{\"@type\":\"ReadAction\",\"target\":[\"https:\/\/www.koupelnapro.com\/index.php\/produkt\/haspl-uhelnik-90-typ-4-65x90x90mm-prolis-horka-nabidka-14777\/\"]}]},{\"@type\":\"ImageObject\",\"inLanguage\":\"cs\",\"@id\":\"https:\/\/www.koupelnapro.com\/index.php\/produkt\/haspl-uhelnik-90-typ-4-65x90x90mm-prolis-horka-nabidka-14777\/#primaryimage\",\"url\":\"https:\/\/www.koupelnapro.com\/wp-content\/uploads\/2026\/SK0003422-CZ20260425-091908-0-1777079948-haspl-uhelnik-90-typ-4-65x90x90mm-prolis.webp\",\"contentUrl\":\"https:\/\/www.koupelnapro.com\/wp-content\/uploads\/2026\/SK0003422-CZ20260425-091908-0-1777079948-haspl-uhelnik-90-typ-4-65x90x90mm-prolis.webp\",\"width\":1000,\"height\":525},{\"@type\":\"BreadcrumbList\",\"@id\":\"https:\/\/www.koupelnapro.com\/index.php\/produkt\/haspl-uhelnik-90-typ-4-65x90x90mm-prolis-horka-nabidka-14777\/#breadcrumb\",\"itemListElement\":[{\"@type\":\"ListItem\",\"position\":1,\"name\":\"Home\",\"item\":\"https:\/\/www.koupelnapro.com\/\"},{\"@type\":\"ListItem\",\"position\":2,\"name\":\"Products\",\"item\":\"https:\/\/www.koupelnapro.com\/index.php\/products\/\"},{\"@type\":\"ListItem\",\"position\":3,\"name\":\"Ha\u0161pl \u00daheln\u00edk 90 Typ-4 65x90x90mm prolis Hork\u00e1 Nab\u00eddka\"}]},{\"@type\":\"WebSite\",\"@id\":\"https:\/\/www.koupelnapro.com\/#website\",\"url\":\"https:\/\/www.koupelnapro.com\/\",\"name\":\"\",\"description\":\"\",\"potentialAction\":[{\"@type\":\"SearchAction\",\"target\":{\"@type\":\"EntryPoint\",\"urlTemplate\":\"https:\/\/www.koupelnapro.com\/?s={search_term_string}\"},\"query-input\":{\"@type\":\"PropertyValueSpecification\",\"valueRequired\":true,\"valueName\":\"search_term_string\"}}],\"inLanguage\":\"cs\"}]}<\/script>\n<!-- \/ Yoast SEO plugin. -->","yoast_head_json":{"title":"Ha\u0161pl \u00daheln\u00edk 90 Typ-4 65x90x90mm prolis Hork\u00e1 Nab\u00eddka -","robots":{"index":"index","follow":"follow","max-snippet":"max-snippet:-1","max-image-preview":"max-image-preview:large","max-video-preview":"max-video-preview:-1"},"canonical":"https:\/\/www.koupelnapro.com\/index.php\/produkt\/haspl-uhelnik-90-typ-4-65x90x90mm-prolis-horka-nabidka-14777\/","og_locale":"cs_CZ","og_type":"article","og_title":"Ha\u0161pl \u00daheln\u00edk 90 Typ-4 65x90x90mm prolis Hork\u00e1 Nab\u00eddka -","og_description":"\u00daheln\u00edk kovov\u00fd 90\u00b0 65x90x90mm s prolisem Uheln\u00edk 90 stup\u0148\u016f je ide\u00e1ln\u00ed prvek pro lehk\u00e9 kotven\u00ed obvodov\u00fdch panel\u016f nebo vazn\u00edk\u016f k podzednici a je tak\u00e9 vhodn\u00fd pro konstrukci ro\u0161tu. Tento kovov\u00fd spojovac\u00ed prvek zaji\u0161\u0165uje stabilitu a pevnost konstrukce. P\u0159i mont\u00e1\u017ei je d\u016fle\u017eit\u00e9 dodr\u017eovat specifikaci, \u017ee uheln\u00edk mus\u00ed b\u00fdt minim\u00e1ln\u011b o 10 mm z ka\u017ed\u00e9 strany u\u017e\u0161\u00ed [&hellip;]","og_url":"https:\/\/www.koupelnapro.com\/index.php\/produkt\/haspl-uhelnik-90-typ-4-65x90x90mm-prolis-horka-nabidka-14777\/","og_image":[{"width":1000,"height":525,"url":"https:\/\/www.koupelnapro.com\/wp-content\/uploads\/2026\/SK0003422-CZ20260425-091908-0-1777079948-haspl-uhelnik-90-typ-4-65x90x90mm-prolis.webp","type":"image\/webp"}],"twitter_card":"summary_large_image","twitter_misc":{"Odhadovan\u00e1 doba \u010dten\u00ed":"1 minuta"},"schema":{"@context":"https:\/\/schema.org","@graph":[{"@type":"WebPage","@id":"https:\/\/www.koupelnapro.com\/index.php\/produkt\/haspl-uhelnik-90-typ-4-65x90x90mm-prolis-horka-nabidka-14777\/","url":"https:\/\/www.koupelnapro.com\/index.php\/produkt\/haspl-uhelnik-90-typ-4-65x90x90mm-prolis-horka-nabidka-14777\/","name":"Ha\u0161pl \u00daheln\u00edk 90 Typ-4 65x90x90mm prolis Hork\u00e1 Nab\u00eddka -","isPartOf":{"@id":"https:\/\/www.koupelnapro.com\/#website"},"primaryImageOfPage":{"@id":"https:\/\/www.koupelnapro.com\/index.php\/produkt\/haspl-uhelnik-90-typ-4-65x90x90mm-prolis-horka-nabidka-14777\/#primaryimage"},"image":{"@id":"https:\/\/www.koupelnapro.com\/index.php\/produkt\/haspl-uhelnik-90-typ-4-65x90x90mm-prolis-horka-nabidka-14777\/#primaryimage"},"thumbnailUrl":"https:\/\/www.koupelnapro.com\/wp-content\/uploads\/2026\/SK0003422-CZ20260425-091908-0-1777079948-haspl-uhelnik-90-typ-4-65x90x90mm-prolis.webp","datePublished":"2026-04-26T09:13:46+00:00","breadcrumb":{"@id":"https:\/\/www.koupelnapro.com\/index.php\/produkt\/haspl-uhelnik-90-typ-4-65x90x90mm-prolis-horka-nabidka-14777\/#breadcrumb"},"inLanguage":"cs","potentialAction":[{"@type":"ReadAction","target":["https:\/\/www.koupelnapro.com\/index.php\/produkt\/haspl-uhelnik-90-typ-4-65x90x90mm-prolis-horka-nabidka-14777\/"]}]},{"@type":"ImageObject","inLanguage":"cs","@id":"https:\/\/www.koupelnapro.com\/index.php\/produkt\/haspl-uhelnik-90-typ-4-65x90x90mm-prolis-horka-nabidka-14777\/#primaryimage","url":"https:\/\/www.koupelnapro.com\/wp-content\/uploads\/2026\/SK0003422-CZ20260425-091908-0-1777079948-haspl-uhelnik-90-typ-4-65x90x90mm-prolis.webp","contentUrl":"https:\/\/www.koupelnapro.com\/wp-content\/uploads\/2026\/SK0003422-CZ20260425-091908-0-1777079948-haspl-uhelnik-90-typ-4-65x90x90mm-prolis.webp","width":1000,"height":525},{"@type":"BreadcrumbList","@id":"https:\/\/www.koupelnapro.com\/index.php\/produkt\/haspl-uhelnik-90-typ-4-65x90x90mm-prolis-horka-nabidka-14777\/#breadcrumb","itemListElement":[{"@type":"ListItem","position":1,"name":"Home","item":"https:\/\/www.koupelnapro.com\/"},{"@type":"ListItem","position":2,"name":"Products","item":"https:\/\/www.koupelnapro.com\/index.php\/products\/"},{"@type":"ListItem","position":3,"name":"Ha\u0161pl \u00daheln\u00edk 90 Typ-4 65x90x90mm prolis Hork\u00e1 Nab\u00eddka"}]},{"@type":"WebSite","@id":"https:\/\/www.koupelnapro.com\/#website","url":"https:\/\/www.koupelnapro.com\/","name":"","description":"","potentialAction":[{"@type":"SearchAction","target":{"@type":"EntryPoint","urlTemplate":"https:\/\/www.koupelnapro.com\/?s={search_term_string}"},"query-input":{"@type":"PropertyValueSpecification","valueRequired":true,"valueName":"search_term_string"}}],"inLanguage":"cs"}]}},"_links":{"self":[{"href":"https:\/\/www.koupelnapro.com\/index.php\/wp-json\/wp\/v2\/product\/14777","targetHints":{"allow":["GET"]}}],"collection":[{"href":"https:\/\/www.koupelnapro.com\/index.php\/wp-json\/wp\/v2\/product"}],"about":[{"href":"https:\/\/www.koupelnapro.com\/index.php\/wp-json\/wp\/v2\/types\/product"}],"replies":[{"embeddable":true,"href":"https:\/\/www.koupelnapro.com\/index.php\/wp-json\/wp\/v2\/comments?post=14777"}],"wp:featuredmedia":[{"embeddable":true,"href":"https:\/\/www.koupelnapro.com\/index.php\/wp-json\/wp\/v2\/media\/14877"}],"wp:attachment":[{"href":"https:\/\/www.koupelnapro.com\/index.php\/wp-json\/wp\/v2\/media?parent=14777"}],"wp:term":[{"taxonomy":"product_brand","embeddable":true,"href":"https:\/\/www.koupelnapro.com\/index.php\/wp-json\/wp\/v2\/product_brand?post=14777"},{"taxonomy":"product_cat","embeddable":true,"href":"https:\/\/www.koupelnapro.com\/index.php\/wp-json\/wp\/v2\/product_cat?post=14777"},{"taxonomy":"product_tag","embeddable":true,"href":"https:\/\/www.koupelnapro.com\/index.php\/wp-json\/wp\/v2\/product_tag?post=14777"}],"curies":[{"name":"wp","href":"https:\/\/api.w.org\/{rel}","templated":true}]}}