{"id":14737,"date":"2026-04-26T09:13:46","date_gmt":"2026-04-26T09:13:46","guid":{"rendered":""},"modified":"2026-04-26T09:13:46","modified_gmt":"2026-04-26T09:13:46","slug":"znackovy-ursa-pureone-twf-37-80mm-bal-8-75m2-14737","status":"publish","type":"product","link":"https:\/\/www.koupelnapro.com\/index.php\/produkt\/znackovy-ursa-pureone-twf-37-80mm-bal-8-75m2-14737\/","title":{"rendered":"Zna\u010dkov\u00fd URSA Pureone TWF 37 80mm bal. 8,75m2"},"content":{"rendered":"<h2>URSA PUREONE TWF 37 80mm akustick\u00e1 miner\u00e1ln\u00ed vata<\/h2>\n<p><strong>URSA PUREONE TWF 37 <\/strong>je difuzn\u011b otev\u0159en\u00e1, <strong>akustick\u00e1 izolace z miner\u00e1ln\u00ed vlny na b\u00e1zi skla<\/strong>. Tato izola\u010dn\u00ed role je ide\u00e1ln\u00ed <strong>pro lehk\u00e9 konstrukce p\u0159\u00ed\u010dek, obvodov\u00e9 st\u011bny a st\u0159e\u0161n\u00ed syst\u00e9my.<\/strong> <strong>Zaji\u0161\u0165uje zvukovou izolaci, tepelnou ochranu a protipo\u017e\u00e1rn\u00ed odolnost v d\u0159evostavb\u00e1ch a montovan\u00fdch konstrukc\u00edch<\/strong>. Izolace p\u0159evy\u0161uje po\u017eadavek SDK d\u011blic\u00edch p\u0159\u00ed\u010dek na objemovou hmotnost izola\u010dn\u00edho materi\u00e1lu 15 kg\/m<sup>3<\/sup>.<\/p>\n<div class=\"content-head__content\">\n<div class=\"content-head__text\">\n<p>\u00a0<\/p>\n<p>\u00a0<\/p>\n<\/div>\n<\/div>\n<h2>V\u00fdhody izolace do st\u011bn Ursa TWF 37 s tlou\u0161\u0165kou 80mm<\/h2>\n<ul>\n<li>Vysok\u00e1 zvukov\u00e1 pohltivost<\/li>\n<li>Tepeln\u00e1 ochrana a protipo\u017e\u00e1rn\u00ed odolnost<\/li>\n<li>Spl\u0148uje po\u017eadavek SDK d\u011blic\u00edch p\u0159\u00ed\u010dek na objemovou hmotnost \u226515 kg\/m\u00b3<\/li>\n<li>DUO proveden\u00ed \u2013 flexibiln\u00ed pou\u017eit\u00ed dvou vrstev izolace v roli<\/li>\n<li>Vyrobeno s ekologickou technologi\u00ed ECOSE<\/li>\n<\/ul>\n<h2>K \u010demu se pou\u017e\u00edv\u00e1 miner\u00e1ln\u00ed izolace Pureone TWF 37 v rol\u00edch<\/h2>\n<ul>\n<li><strong>Svisl\u00e9 konstrukce<\/strong>: lehk\u00e9 p\u0159\u00ed\u010dky, obvodov\u00e9 pl\u00e1\u0161t\u011b, p\u0159edst\u011bny a v\u00fdpl\u0148 dutin<\/li>\n<li><strong>\u0160ikm\u00e1 st\u0159echa<\/strong>: druh\u00e1 vrstva tepeln\u00e9 izolace pod krokvemi<\/li>\n<li><strong>D\u0159evostavby<\/strong>: zaji\u0161\u0165uje akustickou, tepelnou a protipo\u017e\u00e1rn\u00ed ochranu<\/li>\n<li><strong>Pro p\u0159eru\u0161en\u00ed akustick\u00fdch most\u016f<\/strong> a eliminaci prostupu tepla ve stavebn\u00edch konstrukc\u00edch<\/li>\n<\/ul>\n<p>\u00a0<\/p>\n<h3>Kl\u00ed\u010dov\u00e9 vlastnosti a parametry produktu miner\u00e1ln\u00ed izolace TWF 37, tlou\u0161\u0165ka 8cm<\/h3>\n<div id=\"PDTable3\" class=\"ProductDetailTableView v3a v3 bs-view dcon dc177 PDTable3\" >\n<table>\n<thead><\/thead>\n<tbody>\n<tr class=\"attribute attr_A0019\">\n<td class=\"caption\">\u0161\u00ed\u0159ka<\/td>\n<td class=\"value\">625 mm<\/td>\n<\/tr>\n<tr class=\"attribute attr_A0027\">\n<td class=\"caption\">d\u00e9lka<\/td>\n<td class=\"value\">7000 mm<\/td>\n<\/tr>\n<tr class=\"attribute attr_A008\">\n<td class=\"caption\">obsah (m2)<\/td>\n<td class=\"value\">8,75<\/td>\n<\/tr>\n<tr class=\"attribute attr_A005\">\n<td class=\"caption\">po\u010det balen\u00ed na palet\u011b (bal)<\/td>\n<td class=\"value\">24<\/td>\n<\/tr>\n<tr class=\"attribute attr_A007\">\n<td class=\"caption\">po\u010det kus\u016f v balen\u00ed<\/td>\n<td class=\"value\">2<\/td>\n<\/tr>\n<tr class=\"attribute attr_A006\">\n<td class=\"caption\">tepeln\u00fd odpor (m2 .K.W-1)<\/td>\n<td class=\"value\">2,15<\/td>\n<\/tr>\n<tr class=\"attribute attr_A002\">\n<td class=\"caption\">tlou\u0161\u0165ka <\/td>\n<td class=\"value\">80 mm<\/td>\n<\/tr>\n<tr class=\"attribute attr_bsshop_maker\">\n<td class=\"caption\">V\u00fdrobce<\/td>\n<td class=\"value\">URSA<\/td>\n<\/tr>\n<tr class=\"attribute attr_A012\">\n<td class=\"caption\">lambda<\/td>\n<td class=\"value\">0,037<\/td>\n<\/tr>\n<\/tbody>\n<\/table>\n<\/div>\n<\/div><\/div>\n<\/div>\n<div id=\"e3286757\" class=\"tabs\">\n","protected":false},"excerpt":{"rendered":"<p>URSA PUREONE TWF 37 80mm akustick\u00e1 miner\u00e1ln\u00ed vata URSA PUREONE TWF 37 je difuzn\u011b otev\u0159en\u00e1, akustick\u00e1 izolace z miner\u00e1ln\u00ed vlny na b\u00e1zi skla. Tato izola\u010dn\u00ed role je ide\u00e1ln\u00ed pro lehk\u00e9 konstrukce p\u0159\u00ed\u010dek, obvodov\u00e9 st\u011bny a st\u0159e\u0161n\u00ed syst\u00e9my. Zaji\u0161\u0165uje zvukovou izolaci, tepelnou ochranu a protipo\u017e\u00e1rn\u00ed odolnost v d\u0159evostavb\u00e1ch a montovan\u00fdch konstrukc\u00edch. Izolace p\u0159evy\u0161uje po\u017eadavek SDK d\u011blic\u00edch [&hellip;]<\/p>\n","protected":false},"featured_media":14837,"comment_status":"open","ping_status":"open","template":"","meta":[],"product_brand":[],"product_cat":[85],"product_tag":[],"class_list":{"0":"post-14737","1":"product","2":"type-product","3":"status-publish","4":"has-post-thumbnail","6":"product_cat-tepeln-201-izolace","8":"first","9":"instock","10":"sale","11":"shipping-taxable","12":"purchasable","13":"product-type-simple"},"yoast_head":"<!-- This site is optimized with the Yoast SEO plugin v26.8 - https:\/\/yoast.com\/product\/yoast-seo-wordpress\/ -->\n<title>Zna\u010dkov\u00fd URSA Pureone TWF 37 80mm bal. 8,75m2 -<\/title>\n<meta name=\"robots\" content=\"index, follow, max-snippet:-1, max-image-preview:large, max-video-preview:-1\" \/>\n<link rel=\"canonical\" href=\"https:\/\/www.koupelnapro.com\/index.php\/produkt\/znackovy-ursa-pureone-twf-37-80mm-bal-8-75m2-14737\/\" \/>\n<meta property=\"og:locale\" content=\"cs_CZ\" \/>\n<meta property=\"og:type\" content=\"article\" \/>\n<meta property=\"og:title\" content=\"Zna\u010dkov\u00fd URSA Pureone TWF 37 80mm bal. 8,75m2 -\" \/>\n<meta property=\"og:description\" content=\"URSA PUREONE TWF 37 80mm akustick\u00e1 miner\u00e1ln\u00ed vata URSA PUREONE TWF 37 je difuzn\u011b otev\u0159en\u00e1, akustick\u00e1 izolace z miner\u00e1ln\u00ed vlny na b\u00e1zi skla. Tato izola\u010dn\u00ed role je ide\u00e1ln\u00ed pro lehk\u00e9 konstrukce p\u0159\u00ed\u010dek, obvodov\u00e9 st\u011bny a st\u0159e\u0161n\u00ed syst\u00e9my. Zaji\u0161\u0165uje zvukovou izolaci, tepelnou ochranu a protipo\u017e\u00e1rn\u00ed odolnost v d\u0159evostavb\u00e1ch a montovan\u00fdch konstrukc\u00edch. Izolace p\u0159evy\u0161uje po\u017eadavek SDK d\u011blic\u00edch [&hellip;]\" \/>\n<meta property=\"og:url\" content=\"https:\/\/www.koupelnapro.com\/index.php\/produkt\/znackovy-ursa-pureone-twf-37-80mm-bal-8-75m2-14737\/\" \/>\n<meta property=\"og:image\" content=\"https:\/\/www.koupelnapro.com\/wp-content\/uploads\/2026\/SK0003382-CZ20260425-091908-0-1777079948-ursa-pureone-twf-37-80mm-bal-8-75m2.webp\" \/>\n\t<meta property=\"og:image:width\" content=\"1000\" \/>\n\t<meta property=\"og:image:height\" content=\"525\" \/>\n\t<meta property=\"og:image:type\" content=\"image\/webp\" \/>\n<meta name=\"twitter:card\" content=\"summary_large_image\" \/>\n<meta name=\"twitter:label1\" content=\"Odhadovan\u00e1 doba \u010dten\u00ed\" \/>\n\t<meta name=\"twitter:data1\" content=\"1 minuta\" \/>\n<script type=\"application\/ld+json\" class=\"yoast-schema-graph\">{\"@context\":\"https:\/\/schema.org\",\"@graph\":[{\"@type\":\"WebPage\",\"@id\":\"https:\/\/www.koupelnapro.com\/index.php\/produkt\/znackovy-ursa-pureone-twf-37-80mm-bal-8-75m2-14737\/\",\"url\":\"https:\/\/www.koupelnapro.com\/index.php\/produkt\/znackovy-ursa-pureone-twf-37-80mm-bal-8-75m2-14737\/\",\"name\":\"Zna\u010dkov\u00fd URSA Pureone TWF 37 80mm bal. 8,75m2 -\",\"isPartOf\":{\"@id\":\"https:\/\/www.koupelnapro.com\/#website\"},\"primaryImageOfPage\":{\"@id\":\"https:\/\/www.koupelnapro.com\/index.php\/produkt\/znackovy-ursa-pureone-twf-37-80mm-bal-8-75m2-14737\/#primaryimage\"},\"image\":{\"@id\":\"https:\/\/www.koupelnapro.com\/index.php\/produkt\/znackovy-ursa-pureone-twf-37-80mm-bal-8-75m2-14737\/#primaryimage\"},\"thumbnailUrl\":\"https:\/\/www.koupelnapro.com\/wp-content\/uploads\/2026\/SK0003382-CZ20260425-091908-0-1777079948-ursa-pureone-twf-37-80mm-bal-8-75m2.webp\",\"datePublished\":\"2026-04-26T09:13:46+00:00\",\"breadcrumb\":{\"@id\":\"https:\/\/www.koupelnapro.com\/index.php\/produkt\/znackovy-ursa-pureone-twf-37-80mm-bal-8-75m2-14737\/#breadcrumb\"},\"inLanguage\":\"cs\",\"potentialAction\":[{\"@type\":\"ReadAction\",\"target\":[\"https:\/\/www.koupelnapro.com\/index.php\/produkt\/znackovy-ursa-pureone-twf-37-80mm-bal-8-75m2-14737\/\"]}]},{\"@type\":\"ImageObject\",\"inLanguage\":\"cs\",\"@id\":\"https:\/\/www.koupelnapro.com\/index.php\/produkt\/znackovy-ursa-pureone-twf-37-80mm-bal-8-75m2-14737\/#primaryimage\",\"url\":\"https:\/\/www.koupelnapro.com\/wp-content\/uploads\/2026\/SK0003382-CZ20260425-091908-0-1777079948-ursa-pureone-twf-37-80mm-bal-8-75m2.webp\",\"contentUrl\":\"https:\/\/www.koupelnapro.com\/wp-content\/uploads\/2026\/SK0003382-CZ20260425-091908-0-1777079948-ursa-pureone-twf-37-80mm-bal-8-75m2.webp\",\"width\":1000,\"height\":525},{\"@type\":\"BreadcrumbList\",\"@id\":\"https:\/\/www.koupelnapro.com\/index.php\/produkt\/znackovy-ursa-pureone-twf-37-80mm-bal-8-75m2-14737\/#breadcrumb\",\"itemListElement\":[{\"@type\":\"ListItem\",\"position\":1,\"name\":\"Home\",\"item\":\"https:\/\/www.koupelnapro.com\/\"},{\"@type\":\"ListItem\",\"position\":2,\"name\":\"Products\",\"item\":\"https:\/\/www.koupelnapro.com\/index.php\/products\/\"},{\"@type\":\"ListItem\",\"position\":3,\"name\":\"Zna\u010dkov\u00fd URSA Pureone TWF 37 80mm bal. 8,75m2\"}]},{\"@type\":\"WebSite\",\"@id\":\"https:\/\/www.koupelnapro.com\/#website\",\"url\":\"https:\/\/www.koupelnapro.com\/\",\"name\":\"\",\"description\":\"\",\"potentialAction\":[{\"@type\":\"SearchAction\",\"target\":{\"@type\":\"EntryPoint\",\"urlTemplate\":\"https:\/\/www.koupelnapro.com\/?s={search_term_string}\"},\"query-input\":{\"@type\":\"PropertyValueSpecification\",\"valueRequired\":true,\"valueName\":\"search_term_string\"}}],\"inLanguage\":\"cs\"}]}<\/script>\n<!-- \/ Yoast SEO plugin. -->","yoast_head_json":{"title":"Zna\u010dkov\u00fd URSA Pureone TWF 37 80mm bal. 8,75m2 -","robots":{"index":"index","follow":"follow","max-snippet":"max-snippet:-1","max-image-preview":"max-image-preview:large","max-video-preview":"max-video-preview:-1"},"canonical":"https:\/\/www.koupelnapro.com\/index.php\/produkt\/znackovy-ursa-pureone-twf-37-80mm-bal-8-75m2-14737\/","og_locale":"cs_CZ","og_type":"article","og_title":"Zna\u010dkov\u00fd URSA Pureone TWF 37 80mm bal. 8,75m2 -","og_description":"URSA PUREONE TWF 37 80mm akustick\u00e1 miner\u00e1ln\u00ed vata URSA PUREONE TWF 37 je difuzn\u011b otev\u0159en\u00e1, akustick\u00e1 izolace z miner\u00e1ln\u00ed vlny na b\u00e1zi skla. Tato izola\u010dn\u00ed role je ide\u00e1ln\u00ed pro lehk\u00e9 konstrukce p\u0159\u00ed\u010dek, obvodov\u00e9 st\u011bny a st\u0159e\u0161n\u00ed syst\u00e9my. Zaji\u0161\u0165uje zvukovou izolaci, tepelnou ochranu a protipo\u017e\u00e1rn\u00ed odolnost v d\u0159evostavb\u00e1ch a montovan\u00fdch konstrukc\u00edch. Izolace p\u0159evy\u0161uje po\u017eadavek SDK d\u011blic\u00edch [&hellip;]","og_url":"https:\/\/www.koupelnapro.com\/index.php\/produkt\/znackovy-ursa-pureone-twf-37-80mm-bal-8-75m2-14737\/","og_image":[{"width":1000,"height":525,"url":"https:\/\/www.koupelnapro.com\/wp-content\/uploads\/2026\/SK0003382-CZ20260425-091908-0-1777079948-ursa-pureone-twf-37-80mm-bal-8-75m2.webp","type":"image\/webp"}],"twitter_card":"summary_large_image","twitter_misc":{"Odhadovan\u00e1 doba \u010dten\u00ed":"1 minuta"},"schema":{"@context":"https:\/\/schema.org","@graph":[{"@type":"WebPage","@id":"https:\/\/www.koupelnapro.com\/index.php\/produkt\/znackovy-ursa-pureone-twf-37-80mm-bal-8-75m2-14737\/","url":"https:\/\/www.koupelnapro.com\/index.php\/produkt\/znackovy-ursa-pureone-twf-37-80mm-bal-8-75m2-14737\/","name":"Zna\u010dkov\u00fd URSA Pureone TWF 37 80mm bal. 8,75m2 -","isPartOf":{"@id":"https:\/\/www.koupelnapro.com\/#website"},"primaryImageOfPage":{"@id":"https:\/\/www.koupelnapro.com\/index.php\/produkt\/znackovy-ursa-pureone-twf-37-80mm-bal-8-75m2-14737\/#primaryimage"},"image":{"@id":"https:\/\/www.koupelnapro.com\/index.php\/produkt\/znackovy-ursa-pureone-twf-37-80mm-bal-8-75m2-14737\/#primaryimage"},"thumbnailUrl":"https:\/\/www.koupelnapro.com\/wp-content\/uploads\/2026\/SK0003382-CZ20260425-091908-0-1777079948-ursa-pureone-twf-37-80mm-bal-8-75m2.webp","datePublished":"2026-04-26T09:13:46+00:00","breadcrumb":{"@id":"https:\/\/www.koupelnapro.com\/index.php\/produkt\/znackovy-ursa-pureone-twf-37-80mm-bal-8-75m2-14737\/#breadcrumb"},"inLanguage":"cs","potentialAction":[{"@type":"ReadAction","target":["https:\/\/www.koupelnapro.com\/index.php\/produkt\/znackovy-ursa-pureone-twf-37-80mm-bal-8-75m2-14737\/"]}]},{"@type":"ImageObject","inLanguage":"cs","@id":"https:\/\/www.koupelnapro.com\/index.php\/produkt\/znackovy-ursa-pureone-twf-37-80mm-bal-8-75m2-14737\/#primaryimage","url":"https:\/\/www.koupelnapro.com\/wp-content\/uploads\/2026\/SK0003382-CZ20260425-091908-0-1777079948-ursa-pureone-twf-37-80mm-bal-8-75m2.webp","contentUrl":"https:\/\/www.koupelnapro.com\/wp-content\/uploads\/2026\/SK0003382-CZ20260425-091908-0-1777079948-ursa-pureone-twf-37-80mm-bal-8-75m2.webp","width":1000,"height":525},{"@type":"BreadcrumbList","@id":"https:\/\/www.koupelnapro.com\/index.php\/produkt\/znackovy-ursa-pureone-twf-37-80mm-bal-8-75m2-14737\/#breadcrumb","itemListElement":[{"@type":"ListItem","position":1,"name":"Home","item":"https:\/\/www.koupelnapro.com\/"},{"@type":"ListItem","position":2,"name":"Products","item":"https:\/\/www.koupelnapro.com\/index.php\/products\/"},{"@type":"ListItem","position":3,"name":"Zna\u010dkov\u00fd URSA Pureone TWF 37 80mm bal. 8,75m2"}]},{"@type":"WebSite","@id":"https:\/\/www.koupelnapro.com\/#website","url":"https:\/\/www.koupelnapro.com\/","name":"","description":"","potentialAction":[{"@type":"SearchAction","target":{"@type":"EntryPoint","urlTemplate":"https:\/\/www.koupelnapro.com\/?s={search_term_string}"},"query-input":{"@type":"PropertyValueSpecification","valueRequired":true,"valueName":"search_term_string"}}],"inLanguage":"cs"}]}},"_links":{"self":[{"href":"https:\/\/www.koupelnapro.com\/index.php\/wp-json\/wp\/v2\/product\/14737","targetHints":{"allow":["GET"]}}],"collection":[{"href":"https:\/\/www.koupelnapro.com\/index.php\/wp-json\/wp\/v2\/product"}],"about":[{"href":"https:\/\/www.koupelnapro.com\/index.php\/wp-json\/wp\/v2\/types\/product"}],"replies":[{"embeddable":true,"href":"https:\/\/www.koupelnapro.com\/index.php\/wp-json\/wp\/v2\/comments?post=14737"}],"wp:featuredmedia":[{"embeddable":true,"href":"https:\/\/www.koupelnapro.com\/index.php\/wp-json\/wp\/v2\/media\/14837"}],"wp:attachment":[{"href":"https:\/\/www.koupelnapro.com\/index.php\/wp-json\/wp\/v2\/media?parent=14737"}],"wp:term":[{"taxonomy":"product_brand","embeddable":true,"href":"https:\/\/www.koupelnapro.com\/index.php\/wp-json\/wp\/v2\/product_brand?post=14737"},{"taxonomy":"product_cat","embeddable":true,"href":"https:\/\/www.koupelnapro.com\/index.php\/wp-json\/wp\/v2\/product_cat?post=14737"},{"taxonomy":"product_tag","embeddable":true,"href":"https:\/\/www.koupelnapro.com\/index.php\/wp-json\/wp\/v2\/product_tag?post=14737"}],"curies":[{"name":"wp","href":"https:\/\/api.w.org\/{rel}","templated":true}]}}