{"id":14571,"date":"2026-04-26T09:13:45","date_gmt":"2026-04-26T09:13:45","guid":{"rendered":""},"modified":"2026-04-26T09:13:45","modified_gmt":"2026-04-26T09:13:45","slug":"rockwool-superrock-035-160mm-bal-3-05m2-rychle-dodani-14571","status":"publish","type":"product","link":"https:\/\/www.koupelnapro.com\/index.php\/produkt\/rockwool-superrock-035-160mm-bal-3-05m2-rychle-dodani-14571\/","title":{"rendered":"Rockwool Superrock 035 160mm bal. 3,05m2 Rychl\u00e9 Dod\u00e1n\u00ed"},"content":{"rendered":"<h2>Miner\u00e1ln\u00ed vata Rockwool Superrock 035 160mm<\/h2>\n<p>Izola\u010dn\u00ed desky jsou ide\u00e1ln\u00ed <strong>pro d\u0159evostavby, n\u00edzkoenergetick\u00e9 a pasivn\u00ed domy<\/strong>. D\u00edky sv\u00fdm vynikaj\u00edc\u00edm tepeln\u00fdm, akustick\u00fdm a protipo\u017e\u00e1rn\u00edm vlastnostem<strong> poskytuj\u00ed spolehlivou izolaci v r\u016fzn\u00fdch stavebn\u00edch aplikac\u00edch,<\/strong> ur\u010den\u00e9 pro \u0161ikm\u00e9 st\u0159echy, p\u0159\u00ed\u010dky, p\u0159edst\u011bny a stropy. Desky maj\u00ed deklarovan\u00fd sou\u010dinitel tepeln\u00e9 vodivosti \u03bbD = 0,035 W\/m\u00b7K, co\u017e zaji\u0161\u0165uje skv\u011bl\u00e9 tepeln\u011bizola\u010dn\u00ed schopnosti. Jsou neho\u0159lav\u00e9, maj\u00ed <strong>nejvy\u0161\u0161\u00ed t\u0159\u00eddu reakce na ohe\u0148 A1<\/strong> a jejich pou\u017eit\u00ed v\u00fdznamn\u011b p\u0159isp\u00edv\u00e1 k po\u017e\u00e1rn\u00ed bezpe\u010dnosti staveb.<\/p>\n<\/p>\n<p>\u00a0<\/p>\n<h2>V\u00fdhody miner\u00e1ln\u00ed vaty Superrock s tlou\u0161\u0165kou 160mm<\/h2>\n<ul>\n<li>Vynikaj\u00edc\u00ed tepeln\u011bizola\u010dn\u00ed vlastnosti (\u03bbD = 0,035 W\/m\u00b7K)<\/li>\n<li>V\u00fdborn\u00e1 akustick\u00e1 izolace, zvukov\u00e1 pohltivost t\u0159\u00eddy A (od tlou\u0161\u0165ky 100 mm)<\/li>\n<li>Neho\u0159lav\u00fd materi\u00e1l, t\u0159\u00edda reakce na ohe\u0148 A1<\/li>\n<li>Tvarov\u011b st\u00e1l\u00e9, bez sesed\u00e1n\u00ed nebo prov\u011b\u0161en\u00ed<\/li>\n<li>Hydroizolace chr\u00e1n\u00ed izolaci p\u0159ed vlhkost\u00ed<\/li>\n<li>Vysok\u00e1 odolnost v\u016f\u010di teplu, hluku a mechanick\u00e9mu zat\u00ed\u017een\u00ed<\/li>\n<li>Ekonomick\u00e1 a efektivn\u00ed izolace vzhledem k pom\u011bru cena\/v\u00fdkon<\/li>\n<\/ul>\n<h2>K \u010demu se pou\u017e\u00edv\u00e1 kamenn\u00e1 izolace Superrock v desk\u00e1ch 1000 x 610 mm<\/h2>\n<p>Desky jsou vhodn\u00e9 pro \u0161irokou \u0161k\u00e1lu aplikac\u00ed v r\u016fzn\u00fdch typech staveb. Jsou ide\u00e1ln\u00ed pro zateplen\u00ed \u0161ikm\u00fdch st\u0159ech mezi a pod krokvemi, stejn\u011b jako nad krokvemi v syst\u00e9mu TOPROCK. Lze je pou\u017e\u00edt pro v\u00fdpln\u011b tr\u00e1mov\u00fdch strop\u016f a podlah na pol\u0161t\u00e1\u0159\u00edch, nepochoz\u00ed podlahy na p\u016fd\u011b a zav\u011b\u0161en\u00e9 podhledy. D\u00e1le jsou ide\u00e1ln\u00ed pro izolaci p\u0159\u00ed\u010dek, p\u0159edst\u011bn, kazetov\u00fdch st\u011bn a prov\u011btr\u00e1van\u00fdch fas\u00e1d. Rovn\u011b\u017e se hod\u00ed pro v\u00fdpln\u011b dutin dvoupl\u00e1\u0161\u0165ov\u00fdch ploch\u00fdch st\u0159ech.<\/p>\n<p>\u00a0<\/p>\n<h3>Kl\u00ed\u010dov\u00e9 vlastnosti a parametry produktu Superrock, 16cm<\/h3>\n<div id=\"PDTable3\" class=\"ProductDetailTableView v3a v3 bs-view dcon dc177 PDTable3\" >\n<table>\n<thead><\/thead>\n<tbody>\n<tr class=\"attribute attr_A0017\">\n<td class=\"caption\">balen\u00ed obsahuje<\/td>\n<td class=\"value\">3,05 m2<\/td>\n<\/tr>\n<tr class=\"attribute attr_A0019\">\n<td class=\"caption\">\u0161\u00ed\u0159ka<\/td>\n<td class=\"value\">610 mm<\/td>\n<\/tr>\n<tr class=\"attribute attr_A0033\">\n<td class=\"caption\">v\u00fd\u0161ka<\/td>\n<td class=\"value\">100 cm<\/td>\n<\/tr>\n<tr class=\"attribute attr_A045\">\n<td class=\"caption\">druh termoizolace<\/td>\n<td class=\"value\">miner\u00e1ln\u00ed vlna<\/td>\n<\/tr>\n<tr class=\"attribute attr_A005\">\n<td class=\"caption\">po\u010det balen\u00ed na palet\u011b (bal)<\/td>\n<td class=\"value\">30<\/td>\n<\/tr>\n<tr class=\"attribute attr_A007\">\n<td class=\"caption\">po\u010det kus\u016f v balen\u00ed<\/td>\n<td class=\"value\">5<\/td>\n<\/tr>\n<tr class=\"attribute attr_A002\">\n<td class=\"caption\">tlou\u0161\u0165ka <\/td>\n<td class=\"value\">160 mm<\/td>\n<\/tr>\n<tr class=\"attribute attr_bsshop_maker\">\n<td class=\"caption\">V\u00fdrobce<\/td>\n<td class=\"value\">Rockwool<\/td>\n<\/tr>\n<tr class=\"attribute attr_A012\">\n<td class=\"caption\">lambda<\/td>\n<td class=\"value\">0,035<\/td>\n<\/tr>\n<\/tbody>\n<\/table>\n<\/div>\n<\/div><\/div>\n<\/div>\n<div id=\"e3281147\" class=\"tabs\">\n","protected":false},"excerpt":{"rendered":"<p>Miner\u00e1ln\u00ed vata Rockwool Superrock 035 160mm Izola\u010dn\u00ed desky jsou ide\u00e1ln\u00ed pro d\u0159evostavby, n\u00edzkoenergetick\u00e9 a pasivn\u00ed domy. D\u00edky sv\u00fdm vynikaj\u00edc\u00edm tepeln\u00fdm, akustick\u00fdm a protipo\u017e\u00e1rn\u00edm vlastnostem poskytuj\u00ed spolehlivou izolaci v r\u016fzn\u00fdch stavebn\u00edch aplikac\u00edch, ur\u010den\u00e9 pro \u0161ikm\u00e9 st\u0159echy, p\u0159\u00ed\u010dky, p\u0159edst\u011bny a stropy. Desky maj\u00ed deklarovan\u00fd sou\u010dinitel tepeln\u00e9 vodivosti \u03bbD = 0,035 W\/m\u00b7K, co\u017e zaji\u0161\u0165uje skv\u011bl\u00e9 tepeln\u011bizola\u010dn\u00ed schopnosti. Jsou [&hellip;]<\/p>\n","protected":false},"featured_media":14671,"comment_status":"open","ping_status":"open","template":"","meta":[],"product_brand":[],"product_cat":[85],"product_tag":[],"class_list":{"0":"post-14571","1":"product","2":"type-product","3":"status-publish","4":"has-post-thumbnail","6":"product_cat-tepeln-201-izolace","8":"first","9":"instock","10":"sale","11":"shipping-taxable","12":"purchasable","13":"product-type-simple"},"yoast_head":"<!-- This site is optimized with the Yoast SEO plugin v26.8 - https:\/\/yoast.com\/product\/yoast-seo-wordpress\/ -->\n<title>Rockwool Superrock 035 160mm bal. 3,05m2 Rychl\u00e9 Dod\u00e1n\u00ed -<\/title>\n<meta name=\"robots\" content=\"index, follow, max-snippet:-1, max-image-preview:large, max-video-preview:-1\" \/>\n<link rel=\"canonical\" href=\"https:\/\/www.koupelnapro.com\/index.php\/produkt\/rockwool-superrock-035-160mm-bal-3-05m2-rychle-dodani-14571\/\" \/>\n<meta property=\"og:locale\" content=\"cs_CZ\" \/>\n<meta property=\"og:type\" content=\"article\" \/>\n<meta property=\"og:title\" content=\"Rockwool Superrock 035 160mm bal. 3,05m2 Rychl\u00e9 Dod\u00e1n\u00ed -\" \/>\n<meta property=\"og:description\" content=\"Miner\u00e1ln\u00ed vata Rockwool Superrock 035 160mm Izola\u010dn\u00ed desky jsou ide\u00e1ln\u00ed pro d\u0159evostavby, n\u00edzkoenergetick\u00e9 a pasivn\u00ed domy. D\u00edky sv\u00fdm vynikaj\u00edc\u00edm tepeln\u00fdm, akustick\u00fdm a protipo\u017e\u00e1rn\u00edm vlastnostem poskytuj\u00ed spolehlivou izolaci v r\u016fzn\u00fdch stavebn\u00edch aplikac\u00edch, ur\u010den\u00e9 pro \u0161ikm\u00e9 st\u0159echy, p\u0159\u00ed\u010dky, p\u0159edst\u011bny a stropy. Desky maj\u00ed deklarovan\u00fd sou\u010dinitel tepeln\u00e9 vodivosti \u03bbD = 0,035 W\/m\u00b7K, co\u017e zaji\u0161\u0165uje skv\u011bl\u00e9 tepeln\u011bizola\u010dn\u00ed schopnosti. Jsou [&hellip;]\" \/>\n<meta property=\"og:url\" content=\"https:\/\/www.koupelnapro.com\/index.php\/produkt\/rockwool-superrock-035-160mm-bal-3-05m2-rychle-dodani-14571\/\" \/>\n<meta property=\"og:image\" content=\"https:\/\/www.koupelnapro.com\/wp-content\/uploads\/2026\/SK0003316-CZ20260425-091908-0-1777079948-rockwool-superrock-035-160mm-bal-3-05m2.webp\" \/>\n\t<meta property=\"og:image:width\" content=\"1000\" \/>\n\t<meta property=\"og:image:height\" content=\"525\" \/>\n\t<meta property=\"og:image:type\" content=\"image\/webp\" \/>\n<meta name=\"twitter:card\" content=\"summary_large_image\" \/>\n<meta name=\"twitter:label1\" content=\"Odhadovan\u00e1 doba \u010dten\u00ed\" \/>\n\t<meta name=\"twitter:data1\" content=\"2 minuty\" \/>\n<script type=\"application\/ld+json\" class=\"yoast-schema-graph\">{\"@context\":\"https:\/\/schema.org\",\"@graph\":[{\"@type\":\"WebPage\",\"@id\":\"https:\/\/www.koupelnapro.com\/index.php\/produkt\/rockwool-superrock-035-160mm-bal-3-05m2-rychle-dodani-14571\/\",\"url\":\"https:\/\/www.koupelnapro.com\/index.php\/produkt\/rockwool-superrock-035-160mm-bal-3-05m2-rychle-dodani-14571\/\",\"name\":\"Rockwool Superrock 035 160mm bal. 3,05m2 Rychl\u00e9 Dod\u00e1n\u00ed -\",\"isPartOf\":{\"@id\":\"https:\/\/www.koupelnapro.com\/#website\"},\"primaryImageOfPage\":{\"@id\":\"https:\/\/www.koupelnapro.com\/index.php\/produkt\/rockwool-superrock-035-160mm-bal-3-05m2-rychle-dodani-14571\/#primaryimage\"},\"image\":{\"@id\":\"https:\/\/www.koupelnapro.com\/index.php\/produkt\/rockwool-superrock-035-160mm-bal-3-05m2-rychle-dodani-14571\/#primaryimage\"},\"thumbnailUrl\":\"https:\/\/www.koupelnapro.com\/wp-content\/uploads\/2026\/SK0003316-CZ20260425-091908-0-1777079948-rockwool-superrock-035-160mm-bal-3-05m2.webp\",\"datePublished\":\"2026-04-26T09:13:45+00:00\",\"breadcrumb\":{\"@id\":\"https:\/\/www.koupelnapro.com\/index.php\/produkt\/rockwool-superrock-035-160mm-bal-3-05m2-rychle-dodani-14571\/#breadcrumb\"},\"inLanguage\":\"cs\",\"potentialAction\":[{\"@type\":\"ReadAction\",\"target\":[\"https:\/\/www.koupelnapro.com\/index.php\/produkt\/rockwool-superrock-035-160mm-bal-3-05m2-rychle-dodani-14571\/\"]}]},{\"@type\":\"ImageObject\",\"inLanguage\":\"cs\",\"@id\":\"https:\/\/www.koupelnapro.com\/index.php\/produkt\/rockwool-superrock-035-160mm-bal-3-05m2-rychle-dodani-14571\/#primaryimage\",\"url\":\"https:\/\/www.koupelnapro.com\/wp-content\/uploads\/2026\/SK0003316-CZ20260425-091908-0-1777079948-rockwool-superrock-035-160mm-bal-3-05m2.webp\",\"contentUrl\":\"https:\/\/www.koupelnapro.com\/wp-content\/uploads\/2026\/SK0003316-CZ20260425-091908-0-1777079948-rockwool-superrock-035-160mm-bal-3-05m2.webp\",\"width\":1000,\"height\":525},{\"@type\":\"BreadcrumbList\",\"@id\":\"https:\/\/www.koupelnapro.com\/index.php\/produkt\/rockwool-superrock-035-160mm-bal-3-05m2-rychle-dodani-14571\/#breadcrumb\",\"itemListElement\":[{\"@type\":\"ListItem\",\"position\":1,\"name\":\"Home\",\"item\":\"https:\/\/www.koupelnapro.com\/\"},{\"@type\":\"ListItem\",\"position\":2,\"name\":\"Products\",\"item\":\"https:\/\/www.koupelnapro.com\/index.php\/products\/\"},{\"@type\":\"ListItem\",\"position\":3,\"name\":\"Rockwool Superrock 035 160mm bal. 3,05m2 Rychl\u00e9 Dod\u00e1n\u00ed\"}]},{\"@type\":\"WebSite\",\"@id\":\"https:\/\/www.koupelnapro.com\/#website\",\"url\":\"https:\/\/www.koupelnapro.com\/\",\"name\":\"\",\"description\":\"\",\"potentialAction\":[{\"@type\":\"SearchAction\",\"target\":{\"@type\":\"EntryPoint\",\"urlTemplate\":\"https:\/\/www.koupelnapro.com\/?s={search_term_string}\"},\"query-input\":{\"@type\":\"PropertyValueSpecification\",\"valueRequired\":true,\"valueName\":\"search_term_string\"}}],\"inLanguage\":\"cs\"}]}<\/script>\n<!-- \/ Yoast SEO plugin. -->","yoast_head_json":{"title":"Rockwool Superrock 035 160mm bal. 3,05m2 Rychl\u00e9 Dod\u00e1n\u00ed -","robots":{"index":"index","follow":"follow","max-snippet":"max-snippet:-1","max-image-preview":"max-image-preview:large","max-video-preview":"max-video-preview:-1"},"canonical":"https:\/\/www.koupelnapro.com\/index.php\/produkt\/rockwool-superrock-035-160mm-bal-3-05m2-rychle-dodani-14571\/","og_locale":"cs_CZ","og_type":"article","og_title":"Rockwool Superrock 035 160mm bal. 3,05m2 Rychl\u00e9 Dod\u00e1n\u00ed -","og_description":"Miner\u00e1ln\u00ed vata Rockwool Superrock 035 160mm Izola\u010dn\u00ed desky jsou ide\u00e1ln\u00ed pro d\u0159evostavby, n\u00edzkoenergetick\u00e9 a pasivn\u00ed domy. D\u00edky sv\u00fdm vynikaj\u00edc\u00edm tepeln\u00fdm, akustick\u00fdm a protipo\u017e\u00e1rn\u00edm vlastnostem poskytuj\u00ed spolehlivou izolaci v r\u016fzn\u00fdch stavebn\u00edch aplikac\u00edch, ur\u010den\u00e9 pro \u0161ikm\u00e9 st\u0159echy, p\u0159\u00ed\u010dky, p\u0159edst\u011bny a stropy. Desky maj\u00ed deklarovan\u00fd sou\u010dinitel tepeln\u00e9 vodivosti \u03bbD = 0,035 W\/m\u00b7K, co\u017e zaji\u0161\u0165uje skv\u011bl\u00e9 tepeln\u011bizola\u010dn\u00ed schopnosti. Jsou [&hellip;]","og_url":"https:\/\/www.koupelnapro.com\/index.php\/produkt\/rockwool-superrock-035-160mm-bal-3-05m2-rychle-dodani-14571\/","og_image":[{"width":1000,"height":525,"url":"https:\/\/www.koupelnapro.com\/wp-content\/uploads\/2026\/SK0003316-CZ20260425-091908-0-1777079948-rockwool-superrock-035-160mm-bal-3-05m2.webp","type":"image\/webp"}],"twitter_card":"summary_large_image","twitter_misc":{"Odhadovan\u00e1 doba \u010dten\u00ed":"2 minuty"},"schema":{"@context":"https:\/\/schema.org","@graph":[{"@type":"WebPage","@id":"https:\/\/www.koupelnapro.com\/index.php\/produkt\/rockwool-superrock-035-160mm-bal-3-05m2-rychle-dodani-14571\/","url":"https:\/\/www.koupelnapro.com\/index.php\/produkt\/rockwool-superrock-035-160mm-bal-3-05m2-rychle-dodani-14571\/","name":"Rockwool Superrock 035 160mm bal. 3,05m2 Rychl\u00e9 Dod\u00e1n\u00ed -","isPartOf":{"@id":"https:\/\/www.koupelnapro.com\/#website"},"primaryImageOfPage":{"@id":"https:\/\/www.koupelnapro.com\/index.php\/produkt\/rockwool-superrock-035-160mm-bal-3-05m2-rychle-dodani-14571\/#primaryimage"},"image":{"@id":"https:\/\/www.koupelnapro.com\/index.php\/produkt\/rockwool-superrock-035-160mm-bal-3-05m2-rychle-dodani-14571\/#primaryimage"},"thumbnailUrl":"https:\/\/www.koupelnapro.com\/wp-content\/uploads\/2026\/SK0003316-CZ20260425-091908-0-1777079948-rockwool-superrock-035-160mm-bal-3-05m2.webp","datePublished":"2026-04-26T09:13:45+00:00","breadcrumb":{"@id":"https:\/\/www.koupelnapro.com\/index.php\/produkt\/rockwool-superrock-035-160mm-bal-3-05m2-rychle-dodani-14571\/#breadcrumb"},"inLanguage":"cs","potentialAction":[{"@type":"ReadAction","target":["https:\/\/www.koupelnapro.com\/index.php\/produkt\/rockwool-superrock-035-160mm-bal-3-05m2-rychle-dodani-14571\/"]}]},{"@type":"ImageObject","inLanguage":"cs","@id":"https:\/\/www.koupelnapro.com\/index.php\/produkt\/rockwool-superrock-035-160mm-bal-3-05m2-rychle-dodani-14571\/#primaryimage","url":"https:\/\/www.koupelnapro.com\/wp-content\/uploads\/2026\/SK0003316-CZ20260425-091908-0-1777079948-rockwool-superrock-035-160mm-bal-3-05m2.webp","contentUrl":"https:\/\/www.koupelnapro.com\/wp-content\/uploads\/2026\/SK0003316-CZ20260425-091908-0-1777079948-rockwool-superrock-035-160mm-bal-3-05m2.webp","width":1000,"height":525},{"@type":"BreadcrumbList","@id":"https:\/\/www.koupelnapro.com\/index.php\/produkt\/rockwool-superrock-035-160mm-bal-3-05m2-rychle-dodani-14571\/#breadcrumb","itemListElement":[{"@type":"ListItem","position":1,"name":"Home","item":"https:\/\/www.koupelnapro.com\/"},{"@type":"ListItem","position":2,"name":"Products","item":"https:\/\/www.koupelnapro.com\/index.php\/products\/"},{"@type":"ListItem","position":3,"name":"Rockwool Superrock 035 160mm bal. 3,05m2 Rychl\u00e9 Dod\u00e1n\u00ed"}]},{"@type":"WebSite","@id":"https:\/\/www.koupelnapro.com\/#website","url":"https:\/\/www.koupelnapro.com\/","name":"","description":"","potentialAction":[{"@type":"SearchAction","target":{"@type":"EntryPoint","urlTemplate":"https:\/\/www.koupelnapro.com\/?s={search_term_string}"},"query-input":{"@type":"PropertyValueSpecification","valueRequired":true,"valueName":"search_term_string"}}],"inLanguage":"cs"}]}},"_links":{"self":[{"href":"https:\/\/www.koupelnapro.com\/index.php\/wp-json\/wp\/v2\/product\/14571","targetHints":{"allow":["GET"]}}],"collection":[{"href":"https:\/\/www.koupelnapro.com\/index.php\/wp-json\/wp\/v2\/product"}],"about":[{"href":"https:\/\/www.koupelnapro.com\/index.php\/wp-json\/wp\/v2\/types\/product"}],"replies":[{"embeddable":true,"href":"https:\/\/www.koupelnapro.com\/index.php\/wp-json\/wp\/v2\/comments?post=14571"}],"wp:featuredmedia":[{"embeddable":true,"href":"https:\/\/www.koupelnapro.com\/index.php\/wp-json\/wp\/v2\/media\/14671"}],"wp:attachment":[{"href":"https:\/\/www.koupelnapro.com\/index.php\/wp-json\/wp\/v2\/media?parent=14571"}],"wp:term":[{"taxonomy":"product_brand","embeddable":true,"href":"https:\/\/www.koupelnapro.com\/index.php\/wp-json\/wp\/v2\/product_brand?post=14571"},{"taxonomy":"product_cat","embeddable":true,"href":"https:\/\/www.koupelnapro.com\/index.php\/wp-json\/wp\/v2\/product_cat?post=14571"},{"taxonomy":"product_tag","embeddable":true,"href":"https:\/\/www.koupelnapro.com\/index.php\/wp-json\/wp\/v2\/product_tag?post=14571"}],"curies":[{"name":"wp","href":"https:\/\/api.w.org\/{rel}","templated":true}]}}