{"id":14500,"date":"2026-04-26T09:13:45","date_gmt":"2026-04-26T09:13:45","guid":{"rendered":""},"modified":"2026-04-26T09:13:45","modified_gmt":"2026-04-26T09:13:45","slug":"vyhodna-nabidka-vrut-konstrukcni-zh-4-5x70-zn-tx25-ks-14500","status":"publish","type":"product","link":"https:\/\/www.koupelnapro.com\/index.php\/produkt\/vyhodna-nabidka-vrut-konstrukcni-zh-4-5x70-zn-tx25-ks-14500\/","title":{"rendered":"V\u00fdhodn\u00e1 Nab\u00eddka Vrut konstruk\u010dn\u00ed ZH 4.5&#215;70 ZN TX25\/ks"},"content":{"rendered":"<h2>Vrut do d\u0159eva 4,5&#215;70<\/h2>\n<p><strong>Konstruk\u010dn\u00ed vrut ZH 4,5&#215;70 ZN TX25<\/strong>\u00a0je <strong>univerz\u00e1ln\u00ed vrut do d\u0159eva<\/strong> s neomezen\u00fdmi mo\u017enostmi pou\u017eit\u00ed, ide\u00e1ln\u00ed <strong>pro spojov\u00e1n\u00ed materi\u00e1l\u016f a kotven\u00ed s hmo\u017edinkami<\/strong>.<\/p>\n<p>\u00a0<\/p>\n<h2>V\u00fdhody univerz\u00e1ln\u00edch vrut\u016f do d\u0159eva se z\u00e1pustnou hlavou<\/h2>\n<ul>\n<li>Univerz\u00e1ln\u00ed vrut do d\u0159eva<\/li>\n<li>Mo\u017enost pou\u017eit\u00ed s hmo\u017edinkami<\/li>\n<li>Vysoce odoln\u00fd materi\u00e1l<\/li>\n<li>Snadn\u00e1 mont\u00e1\u017e s torxov\u00fdm bitem TX25<\/li>\n<\/ul>\n<h2>K \u010demu se pou\u017e\u00edv\u00e1 zinkovan\u00fd vrut do d\u0159eva<\/h2>\n<p>Vrut konstruk\u010dn\u00ed ZH 4,5 ZN TX25 je vhodn\u00fd pro spojov\u00e1n\u00ed r\u016fzn\u00fdch materi\u00e1l\u016f a mont\u00e1\u017e d\u0159ev\u011bn\u00fdch konstrukc\u00ed. Pou\u017e\u00edv\u00e1 se tak\u00e9 p\u0159i kotven\u00ed s pomoc\u00ed hmo\u017edinek. Pro mont\u00e1\u017e doporu\u010dujeme pou\u017e\u00edt torxov\u00fd bit TX25.<\/p>\n<p>\u00a0<\/p>\n<h3>Kl\u00ed\u010dov\u00e9 vlastnosti a parametry produktu Vrut do d\u0159eva<\/h3>\n<p><span style=\"text-decoration: none; font-weight: bold; color: #ff0000;\">Dopravu nacen\u00edme dle V\u00e1mi po\u017eadovan\u00e9ho mno\u017estv\u00ed a m\u00edsta ur\u010den\u00ed.<br \/><\/span><\/p>\n<p><span style=\"text-decoration: none; font-weight: bold; color: #ff0000;\">Pro osobn\u00ed odb\u011br vy\u017eadujeme objedn\u00e1vku potvrzenou prodejcem.<\/span><\/p>\n<p><bs-empty><\/bs-empty><\/div>\n<\/p><\/div>\n<\/div>\n<div id=\"e3271853\" class=\"tabs\">\n","protected":false},"excerpt":{"rendered":"<p>Vrut do d\u0159eva 4,5&#215;70 Konstruk\u010dn\u00ed vrut ZH 4,5&#215;70 ZN TX25\u00a0je univerz\u00e1ln\u00ed vrut do d\u0159eva s neomezen\u00fdmi mo\u017enostmi pou\u017eit\u00ed, ide\u00e1ln\u00ed pro spojov\u00e1n\u00ed materi\u00e1l\u016f a kotven\u00ed s hmo\u017edinkami. \u00a0 V\u00fdhody univerz\u00e1ln\u00edch vrut\u016f do d\u0159eva se z\u00e1pustnou hlavou Univerz\u00e1ln\u00ed vrut do d\u0159eva Mo\u017enost pou\u017eit\u00ed s hmo\u017edinkami Vysoce odoln\u00fd materi\u00e1l Snadn\u00e1 mont\u00e1\u017e s torxov\u00fdm bitem TX25 K \u010demu se [&hellip;]<\/p>\n","protected":false},"featured_media":14600,"comment_status":"open","ping_status":"open","template":"","meta":[],"product_brand":[],"product_cat":[84],"product_tag":[],"class_list":{"0":"post-14500","1":"product","2":"type-product","3":"status-publish","4":"has-post-thumbnail","6":"product_cat-spojovac-205-materi-193-l","8":"first","9":"instock","10":"sale","11":"shipping-taxable","12":"purchasable","13":"product-type-simple"},"yoast_head":"<!-- This site is optimized with the Yoast SEO plugin v26.8 - https:\/\/yoast.com\/product\/yoast-seo-wordpress\/ -->\n<title>V\u00fdhodn\u00e1 Nab\u00eddka Vrut konstruk\u010dn\u00ed ZH 4.5x70 ZN TX25\/ks -<\/title>\n<meta name=\"robots\" content=\"index, follow, max-snippet:-1, max-image-preview:large, max-video-preview:-1\" \/>\n<link rel=\"canonical\" href=\"https:\/\/www.koupelnapro.com\/index.php\/produkt\/vyhodna-nabidka-vrut-konstrukcni-zh-4-5x70-zn-tx25-ks-14500\/\" \/>\n<meta property=\"og:locale\" content=\"cs_CZ\" \/>\n<meta property=\"og:type\" content=\"article\" \/>\n<meta property=\"og:title\" content=\"V\u00fdhodn\u00e1 Nab\u00eddka Vrut konstruk\u010dn\u00ed ZH 4.5x70 ZN TX25\/ks -\" \/>\n<meta property=\"og:description\" content=\"Vrut do d\u0159eva 4,5&#215;70 Konstruk\u010dn\u00ed vrut ZH 4,5&#215;70 ZN TX25\u00a0je univerz\u00e1ln\u00ed vrut do d\u0159eva s neomezen\u00fdmi mo\u017enostmi pou\u017eit\u00ed, ide\u00e1ln\u00ed pro spojov\u00e1n\u00ed materi\u00e1l\u016f a kotven\u00ed s hmo\u017edinkami. \u00a0 V\u00fdhody univerz\u00e1ln\u00edch vrut\u016f do d\u0159eva se z\u00e1pustnou hlavou Univerz\u00e1ln\u00ed vrut do d\u0159eva Mo\u017enost pou\u017eit\u00ed s hmo\u017edinkami Vysoce odoln\u00fd materi\u00e1l Snadn\u00e1 mont\u00e1\u017e s torxov\u00fdm bitem TX25 K \u010demu se [&hellip;]\" \/>\n<meta property=\"og:url\" content=\"https:\/\/www.koupelnapro.com\/index.php\/produkt\/vyhodna-nabidka-vrut-konstrukcni-zh-4-5x70-zn-tx25-ks-14500\/\" \/>\n<meta property=\"og:image\" content=\"https:\/\/www.koupelnapro.com\/wp-content\/uploads\/2026\/SK0003224-CZ20260425-091908-0-1777079948-vrut-konstrukcni-zh-4-5x70-zn-tx25-ks.webp\" \/>\n\t<meta property=\"og:image:width\" content=\"1000\" \/>\n\t<meta property=\"og:image:height\" content=\"525\" \/>\n\t<meta property=\"og:image:type\" content=\"image\/webp\" \/>\n<meta name=\"twitter:card\" content=\"summary_large_image\" \/>\n<meta name=\"twitter:label1\" content=\"Odhadovan\u00e1 doba \u010dten\u00ed\" \/>\n\t<meta name=\"twitter:data1\" content=\"1 minuta\" \/>\n<script type=\"application\/ld+json\" class=\"yoast-schema-graph\">{\"@context\":\"https:\/\/schema.org\",\"@graph\":[{\"@type\":\"WebPage\",\"@id\":\"https:\/\/www.koupelnapro.com\/index.php\/produkt\/vyhodna-nabidka-vrut-konstrukcni-zh-4-5x70-zn-tx25-ks-14500\/\",\"url\":\"https:\/\/www.koupelnapro.com\/index.php\/produkt\/vyhodna-nabidka-vrut-konstrukcni-zh-4-5x70-zn-tx25-ks-14500\/\",\"name\":\"V\u00fdhodn\u00e1 Nab\u00eddka Vrut konstruk\u010dn\u00ed ZH 4.5x70 ZN TX25\/ks -\",\"isPartOf\":{\"@id\":\"https:\/\/www.koupelnapro.com\/#website\"},\"primaryImageOfPage\":{\"@id\":\"https:\/\/www.koupelnapro.com\/index.php\/produkt\/vyhodna-nabidka-vrut-konstrukcni-zh-4-5x70-zn-tx25-ks-14500\/#primaryimage\"},\"image\":{\"@id\":\"https:\/\/www.koupelnapro.com\/index.php\/produkt\/vyhodna-nabidka-vrut-konstrukcni-zh-4-5x70-zn-tx25-ks-14500\/#primaryimage\"},\"thumbnailUrl\":\"https:\/\/www.koupelnapro.com\/wp-content\/uploads\/2026\/SK0003224-CZ20260425-091908-0-1777079948-vrut-konstrukcni-zh-4-5x70-zn-tx25-ks.webp\",\"datePublished\":\"2026-04-26T09:13:45+00:00\",\"breadcrumb\":{\"@id\":\"https:\/\/www.koupelnapro.com\/index.php\/produkt\/vyhodna-nabidka-vrut-konstrukcni-zh-4-5x70-zn-tx25-ks-14500\/#breadcrumb\"},\"inLanguage\":\"cs\",\"potentialAction\":[{\"@type\":\"ReadAction\",\"target\":[\"https:\/\/www.koupelnapro.com\/index.php\/produkt\/vyhodna-nabidka-vrut-konstrukcni-zh-4-5x70-zn-tx25-ks-14500\/\"]}]},{\"@type\":\"ImageObject\",\"inLanguage\":\"cs\",\"@id\":\"https:\/\/www.koupelnapro.com\/index.php\/produkt\/vyhodna-nabidka-vrut-konstrukcni-zh-4-5x70-zn-tx25-ks-14500\/#primaryimage\",\"url\":\"https:\/\/www.koupelnapro.com\/wp-content\/uploads\/2026\/SK0003224-CZ20260425-091908-0-1777079948-vrut-konstrukcni-zh-4-5x70-zn-tx25-ks.webp\",\"contentUrl\":\"https:\/\/www.koupelnapro.com\/wp-content\/uploads\/2026\/SK0003224-CZ20260425-091908-0-1777079948-vrut-konstrukcni-zh-4-5x70-zn-tx25-ks.webp\",\"width\":1000,\"height\":525},{\"@type\":\"BreadcrumbList\",\"@id\":\"https:\/\/www.koupelnapro.com\/index.php\/produkt\/vyhodna-nabidka-vrut-konstrukcni-zh-4-5x70-zn-tx25-ks-14500\/#breadcrumb\",\"itemListElement\":[{\"@type\":\"ListItem\",\"position\":1,\"name\":\"Home\",\"item\":\"https:\/\/www.koupelnapro.com\/\"},{\"@type\":\"ListItem\",\"position\":2,\"name\":\"Products\",\"item\":\"https:\/\/www.koupelnapro.com\/index.php\/products\/\"},{\"@type\":\"ListItem\",\"position\":3,\"name\":\"V\u00fdhodn\u00e1 Nab\u00eddka Vrut konstruk\u010dn\u00ed ZH 4.5&#215;70 ZN TX25\/ks\"}]},{\"@type\":\"WebSite\",\"@id\":\"https:\/\/www.koupelnapro.com\/#website\",\"url\":\"https:\/\/www.koupelnapro.com\/\",\"name\":\"\",\"description\":\"\",\"potentialAction\":[{\"@type\":\"SearchAction\",\"target\":{\"@type\":\"EntryPoint\",\"urlTemplate\":\"https:\/\/www.koupelnapro.com\/?s={search_term_string}\"},\"query-input\":{\"@type\":\"PropertyValueSpecification\",\"valueRequired\":true,\"valueName\":\"search_term_string\"}}],\"inLanguage\":\"cs\"}]}<\/script>\n<!-- \/ Yoast SEO plugin. -->","yoast_head_json":{"title":"V\u00fdhodn\u00e1 Nab\u00eddka Vrut konstruk\u010dn\u00ed ZH 4.5x70 ZN TX25\/ks -","robots":{"index":"index","follow":"follow","max-snippet":"max-snippet:-1","max-image-preview":"max-image-preview:large","max-video-preview":"max-video-preview:-1"},"canonical":"https:\/\/www.koupelnapro.com\/index.php\/produkt\/vyhodna-nabidka-vrut-konstrukcni-zh-4-5x70-zn-tx25-ks-14500\/","og_locale":"cs_CZ","og_type":"article","og_title":"V\u00fdhodn\u00e1 Nab\u00eddka Vrut konstruk\u010dn\u00ed ZH 4.5x70 ZN TX25\/ks -","og_description":"Vrut do d\u0159eva 4,5&#215;70 Konstruk\u010dn\u00ed vrut ZH 4,5&#215;70 ZN TX25\u00a0je univerz\u00e1ln\u00ed vrut do d\u0159eva s neomezen\u00fdmi mo\u017enostmi pou\u017eit\u00ed, ide\u00e1ln\u00ed pro spojov\u00e1n\u00ed materi\u00e1l\u016f a kotven\u00ed s hmo\u017edinkami. \u00a0 V\u00fdhody univerz\u00e1ln\u00edch vrut\u016f do d\u0159eva se z\u00e1pustnou hlavou Univerz\u00e1ln\u00ed vrut do d\u0159eva Mo\u017enost pou\u017eit\u00ed s hmo\u017edinkami Vysoce odoln\u00fd materi\u00e1l Snadn\u00e1 mont\u00e1\u017e s torxov\u00fdm bitem TX25 K \u010demu se [&hellip;]","og_url":"https:\/\/www.koupelnapro.com\/index.php\/produkt\/vyhodna-nabidka-vrut-konstrukcni-zh-4-5x70-zn-tx25-ks-14500\/","og_image":[{"width":1000,"height":525,"url":"https:\/\/www.koupelnapro.com\/wp-content\/uploads\/2026\/SK0003224-CZ20260425-091908-0-1777079948-vrut-konstrukcni-zh-4-5x70-zn-tx25-ks.webp","type":"image\/webp"}],"twitter_card":"summary_large_image","twitter_misc":{"Odhadovan\u00e1 doba \u010dten\u00ed":"1 minuta"},"schema":{"@context":"https:\/\/schema.org","@graph":[{"@type":"WebPage","@id":"https:\/\/www.koupelnapro.com\/index.php\/produkt\/vyhodna-nabidka-vrut-konstrukcni-zh-4-5x70-zn-tx25-ks-14500\/","url":"https:\/\/www.koupelnapro.com\/index.php\/produkt\/vyhodna-nabidka-vrut-konstrukcni-zh-4-5x70-zn-tx25-ks-14500\/","name":"V\u00fdhodn\u00e1 Nab\u00eddka Vrut konstruk\u010dn\u00ed ZH 4.5x70 ZN TX25\/ks -","isPartOf":{"@id":"https:\/\/www.koupelnapro.com\/#website"},"primaryImageOfPage":{"@id":"https:\/\/www.koupelnapro.com\/index.php\/produkt\/vyhodna-nabidka-vrut-konstrukcni-zh-4-5x70-zn-tx25-ks-14500\/#primaryimage"},"image":{"@id":"https:\/\/www.koupelnapro.com\/index.php\/produkt\/vyhodna-nabidka-vrut-konstrukcni-zh-4-5x70-zn-tx25-ks-14500\/#primaryimage"},"thumbnailUrl":"https:\/\/www.koupelnapro.com\/wp-content\/uploads\/2026\/SK0003224-CZ20260425-091908-0-1777079948-vrut-konstrukcni-zh-4-5x70-zn-tx25-ks.webp","datePublished":"2026-04-26T09:13:45+00:00","breadcrumb":{"@id":"https:\/\/www.koupelnapro.com\/index.php\/produkt\/vyhodna-nabidka-vrut-konstrukcni-zh-4-5x70-zn-tx25-ks-14500\/#breadcrumb"},"inLanguage":"cs","potentialAction":[{"@type":"ReadAction","target":["https:\/\/www.koupelnapro.com\/index.php\/produkt\/vyhodna-nabidka-vrut-konstrukcni-zh-4-5x70-zn-tx25-ks-14500\/"]}]},{"@type":"ImageObject","inLanguage":"cs","@id":"https:\/\/www.koupelnapro.com\/index.php\/produkt\/vyhodna-nabidka-vrut-konstrukcni-zh-4-5x70-zn-tx25-ks-14500\/#primaryimage","url":"https:\/\/www.koupelnapro.com\/wp-content\/uploads\/2026\/SK0003224-CZ20260425-091908-0-1777079948-vrut-konstrukcni-zh-4-5x70-zn-tx25-ks.webp","contentUrl":"https:\/\/www.koupelnapro.com\/wp-content\/uploads\/2026\/SK0003224-CZ20260425-091908-0-1777079948-vrut-konstrukcni-zh-4-5x70-zn-tx25-ks.webp","width":1000,"height":525},{"@type":"BreadcrumbList","@id":"https:\/\/www.koupelnapro.com\/index.php\/produkt\/vyhodna-nabidka-vrut-konstrukcni-zh-4-5x70-zn-tx25-ks-14500\/#breadcrumb","itemListElement":[{"@type":"ListItem","position":1,"name":"Home","item":"https:\/\/www.koupelnapro.com\/"},{"@type":"ListItem","position":2,"name":"Products","item":"https:\/\/www.koupelnapro.com\/index.php\/products\/"},{"@type":"ListItem","position":3,"name":"V\u00fdhodn\u00e1 Nab\u00eddka Vrut konstruk\u010dn\u00ed ZH 4.5&#215;70 ZN TX25\/ks"}]},{"@type":"WebSite","@id":"https:\/\/www.koupelnapro.com\/#website","url":"https:\/\/www.koupelnapro.com\/","name":"","description":"","potentialAction":[{"@type":"SearchAction","target":{"@type":"EntryPoint","urlTemplate":"https:\/\/www.koupelnapro.com\/?s={search_term_string}"},"query-input":{"@type":"PropertyValueSpecification","valueRequired":true,"valueName":"search_term_string"}}],"inLanguage":"cs"}]}},"_links":{"self":[{"href":"https:\/\/www.koupelnapro.com\/index.php\/wp-json\/wp\/v2\/product\/14500","targetHints":{"allow":["GET"]}}],"collection":[{"href":"https:\/\/www.koupelnapro.com\/index.php\/wp-json\/wp\/v2\/product"}],"about":[{"href":"https:\/\/www.koupelnapro.com\/index.php\/wp-json\/wp\/v2\/types\/product"}],"replies":[{"embeddable":true,"href":"https:\/\/www.koupelnapro.com\/index.php\/wp-json\/wp\/v2\/comments?post=14500"}],"wp:featuredmedia":[{"embeddable":true,"href":"https:\/\/www.koupelnapro.com\/index.php\/wp-json\/wp\/v2\/media\/14600"}],"wp:attachment":[{"href":"https:\/\/www.koupelnapro.com\/index.php\/wp-json\/wp\/v2\/media?parent=14500"}],"wp:term":[{"taxonomy":"product_brand","embeddable":true,"href":"https:\/\/www.koupelnapro.com\/index.php\/wp-json\/wp\/v2\/product_brand?post=14500"},{"taxonomy":"product_cat","embeddable":true,"href":"https:\/\/www.koupelnapro.com\/index.php\/wp-json\/wp\/v2\/product_cat?post=14500"},{"taxonomy":"product_tag","embeddable":true,"href":"https:\/\/www.koupelnapro.com\/index.php\/wp-json\/wp\/v2\/product_tag?post=14500"}],"curies":[{"name":"wp","href":"https:\/\/api.w.org\/{rel}","templated":true}]}}