{"id":14365,"date":"2026-04-26T09:13:45","date_gmt":"2026-04-26T09:13:45","guid":{"rendered":""},"modified":"2026-04-26T09:13:45","modified_gmt":"2026-04-26T09:13:45","slug":"4czech-zastrcny-klic-sestihranny-14mm-154x70mm-akcni-cena-14365","status":"publish","type":"product","link":"https:\/\/www.koupelnapro.com\/index.php\/produkt\/4czech-zastrcny-klic-sestihranny-14mm-154x70mm-akcni-cena-14365\/","title":{"rendered":"4CZECH Z\u00e1str\u010dn\u00fd kl\u00ed\u010d \u0161estihrann\u00fd 14mm 154x70mm Ak\u010dn\u00ed Cena"},"content":{"rendered":"<h2>Z\u00e1str\u010dn\u00fd kl\u00ed\u010d \u0161estihrann\u00fd, 14 mm, 154x70mm<\/h2>\n<p><strong>Z\u00e1str\u010dn\u00fd \u0161estihrann\u00fd kl\u00ed\u010d 154x70mm<\/strong>\u00a0vyroben\u00e9 z vysoce odoln\u00e9 chrom-vanadov\u00e9 oceli, poskytuj\u00ed<strong> vy\u0161\u0161\u00ed odolnost v\u016f\u010di nam\u00e1h\u00e1n\u00ed<\/strong> ne\u017e po\u017eaduj\u00ed b\u011b\u017en\u00e9 normy. Vyrobeno dle norem NF-E 74 331, ISO 2936 a DIN 911 <strong>pro maxim\u00e1ln\u00ed kvalitu a spolehlivost.<\/strong><\/p>\n<p>\u00a0<\/p>\n<h2>V\u00fdhody inbusov\u00e9ho kl\u00ed\u010de<\/h2>\n<ul>\n<li>Vyrobeno z kvalitn\u00ed chrom-vanadov\u00e9 oceli pro vy\u0161\u0161\u00ed odolnost<\/li>\n<li>Spl\u0148uje p\u0159\u00edsn\u00e9 normy NF-E 74 331, ISO 2936 a DIN 911<\/li>\n<li>Odoln\u00e9 v\u016f\u010di vysok\u00e9mu nam\u00e1h\u00e1n\u00ed<\/li>\n<li>Dlouh\u00e1 \u017eivotnost i p\u0159i intenzivn\u00edm pou\u017e\u00edv\u00e1n\u00ed<\/li>\n<li>Ide\u00e1ln\u00ed pro profesion\u00e1ln\u00ed i dom\u00e1c\u00ed pou\u017eit\u00ed<\/li>\n<\/ul>\n<h2>K \u010demu se pou\u017e\u00edv\u00e1 \u0161estihrann\u00fd kl\u00ed\u010d<\/h2>\n<p>Z\u00e1str\u010dn\u00e9 \u0161estihrann\u00e9 kl\u00ed\u010de vyroben\u00e9 z chrom-vanadov\u00e9 oceli jsou ur\u010deny pro n\u00e1ro\u010dn\u00e9 \u00fakoly, kde je pot\u0159eba vy\u0161\u0161\u00ed odolnost v\u016f\u010di nam\u00e1h\u00e1n\u00ed. D\u00edky tomu spl\u0148uj\u00ed a p\u0159ekon\u00e1vaj\u00ed normy NF-E 74 331, ISO 2936 a DIN 911, co\u017e je \u010din\u00ed ide\u00e1ln\u00edmi pro profesion\u00e1ln\u00ed \u0159emesln\u00edky i n\u00e1ro\u010dn\u00e9 kutily.<\/p>\n<p>\u00a0<\/p>\n<h3>Kl\u00ed\u010dov\u00e9 vlastnosti a parametry produktu Kl\u00ed\u010d \u0161estihrann\u00fd<\/h3>\n<p><span style=\"text-decoration: none; font-weight: bold; color: #ff0000;\">Dopravu nacen\u00edme dle V\u00e1mi po\u017eadovan\u00e9ho mno\u017estv\u00ed a m\u00edsta ur\u010den\u00ed.<br \/><\/span><\/p>\n<p><span style=\"text-decoration: none; font-weight: bold; color: #ff0000;\">Pro osobn\u00ed odb\u011br vy\u017eadujeme objedn\u00e1vku potvrzenou prodejcem.<\/span><\/p>\n<div id=\"PDTable3\" class=\"ProductDetailTableView v3a v3 bs-view dcon dc177 PDTable3\" >\n<table>\n<thead><\/thead>\n<tbody>\n<tr class=\"attribute attr_bsshop_maker\">\n<td class=\"caption\">V\u00fdrobce<\/td>\n<td class=\"value\">N\u00e1stroje CZ s.r.o.<\/td>\n<\/tr>\n<tr class=\"attribute attr_A0029\">\n<td class=\"caption\">pr\u016fm\u011br<\/td>\n<td class=\"value\">14 mm<\/td>\n<\/tr>\n<\/tbody>\n<\/table>\n<\/div>\n<\/div><\/div>\n<\/div>\n<div id=\"e3266493\" class=\"tabs\">\n","protected":false},"excerpt":{"rendered":"<p>Z\u00e1str\u010dn\u00fd kl\u00ed\u010d \u0161estihrann\u00fd, 14 mm, 154x70mm Z\u00e1str\u010dn\u00fd \u0161estihrann\u00fd kl\u00ed\u010d 154x70mm\u00a0vyroben\u00e9 z vysoce odoln\u00e9 chrom-vanadov\u00e9 oceli, poskytuj\u00ed vy\u0161\u0161\u00ed odolnost v\u016f\u010di nam\u00e1h\u00e1n\u00ed ne\u017e po\u017eaduj\u00ed b\u011b\u017en\u00e9 normy. Vyrobeno dle norem NF-E 74 331, ISO 2936 a DIN 911 pro maxim\u00e1ln\u00ed kvalitu a spolehlivost. \u00a0 V\u00fdhody inbusov\u00e9ho kl\u00ed\u010de Vyrobeno z kvalitn\u00ed chrom-vanadov\u00e9 oceli pro vy\u0161\u0161\u00ed odolnost Spl\u0148uje p\u0159\u00edsn\u00e9 normy [&hellip;]<\/p>\n","protected":false},"featured_media":14465,"comment_status":"open","ping_status":"open","template":"","meta":[],"product_brand":[],"product_cat":[81],"product_tag":[],"class_list":{"0":"post-14365","1":"product","2":"type-product","3":"status-publish","4":"has-post-thumbnail","6":"product_cat-n-193-rad-205","8":"first","9":"instock","10":"sale","11":"shipping-taxable","12":"purchasable","13":"product-type-simple"},"yoast_head":"<!-- This site is optimized with the Yoast SEO plugin v26.8 - https:\/\/yoast.com\/product\/yoast-seo-wordpress\/ -->\n<title>4CZECH Z\u00e1str\u010dn\u00fd kl\u00ed\u010d \u0161estihrann\u00fd 14mm 154x70mm Ak\u010dn\u00ed Cena -<\/title>\n<meta name=\"robots\" content=\"index, follow, max-snippet:-1, max-image-preview:large, max-video-preview:-1\" \/>\n<link rel=\"canonical\" href=\"https:\/\/www.koupelnapro.com\/index.php\/produkt\/4czech-zastrcny-klic-sestihranny-14mm-154x70mm-akcni-cena-14365\/\" \/>\n<meta property=\"og:locale\" content=\"cs_CZ\" \/>\n<meta property=\"og:type\" content=\"article\" \/>\n<meta property=\"og:title\" content=\"4CZECH Z\u00e1str\u010dn\u00fd kl\u00ed\u010d \u0161estihrann\u00fd 14mm 154x70mm Ak\u010dn\u00ed Cena -\" \/>\n<meta property=\"og:description\" content=\"Z\u00e1str\u010dn\u00fd kl\u00ed\u010d \u0161estihrann\u00fd, 14 mm, 154x70mm Z\u00e1str\u010dn\u00fd \u0161estihrann\u00fd kl\u00ed\u010d 154x70mm\u00a0vyroben\u00e9 z vysoce odoln\u00e9 chrom-vanadov\u00e9 oceli, poskytuj\u00ed vy\u0161\u0161\u00ed odolnost v\u016f\u010di nam\u00e1h\u00e1n\u00ed ne\u017e po\u017eaduj\u00ed b\u011b\u017en\u00e9 normy. Vyrobeno dle norem NF-E 74 331, ISO 2936 a DIN 911 pro maxim\u00e1ln\u00ed kvalitu a spolehlivost. \u00a0 V\u00fdhody inbusov\u00e9ho kl\u00ed\u010de Vyrobeno z kvalitn\u00ed chrom-vanadov\u00e9 oceli pro vy\u0161\u0161\u00ed odolnost Spl\u0148uje p\u0159\u00edsn\u00e9 normy [&hellip;]\" \/>\n<meta property=\"og:url\" content=\"https:\/\/www.koupelnapro.com\/index.php\/produkt\/4czech-zastrcny-klic-sestihranny-14mm-154x70mm-akcni-cena-14365\/\" \/>\n<meta property=\"og:image\" content=\"https:\/\/www.koupelnapro.com\/wp-content\/uploads\/2026\/SK0003171-CZ20260425-091908-0-1777079948-4czech-zastrcny-klic-sestihranny-14mm-154x70mm.webp\" \/>\n\t<meta property=\"og:image:width\" content=\"1000\" \/>\n\t<meta property=\"og:image:height\" content=\"525\" \/>\n\t<meta property=\"og:image:type\" content=\"image\/webp\" \/>\n<meta name=\"twitter:card\" content=\"summary_large_image\" \/>\n<meta name=\"twitter:label1\" content=\"Odhadovan\u00e1 doba \u010dten\u00ed\" \/>\n\t<meta name=\"twitter:data1\" content=\"1 minuta\" \/>\n<script type=\"application\/ld+json\" class=\"yoast-schema-graph\">{\"@context\":\"https:\/\/schema.org\",\"@graph\":[{\"@type\":\"WebPage\",\"@id\":\"https:\/\/www.koupelnapro.com\/index.php\/produkt\/4czech-zastrcny-klic-sestihranny-14mm-154x70mm-akcni-cena-14365\/\",\"url\":\"https:\/\/www.koupelnapro.com\/index.php\/produkt\/4czech-zastrcny-klic-sestihranny-14mm-154x70mm-akcni-cena-14365\/\",\"name\":\"4CZECH Z\u00e1str\u010dn\u00fd kl\u00ed\u010d \u0161estihrann\u00fd 14mm 154x70mm Ak\u010dn\u00ed Cena -\",\"isPartOf\":{\"@id\":\"https:\/\/www.koupelnapro.com\/#website\"},\"primaryImageOfPage\":{\"@id\":\"https:\/\/www.koupelnapro.com\/index.php\/produkt\/4czech-zastrcny-klic-sestihranny-14mm-154x70mm-akcni-cena-14365\/#primaryimage\"},\"image\":{\"@id\":\"https:\/\/www.koupelnapro.com\/index.php\/produkt\/4czech-zastrcny-klic-sestihranny-14mm-154x70mm-akcni-cena-14365\/#primaryimage\"},\"thumbnailUrl\":\"https:\/\/www.koupelnapro.com\/wp-content\/uploads\/2026\/SK0003171-CZ20260425-091908-0-1777079948-4czech-zastrcny-klic-sestihranny-14mm-154x70mm.webp\",\"datePublished\":\"2026-04-26T09:13:45+00:00\",\"breadcrumb\":{\"@id\":\"https:\/\/www.koupelnapro.com\/index.php\/produkt\/4czech-zastrcny-klic-sestihranny-14mm-154x70mm-akcni-cena-14365\/#breadcrumb\"},\"inLanguage\":\"cs\",\"potentialAction\":[{\"@type\":\"ReadAction\",\"target\":[\"https:\/\/www.koupelnapro.com\/index.php\/produkt\/4czech-zastrcny-klic-sestihranny-14mm-154x70mm-akcni-cena-14365\/\"]}]},{\"@type\":\"ImageObject\",\"inLanguage\":\"cs\",\"@id\":\"https:\/\/www.koupelnapro.com\/index.php\/produkt\/4czech-zastrcny-klic-sestihranny-14mm-154x70mm-akcni-cena-14365\/#primaryimage\",\"url\":\"https:\/\/www.koupelnapro.com\/wp-content\/uploads\/2026\/SK0003171-CZ20260425-091908-0-1777079948-4czech-zastrcny-klic-sestihranny-14mm-154x70mm.webp\",\"contentUrl\":\"https:\/\/www.koupelnapro.com\/wp-content\/uploads\/2026\/SK0003171-CZ20260425-091908-0-1777079948-4czech-zastrcny-klic-sestihranny-14mm-154x70mm.webp\",\"width\":1000,\"height\":525},{\"@type\":\"BreadcrumbList\",\"@id\":\"https:\/\/www.koupelnapro.com\/index.php\/produkt\/4czech-zastrcny-klic-sestihranny-14mm-154x70mm-akcni-cena-14365\/#breadcrumb\",\"itemListElement\":[{\"@type\":\"ListItem\",\"position\":1,\"name\":\"Home\",\"item\":\"https:\/\/www.koupelnapro.com\/\"},{\"@type\":\"ListItem\",\"position\":2,\"name\":\"Products\",\"item\":\"https:\/\/www.koupelnapro.com\/index.php\/products\/\"},{\"@type\":\"ListItem\",\"position\":3,\"name\":\"4CZECH Z\u00e1str\u010dn\u00fd kl\u00ed\u010d \u0161estihrann\u00fd 14mm 154x70mm Ak\u010dn\u00ed Cena\"}]},{\"@type\":\"WebSite\",\"@id\":\"https:\/\/www.koupelnapro.com\/#website\",\"url\":\"https:\/\/www.koupelnapro.com\/\",\"name\":\"\",\"description\":\"\",\"potentialAction\":[{\"@type\":\"SearchAction\",\"target\":{\"@type\":\"EntryPoint\",\"urlTemplate\":\"https:\/\/www.koupelnapro.com\/?s={search_term_string}\"},\"query-input\":{\"@type\":\"PropertyValueSpecification\",\"valueRequired\":true,\"valueName\":\"search_term_string\"}}],\"inLanguage\":\"cs\"}]}<\/script>\n<!-- \/ Yoast SEO plugin. -->","yoast_head_json":{"title":"4CZECH Z\u00e1str\u010dn\u00fd kl\u00ed\u010d \u0161estihrann\u00fd 14mm 154x70mm Ak\u010dn\u00ed Cena -","robots":{"index":"index","follow":"follow","max-snippet":"max-snippet:-1","max-image-preview":"max-image-preview:large","max-video-preview":"max-video-preview:-1"},"canonical":"https:\/\/www.koupelnapro.com\/index.php\/produkt\/4czech-zastrcny-klic-sestihranny-14mm-154x70mm-akcni-cena-14365\/","og_locale":"cs_CZ","og_type":"article","og_title":"4CZECH Z\u00e1str\u010dn\u00fd kl\u00ed\u010d \u0161estihrann\u00fd 14mm 154x70mm Ak\u010dn\u00ed Cena -","og_description":"Z\u00e1str\u010dn\u00fd kl\u00ed\u010d \u0161estihrann\u00fd, 14 mm, 154x70mm Z\u00e1str\u010dn\u00fd \u0161estihrann\u00fd kl\u00ed\u010d 154x70mm\u00a0vyroben\u00e9 z vysoce odoln\u00e9 chrom-vanadov\u00e9 oceli, poskytuj\u00ed vy\u0161\u0161\u00ed odolnost v\u016f\u010di nam\u00e1h\u00e1n\u00ed ne\u017e po\u017eaduj\u00ed b\u011b\u017en\u00e9 normy. Vyrobeno dle norem NF-E 74 331, ISO 2936 a DIN 911 pro maxim\u00e1ln\u00ed kvalitu a spolehlivost. \u00a0 V\u00fdhody inbusov\u00e9ho kl\u00ed\u010de Vyrobeno z kvalitn\u00ed chrom-vanadov\u00e9 oceli pro vy\u0161\u0161\u00ed odolnost Spl\u0148uje p\u0159\u00edsn\u00e9 normy [&hellip;]","og_url":"https:\/\/www.koupelnapro.com\/index.php\/produkt\/4czech-zastrcny-klic-sestihranny-14mm-154x70mm-akcni-cena-14365\/","og_image":[{"width":1000,"height":525,"url":"https:\/\/www.koupelnapro.com\/wp-content\/uploads\/2026\/SK0003171-CZ20260425-091908-0-1777079948-4czech-zastrcny-klic-sestihranny-14mm-154x70mm.webp","type":"image\/webp"}],"twitter_card":"summary_large_image","twitter_misc":{"Odhadovan\u00e1 doba \u010dten\u00ed":"1 minuta"},"schema":{"@context":"https:\/\/schema.org","@graph":[{"@type":"WebPage","@id":"https:\/\/www.koupelnapro.com\/index.php\/produkt\/4czech-zastrcny-klic-sestihranny-14mm-154x70mm-akcni-cena-14365\/","url":"https:\/\/www.koupelnapro.com\/index.php\/produkt\/4czech-zastrcny-klic-sestihranny-14mm-154x70mm-akcni-cena-14365\/","name":"4CZECH Z\u00e1str\u010dn\u00fd kl\u00ed\u010d \u0161estihrann\u00fd 14mm 154x70mm Ak\u010dn\u00ed Cena -","isPartOf":{"@id":"https:\/\/www.koupelnapro.com\/#website"},"primaryImageOfPage":{"@id":"https:\/\/www.koupelnapro.com\/index.php\/produkt\/4czech-zastrcny-klic-sestihranny-14mm-154x70mm-akcni-cena-14365\/#primaryimage"},"image":{"@id":"https:\/\/www.koupelnapro.com\/index.php\/produkt\/4czech-zastrcny-klic-sestihranny-14mm-154x70mm-akcni-cena-14365\/#primaryimage"},"thumbnailUrl":"https:\/\/www.koupelnapro.com\/wp-content\/uploads\/2026\/SK0003171-CZ20260425-091908-0-1777079948-4czech-zastrcny-klic-sestihranny-14mm-154x70mm.webp","datePublished":"2026-04-26T09:13:45+00:00","breadcrumb":{"@id":"https:\/\/www.koupelnapro.com\/index.php\/produkt\/4czech-zastrcny-klic-sestihranny-14mm-154x70mm-akcni-cena-14365\/#breadcrumb"},"inLanguage":"cs","potentialAction":[{"@type":"ReadAction","target":["https:\/\/www.koupelnapro.com\/index.php\/produkt\/4czech-zastrcny-klic-sestihranny-14mm-154x70mm-akcni-cena-14365\/"]}]},{"@type":"ImageObject","inLanguage":"cs","@id":"https:\/\/www.koupelnapro.com\/index.php\/produkt\/4czech-zastrcny-klic-sestihranny-14mm-154x70mm-akcni-cena-14365\/#primaryimage","url":"https:\/\/www.koupelnapro.com\/wp-content\/uploads\/2026\/SK0003171-CZ20260425-091908-0-1777079948-4czech-zastrcny-klic-sestihranny-14mm-154x70mm.webp","contentUrl":"https:\/\/www.koupelnapro.com\/wp-content\/uploads\/2026\/SK0003171-CZ20260425-091908-0-1777079948-4czech-zastrcny-klic-sestihranny-14mm-154x70mm.webp","width":1000,"height":525},{"@type":"BreadcrumbList","@id":"https:\/\/www.koupelnapro.com\/index.php\/produkt\/4czech-zastrcny-klic-sestihranny-14mm-154x70mm-akcni-cena-14365\/#breadcrumb","itemListElement":[{"@type":"ListItem","position":1,"name":"Home","item":"https:\/\/www.koupelnapro.com\/"},{"@type":"ListItem","position":2,"name":"Products","item":"https:\/\/www.koupelnapro.com\/index.php\/products\/"},{"@type":"ListItem","position":3,"name":"4CZECH Z\u00e1str\u010dn\u00fd kl\u00ed\u010d \u0161estihrann\u00fd 14mm 154x70mm Ak\u010dn\u00ed Cena"}]},{"@type":"WebSite","@id":"https:\/\/www.koupelnapro.com\/#website","url":"https:\/\/www.koupelnapro.com\/","name":"","description":"","potentialAction":[{"@type":"SearchAction","target":{"@type":"EntryPoint","urlTemplate":"https:\/\/www.koupelnapro.com\/?s={search_term_string}"},"query-input":{"@type":"PropertyValueSpecification","valueRequired":true,"valueName":"search_term_string"}}],"inLanguage":"cs"}]}},"_links":{"self":[{"href":"https:\/\/www.koupelnapro.com\/index.php\/wp-json\/wp\/v2\/product\/14365","targetHints":{"allow":["GET"]}}],"collection":[{"href":"https:\/\/www.koupelnapro.com\/index.php\/wp-json\/wp\/v2\/product"}],"about":[{"href":"https:\/\/www.koupelnapro.com\/index.php\/wp-json\/wp\/v2\/types\/product"}],"replies":[{"embeddable":true,"href":"https:\/\/www.koupelnapro.com\/index.php\/wp-json\/wp\/v2\/comments?post=14365"}],"wp:featuredmedia":[{"embeddable":true,"href":"https:\/\/www.koupelnapro.com\/index.php\/wp-json\/wp\/v2\/media\/14465"}],"wp:attachment":[{"href":"https:\/\/www.koupelnapro.com\/index.php\/wp-json\/wp\/v2\/media?parent=14365"}],"wp:term":[{"taxonomy":"product_brand","embeddable":true,"href":"https:\/\/www.koupelnapro.com\/index.php\/wp-json\/wp\/v2\/product_brand?post=14365"},{"taxonomy":"product_cat","embeddable":true,"href":"https:\/\/www.koupelnapro.com\/index.php\/wp-json\/wp\/v2\/product_cat?post=14365"},{"taxonomy":"product_tag","embeddable":true,"href":"https:\/\/www.koupelnapro.com\/index.php\/wp-json\/wp\/v2\/product_tag?post=14365"}],"curies":[{"name":"wp","href":"https:\/\/api.w.org\/{rel}","templated":true}]}}