{"id":14351,"date":"2026-04-26T09:13:45","date_gmt":"2026-04-26T09:13:45","guid":{"rendered":""},"modified":"2026-04-26T09:13:45","modified_gmt":"2026-04-26T09:13:45","slug":"festa-klic-racnovy-17mm-vikendova-akce-14351","status":"publish","type":"product","link":"https:\/\/www.koupelnapro.com\/index.php\/produkt\/festa-klic-racnovy-17mm-vikendova-akce-14351\/","title":{"rendered":"Festa Kl\u00ed\u010d r\u00e1\u010dnov\u00fd 17mm V\u00edkendov\u00e1 Akce"},"content":{"rendered":"<h2>Kl\u00ed\u010d r\u00e1\u010dnov\u00fd 17 mm<\/h2>\n<p>Festa r\u00e1\u010dnov\u00fd kl\u00ed\u010d 17 mm je vyroben z kvalitn\u00ed chrom-vanadiov\u00e9 oceli, povrchov\u011b upraven\u00fd matn\u00fdm tvrdochromem pro zv\u00fd\u0161enou tvrdost a odolnost proti korozi. Rohatka obsahuje 72 kalen\u00fdch zub\u016f, kter\u00e9 umo\u017e\u0148uj\u00ed z\u00e1b\u011br po 5\u00b0 obloukov\u00fdch stupn\u00edch, a spl\u0148uje normy DIN\/ISO.<\/p>\n<p>\u00a0<\/p>\n<h2>V\u00fdhody r\u00e1\u010dnov\u00e9ho kl\u00ed\u010de<\/h2>\n<ul>\n<li>Vyroben z kvalitn\u00ed chrom-vanadiov\u00e9 oceli<\/li>\n<li>Povrchov\u00e1 \u00faprava matn\u00fdm tvrdochromem pro odolnost v\u016f\u010di korozi<\/li>\n<li>Rohatka s 72 kalen\u00fdmi zuby pro p\u0159esn\u00fd z\u00e1b\u011br<\/li>\n<li>Z\u00e1b\u011br po 5\u00b0 obloukov\u00fdch stupn\u00edch<\/li>\n<li>Spl\u0148uje normy DIN\/ISO<\/li>\n<\/ul>\n<h2>K \u010demu se pou\u017e\u00edv\u00e1 r\u00e1\u010dnov\u00fd kl\u00ed\u010d<\/h2>\n<p>R\u00e1\u010dnov\u00fd kl\u00ed\u010d Festa 17 mm je ide\u00e1ln\u00ed pro p\u0159esn\u00e9 \u0161roubov\u00e1n\u00ed v t\u011bsn\u00fdch prostorech d\u00edky z\u00e1b\u011bru po 5\u00b0 obloukov\u00fdch stupn\u00edch. Kvalitn\u00ed chrom-vanadiov\u00e1 ocel a odolnost proti korozi zaji\u0161\u0165uj\u00ed dlouhou \u017eivotnost n\u00e1stroje, kter\u00fd spl\u0148uje normy DIN\/ISO.<\/p>\n<p>\u00a0<\/p>\n<h3>Kl\u00ed\u010dov\u00e9 vlastnosti a parametry produktu Kl\u00ed\u010d r\u00e1\u010dnov\u00fd<\/h3>\n<p><span style=\"text-decoration: none; font-weight: bold; color: #ff0000;\">Dopravu nacen\u00edme dle V\u00e1mi po\u017eadovan\u00e9ho mno\u017estv\u00ed a m\u00edsta ur\u010den\u00ed.<br \/><\/span><\/p>\n<p><span style=\"text-decoration: none; font-weight: bold; color: #ff0000;\">Pro osobn\u00ed odb\u011br vy\u017eadujeme objedn\u00e1vku potvrzenou prodejcem.<\/span><\/p>\n<div id=\"PDTable3\" class=\"ProductDetailTableView v3a v3 bs-view dcon dc177 PDTable3\" >\n<table>\n<thead><\/thead>\n<tbody>\n<tr class=\"attribute attr_bsshop_maker\">\n<td class=\"caption\">V\u00fdrobce<\/td>\n<td class=\"value\">EURO N\u00c1\u0158AD\u00cd s.r.o.<\/td>\n<\/tr>\n<tr class=\"attribute attr_A044\">\n<td class=\"caption\">velikost<\/td>\n<td class=\"value\">17 mm<\/td>\n<\/tr>\n<\/tbody>\n<\/table>\n<\/div>\n<\/div><\/div>\n<\/div>\n<div id=\"e3265387\" class=\"tabs\">\n","protected":false},"excerpt":{"rendered":"<p>Kl\u00ed\u010d r\u00e1\u010dnov\u00fd 17 mm Festa r\u00e1\u010dnov\u00fd kl\u00ed\u010d 17 mm je vyroben z kvalitn\u00ed chrom-vanadiov\u00e9 oceli, povrchov\u011b upraven\u00fd matn\u00fdm tvrdochromem pro zv\u00fd\u0161enou tvrdost a odolnost proti korozi. Rohatka obsahuje 72 kalen\u00fdch zub\u016f, kter\u00e9 umo\u017e\u0148uj\u00ed z\u00e1b\u011br po 5\u00b0 obloukov\u00fdch stupn\u00edch, a spl\u0148uje normy DIN\/ISO. \u00a0 V\u00fdhody r\u00e1\u010dnov\u00e9ho kl\u00ed\u010de Vyroben z kvalitn\u00ed chrom-vanadiov\u00e9 oceli Povrchov\u00e1 \u00faprava matn\u00fdm tvrdochromem [&hellip;]<\/p>\n","protected":false},"featured_media":14451,"comment_status":"open","ping_status":"open","template":"","meta":[],"product_brand":[],"product_cat":[81],"product_tag":[],"class_list":{"0":"post-14351","1":"product","2":"type-product","3":"status-publish","4":"has-post-thumbnail","6":"product_cat-n-193-rad-205","8":"first","9":"instock","10":"sale","11":"shipping-taxable","12":"purchasable","13":"product-type-simple"},"yoast_head":"<!-- This site is optimized with the Yoast SEO plugin v26.8 - https:\/\/yoast.com\/product\/yoast-seo-wordpress\/ -->\n<title>Festa Kl\u00ed\u010d r\u00e1\u010dnov\u00fd 17mm V\u00edkendov\u00e1 Akce -<\/title>\n<meta name=\"robots\" content=\"index, follow, max-snippet:-1, max-image-preview:large, max-video-preview:-1\" \/>\n<link rel=\"canonical\" href=\"https:\/\/www.koupelnapro.com\/index.php\/produkt\/festa-klic-racnovy-17mm-vikendova-akce-14351\/\" \/>\n<meta property=\"og:locale\" content=\"cs_CZ\" \/>\n<meta property=\"og:type\" content=\"article\" \/>\n<meta property=\"og:title\" content=\"Festa Kl\u00ed\u010d r\u00e1\u010dnov\u00fd 17mm V\u00edkendov\u00e1 Akce -\" \/>\n<meta property=\"og:description\" content=\"Kl\u00ed\u010d r\u00e1\u010dnov\u00fd 17 mm Festa r\u00e1\u010dnov\u00fd kl\u00ed\u010d 17 mm je vyroben z kvalitn\u00ed chrom-vanadiov\u00e9 oceli, povrchov\u011b upraven\u00fd matn\u00fdm tvrdochromem pro zv\u00fd\u0161enou tvrdost a odolnost proti korozi. Rohatka obsahuje 72 kalen\u00fdch zub\u016f, kter\u00e9 umo\u017e\u0148uj\u00ed z\u00e1b\u011br po 5\u00b0 obloukov\u00fdch stupn\u00edch, a spl\u0148uje normy DIN\/ISO. \u00a0 V\u00fdhody r\u00e1\u010dnov\u00e9ho kl\u00ed\u010de Vyroben z kvalitn\u00ed chrom-vanadiov\u00e9 oceli Povrchov\u00e1 \u00faprava matn\u00fdm tvrdochromem [&hellip;]\" \/>\n<meta property=\"og:url\" content=\"https:\/\/www.koupelnapro.com\/index.php\/produkt\/festa-klic-racnovy-17mm-vikendova-akce-14351\/\" \/>\n<meta property=\"og:image\" content=\"https:\/\/www.koupelnapro.com\/wp-content\/uploads\/2026\/SK0003157-CZ20260425-091908-0-1777079948-festa-klic-racnovy-17mm.webp\" \/>\n\t<meta property=\"og:image:width\" content=\"1000\" \/>\n\t<meta property=\"og:image:height\" content=\"525\" \/>\n\t<meta property=\"og:image:type\" content=\"image\/webp\" \/>\n<meta name=\"twitter:card\" content=\"summary_large_image\" \/>\n<meta name=\"twitter:label1\" content=\"Odhadovan\u00e1 doba \u010dten\u00ed\" \/>\n\t<meta name=\"twitter:data1\" content=\"1 minuta\" \/>\n<script type=\"application\/ld+json\" class=\"yoast-schema-graph\">{\"@context\":\"https:\/\/schema.org\",\"@graph\":[{\"@type\":\"WebPage\",\"@id\":\"https:\/\/www.koupelnapro.com\/index.php\/produkt\/festa-klic-racnovy-17mm-vikendova-akce-14351\/\",\"url\":\"https:\/\/www.koupelnapro.com\/index.php\/produkt\/festa-klic-racnovy-17mm-vikendova-akce-14351\/\",\"name\":\"Festa Kl\u00ed\u010d r\u00e1\u010dnov\u00fd 17mm V\u00edkendov\u00e1 Akce -\",\"isPartOf\":{\"@id\":\"https:\/\/www.koupelnapro.com\/#website\"},\"primaryImageOfPage\":{\"@id\":\"https:\/\/www.koupelnapro.com\/index.php\/produkt\/festa-klic-racnovy-17mm-vikendova-akce-14351\/#primaryimage\"},\"image\":{\"@id\":\"https:\/\/www.koupelnapro.com\/index.php\/produkt\/festa-klic-racnovy-17mm-vikendova-akce-14351\/#primaryimage\"},\"thumbnailUrl\":\"https:\/\/www.koupelnapro.com\/wp-content\/uploads\/2026\/SK0003157-CZ20260425-091908-0-1777079948-festa-klic-racnovy-17mm.webp\",\"datePublished\":\"2026-04-26T09:13:45+00:00\",\"breadcrumb\":{\"@id\":\"https:\/\/www.koupelnapro.com\/index.php\/produkt\/festa-klic-racnovy-17mm-vikendova-akce-14351\/#breadcrumb\"},\"inLanguage\":\"cs\",\"potentialAction\":[{\"@type\":\"ReadAction\",\"target\":[\"https:\/\/www.koupelnapro.com\/index.php\/produkt\/festa-klic-racnovy-17mm-vikendova-akce-14351\/\"]}]},{\"@type\":\"ImageObject\",\"inLanguage\":\"cs\",\"@id\":\"https:\/\/www.koupelnapro.com\/index.php\/produkt\/festa-klic-racnovy-17mm-vikendova-akce-14351\/#primaryimage\",\"url\":\"https:\/\/www.koupelnapro.com\/wp-content\/uploads\/2026\/SK0003157-CZ20260425-091908-0-1777079948-festa-klic-racnovy-17mm.webp\",\"contentUrl\":\"https:\/\/www.koupelnapro.com\/wp-content\/uploads\/2026\/SK0003157-CZ20260425-091908-0-1777079948-festa-klic-racnovy-17mm.webp\",\"width\":1000,\"height\":525},{\"@type\":\"BreadcrumbList\",\"@id\":\"https:\/\/www.koupelnapro.com\/index.php\/produkt\/festa-klic-racnovy-17mm-vikendova-akce-14351\/#breadcrumb\",\"itemListElement\":[{\"@type\":\"ListItem\",\"position\":1,\"name\":\"Home\",\"item\":\"https:\/\/www.koupelnapro.com\/\"},{\"@type\":\"ListItem\",\"position\":2,\"name\":\"Products\",\"item\":\"https:\/\/www.koupelnapro.com\/index.php\/products\/\"},{\"@type\":\"ListItem\",\"position\":3,\"name\":\"Festa Kl\u00ed\u010d r\u00e1\u010dnov\u00fd 17mm V\u00edkendov\u00e1 Akce\"}]},{\"@type\":\"WebSite\",\"@id\":\"https:\/\/www.koupelnapro.com\/#website\",\"url\":\"https:\/\/www.koupelnapro.com\/\",\"name\":\"\",\"description\":\"\",\"potentialAction\":[{\"@type\":\"SearchAction\",\"target\":{\"@type\":\"EntryPoint\",\"urlTemplate\":\"https:\/\/www.koupelnapro.com\/?s={search_term_string}\"},\"query-input\":{\"@type\":\"PropertyValueSpecification\",\"valueRequired\":true,\"valueName\":\"search_term_string\"}}],\"inLanguage\":\"cs\"}]}<\/script>\n<!-- \/ Yoast SEO plugin. -->","yoast_head_json":{"title":"Festa Kl\u00ed\u010d r\u00e1\u010dnov\u00fd 17mm V\u00edkendov\u00e1 Akce -","robots":{"index":"index","follow":"follow","max-snippet":"max-snippet:-1","max-image-preview":"max-image-preview:large","max-video-preview":"max-video-preview:-1"},"canonical":"https:\/\/www.koupelnapro.com\/index.php\/produkt\/festa-klic-racnovy-17mm-vikendova-akce-14351\/","og_locale":"cs_CZ","og_type":"article","og_title":"Festa Kl\u00ed\u010d r\u00e1\u010dnov\u00fd 17mm V\u00edkendov\u00e1 Akce -","og_description":"Kl\u00ed\u010d r\u00e1\u010dnov\u00fd 17 mm Festa r\u00e1\u010dnov\u00fd kl\u00ed\u010d 17 mm je vyroben z kvalitn\u00ed chrom-vanadiov\u00e9 oceli, povrchov\u011b upraven\u00fd matn\u00fdm tvrdochromem pro zv\u00fd\u0161enou tvrdost a odolnost proti korozi. Rohatka obsahuje 72 kalen\u00fdch zub\u016f, kter\u00e9 umo\u017e\u0148uj\u00ed z\u00e1b\u011br po 5\u00b0 obloukov\u00fdch stupn\u00edch, a spl\u0148uje normy DIN\/ISO. \u00a0 V\u00fdhody r\u00e1\u010dnov\u00e9ho kl\u00ed\u010de Vyroben z kvalitn\u00ed chrom-vanadiov\u00e9 oceli Povrchov\u00e1 \u00faprava matn\u00fdm tvrdochromem [&hellip;]","og_url":"https:\/\/www.koupelnapro.com\/index.php\/produkt\/festa-klic-racnovy-17mm-vikendova-akce-14351\/","og_image":[{"width":1000,"height":525,"url":"https:\/\/www.koupelnapro.com\/wp-content\/uploads\/2026\/SK0003157-CZ20260425-091908-0-1777079948-festa-klic-racnovy-17mm.webp","type":"image\/webp"}],"twitter_card":"summary_large_image","twitter_misc":{"Odhadovan\u00e1 doba \u010dten\u00ed":"1 minuta"},"schema":{"@context":"https:\/\/schema.org","@graph":[{"@type":"WebPage","@id":"https:\/\/www.koupelnapro.com\/index.php\/produkt\/festa-klic-racnovy-17mm-vikendova-akce-14351\/","url":"https:\/\/www.koupelnapro.com\/index.php\/produkt\/festa-klic-racnovy-17mm-vikendova-akce-14351\/","name":"Festa Kl\u00ed\u010d r\u00e1\u010dnov\u00fd 17mm V\u00edkendov\u00e1 Akce -","isPartOf":{"@id":"https:\/\/www.koupelnapro.com\/#website"},"primaryImageOfPage":{"@id":"https:\/\/www.koupelnapro.com\/index.php\/produkt\/festa-klic-racnovy-17mm-vikendova-akce-14351\/#primaryimage"},"image":{"@id":"https:\/\/www.koupelnapro.com\/index.php\/produkt\/festa-klic-racnovy-17mm-vikendova-akce-14351\/#primaryimage"},"thumbnailUrl":"https:\/\/www.koupelnapro.com\/wp-content\/uploads\/2026\/SK0003157-CZ20260425-091908-0-1777079948-festa-klic-racnovy-17mm.webp","datePublished":"2026-04-26T09:13:45+00:00","breadcrumb":{"@id":"https:\/\/www.koupelnapro.com\/index.php\/produkt\/festa-klic-racnovy-17mm-vikendova-akce-14351\/#breadcrumb"},"inLanguage":"cs","potentialAction":[{"@type":"ReadAction","target":["https:\/\/www.koupelnapro.com\/index.php\/produkt\/festa-klic-racnovy-17mm-vikendova-akce-14351\/"]}]},{"@type":"ImageObject","inLanguage":"cs","@id":"https:\/\/www.koupelnapro.com\/index.php\/produkt\/festa-klic-racnovy-17mm-vikendova-akce-14351\/#primaryimage","url":"https:\/\/www.koupelnapro.com\/wp-content\/uploads\/2026\/SK0003157-CZ20260425-091908-0-1777079948-festa-klic-racnovy-17mm.webp","contentUrl":"https:\/\/www.koupelnapro.com\/wp-content\/uploads\/2026\/SK0003157-CZ20260425-091908-0-1777079948-festa-klic-racnovy-17mm.webp","width":1000,"height":525},{"@type":"BreadcrumbList","@id":"https:\/\/www.koupelnapro.com\/index.php\/produkt\/festa-klic-racnovy-17mm-vikendova-akce-14351\/#breadcrumb","itemListElement":[{"@type":"ListItem","position":1,"name":"Home","item":"https:\/\/www.koupelnapro.com\/"},{"@type":"ListItem","position":2,"name":"Products","item":"https:\/\/www.koupelnapro.com\/index.php\/products\/"},{"@type":"ListItem","position":3,"name":"Festa Kl\u00ed\u010d r\u00e1\u010dnov\u00fd 17mm V\u00edkendov\u00e1 Akce"}]},{"@type":"WebSite","@id":"https:\/\/www.koupelnapro.com\/#website","url":"https:\/\/www.koupelnapro.com\/","name":"","description":"","potentialAction":[{"@type":"SearchAction","target":{"@type":"EntryPoint","urlTemplate":"https:\/\/www.koupelnapro.com\/?s={search_term_string}"},"query-input":{"@type":"PropertyValueSpecification","valueRequired":true,"valueName":"search_term_string"}}],"inLanguage":"cs"}]}},"_links":{"self":[{"href":"https:\/\/www.koupelnapro.com\/index.php\/wp-json\/wp\/v2\/product\/14351","targetHints":{"allow":["GET"]}}],"collection":[{"href":"https:\/\/www.koupelnapro.com\/index.php\/wp-json\/wp\/v2\/product"}],"about":[{"href":"https:\/\/www.koupelnapro.com\/index.php\/wp-json\/wp\/v2\/types\/product"}],"replies":[{"embeddable":true,"href":"https:\/\/www.koupelnapro.com\/index.php\/wp-json\/wp\/v2\/comments?post=14351"}],"wp:featuredmedia":[{"embeddable":true,"href":"https:\/\/www.koupelnapro.com\/index.php\/wp-json\/wp\/v2\/media\/14451"}],"wp:attachment":[{"href":"https:\/\/www.koupelnapro.com\/index.php\/wp-json\/wp\/v2\/media?parent=14351"}],"wp:term":[{"taxonomy":"product_brand","embeddable":true,"href":"https:\/\/www.koupelnapro.com\/index.php\/wp-json\/wp\/v2\/product_brand?post=14351"},{"taxonomy":"product_cat","embeddable":true,"href":"https:\/\/www.koupelnapro.com\/index.php\/wp-json\/wp\/v2\/product_cat?post=14351"},{"taxonomy":"product_tag","embeddable":true,"href":"https:\/\/www.koupelnapro.com\/index.php\/wp-json\/wp\/v2\/product_tag?post=14351"}],"curies":[{"name":"wp","href":"https:\/\/api.w.org\/{rel}","templated":true}]}}