{"id":14347,"date":"2026-04-26T09:13:45","date_gmt":"2026-04-26T09:13:45","guid":{"rendered":""},"modified":"2026-04-26T09:13:45","modified_gmt":"2026-04-26T09:13:45","slug":"cenova-bomba-fortica-sada-klicu-pro-odvzusneni-topeni-3ks-14347","status":"publish","type":"product","link":"https:\/\/www.koupelnapro.com\/index.php\/produkt\/cenova-bomba-fortica-sada-klicu-pro-odvzusneni-topeni-3ks-14347\/","title":{"rendered":"Cenov\u00e1 Bomba Fortica Sada kl\u00ed\u010d\u016f pro odvzu\u0161n\u011bn\u00ed topen\u00ed 3ks"},"content":{"rendered":"<h2>Sada kl\u00ed\u010d\u016f na odvzdu\u0161n\u011bn\u00ed topen\u00ed 3ks<\/h2>\n<p>Fortica sada kl\u00ed\u010d\u016f pro odvzdu\u0161n\u011bn\u00ed topen\u00ed 3 ks je vyrobena ze slitiny zinku a je ur\u010dena pro odvzdu\u0161\u0148ov\u00e1n\u00ed a vypou\u0161t\u011bn\u00ed v\u011bt\u0161iny radi\u00e1tor\u016f. Kompaktn\u00ed design je ide\u00e1ln\u00ed pro pr\u00e1ci na mal\u00fdch ploch\u00e1ch s vnit\u0159n\u00edm \u010dtvercem o velikosti 5 mm.<\/p>\n<p>\u00a0<\/p>\n<h2>V\u00fdhody kl\u00ed\u010d\u016f pro odvzdu\u0161n\u011bn\u00ed topen\u00ed<\/h2>\n<ul>\n<li>Kl\u00ed\u010de ze slitiny zinku pro dlouhou \u017eivotnost<\/li>\n<li>Vhodn\u00e9 pro odvzdu\u0161\u0148ov\u00e1n\u00ed a vypou\u0161t\u011bn\u00ed radi\u00e1tor\u016f<\/li>\n<li>Kompaktn\u00ed design pro snadnou pr\u00e1ci na mal\u00fdch ploch\u00e1ch<\/li>\n<li>Vnit\u0159n\u00ed \u010dtverec 5 mm pro univerz\u00e1ln\u00ed pou\u017eit\u00ed<\/li>\n<li>Spolehliv\u00e9 a odoln\u00e9 proveden\u00ed<\/li>\n<\/ul>\n<h2>K \u010demu se pou\u017e\u00edv\u00e1 kl\u00ed\u010d na odvzdu\u0161n\u011bn\u00ed topen\u00ed<\/h2>\n<p>Sada kl\u00ed\u010d\u016f Fortica pro odvzdu\u0161n\u011bn\u00ed topen\u00ed je ide\u00e1ln\u00ed pro \u00fadr\u017ebu radi\u00e1tor\u016f v dom\u00e1cnostech i komer\u010dn\u00edch prostor\u00e1ch. D\u00edky kompaktn\u00edmu designu jsou kl\u00ed\u010de vhodn\u00e9 pro pr\u00e1ci v omezen\u00fdch prostor\u00e1ch, zat\u00edmco vnit\u0159n\u00ed \u010dtverec o velikosti 5 mm zaji\u0161\u0165uje univerz\u00e1ln\u00ed pou\u017eit\u00ed.<\/p>\n<p>\u00a0<\/p>\n<h3>Kl\u00ed\u010dov\u00e9 vlastnosti a parametry produktu Kl\u00ed\u010d na odvzdu\u0161n\u011bn\u00ed topen\u00ed<\/h3>\n<p><span style=\"text-decoration: none; font-weight: bold; color: #ff0000;\">Dopravu nacen\u00edme dle V\u00e1mi po\u017eadovan\u00e9ho mno\u017estv\u00ed a m\u00edsta ur\u010den\u00ed.<br \/><\/span><\/p>\n<p><span style=\"text-decoration: none; font-weight: bold; color: #ff0000;\">Pro osobn\u00ed odb\u011br vy\u017eadujeme objedn\u00e1vku potvrzenou prodejcem.<\/span><\/p>\n<div id=\"PDTable3\" class=\"ProductDetailTableView v3a v3 bs-view dcon dc177 PDTable3\" >\n<table>\n<thead><\/thead>\n<tbody>\n<tr class=\"attribute attr_A0017\">\n<td class=\"caption\">balen\u00ed obsahuje<\/td>\n<td class=\"value\">3 ks<\/td>\n<\/tr>\n<\/tbody>\n<\/table>\n<\/div>\n<\/div><\/div>\n<\/div>\n<div id=\"e3265107\" class=\"tabs\">\n","protected":false},"excerpt":{"rendered":"<p>Sada kl\u00ed\u010d\u016f na odvzdu\u0161n\u011bn\u00ed topen\u00ed 3ks Fortica sada kl\u00ed\u010d\u016f pro odvzdu\u0161n\u011bn\u00ed topen\u00ed 3 ks je vyrobena ze slitiny zinku a je ur\u010dena pro odvzdu\u0161\u0148ov\u00e1n\u00ed a vypou\u0161t\u011bn\u00ed v\u011bt\u0161iny radi\u00e1tor\u016f. Kompaktn\u00ed design je ide\u00e1ln\u00ed pro pr\u00e1ci na mal\u00fdch ploch\u00e1ch s vnit\u0159n\u00edm \u010dtvercem o velikosti 5 mm. \u00a0 V\u00fdhody kl\u00ed\u010d\u016f pro odvzdu\u0161n\u011bn\u00ed topen\u00ed Kl\u00ed\u010de ze slitiny zinku pro [&hellip;]<\/p>\n","protected":false},"featured_media":14447,"comment_status":"open","ping_status":"open","template":"","meta":[],"product_brand":[],"product_cat":[81],"product_tag":[],"class_list":{"0":"post-14347","1":"product","2":"type-product","3":"status-publish","4":"has-post-thumbnail","6":"product_cat-n-193-rad-205","8":"first","9":"instock","10":"sale","11":"shipping-taxable","12":"purchasable","13":"product-type-simple"},"yoast_head":"<!-- This site is optimized with the Yoast SEO plugin v26.8 - https:\/\/yoast.com\/product\/yoast-seo-wordpress\/ -->\n<title>Cenov\u00e1 Bomba Fortica Sada kl\u00ed\u010d\u016f pro odvzu\u0161n\u011bn\u00ed topen\u00ed 3ks -<\/title>\n<meta name=\"robots\" content=\"index, follow, max-snippet:-1, max-image-preview:large, max-video-preview:-1\" \/>\n<link rel=\"canonical\" href=\"https:\/\/www.koupelnapro.com\/index.php\/produkt\/cenova-bomba-fortica-sada-klicu-pro-odvzusneni-topeni-3ks-14347\/\" \/>\n<meta property=\"og:locale\" content=\"cs_CZ\" \/>\n<meta property=\"og:type\" content=\"article\" \/>\n<meta property=\"og:title\" content=\"Cenov\u00e1 Bomba Fortica Sada kl\u00ed\u010d\u016f pro odvzu\u0161n\u011bn\u00ed topen\u00ed 3ks -\" \/>\n<meta property=\"og:description\" content=\"Sada kl\u00ed\u010d\u016f na odvzdu\u0161n\u011bn\u00ed topen\u00ed 3ks Fortica sada kl\u00ed\u010d\u016f pro odvzdu\u0161n\u011bn\u00ed topen\u00ed 3 ks je vyrobena ze slitiny zinku a je ur\u010dena pro odvzdu\u0161\u0148ov\u00e1n\u00ed a vypou\u0161t\u011bn\u00ed v\u011bt\u0161iny radi\u00e1tor\u016f. Kompaktn\u00ed design je ide\u00e1ln\u00ed pro pr\u00e1ci na mal\u00fdch ploch\u00e1ch s vnit\u0159n\u00edm \u010dtvercem o velikosti 5 mm. \u00a0 V\u00fdhody kl\u00ed\u010d\u016f pro odvzdu\u0161n\u011bn\u00ed topen\u00ed Kl\u00ed\u010de ze slitiny zinku pro [&hellip;]\" \/>\n<meta property=\"og:url\" content=\"https:\/\/www.koupelnapro.com\/index.php\/produkt\/cenova-bomba-fortica-sada-klicu-pro-odvzusneni-topeni-3ks-14347\/\" \/>\n<meta property=\"og:image\" content=\"https:\/\/www.koupelnapro.com\/wp-content\/uploads\/2026\/SK0003153-CZ20260425-091908-0-1777079948-fortica-sada-klicu-pro-odvzusneni-topeni-3ks.webp\" \/>\n\t<meta property=\"og:image:width\" content=\"1000\" \/>\n\t<meta property=\"og:image:height\" content=\"525\" \/>\n\t<meta property=\"og:image:type\" content=\"image\/webp\" \/>\n<meta name=\"twitter:card\" content=\"summary_large_image\" \/>\n<meta name=\"twitter:label1\" content=\"Odhadovan\u00e1 doba \u010dten\u00ed\" \/>\n\t<meta name=\"twitter:data1\" content=\"1 minuta\" \/>\n<script type=\"application\/ld+json\" class=\"yoast-schema-graph\">{\"@context\":\"https:\/\/schema.org\",\"@graph\":[{\"@type\":\"WebPage\",\"@id\":\"https:\/\/www.koupelnapro.com\/index.php\/produkt\/cenova-bomba-fortica-sada-klicu-pro-odvzusneni-topeni-3ks-14347\/\",\"url\":\"https:\/\/www.koupelnapro.com\/index.php\/produkt\/cenova-bomba-fortica-sada-klicu-pro-odvzusneni-topeni-3ks-14347\/\",\"name\":\"Cenov\u00e1 Bomba Fortica Sada kl\u00ed\u010d\u016f pro odvzu\u0161n\u011bn\u00ed topen\u00ed 3ks -\",\"isPartOf\":{\"@id\":\"https:\/\/www.koupelnapro.com\/#website\"},\"primaryImageOfPage\":{\"@id\":\"https:\/\/www.koupelnapro.com\/index.php\/produkt\/cenova-bomba-fortica-sada-klicu-pro-odvzusneni-topeni-3ks-14347\/#primaryimage\"},\"image\":{\"@id\":\"https:\/\/www.koupelnapro.com\/index.php\/produkt\/cenova-bomba-fortica-sada-klicu-pro-odvzusneni-topeni-3ks-14347\/#primaryimage\"},\"thumbnailUrl\":\"https:\/\/www.koupelnapro.com\/wp-content\/uploads\/2026\/SK0003153-CZ20260425-091908-0-1777079948-fortica-sada-klicu-pro-odvzusneni-topeni-3ks.webp\",\"datePublished\":\"2026-04-26T09:13:45+00:00\",\"breadcrumb\":{\"@id\":\"https:\/\/www.koupelnapro.com\/index.php\/produkt\/cenova-bomba-fortica-sada-klicu-pro-odvzusneni-topeni-3ks-14347\/#breadcrumb\"},\"inLanguage\":\"cs\",\"potentialAction\":[{\"@type\":\"ReadAction\",\"target\":[\"https:\/\/www.koupelnapro.com\/index.php\/produkt\/cenova-bomba-fortica-sada-klicu-pro-odvzusneni-topeni-3ks-14347\/\"]}]},{\"@type\":\"ImageObject\",\"inLanguage\":\"cs\",\"@id\":\"https:\/\/www.koupelnapro.com\/index.php\/produkt\/cenova-bomba-fortica-sada-klicu-pro-odvzusneni-topeni-3ks-14347\/#primaryimage\",\"url\":\"https:\/\/www.koupelnapro.com\/wp-content\/uploads\/2026\/SK0003153-CZ20260425-091908-0-1777079948-fortica-sada-klicu-pro-odvzusneni-topeni-3ks.webp\",\"contentUrl\":\"https:\/\/www.koupelnapro.com\/wp-content\/uploads\/2026\/SK0003153-CZ20260425-091908-0-1777079948-fortica-sada-klicu-pro-odvzusneni-topeni-3ks.webp\",\"width\":1000,\"height\":525},{\"@type\":\"BreadcrumbList\",\"@id\":\"https:\/\/www.koupelnapro.com\/index.php\/produkt\/cenova-bomba-fortica-sada-klicu-pro-odvzusneni-topeni-3ks-14347\/#breadcrumb\",\"itemListElement\":[{\"@type\":\"ListItem\",\"position\":1,\"name\":\"Home\",\"item\":\"https:\/\/www.koupelnapro.com\/\"},{\"@type\":\"ListItem\",\"position\":2,\"name\":\"Products\",\"item\":\"https:\/\/www.koupelnapro.com\/index.php\/products\/\"},{\"@type\":\"ListItem\",\"position\":3,\"name\":\"Cenov\u00e1 Bomba Fortica Sada kl\u00ed\u010d\u016f pro odvzu\u0161n\u011bn\u00ed topen\u00ed 3ks\"}]},{\"@type\":\"WebSite\",\"@id\":\"https:\/\/www.koupelnapro.com\/#website\",\"url\":\"https:\/\/www.koupelnapro.com\/\",\"name\":\"\",\"description\":\"\",\"potentialAction\":[{\"@type\":\"SearchAction\",\"target\":{\"@type\":\"EntryPoint\",\"urlTemplate\":\"https:\/\/www.koupelnapro.com\/?s={search_term_string}\"},\"query-input\":{\"@type\":\"PropertyValueSpecification\",\"valueRequired\":true,\"valueName\":\"search_term_string\"}}],\"inLanguage\":\"cs\"}]}<\/script>\n<!-- \/ Yoast SEO plugin. -->","yoast_head_json":{"title":"Cenov\u00e1 Bomba Fortica Sada kl\u00ed\u010d\u016f pro odvzu\u0161n\u011bn\u00ed topen\u00ed 3ks -","robots":{"index":"index","follow":"follow","max-snippet":"max-snippet:-1","max-image-preview":"max-image-preview:large","max-video-preview":"max-video-preview:-1"},"canonical":"https:\/\/www.koupelnapro.com\/index.php\/produkt\/cenova-bomba-fortica-sada-klicu-pro-odvzusneni-topeni-3ks-14347\/","og_locale":"cs_CZ","og_type":"article","og_title":"Cenov\u00e1 Bomba Fortica Sada kl\u00ed\u010d\u016f pro odvzu\u0161n\u011bn\u00ed topen\u00ed 3ks -","og_description":"Sada kl\u00ed\u010d\u016f na odvzdu\u0161n\u011bn\u00ed topen\u00ed 3ks Fortica sada kl\u00ed\u010d\u016f pro odvzdu\u0161n\u011bn\u00ed topen\u00ed 3 ks je vyrobena ze slitiny zinku a je ur\u010dena pro odvzdu\u0161\u0148ov\u00e1n\u00ed a vypou\u0161t\u011bn\u00ed v\u011bt\u0161iny radi\u00e1tor\u016f. Kompaktn\u00ed design je ide\u00e1ln\u00ed pro pr\u00e1ci na mal\u00fdch ploch\u00e1ch s vnit\u0159n\u00edm \u010dtvercem o velikosti 5 mm. \u00a0 V\u00fdhody kl\u00ed\u010d\u016f pro odvzdu\u0161n\u011bn\u00ed topen\u00ed Kl\u00ed\u010de ze slitiny zinku pro [&hellip;]","og_url":"https:\/\/www.koupelnapro.com\/index.php\/produkt\/cenova-bomba-fortica-sada-klicu-pro-odvzusneni-topeni-3ks-14347\/","og_image":[{"width":1000,"height":525,"url":"https:\/\/www.koupelnapro.com\/wp-content\/uploads\/2026\/SK0003153-CZ20260425-091908-0-1777079948-fortica-sada-klicu-pro-odvzusneni-topeni-3ks.webp","type":"image\/webp"}],"twitter_card":"summary_large_image","twitter_misc":{"Odhadovan\u00e1 doba \u010dten\u00ed":"1 minuta"},"schema":{"@context":"https:\/\/schema.org","@graph":[{"@type":"WebPage","@id":"https:\/\/www.koupelnapro.com\/index.php\/produkt\/cenova-bomba-fortica-sada-klicu-pro-odvzusneni-topeni-3ks-14347\/","url":"https:\/\/www.koupelnapro.com\/index.php\/produkt\/cenova-bomba-fortica-sada-klicu-pro-odvzusneni-topeni-3ks-14347\/","name":"Cenov\u00e1 Bomba Fortica Sada kl\u00ed\u010d\u016f pro odvzu\u0161n\u011bn\u00ed topen\u00ed 3ks -","isPartOf":{"@id":"https:\/\/www.koupelnapro.com\/#website"},"primaryImageOfPage":{"@id":"https:\/\/www.koupelnapro.com\/index.php\/produkt\/cenova-bomba-fortica-sada-klicu-pro-odvzusneni-topeni-3ks-14347\/#primaryimage"},"image":{"@id":"https:\/\/www.koupelnapro.com\/index.php\/produkt\/cenova-bomba-fortica-sada-klicu-pro-odvzusneni-topeni-3ks-14347\/#primaryimage"},"thumbnailUrl":"https:\/\/www.koupelnapro.com\/wp-content\/uploads\/2026\/SK0003153-CZ20260425-091908-0-1777079948-fortica-sada-klicu-pro-odvzusneni-topeni-3ks.webp","datePublished":"2026-04-26T09:13:45+00:00","breadcrumb":{"@id":"https:\/\/www.koupelnapro.com\/index.php\/produkt\/cenova-bomba-fortica-sada-klicu-pro-odvzusneni-topeni-3ks-14347\/#breadcrumb"},"inLanguage":"cs","potentialAction":[{"@type":"ReadAction","target":["https:\/\/www.koupelnapro.com\/index.php\/produkt\/cenova-bomba-fortica-sada-klicu-pro-odvzusneni-topeni-3ks-14347\/"]}]},{"@type":"ImageObject","inLanguage":"cs","@id":"https:\/\/www.koupelnapro.com\/index.php\/produkt\/cenova-bomba-fortica-sada-klicu-pro-odvzusneni-topeni-3ks-14347\/#primaryimage","url":"https:\/\/www.koupelnapro.com\/wp-content\/uploads\/2026\/SK0003153-CZ20260425-091908-0-1777079948-fortica-sada-klicu-pro-odvzusneni-topeni-3ks.webp","contentUrl":"https:\/\/www.koupelnapro.com\/wp-content\/uploads\/2026\/SK0003153-CZ20260425-091908-0-1777079948-fortica-sada-klicu-pro-odvzusneni-topeni-3ks.webp","width":1000,"height":525},{"@type":"BreadcrumbList","@id":"https:\/\/www.koupelnapro.com\/index.php\/produkt\/cenova-bomba-fortica-sada-klicu-pro-odvzusneni-topeni-3ks-14347\/#breadcrumb","itemListElement":[{"@type":"ListItem","position":1,"name":"Home","item":"https:\/\/www.koupelnapro.com\/"},{"@type":"ListItem","position":2,"name":"Products","item":"https:\/\/www.koupelnapro.com\/index.php\/products\/"},{"@type":"ListItem","position":3,"name":"Cenov\u00e1 Bomba Fortica Sada kl\u00ed\u010d\u016f pro odvzu\u0161n\u011bn\u00ed topen\u00ed 3ks"}]},{"@type":"WebSite","@id":"https:\/\/www.koupelnapro.com\/#website","url":"https:\/\/www.koupelnapro.com\/","name":"","description":"","potentialAction":[{"@type":"SearchAction","target":{"@type":"EntryPoint","urlTemplate":"https:\/\/www.koupelnapro.com\/?s={search_term_string}"},"query-input":{"@type":"PropertyValueSpecification","valueRequired":true,"valueName":"search_term_string"}}],"inLanguage":"cs"}]}},"_links":{"self":[{"href":"https:\/\/www.koupelnapro.com\/index.php\/wp-json\/wp\/v2\/product\/14347","targetHints":{"allow":["GET"]}}],"collection":[{"href":"https:\/\/www.koupelnapro.com\/index.php\/wp-json\/wp\/v2\/product"}],"about":[{"href":"https:\/\/www.koupelnapro.com\/index.php\/wp-json\/wp\/v2\/types\/product"}],"replies":[{"embeddable":true,"href":"https:\/\/www.koupelnapro.com\/index.php\/wp-json\/wp\/v2\/comments?post=14347"}],"wp:featuredmedia":[{"embeddable":true,"href":"https:\/\/www.koupelnapro.com\/index.php\/wp-json\/wp\/v2\/media\/14447"}],"wp:attachment":[{"href":"https:\/\/www.koupelnapro.com\/index.php\/wp-json\/wp\/v2\/media?parent=14347"}],"wp:term":[{"taxonomy":"product_brand","embeddable":true,"href":"https:\/\/www.koupelnapro.com\/index.php\/wp-json\/wp\/v2\/product_brand?post=14347"},{"taxonomy":"product_cat","embeddable":true,"href":"https:\/\/www.koupelnapro.com\/index.php\/wp-json\/wp\/v2\/product_cat?post=14347"},{"taxonomy":"product_tag","embeddable":true,"href":"https:\/\/www.koupelnapro.com\/index.php\/wp-json\/wp\/v2\/product_tag?post=14347"}],"curies":[{"name":"wp","href":"https:\/\/api.w.org\/{rel}","templated":true}]}}