{"id":14346,"date":"2026-04-26T09:13:45","date_gmt":"2026-04-26T09:13:45","guid":{"rendered":""},"modified":"2026-04-26T09:13:45","modified_gmt":"2026-04-26T09:13:45","slug":"4czech-klic-ockoplochy-30mm-rychle-dodani-14346","status":"publish","type":"product","link":"https:\/\/www.koupelnapro.com\/index.php\/produkt\/4czech-klic-ockoplochy-30mm-rychle-dodani-14346\/","title":{"rendered":"4CZECH Kl\u00ed\u010d o\u010dkoploch\u00fd 30mm Rychl\u00e9 Dod\u00e1n\u00ed"},"content":{"rendered":"<h2>Kl\u00ed\u010d o\u010dkoploch\u00fd, 30 mm<\/h2>\n<p><strong>O\u010dkoploch\u00fd kl\u00ed\u010d DIN 3113, 30mm<\/strong>\u00a0vykovan\u00fd z jednoho kusu kvalitn\u00ed chromvanadiov\u00e9 oceli, s chromovan\u00fdm le\u0161t\u011bn\u00fdm povrchem. <strong>12ti hrann\u00e9 o\u010dko vyklon\u011bn\u00e9 o 15\u00b0 <\/strong>od osy t\u011bla kl\u00ed\u010de <strong>pro snadnou manipulaci a prodlou\u017eenou \u017eivotnost<\/strong>. Profil o\u010dka zaji\u0161\u0165uje maxim\u00e1ln\u00ed p\u0159enos s\u00edly na matice. Ide\u00e1ln\u00ed na povolv\u00e1n\u00ed a utahov\u00e1n\u00ed spojovac\u00edho materi\u00e1lu jako jsou nap\u0159\u00edklad \u0161estihrann\u00e9 \u0161rouby, nebo \u0161rouby vratov\u00e9.<\/p>\n<p>\u00a0<\/p>\n<h2>V\u00fdhody o\u010dkoploch\u00e9ho kl\u00ed\u010de<\/h2>\n<ul>\n<li>Vyroben z chromvanadiov\u00e9 oceli pro vysokou pevnost a odolnost<\/li>\n<li>Chromovan\u00fd le\u0161t\u011bn\u00fd povrch pro ochranu proti korozi<\/li>\n<li>12ti hrann\u00e9 o\u010dko vyklon\u011bn\u00e9 o 15\u00b0 pro lep\u0161\u00ed p\u0159\u00edstup k matic\u00edm<\/li>\n<li>Profil o\u010dka zaji\u0161\u0165uje maxim\u00e1ln\u00ed sty\u010dnou plochu pro efektivn\u00ed p\u0159enos s\u00edly<\/li>\n<li>K dispozici i v sad\u00e1ch kl\u00ed\u010d\u016f ve vinylov\u00e9m obalu<\/li>\n<\/ul>\n<h2>K \u010demu se pou\u017e\u00edv\u00e1 o\u010dkoploch\u00fd kl\u00ed\u010d<\/h2>\n<p>O\u010dkoploch\u00fd kl\u00ed\u010d DIN 3113, vyroben\u00fd z kvalitn\u00ed chromvanadiov\u00e9 oceli, nab\u00edz\u00ed spolehlivost a dlouhou \u017eivotnost p\u0159i ka\u017edodenn\u00ed pr\u00e1ci. D\u00edky 12ti hrann\u00e9mu o\u010dku vyklon\u011bn\u00e9mu o 15\u00b0 je ide\u00e1ln\u00ed pro pr\u00e1ci v t\u011b\u017eko dostupn\u00fdch m\u00edstech a zaji\u0161\u0165uje maxim\u00e1ln\u00ed p\u0159enos s\u00edly na matice, co\u017e prodlu\u017euje \u017eivotnost kl\u00ed\u010de i n\u00e1stroje.<\/p>\n<p>\u00a0<\/p>\n<h3>Kl\u00ed\u010dov\u00e9 vlastnosti a parametry produktu Kl\u00ed\u010d o\u010dkoploch\u00fd<\/h3>\n<p><span style=\"text-decoration: none; font-weight: bold; color: #ff0000;\">Dopravu nacen\u00edme dle V\u00e1mi po\u017eadovan\u00e9ho mno\u017estv\u00ed a m\u00edsta ur\u010den\u00ed.<br \/><\/span><\/p>\n<p><span style=\"text-decoration: none; font-weight: bold; color: #ff0000;\">Pro osobn\u00ed odb\u011br vy\u017eadujeme objedn\u00e1vku potvrzenou prodejcem.<\/span><\/p>\n<div id=\"PDTable3\" class=\"ProductDetailTableView v3a v3 bs-view dcon dc177 PDTable3\" >\n<table>\n<thead><\/thead>\n<tbody>\n<tr class=\"attribute attr_bsshop_maker\">\n<td class=\"caption\">V\u00fdrobce<\/td>\n<td class=\"value\">N\u00e1stroje CZ s.r.o.<\/td>\n<\/tr>\n<tr class=\"attribute attr_A044\">\n<td class=\"caption\">velikost<\/td>\n<td class=\"value\">30 mm<\/td>\n<\/tr>\n<\/tbody>\n<\/table>\n<\/div>\n<\/div><\/div>\n<\/div>\n<div id=\"e3265037\" class=\"tabs\">\n","protected":false},"excerpt":{"rendered":"<p>Kl\u00ed\u010d o\u010dkoploch\u00fd, 30 mm O\u010dkoploch\u00fd kl\u00ed\u010d DIN 3113, 30mm\u00a0vykovan\u00fd z jednoho kusu kvalitn\u00ed chromvanadiov\u00e9 oceli, s chromovan\u00fdm le\u0161t\u011bn\u00fdm povrchem. 12ti hrann\u00e9 o\u010dko vyklon\u011bn\u00e9 o 15\u00b0 od osy t\u011bla kl\u00ed\u010de pro snadnou manipulaci a prodlou\u017eenou \u017eivotnost. Profil o\u010dka zaji\u0161\u0165uje maxim\u00e1ln\u00ed p\u0159enos s\u00edly na matice. Ide\u00e1ln\u00ed na povolv\u00e1n\u00ed a utahov\u00e1n\u00ed spojovac\u00edho materi\u00e1lu jako jsou nap\u0159\u00edklad \u0161estihrann\u00e9 \u0161rouby, [&hellip;]<\/p>\n","protected":false},"featured_media":14446,"comment_status":"open","ping_status":"open","template":"","meta":[],"product_brand":[],"product_cat":[81],"product_tag":[],"class_list":{"0":"post-14346","1":"product","2":"type-product","3":"status-publish","4":"has-post-thumbnail","6":"product_cat-n-193-rad-205","8":"first","9":"instock","10":"sale","11":"shipping-taxable","12":"purchasable","13":"product-type-simple"},"yoast_head":"<!-- This site is optimized with the Yoast SEO plugin v26.8 - https:\/\/yoast.com\/product\/yoast-seo-wordpress\/ -->\n<title>4CZECH Kl\u00ed\u010d o\u010dkoploch\u00fd 30mm Rychl\u00e9 Dod\u00e1n\u00ed -<\/title>\n<meta name=\"robots\" content=\"index, follow, max-snippet:-1, max-image-preview:large, max-video-preview:-1\" \/>\n<link rel=\"canonical\" href=\"https:\/\/www.koupelnapro.com\/index.php\/produkt\/4czech-klic-ockoplochy-30mm-rychle-dodani-14346\/\" \/>\n<meta property=\"og:locale\" content=\"cs_CZ\" \/>\n<meta property=\"og:type\" content=\"article\" \/>\n<meta property=\"og:title\" content=\"4CZECH Kl\u00ed\u010d o\u010dkoploch\u00fd 30mm Rychl\u00e9 Dod\u00e1n\u00ed -\" \/>\n<meta property=\"og:description\" content=\"Kl\u00ed\u010d o\u010dkoploch\u00fd, 30 mm O\u010dkoploch\u00fd kl\u00ed\u010d DIN 3113, 30mm\u00a0vykovan\u00fd z jednoho kusu kvalitn\u00ed chromvanadiov\u00e9 oceli, s chromovan\u00fdm le\u0161t\u011bn\u00fdm povrchem. 12ti hrann\u00e9 o\u010dko vyklon\u011bn\u00e9 o 15\u00b0 od osy t\u011bla kl\u00ed\u010de pro snadnou manipulaci a prodlou\u017eenou \u017eivotnost. Profil o\u010dka zaji\u0161\u0165uje maxim\u00e1ln\u00ed p\u0159enos s\u00edly na matice. Ide\u00e1ln\u00ed na povolv\u00e1n\u00ed a utahov\u00e1n\u00ed spojovac\u00edho materi\u00e1lu jako jsou nap\u0159\u00edklad \u0161estihrann\u00e9 \u0161rouby, [&hellip;]\" \/>\n<meta property=\"og:url\" content=\"https:\/\/www.koupelnapro.com\/index.php\/produkt\/4czech-klic-ockoplochy-30mm-rychle-dodani-14346\/\" \/>\n<meta property=\"og:image\" content=\"https:\/\/www.koupelnapro.com\/wp-content\/uploads\/2026\/SK0003152-CZ20260425-091908-0-1777079948-4czech-klic-ockoplochy-30mm.webp\" \/>\n\t<meta property=\"og:image:width\" content=\"1000\" \/>\n\t<meta property=\"og:image:height\" content=\"525\" \/>\n\t<meta property=\"og:image:type\" content=\"image\/webp\" \/>\n<meta name=\"twitter:card\" content=\"summary_large_image\" \/>\n<meta name=\"twitter:label1\" content=\"Odhadovan\u00e1 doba \u010dten\u00ed\" \/>\n\t<meta name=\"twitter:data1\" content=\"1 minuta\" \/>\n<script type=\"application\/ld+json\" class=\"yoast-schema-graph\">{\"@context\":\"https:\/\/schema.org\",\"@graph\":[{\"@type\":\"WebPage\",\"@id\":\"https:\/\/www.koupelnapro.com\/index.php\/produkt\/4czech-klic-ockoplochy-30mm-rychle-dodani-14346\/\",\"url\":\"https:\/\/www.koupelnapro.com\/index.php\/produkt\/4czech-klic-ockoplochy-30mm-rychle-dodani-14346\/\",\"name\":\"4CZECH Kl\u00ed\u010d o\u010dkoploch\u00fd 30mm Rychl\u00e9 Dod\u00e1n\u00ed -\",\"isPartOf\":{\"@id\":\"https:\/\/www.koupelnapro.com\/#website\"},\"primaryImageOfPage\":{\"@id\":\"https:\/\/www.koupelnapro.com\/index.php\/produkt\/4czech-klic-ockoplochy-30mm-rychle-dodani-14346\/#primaryimage\"},\"image\":{\"@id\":\"https:\/\/www.koupelnapro.com\/index.php\/produkt\/4czech-klic-ockoplochy-30mm-rychle-dodani-14346\/#primaryimage\"},\"thumbnailUrl\":\"https:\/\/www.koupelnapro.com\/wp-content\/uploads\/2026\/SK0003152-CZ20260425-091908-0-1777079948-4czech-klic-ockoplochy-30mm.webp\",\"datePublished\":\"2026-04-26T09:13:45+00:00\",\"breadcrumb\":{\"@id\":\"https:\/\/www.koupelnapro.com\/index.php\/produkt\/4czech-klic-ockoplochy-30mm-rychle-dodani-14346\/#breadcrumb\"},\"inLanguage\":\"cs\",\"potentialAction\":[{\"@type\":\"ReadAction\",\"target\":[\"https:\/\/www.koupelnapro.com\/index.php\/produkt\/4czech-klic-ockoplochy-30mm-rychle-dodani-14346\/\"]}]},{\"@type\":\"ImageObject\",\"inLanguage\":\"cs\",\"@id\":\"https:\/\/www.koupelnapro.com\/index.php\/produkt\/4czech-klic-ockoplochy-30mm-rychle-dodani-14346\/#primaryimage\",\"url\":\"https:\/\/www.koupelnapro.com\/wp-content\/uploads\/2026\/SK0003152-CZ20260425-091908-0-1777079948-4czech-klic-ockoplochy-30mm.webp\",\"contentUrl\":\"https:\/\/www.koupelnapro.com\/wp-content\/uploads\/2026\/SK0003152-CZ20260425-091908-0-1777079948-4czech-klic-ockoplochy-30mm.webp\",\"width\":1000,\"height\":525},{\"@type\":\"BreadcrumbList\",\"@id\":\"https:\/\/www.koupelnapro.com\/index.php\/produkt\/4czech-klic-ockoplochy-30mm-rychle-dodani-14346\/#breadcrumb\",\"itemListElement\":[{\"@type\":\"ListItem\",\"position\":1,\"name\":\"Home\",\"item\":\"https:\/\/www.koupelnapro.com\/\"},{\"@type\":\"ListItem\",\"position\":2,\"name\":\"Products\",\"item\":\"https:\/\/www.koupelnapro.com\/index.php\/products\/\"},{\"@type\":\"ListItem\",\"position\":3,\"name\":\"4CZECH Kl\u00ed\u010d o\u010dkoploch\u00fd 30mm Rychl\u00e9 Dod\u00e1n\u00ed\"}]},{\"@type\":\"WebSite\",\"@id\":\"https:\/\/www.koupelnapro.com\/#website\",\"url\":\"https:\/\/www.koupelnapro.com\/\",\"name\":\"\",\"description\":\"\",\"potentialAction\":[{\"@type\":\"SearchAction\",\"target\":{\"@type\":\"EntryPoint\",\"urlTemplate\":\"https:\/\/www.koupelnapro.com\/?s={search_term_string}\"},\"query-input\":{\"@type\":\"PropertyValueSpecification\",\"valueRequired\":true,\"valueName\":\"search_term_string\"}}],\"inLanguage\":\"cs\"}]}<\/script>\n<!-- \/ Yoast SEO plugin. -->","yoast_head_json":{"title":"4CZECH Kl\u00ed\u010d o\u010dkoploch\u00fd 30mm Rychl\u00e9 Dod\u00e1n\u00ed -","robots":{"index":"index","follow":"follow","max-snippet":"max-snippet:-1","max-image-preview":"max-image-preview:large","max-video-preview":"max-video-preview:-1"},"canonical":"https:\/\/www.koupelnapro.com\/index.php\/produkt\/4czech-klic-ockoplochy-30mm-rychle-dodani-14346\/","og_locale":"cs_CZ","og_type":"article","og_title":"4CZECH Kl\u00ed\u010d o\u010dkoploch\u00fd 30mm Rychl\u00e9 Dod\u00e1n\u00ed -","og_description":"Kl\u00ed\u010d o\u010dkoploch\u00fd, 30 mm O\u010dkoploch\u00fd kl\u00ed\u010d DIN 3113, 30mm\u00a0vykovan\u00fd z jednoho kusu kvalitn\u00ed chromvanadiov\u00e9 oceli, s chromovan\u00fdm le\u0161t\u011bn\u00fdm povrchem. 12ti hrann\u00e9 o\u010dko vyklon\u011bn\u00e9 o 15\u00b0 od osy t\u011bla kl\u00ed\u010de pro snadnou manipulaci a prodlou\u017eenou \u017eivotnost. Profil o\u010dka zaji\u0161\u0165uje maxim\u00e1ln\u00ed p\u0159enos s\u00edly na matice. Ide\u00e1ln\u00ed na povolv\u00e1n\u00ed a utahov\u00e1n\u00ed spojovac\u00edho materi\u00e1lu jako jsou nap\u0159\u00edklad \u0161estihrann\u00e9 \u0161rouby, [&hellip;]","og_url":"https:\/\/www.koupelnapro.com\/index.php\/produkt\/4czech-klic-ockoplochy-30mm-rychle-dodani-14346\/","og_image":[{"width":1000,"height":525,"url":"https:\/\/www.koupelnapro.com\/wp-content\/uploads\/2026\/SK0003152-CZ20260425-091908-0-1777079948-4czech-klic-ockoplochy-30mm.webp","type":"image\/webp"}],"twitter_card":"summary_large_image","twitter_misc":{"Odhadovan\u00e1 doba \u010dten\u00ed":"1 minuta"},"schema":{"@context":"https:\/\/schema.org","@graph":[{"@type":"WebPage","@id":"https:\/\/www.koupelnapro.com\/index.php\/produkt\/4czech-klic-ockoplochy-30mm-rychle-dodani-14346\/","url":"https:\/\/www.koupelnapro.com\/index.php\/produkt\/4czech-klic-ockoplochy-30mm-rychle-dodani-14346\/","name":"4CZECH Kl\u00ed\u010d o\u010dkoploch\u00fd 30mm Rychl\u00e9 Dod\u00e1n\u00ed -","isPartOf":{"@id":"https:\/\/www.koupelnapro.com\/#website"},"primaryImageOfPage":{"@id":"https:\/\/www.koupelnapro.com\/index.php\/produkt\/4czech-klic-ockoplochy-30mm-rychle-dodani-14346\/#primaryimage"},"image":{"@id":"https:\/\/www.koupelnapro.com\/index.php\/produkt\/4czech-klic-ockoplochy-30mm-rychle-dodani-14346\/#primaryimage"},"thumbnailUrl":"https:\/\/www.koupelnapro.com\/wp-content\/uploads\/2026\/SK0003152-CZ20260425-091908-0-1777079948-4czech-klic-ockoplochy-30mm.webp","datePublished":"2026-04-26T09:13:45+00:00","breadcrumb":{"@id":"https:\/\/www.koupelnapro.com\/index.php\/produkt\/4czech-klic-ockoplochy-30mm-rychle-dodani-14346\/#breadcrumb"},"inLanguage":"cs","potentialAction":[{"@type":"ReadAction","target":["https:\/\/www.koupelnapro.com\/index.php\/produkt\/4czech-klic-ockoplochy-30mm-rychle-dodani-14346\/"]}]},{"@type":"ImageObject","inLanguage":"cs","@id":"https:\/\/www.koupelnapro.com\/index.php\/produkt\/4czech-klic-ockoplochy-30mm-rychle-dodani-14346\/#primaryimage","url":"https:\/\/www.koupelnapro.com\/wp-content\/uploads\/2026\/SK0003152-CZ20260425-091908-0-1777079948-4czech-klic-ockoplochy-30mm.webp","contentUrl":"https:\/\/www.koupelnapro.com\/wp-content\/uploads\/2026\/SK0003152-CZ20260425-091908-0-1777079948-4czech-klic-ockoplochy-30mm.webp","width":1000,"height":525},{"@type":"BreadcrumbList","@id":"https:\/\/www.koupelnapro.com\/index.php\/produkt\/4czech-klic-ockoplochy-30mm-rychle-dodani-14346\/#breadcrumb","itemListElement":[{"@type":"ListItem","position":1,"name":"Home","item":"https:\/\/www.koupelnapro.com\/"},{"@type":"ListItem","position":2,"name":"Products","item":"https:\/\/www.koupelnapro.com\/index.php\/products\/"},{"@type":"ListItem","position":3,"name":"4CZECH Kl\u00ed\u010d o\u010dkoploch\u00fd 30mm Rychl\u00e9 Dod\u00e1n\u00ed"}]},{"@type":"WebSite","@id":"https:\/\/www.koupelnapro.com\/#website","url":"https:\/\/www.koupelnapro.com\/","name":"","description":"","potentialAction":[{"@type":"SearchAction","target":{"@type":"EntryPoint","urlTemplate":"https:\/\/www.koupelnapro.com\/?s={search_term_string}"},"query-input":{"@type":"PropertyValueSpecification","valueRequired":true,"valueName":"search_term_string"}}],"inLanguage":"cs"}]}},"_links":{"self":[{"href":"https:\/\/www.koupelnapro.com\/index.php\/wp-json\/wp\/v2\/product\/14346","targetHints":{"allow":["GET"]}}],"collection":[{"href":"https:\/\/www.koupelnapro.com\/index.php\/wp-json\/wp\/v2\/product"}],"about":[{"href":"https:\/\/www.koupelnapro.com\/index.php\/wp-json\/wp\/v2\/types\/product"}],"replies":[{"embeddable":true,"href":"https:\/\/www.koupelnapro.com\/index.php\/wp-json\/wp\/v2\/comments?post=14346"}],"wp:featuredmedia":[{"embeddable":true,"href":"https:\/\/www.koupelnapro.com\/index.php\/wp-json\/wp\/v2\/media\/14446"}],"wp:attachment":[{"href":"https:\/\/www.koupelnapro.com\/index.php\/wp-json\/wp\/v2\/media?parent=14346"}],"wp:term":[{"taxonomy":"product_brand","embeddable":true,"href":"https:\/\/www.koupelnapro.com\/index.php\/wp-json\/wp\/v2\/product_brand?post=14346"},{"taxonomy":"product_cat","embeddable":true,"href":"https:\/\/www.koupelnapro.com\/index.php\/wp-json\/wp\/v2\/product_cat?post=14346"},{"taxonomy":"product_tag","embeddable":true,"href":"https:\/\/www.koupelnapro.com\/index.php\/wp-json\/wp\/v2\/product_tag?post=14346"}],"curies":[{"name":"wp","href":"https:\/\/api.w.org\/{rel}","templated":true}]}}