{"id":14345,"date":"2026-04-26T09:13:45","date_gmt":"2026-04-26T09:13:45","guid":{"rendered":""},"modified":"2026-04-26T09:13:45","modified_gmt":"2026-04-26T09:13:45","slug":"posledni-sance-fortica-klic-teleskopicky-na-kola-330-490mm-14345","status":"publish","type":"product","link":"https:\/\/www.koupelnapro.com\/index.php\/produkt\/posledni-sance-fortica-klic-teleskopicky-na-kola-330-490mm-14345\/","title":{"rendered":"Posledn\u00ed \u0160ance Fortica Kl\u00ed\u010d teleskopick\u00fd na kola 330-490mm"},"content":{"rendered":"<h2>Teleskopick\u00fd kl\u00ed\u010d na kola 330-490 mm<\/h2>\n<p>Teleskopick\u00fd kl\u00ed\u010d na kola 330-490 mm je ur\u010den pro v\u011bt\u0161inu vozidel a umo\u017e\u0148uje snadn\u00e9 uta\u017een\u00ed a uvoln\u011bn\u00ed \u0161roub\u016f kol. D\u00edky nastaviteln\u00e9mu teleskopick\u00e9mu ramenu lze kl\u00ed\u010d prodlou\u017eit od 34 cm a\u017e do 53 cm, co\u017e zaji\u0161\u0165uje maxim\u00e1ln\u00ed s\u00edlu p\u0159i pr\u00e1ci.<\/p>\n<p>\u00a0<\/p>\n<h2>V\u00fdhody Kl\u00ed\u010de na kola<\/h2>\n<ul>\n<li>Teleskopick\u00e9 rameno s nastavitelnou d\u00e9lkou 34-53 cm<\/li>\n<li>Vysoce kvalitn\u00ed chrom-vanadov\u00e1 ocel (CRV)<\/li>\n<li>Protiskluzov\u00e1 pry\u017eov\u00e1 rukoje\u0165 pro bezpe\u010dn\u00fd \u00fachop<\/li>\n<li>Koncovka kl\u00ed\u010de 1\/2&#8243; a dva n\u00e1stavce 17\/19 mm a 21\/23 mm<\/li>\n<li>Dvojit\u00e1 p\u0159\u00edtla\u010dn\u00e1 p\u00e1ka pro snadn\u00e9 pou\u017eit\u00ed<\/li>\n<\/ul>\n<h2>K \u010demu se pou\u017e\u00edv\u00e1 Teleskopick\u00fd kl\u00ed\u010d na kola<\/h2>\n<p>Teleskopick\u00fd kl\u00ed\u010d na kola 330-490 mm je ide\u00e1ln\u00ed pro uta\u017een\u00ed a povolen\u00ed \u0161roub\u016f kol na v\u011bt\u0161in\u011b vozidel. Nastaviteln\u00e1 d\u00e9lka kl\u00ed\u010de poskytuje v\u011bt\u0161\u00ed p\u00e1ku a snadn\u011bj\u0161\u00ed manipulaci, zat\u00edmco chrom-vanadov\u00e1 ocel a protiskluzov\u00e1 rukoje\u0165 zaji\u0161\u0165uj\u00ed dlouhou \u017eivotnost a bezpe\u010dn\u00e9 pou\u017eit\u00ed.<\/p>\n<p>\u00a0<\/p>\n<h3>Kl\u00ed\u010dov\u00e9 vlastnosti a parametry produktu Kl\u00ed\u010d na kola<\/h3>\n<p><span style=\"text-decoration: none; font-weight: bold; color: #ff0000;\">Dopravu nacen\u00edme dle V\u00e1mi po\u017eadovan\u00e9ho mno\u017estv\u00ed a m\u00edsta ur\u010den\u00ed.<br \/><\/span><\/p>\n<p><span style=\"text-decoration: none; font-weight: bold; color: #ff0000;\">Pro osobn\u00ed odb\u011br vy\u017eadujeme objedn\u00e1vku potvrzenou prodejcem.<\/span><\/p>\n<div id=\"PDTable3\" class=\"ProductDetailTableView v3a v3 bs-view dcon dc177 PDTable3\" >\n<table>\n<thead><\/thead>\n<tbody>\n<tr class=\"attribute attr_bsshop_maker\">\n<td class=\"caption\">V\u00fdrobce<\/td>\n<td class=\"value\">Fortica s.r.o.<\/td>\n<\/tr>\n<tr class=\"attribute attr_A0027\">\n<td class=\"caption\">d\u00e9lka<\/td>\n<td class=\"value\">330 &#8211; 490 mm<\/td>\n<\/tr>\n<\/tbody>\n<\/table>\n<\/div>\n<\/div><\/div>\n<\/div>\n<div id=\"e3264967\" class=\"tabs\">\n","protected":false},"excerpt":{"rendered":"<p>Teleskopick\u00fd kl\u00ed\u010d na kola 330-490 mm Teleskopick\u00fd kl\u00ed\u010d na kola 330-490 mm je ur\u010den pro v\u011bt\u0161inu vozidel a umo\u017e\u0148uje snadn\u00e9 uta\u017een\u00ed a uvoln\u011bn\u00ed \u0161roub\u016f kol. D\u00edky nastaviteln\u00e9mu teleskopick\u00e9mu ramenu lze kl\u00ed\u010d prodlou\u017eit od 34 cm a\u017e do 53 cm, co\u017e zaji\u0161\u0165uje maxim\u00e1ln\u00ed s\u00edlu p\u0159i pr\u00e1ci. \u00a0 V\u00fdhody Kl\u00ed\u010de na kola Teleskopick\u00e9 rameno s nastavitelnou d\u00e9lkou [&hellip;]<\/p>\n","protected":false},"featured_media":14445,"comment_status":"open","ping_status":"open","template":"","meta":[],"product_brand":[],"product_cat":[81],"product_tag":[],"class_list":{"0":"post-14345","1":"product","2":"type-product","3":"status-publish","4":"has-post-thumbnail","6":"product_cat-n-193-rad-205","8":"first","9":"instock","10":"sale","11":"shipping-taxable","12":"purchasable","13":"product-type-simple"},"yoast_head":"<!-- This site is optimized with the Yoast SEO plugin v26.8 - https:\/\/yoast.com\/product\/yoast-seo-wordpress\/ -->\n<title>Posledn\u00ed \u0160ance Fortica Kl\u00ed\u010d teleskopick\u00fd na kola 330-490mm -<\/title>\n<meta name=\"robots\" content=\"index, follow, max-snippet:-1, max-image-preview:large, max-video-preview:-1\" \/>\n<link rel=\"canonical\" href=\"https:\/\/www.koupelnapro.com\/index.php\/produkt\/posledni-sance-fortica-klic-teleskopicky-na-kola-330-490mm-14345\/\" \/>\n<meta property=\"og:locale\" content=\"cs_CZ\" \/>\n<meta property=\"og:type\" content=\"article\" \/>\n<meta property=\"og:title\" content=\"Posledn\u00ed \u0160ance Fortica Kl\u00ed\u010d teleskopick\u00fd na kola 330-490mm -\" \/>\n<meta property=\"og:description\" content=\"Teleskopick\u00fd kl\u00ed\u010d na kola 330-490 mm Teleskopick\u00fd kl\u00ed\u010d na kola 330-490 mm je ur\u010den pro v\u011bt\u0161inu vozidel a umo\u017e\u0148uje snadn\u00e9 uta\u017een\u00ed a uvoln\u011bn\u00ed \u0161roub\u016f kol. D\u00edky nastaviteln\u00e9mu teleskopick\u00e9mu ramenu lze kl\u00ed\u010d prodlou\u017eit od 34 cm a\u017e do 53 cm, co\u017e zaji\u0161\u0165uje maxim\u00e1ln\u00ed s\u00edlu p\u0159i pr\u00e1ci. \u00a0 V\u00fdhody Kl\u00ed\u010de na kola Teleskopick\u00e9 rameno s nastavitelnou d\u00e9lkou [&hellip;]\" \/>\n<meta property=\"og:url\" content=\"https:\/\/www.koupelnapro.com\/index.php\/produkt\/posledni-sance-fortica-klic-teleskopicky-na-kola-330-490mm-14345\/\" \/>\n<meta property=\"og:image\" content=\"https:\/\/www.koupelnapro.com\/wp-content\/uploads\/2026\/SK0003151-CZ20260425-091908-0-1777079948-fortica-klic-teleskopicky-na-kola-330-490mm.webp\" \/>\n\t<meta property=\"og:image:width\" content=\"1000\" \/>\n\t<meta property=\"og:image:height\" content=\"525\" \/>\n\t<meta property=\"og:image:type\" content=\"image\/webp\" \/>\n<meta name=\"twitter:card\" content=\"summary_large_image\" \/>\n<meta name=\"twitter:label1\" content=\"Odhadovan\u00e1 doba \u010dten\u00ed\" \/>\n\t<meta name=\"twitter:data1\" content=\"1 minuta\" \/>\n<script type=\"application\/ld+json\" class=\"yoast-schema-graph\">{\"@context\":\"https:\/\/schema.org\",\"@graph\":[{\"@type\":\"WebPage\",\"@id\":\"https:\/\/www.koupelnapro.com\/index.php\/produkt\/posledni-sance-fortica-klic-teleskopicky-na-kola-330-490mm-14345\/\",\"url\":\"https:\/\/www.koupelnapro.com\/index.php\/produkt\/posledni-sance-fortica-klic-teleskopicky-na-kola-330-490mm-14345\/\",\"name\":\"Posledn\u00ed \u0160ance Fortica Kl\u00ed\u010d teleskopick\u00fd na kola 330-490mm -\",\"isPartOf\":{\"@id\":\"https:\/\/www.koupelnapro.com\/#website\"},\"primaryImageOfPage\":{\"@id\":\"https:\/\/www.koupelnapro.com\/index.php\/produkt\/posledni-sance-fortica-klic-teleskopicky-na-kola-330-490mm-14345\/#primaryimage\"},\"image\":{\"@id\":\"https:\/\/www.koupelnapro.com\/index.php\/produkt\/posledni-sance-fortica-klic-teleskopicky-na-kola-330-490mm-14345\/#primaryimage\"},\"thumbnailUrl\":\"https:\/\/www.koupelnapro.com\/wp-content\/uploads\/2026\/SK0003151-CZ20260425-091908-0-1777079948-fortica-klic-teleskopicky-na-kola-330-490mm.webp\",\"datePublished\":\"2026-04-26T09:13:45+00:00\",\"breadcrumb\":{\"@id\":\"https:\/\/www.koupelnapro.com\/index.php\/produkt\/posledni-sance-fortica-klic-teleskopicky-na-kola-330-490mm-14345\/#breadcrumb\"},\"inLanguage\":\"cs\",\"potentialAction\":[{\"@type\":\"ReadAction\",\"target\":[\"https:\/\/www.koupelnapro.com\/index.php\/produkt\/posledni-sance-fortica-klic-teleskopicky-na-kola-330-490mm-14345\/\"]}]},{\"@type\":\"ImageObject\",\"inLanguage\":\"cs\",\"@id\":\"https:\/\/www.koupelnapro.com\/index.php\/produkt\/posledni-sance-fortica-klic-teleskopicky-na-kola-330-490mm-14345\/#primaryimage\",\"url\":\"https:\/\/www.koupelnapro.com\/wp-content\/uploads\/2026\/SK0003151-CZ20260425-091908-0-1777079948-fortica-klic-teleskopicky-na-kola-330-490mm.webp\",\"contentUrl\":\"https:\/\/www.koupelnapro.com\/wp-content\/uploads\/2026\/SK0003151-CZ20260425-091908-0-1777079948-fortica-klic-teleskopicky-na-kola-330-490mm.webp\",\"width\":1000,\"height\":525},{\"@type\":\"BreadcrumbList\",\"@id\":\"https:\/\/www.koupelnapro.com\/index.php\/produkt\/posledni-sance-fortica-klic-teleskopicky-na-kola-330-490mm-14345\/#breadcrumb\",\"itemListElement\":[{\"@type\":\"ListItem\",\"position\":1,\"name\":\"Home\",\"item\":\"https:\/\/www.koupelnapro.com\/\"},{\"@type\":\"ListItem\",\"position\":2,\"name\":\"Products\",\"item\":\"https:\/\/www.koupelnapro.com\/index.php\/products\/\"},{\"@type\":\"ListItem\",\"position\":3,\"name\":\"Posledn\u00ed \u0160ance Fortica Kl\u00ed\u010d teleskopick\u00fd na kola 330-490mm\"}]},{\"@type\":\"WebSite\",\"@id\":\"https:\/\/www.koupelnapro.com\/#website\",\"url\":\"https:\/\/www.koupelnapro.com\/\",\"name\":\"\",\"description\":\"\",\"potentialAction\":[{\"@type\":\"SearchAction\",\"target\":{\"@type\":\"EntryPoint\",\"urlTemplate\":\"https:\/\/www.koupelnapro.com\/?s={search_term_string}\"},\"query-input\":{\"@type\":\"PropertyValueSpecification\",\"valueRequired\":true,\"valueName\":\"search_term_string\"}}],\"inLanguage\":\"cs\"}]}<\/script>\n<!-- \/ Yoast SEO plugin. -->","yoast_head_json":{"title":"Posledn\u00ed \u0160ance Fortica Kl\u00ed\u010d teleskopick\u00fd na kola 330-490mm -","robots":{"index":"index","follow":"follow","max-snippet":"max-snippet:-1","max-image-preview":"max-image-preview:large","max-video-preview":"max-video-preview:-1"},"canonical":"https:\/\/www.koupelnapro.com\/index.php\/produkt\/posledni-sance-fortica-klic-teleskopicky-na-kola-330-490mm-14345\/","og_locale":"cs_CZ","og_type":"article","og_title":"Posledn\u00ed \u0160ance Fortica Kl\u00ed\u010d teleskopick\u00fd na kola 330-490mm -","og_description":"Teleskopick\u00fd kl\u00ed\u010d na kola 330-490 mm Teleskopick\u00fd kl\u00ed\u010d na kola 330-490 mm je ur\u010den pro v\u011bt\u0161inu vozidel a umo\u017e\u0148uje snadn\u00e9 uta\u017een\u00ed a uvoln\u011bn\u00ed \u0161roub\u016f kol. D\u00edky nastaviteln\u00e9mu teleskopick\u00e9mu ramenu lze kl\u00ed\u010d prodlou\u017eit od 34 cm a\u017e do 53 cm, co\u017e zaji\u0161\u0165uje maxim\u00e1ln\u00ed s\u00edlu p\u0159i pr\u00e1ci. \u00a0 V\u00fdhody Kl\u00ed\u010de na kola Teleskopick\u00e9 rameno s nastavitelnou d\u00e9lkou [&hellip;]","og_url":"https:\/\/www.koupelnapro.com\/index.php\/produkt\/posledni-sance-fortica-klic-teleskopicky-na-kola-330-490mm-14345\/","og_image":[{"width":1000,"height":525,"url":"https:\/\/www.koupelnapro.com\/wp-content\/uploads\/2026\/SK0003151-CZ20260425-091908-0-1777079948-fortica-klic-teleskopicky-na-kola-330-490mm.webp","type":"image\/webp"}],"twitter_card":"summary_large_image","twitter_misc":{"Odhadovan\u00e1 doba \u010dten\u00ed":"1 minuta"},"schema":{"@context":"https:\/\/schema.org","@graph":[{"@type":"WebPage","@id":"https:\/\/www.koupelnapro.com\/index.php\/produkt\/posledni-sance-fortica-klic-teleskopicky-na-kola-330-490mm-14345\/","url":"https:\/\/www.koupelnapro.com\/index.php\/produkt\/posledni-sance-fortica-klic-teleskopicky-na-kola-330-490mm-14345\/","name":"Posledn\u00ed \u0160ance Fortica Kl\u00ed\u010d teleskopick\u00fd na kola 330-490mm -","isPartOf":{"@id":"https:\/\/www.koupelnapro.com\/#website"},"primaryImageOfPage":{"@id":"https:\/\/www.koupelnapro.com\/index.php\/produkt\/posledni-sance-fortica-klic-teleskopicky-na-kola-330-490mm-14345\/#primaryimage"},"image":{"@id":"https:\/\/www.koupelnapro.com\/index.php\/produkt\/posledni-sance-fortica-klic-teleskopicky-na-kola-330-490mm-14345\/#primaryimage"},"thumbnailUrl":"https:\/\/www.koupelnapro.com\/wp-content\/uploads\/2026\/SK0003151-CZ20260425-091908-0-1777079948-fortica-klic-teleskopicky-na-kola-330-490mm.webp","datePublished":"2026-04-26T09:13:45+00:00","breadcrumb":{"@id":"https:\/\/www.koupelnapro.com\/index.php\/produkt\/posledni-sance-fortica-klic-teleskopicky-na-kola-330-490mm-14345\/#breadcrumb"},"inLanguage":"cs","potentialAction":[{"@type":"ReadAction","target":["https:\/\/www.koupelnapro.com\/index.php\/produkt\/posledni-sance-fortica-klic-teleskopicky-na-kola-330-490mm-14345\/"]}]},{"@type":"ImageObject","inLanguage":"cs","@id":"https:\/\/www.koupelnapro.com\/index.php\/produkt\/posledni-sance-fortica-klic-teleskopicky-na-kola-330-490mm-14345\/#primaryimage","url":"https:\/\/www.koupelnapro.com\/wp-content\/uploads\/2026\/SK0003151-CZ20260425-091908-0-1777079948-fortica-klic-teleskopicky-na-kola-330-490mm.webp","contentUrl":"https:\/\/www.koupelnapro.com\/wp-content\/uploads\/2026\/SK0003151-CZ20260425-091908-0-1777079948-fortica-klic-teleskopicky-na-kola-330-490mm.webp","width":1000,"height":525},{"@type":"BreadcrumbList","@id":"https:\/\/www.koupelnapro.com\/index.php\/produkt\/posledni-sance-fortica-klic-teleskopicky-na-kola-330-490mm-14345\/#breadcrumb","itemListElement":[{"@type":"ListItem","position":1,"name":"Home","item":"https:\/\/www.koupelnapro.com\/"},{"@type":"ListItem","position":2,"name":"Products","item":"https:\/\/www.koupelnapro.com\/index.php\/products\/"},{"@type":"ListItem","position":3,"name":"Posledn\u00ed \u0160ance Fortica Kl\u00ed\u010d teleskopick\u00fd na kola 330-490mm"}]},{"@type":"WebSite","@id":"https:\/\/www.koupelnapro.com\/#website","url":"https:\/\/www.koupelnapro.com\/","name":"","description":"","potentialAction":[{"@type":"SearchAction","target":{"@type":"EntryPoint","urlTemplate":"https:\/\/www.koupelnapro.com\/?s={search_term_string}"},"query-input":{"@type":"PropertyValueSpecification","valueRequired":true,"valueName":"search_term_string"}}],"inLanguage":"cs"}]}},"_links":{"self":[{"href":"https:\/\/www.koupelnapro.com\/index.php\/wp-json\/wp\/v2\/product\/14345","targetHints":{"allow":["GET"]}}],"collection":[{"href":"https:\/\/www.koupelnapro.com\/index.php\/wp-json\/wp\/v2\/product"}],"about":[{"href":"https:\/\/www.koupelnapro.com\/index.php\/wp-json\/wp\/v2\/types\/product"}],"replies":[{"embeddable":true,"href":"https:\/\/www.koupelnapro.com\/index.php\/wp-json\/wp\/v2\/comments?post=14345"}],"wp:featuredmedia":[{"embeddable":true,"href":"https:\/\/www.koupelnapro.com\/index.php\/wp-json\/wp\/v2\/media\/14445"}],"wp:attachment":[{"href":"https:\/\/www.koupelnapro.com\/index.php\/wp-json\/wp\/v2\/media?parent=14345"}],"wp:term":[{"taxonomy":"product_brand","embeddable":true,"href":"https:\/\/www.koupelnapro.com\/index.php\/wp-json\/wp\/v2\/product_brand?post=14345"},{"taxonomy":"product_cat","embeddable":true,"href":"https:\/\/www.koupelnapro.com\/index.php\/wp-json\/wp\/v2\/product_cat?post=14345"},{"taxonomy":"product_tag","embeddable":true,"href":"https:\/\/www.koupelnapro.com\/index.php\/wp-json\/wp\/v2\/product_tag?post=14345"}],"curies":[{"name":"wp","href":"https:\/\/api.w.org\/{rel}","templated":true}]}}