{"id":13778,"date":"2026-04-26T09:13:42","date_gmt":"2026-04-26T09:13:42","guid":{"rendered":""},"modified":"2026-04-26T09:13:42","modified_gmt":"2026-04-26T09:13:42","slug":"nejlepsi-volba-hmota-sparovaci-mapei-ultracolor-plus-138-mandlova-5-kg-13778","status":"publish","type":"product","link":"https:\/\/www.koupelnapro.com\/index.php\/produkt\/nejlepsi-volba-hmota-sparovaci-mapei-ultracolor-plus-138-mandlova-5-kg-13778\/","title":{"rendered":"Nejlep\u0161\u00ed Volba Hmota sp\u00e1rovac\u00ed Mapei Ultracolor Plus 138 mandlov\u00e1\u00a05\u00a0kg"},"content":{"rendered":"<div class=\"content-actual\">\n<div>Cementov\u00e1 sp\u00e1rovac\u00ed hmota na obklady a dla\u017eby, se sn\u00ed\u017eenou nas\u00e1kavost\u00ed vody, vysokou odolnost\u00ed proti ot\u011bru a tvorb\u011b pl\u00edsn\u00ed, pro v\u00fdpl\u0148 sp\u00e1r do \u0161\u00ed\u0159ky 20 mm.<\/div>\n<div>\n<div>pou\u017eit\u00ed :\u00a0<\/div>\n<div>\n<ul>\n<li>v prostorech s vysok\u00fdm provozn\u00edm zat\u00ed\u017een\u00edm (leti\u0161t\u011b, n\u00e1kupn\u00ed centra, atd.)<\/li>\n<li>v obytn\u00fdch budov\u00e1ch (hotely, rodinn\u00e9 domy, apod.)<\/li>\n<li>sp\u00e1rov\u00e1n\u00ed dla\u017eeb z keramiky a p\u0159\u00edrodn\u00edho kamene se zabudovan\u00fdm podlahov\u00fdm vyt\u00e1p\u011bn\u00edm<\/li>\n<li>v exteri\u00e9rech na fas\u00e1d\u00e1ch, balk\u00f3nech, teras\u00e1ch a tak\u00e9 baz\u00e9nech<\/li>\n<\/ul>\n<\/div>\n<\/div><\/div>\n<\/p><\/div>\n","protected":false},"excerpt":{"rendered":"<p>Cementov\u00e1 sp\u00e1rovac\u00ed hmota na obklady a dla\u017eby, se sn\u00ed\u017eenou nas\u00e1kavost\u00ed vody, vysokou odolnost\u00ed proti ot\u011bru a tvorb\u011b pl\u00edsn\u00ed, pro v\u00fdpl\u0148 sp\u00e1r do \u0161\u00ed\u0159ky 20 mm. pou\u017eit\u00ed :\u00a0 v prostorech s vysok\u00fdm provozn\u00edm zat\u00ed\u017een\u00edm (leti\u0161t\u011b, n\u00e1kupn\u00ed centra, atd.) v obytn\u00fdch budov\u00e1ch (hotely, rodinn\u00e9 domy, apod.) sp\u00e1rov\u00e1n\u00ed dla\u017eeb z keramiky a p\u0159\u00edrodn\u00edho kamene se zabudovan\u00fdm podlahov\u00fdm vyt\u00e1p\u011bn\u00edm [&hellip;]<\/p>\n","protected":false},"featured_media":13878,"comment_status":"open","ping_status":"open","template":"","meta":[],"product_brand":[],"product_cat":[73],"product_tag":[],"class_list":{"0":"post-13778","1":"product","2":"type-product","3":"status-publish","4":"has-post-thumbnail","6":"product_cat-sypke-smesi-omitky-a-malty","8":"first","9":"instock","10":"sale","11":"shipping-taxable","12":"purchasable","13":"product-type-simple"},"yoast_head":"<!-- This site is optimized with the Yoast SEO plugin v26.8 - https:\/\/yoast.com\/product\/yoast-seo-wordpress\/ -->\n<title>Nejlep\u0161\u00ed Volba Hmota sp\u00e1rovac\u00ed Mapei Ultracolor Plus 138 mandlov\u00e1\u00a05\u00a0kg -<\/title>\n<meta name=\"robots\" content=\"index, follow, max-snippet:-1, max-image-preview:large, max-video-preview:-1\" \/>\n<link rel=\"canonical\" href=\"https:\/\/www.koupelnapro.com\/index.php\/produkt\/nejlepsi-volba-hmota-sparovaci-mapei-ultracolor-plus-138-mandlova-5-kg-13778\/\" \/>\n<meta property=\"og:locale\" content=\"cs_CZ\" \/>\n<meta property=\"og:type\" content=\"article\" \/>\n<meta property=\"og:title\" content=\"Nejlep\u0161\u00ed Volba Hmota sp\u00e1rovac\u00ed Mapei Ultracolor Plus 138 mandlov\u00e1\u00a05\u00a0kg -\" \/>\n<meta property=\"og:description\" content=\"Cementov\u00e1 sp\u00e1rovac\u00ed hmota na obklady a dla\u017eby, se sn\u00ed\u017eenou nas\u00e1kavost\u00ed vody, vysokou odolnost\u00ed proti ot\u011bru a tvorb\u011b pl\u00edsn\u00ed, pro v\u00fdpl\u0148 sp\u00e1r do \u0161\u00ed\u0159ky 20 mm. pou\u017eit\u00ed :\u00a0 v prostorech s vysok\u00fdm provozn\u00edm zat\u00ed\u017een\u00edm (leti\u0161t\u011b, n\u00e1kupn\u00ed centra, atd.) v obytn\u00fdch budov\u00e1ch (hotely, rodinn\u00e9 domy, apod.) sp\u00e1rov\u00e1n\u00ed dla\u017eeb z keramiky a p\u0159\u00edrodn\u00edho kamene se zabudovan\u00fdm podlahov\u00fdm vyt\u00e1p\u011bn\u00edm [&hellip;]\" \/>\n<meta property=\"og:url\" content=\"https:\/\/www.koupelnapro.com\/index.php\/produkt\/nejlepsi-volba-hmota-sparovaci-mapei-ultracolor-plus-138-mandlova-5-kg-13778\/\" \/>\n<meta property=\"og:image\" content=\"https:\/\/www.koupelnapro.com\/wp-content\/uploads\/2026\/SK0003742-CZ20260425-091842-0-1777079922-tablet-mapu2138.webp\" \/>\n\t<meta property=\"og:image:width\" content=\"309\" \/>\n\t<meta property=\"og:image:height\" content=\"515\" \/>\n\t<meta property=\"og:image:type\" content=\"image\/webp\" \/>\n<meta name=\"twitter:card\" content=\"summary_large_image\" \/>\n<script type=\"application\/ld+json\" class=\"yoast-schema-graph\">{\"@context\":\"https:\/\/schema.org\",\"@graph\":[{\"@type\":\"WebPage\",\"@id\":\"https:\/\/www.koupelnapro.com\/index.php\/produkt\/nejlepsi-volba-hmota-sparovaci-mapei-ultracolor-plus-138-mandlova-5-kg-13778\/\",\"url\":\"https:\/\/www.koupelnapro.com\/index.php\/produkt\/nejlepsi-volba-hmota-sparovaci-mapei-ultracolor-plus-138-mandlova-5-kg-13778\/\",\"name\":\"Nejlep\u0161\u00ed Volba Hmota sp\u00e1rovac\u00ed Mapei Ultracolor Plus 138 mandlov\u00e1\u00a05\u00a0kg -\",\"isPartOf\":{\"@id\":\"https:\/\/www.koupelnapro.com\/#website\"},\"primaryImageOfPage\":{\"@id\":\"https:\/\/www.koupelnapro.com\/index.php\/produkt\/nejlepsi-volba-hmota-sparovaci-mapei-ultracolor-plus-138-mandlova-5-kg-13778\/#primaryimage\"},\"image\":{\"@id\":\"https:\/\/www.koupelnapro.com\/index.php\/produkt\/nejlepsi-volba-hmota-sparovaci-mapei-ultracolor-plus-138-mandlova-5-kg-13778\/#primaryimage\"},\"thumbnailUrl\":\"https:\/\/www.koupelnapro.com\/wp-content\/uploads\/2026\/SK0003742-CZ20260425-091842-0-1777079922-tablet-mapu2138.webp\",\"datePublished\":\"2026-04-26T09:13:42+00:00\",\"breadcrumb\":{\"@id\":\"https:\/\/www.koupelnapro.com\/index.php\/produkt\/nejlepsi-volba-hmota-sparovaci-mapei-ultracolor-plus-138-mandlova-5-kg-13778\/#breadcrumb\"},\"inLanguage\":\"cs\",\"potentialAction\":[{\"@type\":\"ReadAction\",\"target\":[\"https:\/\/www.koupelnapro.com\/index.php\/produkt\/nejlepsi-volba-hmota-sparovaci-mapei-ultracolor-plus-138-mandlova-5-kg-13778\/\"]}]},{\"@type\":\"ImageObject\",\"inLanguage\":\"cs\",\"@id\":\"https:\/\/www.koupelnapro.com\/index.php\/produkt\/nejlepsi-volba-hmota-sparovaci-mapei-ultracolor-plus-138-mandlova-5-kg-13778\/#primaryimage\",\"url\":\"https:\/\/www.koupelnapro.com\/wp-content\/uploads\/2026\/SK0003742-CZ20260425-091842-0-1777079922-tablet-mapu2138.webp\",\"contentUrl\":\"https:\/\/www.koupelnapro.com\/wp-content\/uploads\/2026\/SK0003742-CZ20260425-091842-0-1777079922-tablet-mapu2138.webp\",\"width\":309,\"height\":515},{\"@type\":\"BreadcrumbList\",\"@id\":\"https:\/\/www.koupelnapro.com\/index.php\/produkt\/nejlepsi-volba-hmota-sparovaci-mapei-ultracolor-plus-138-mandlova-5-kg-13778\/#breadcrumb\",\"itemListElement\":[{\"@type\":\"ListItem\",\"position\":1,\"name\":\"Home\",\"item\":\"https:\/\/www.koupelnapro.com\/\"},{\"@type\":\"ListItem\",\"position\":2,\"name\":\"Products\",\"item\":\"https:\/\/www.koupelnapro.com\/index.php\/products\/\"},{\"@type\":\"ListItem\",\"position\":3,\"name\":\"Nejlep\u0161\u00ed Volba Hmota sp\u00e1rovac\u00ed Mapei Ultracolor Plus 138 mandlov\u00e1\u00a05\u00a0kg\"}]},{\"@type\":\"WebSite\",\"@id\":\"https:\/\/www.koupelnapro.com\/#website\",\"url\":\"https:\/\/www.koupelnapro.com\/\",\"name\":\"\",\"description\":\"\",\"potentialAction\":[{\"@type\":\"SearchAction\",\"target\":{\"@type\":\"EntryPoint\",\"urlTemplate\":\"https:\/\/www.koupelnapro.com\/?s={search_term_string}\"},\"query-input\":{\"@type\":\"PropertyValueSpecification\",\"valueRequired\":true,\"valueName\":\"search_term_string\"}}],\"inLanguage\":\"cs\"}]}<\/script>\n<!-- \/ Yoast SEO plugin. -->","yoast_head_json":{"title":"Nejlep\u0161\u00ed Volba Hmota sp\u00e1rovac\u00ed Mapei Ultracolor Plus 138 mandlov\u00e1\u00a05\u00a0kg -","robots":{"index":"index","follow":"follow","max-snippet":"max-snippet:-1","max-image-preview":"max-image-preview:large","max-video-preview":"max-video-preview:-1"},"canonical":"https:\/\/www.koupelnapro.com\/index.php\/produkt\/nejlepsi-volba-hmota-sparovaci-mapei-ultracolor-plus-138-mandlova-5-kg-13778\/","og_locale":"cs_CZ","og_type":"article","og_title":"Nejlep\u0161\u00ed Volba Hmota sp\u00e1rovac\u00ed Mapei Ultracolor Plus 138 mandlov\u00e1\u00a05\u00a0kg -","og_description":"Cementov\u00e1 sp\u00e1rovac\u00ed hmota na obklady a dla\u017eby, se sn\u00ed\u017eenou nas\u00e1kavost\u00ed vody, vysokou odolnost\u00ed proti ot\u011bru a tvorb\u011b pl\u00edsn\u00ed, pro v\u00fdpl\u0148 sp\u00e1r do \u0161\u00ed\u0159ky 20 mm. pou\u017eit\u00ed :\u00a0 v prostorech s vysok\u00fdm provozn\u00edm zat\u00ed\u017een\u00edm (leti\u0161t\u011b, n\u00e1kupn\u00ed centra, atd.) v obytn\u00fdch budov\u00e1ch (hotely, rodinn\u00e9 domy, apod.) sp\u00e1rov\u00e1n\u00ed dla\u017eeb z keramiky a p\u0159\u00edrodn\u00edho kamene se zabudovan\u00fdm podlahov\u00fdm vyt\u00e1p\u011bn\u00edm [&hellip;]","og_url":"https:\/\/www.koupelnapro.com\/index.php\/produkt\/nejlepsi-volba-hmota-sparovaci-mapei-ultracolor-plus-138-mandlova-5-kg-13778\/","og_image":[{"width":309,"height":515,"url":"https:\/\/www.koupelnapro.com\/wp-content\/uploads\/2026\/SK0003742-CZ20260425-091842-0-1777079922-tablet-mapu2138.webp","type":"image\/webp"}],"twitter_card":"summary_large_image","schema":{"@context":"https:\/\/schema.org","@graph":[{"@type":"WebPage","@id":"https:\/\/www.koupelnapro.com\/index.php\/produkt\/nejlepsi-volba-hmota-sparovaci-mapei-ultracolor-plus-138-mandlova-5-kg-13778\/","url":"https:\/\/www.koupelnapro.com\/index.php\/produkt\/nejlepsi-volba-hmota-sparovaci-mapei-ultracolor-plus-138-mandlova-5-kg-13778\/","name":"Nejlep\u0161\u00ed Volba Hmota sp\u00e1rovac\u00ed Mapei Ultracolor Plus 138 mandlov\u00e1\u00a05\u00a0kg -","isPartOf":{"@id":"https:\/\/www.koupelnapro.com\/#website"},"primaryImageOfPage":{"@id":"https:\/\/www.koupelnapro.com\/index.php\/produkt\/nejlepsi-volba-hmota-sparovaci-mapei-ultracolor-plus-138-mandlova-5-kg-13778\/#primaryimage"},"image":{"@id":"https:\/\/www.koupelnapro.com\/index.php\/produkt\/nejlepsi-volba-hmota-sparovaci-mapei-ultracolor-plus-138-mandlova-5-kg-13778\/#primaryimage"},"thumbnailUrl":"https:\/\/www.koupelnapro.com\/wp-content\/uploads\/2026\/SK0003742-CZ20260425-091842-0-1777079922-tablet-mapu2138.webp","datePublished":"2026-04-26T09:13:42+00:00","breadcrumb":{"@id":"https:\/\/www.koupelnapro.com\/index.php\/produkt\/nejlepsi-volba-hmota-sparovaci-mapei-ultracolor-plus-138-mandlova-5-kg-13778\/#breadcrumb"},"inLanguage":"cs","potentialAction":[{"@type":"ReadAction","target":["https:\/\/www.koupelnapro.com\/index.php\/produkt\/nejlepsi-volba-hmota-sparovaci-mapei-ultracolor-plus-138-mandlova-5-kg-13778\/"]}]},{"@type":"ImageObject","inLanguage":"cs","@id":"https:\/\/www.koupelnapro.com\/index.php\/produkt\/nejlepsi-volba-hmota-sparovaci-mapei-ultracolor-plus-138-mandlova-5-kg-13778\/#primaryimage","url":"https:\/\/www.koupelnapro.com\/wp-content\/uploads\/2026\/SK0003742-CZ20260425-091842-0-1777079922-tablet-mapu2138.webp","contentUrl":"https:\/\/www.koupelnapro.com\/wp-content\/uploads\/2026\/SK0003742-CZ20260425-091842-0-1777079922-tablet-mapu2138.webp","width":309,"height":515},{"@type":"BreadcrumbList","@id":"https:\/\/www.koupelnapro.com\/index.php\/produkt\/nejlepsi-volba-hmota-sparovaci-mapei-ultracolor-plus-138-mandlova-5-kg-13778\/#breadcrumb","itemListElement":[{"@type":"ListItem","position":1,"name":"Home","item":"https:\/\/www.koupelnapro.com\/"},{"@type":"ListItem","position":2,"name":"Products","item":"https:\/\/www.koupelnapro.com\/index.php\/products\/"},{"@type":"ListItem","position":3,"name":"Nejlep\u0161\u00ed Volba Hmota sp\u00e1rovac\u00ed Mapei Ultracolor Plus 138 mandlov\u00e1\u00a05\u00a0kg"}]},{"@type":"WebSite","@id":"https:\/\/www.koupelnapro.com\/#website","url":"https:\/\/www.koupelnapro.com\/","name":"","description":"","potentialAction":[{"@type":"SearchAction","target":{"@type":"EntryPoint","urlTemplate":"https:\/\/www.koupelnapro.com\/?s={search_term_string}"},"query-input":{"@type":"PropertyValueSpecification","valueRequired":true,"valueName":"search_term_string"}}],"inLanguage":"cs"}]}},"_links":{"self":[{"href":"https:\/\/www.koupelnapro.com\/index.php\/wp-json\/wp\/v2\/product\/13778","targetHints":{"allow":["GET"]}}],"collection":[{"href":"https:\/\/www.koupelnapro.com\/index.php\/wp-json\/wp\/v2\/product"}],"about":[{"href":"https:\/\/www.koupelnapro.com\/index.php\/wp-json\/wp\/v2\/types\/product"}],"replies":[{"embeddable":true,"href":"https:\/\/www.koupelnapro.com\/index.php\/wp-json\/wp\/v2\/comments?post=13778"}],"wp:featuredmedia":[{"embeddable":true,"href":"https:\/\/www.koupelnapro.com\/index.php\/wp-json\/wp\/v2\/media\/13878"}],"wp:attachment":[{"href":"https:\/\/www.koupelnapro.com\/index.php\/wp-json\/wp\/v2\/media?parent=13778"}],"wp:term":[{"taxonomy":"product_brand","embeddable":true,"href":"https:\/\/www.koupelnapro.com\/index.php\/wp-json\/wp\/v2\/product_brand?post=13778"},{"taxonomy":"product_cat","embeddable":true,"href":"https:\/\/www.koupelnapro.com\/index.php\/wp-json\/wp\/v2\/product_cat?post=13778"},{"taxonomy":"product_tag","embeddable":true,"href":"https:\/\/www.koupelnapro.com\/index.php\/wp-json\/wp\/v2\/product_tag?post=13778"}],"curies":[{"name":"wp","href":"https:\/\/api.w.org\/{rel}","templated":true}]}}