{"id":13700,"date":"2026-04-26T09:13:42","date_gmt":"2026-04-26T09:13:42","guid":{"rendered":""},"modified":"2026-04-26T09:13:42","modified_gmt":"2026-04-26T09:13:42","slug":"zaruben-ocelova-do-sdk-s-125-600-mm-leva-ii-jakost-originalni-13700","status":"publish","type":"product","link":"https:\/\/www.koupelnapro.com\/index.php\/produkt\/zaruben-ocelova-do-sdk-s-125-600-mm-leva-ii-jakost-originalni-13700\/","title":{"rendered":"Z\u00e1rube\u0148 ocelov\u00e1 do\u00a0sdk S\u00a0125\/600\u00a0mm lev\u00e1, II.\u00a0jakost Origin\u00e1ln\u00ed"},"content":{"rendered":"<div class=\"content-actual\">\n<p class=\"-wm-MsoNormal\">Ocelov\u00e1 z\u00e1rube\u0148 typu S, 3 ks staviteln\u00e9ho z\u00e1v\u011bsu OZ 34.<\/p>\n<p class=\"-wm-MsoNormal\">Pro montovan\u00e9 p\u0159\u00ed\u010dky ze s\u00e1drokartonov\u00fdch a s\u00e1drovl\u00e1knit\u00fdch desek.\u00a0<\/p>\n<\/p><\/div>\n<\/p><\/div>\n","protected":false},"excerpt":{"rendered":"<p>Ocelov\u00e1 z\u00e1rube\u0148 typu S, 3 ks staviteln\u00e9ho z\u00e1v\u011bsu OZ 34. Pro montovan\u00e9 p\u0159\u00ed\u010dky ze s\u00e1drokartonov\u00fdch a s\u00e1drovl\u00e1knit\u00fdch desek.\u00a0<\/p>\n","protected":false},"featured_media":13800,"comment_status":"open","ping_status":"open","template":"","meta":[],"product_brand":[],"product_cat":[80],"product_tag":[],"class_list":{"0":"post-13700","1":"product","2":"type-product","3":"status-publish","4":"has-post-thumbnail","6":"product_cat-okna-dvere-zarubne","8":"first","9":"instock","10":"sale","11":"shipping-taxable","12":"purchasable","13":"product-type-simple"},"yoast_head":"<!-- This site is optimized with the Yoast SEO plugin v26.8 - https:\/\/yoast.com\/product\/yoast-seo-wordpress\/ -->\n<title>Z\u00e1rube\u0148 ocelov\u00e1 do\u00a0sdk S\u00a0125\/600\u00a0mm lev\u00e1, II.\u00a0jakost Origin\u00e1ln\u00ed -<\/title>\n<meta name=\"robots\" content=\"index, follow, max-snippet:-1, max-image-preview:large, max-video-preview:-1\" \/>\n<link rel=\"canonical\" href=\"https:\/\/www.koupelnapro.com\/index.php\/produkt\/zaruben-ocelova-do-sdk-s-125-600-mm-leva-ii-jakost-originalni-13700\/\" \/>\n<meta property=\"og:locale\" content=\"cs_CZ\" \/>\n<meta property=\"og:type\" content=\"article\" \/>\n<meta property=\"og:title\" content=\"Z\u00e1rube\u0148 ocelov\u00e1 do\u00a0sdk S\u00a0125\/600\u00a0mm lev\u00e1, II.\u00a0jakost Origin\u00e1ln\u00ed -\" \/>\n<meta property=\"og:description\" content=\"Ocelov\u00e1 z\u00e1rube\u0148 typu S, 3 ks staviteln\u00e9ho z\u00e1v\u011bsu OZ 34. Pro montovan\u00e9 p\u0159\u00ed\u010dky ze s\u00e1drokartonov\u00fdch a s\u00e1drovl\u00e1knit\u00fdch desek.\u00a0\" \/>\n<meta property=\"og:url\" content=\"https:\/\/www.koupelnapro.com\/index.php\/produkt\/zaruben-ocelova-do-sdk-s-125-600-mm-leva-ii-jakost-originalni-13700\/\" \/>\n<meta property=\"og:image\" content=\"https:\/\/www.koupelnapro.com\/wp-content\/uploads\/2026\/SK0003664-CZ20260425-091842-0-1777079922-tablet-zaruben.webp\" \/>\n\t<meta property=\"og:image:width\" content=\"285\" \/>\n\t<meta property=\"og:image:height\" content=\"773\" \/>\n\t<meta property=\"og:image:type\" content=\"image\/webp\" \/>\n<meta name=\"twitter:card\" content=\"summary_large_image\" \/>\n<script type=\"application\/ld+json\" class=\"yoast-schema-graph\">{\"@context\":\"https:\/\/schema.org\",\"@graph\":[{\"@type\":\"WebPage\",\"@id\":\"https:\/\/www.koupelnapro.com\/index.php\/produkt\/zaruben-ocelova-do-sdk-s-125-600-mm-leva-ii-jakost-originalni-13700\/\",\"url\":\"https:\/\/www.koupelnapro.com\/index.php\/produkt\/zaruben-ocelova-do-sdk-s-125-600-mm-leva-ii-jakost-originalni-13700\/\",\"name\":\"Z\u00e1rube\u0148 ocelov\u00e1 do\u00a0sdk S\u00a0125\/600\u00a0mm lev\u00e1, II.\u00a0jakost Origin\u00e1ln\u00ed -\",\"isPartOf\":{\"@id\":\"https:\/\/www.koupelnapro.com\/#website\"},\"primaryImageOfPage\":{\"@id\":\"https:\/\/www.koupelnapro.com\/index.php\/produkt\/zaruben-ocelova-do-sdk-s-125-600-mm-leva-ii-jakost-originalni-13700\/#primaryimage\"},\"image\":{\"@id\":\"https:\/\/www.koupelnapro.com\/index.php\/produkt\/zaruben-ocelova-do-sdk-s-125-600-mm-leva-ii-jakost-originalni-13700\/#primaryimage\"},\"thumbnailUrl\":\"https:\/\/www.koupelnapro.com\/wp-content\/uploads\/2026\/SK0003664-CZ20260425-091842-0-1777079922-tablet-zaruben.webp\",\"datePublished\":\"2026-04-26T09:13:42+00:00\",\"breadcrumb\":{\"@id\":\"https:\/\/www.koupelnapro.com\/index.php\/produkt\/zaruben-ocelova-do-sdk-s-125-600-mm-leva-ii-jakost-originalni-13700\/#breadcrumb\"},\"inLanguage\":\"cs\",\"potentialAction\":[{\"@type\":\"ReadAction\",\"target\":[\"https:\/\/www.koupelnapro.com\/index.php\/produkt\/zaruben-ocelova-do-sdk-s-125-600-mm-leva-ii-jakost-originalni-13700\/\"]}]},{\"@type\":\"ImageObject\",\"inLanguage\":\"cs\",\"@id\":\"https:\/\/www.koupelnapro.com\/index.php\/produkt\/zaruben-ocelova-do-sdk-s-125-600-mm-leva-ii-jakost-originalni-13700\/#primaryimage\",\"url\":\"https:\/\/www.koupelnapro.com\/wp-content\/uploads\/2026\/SK0003664-CZ20260425-091842-0-1777079922-tablet-zaruben.webp\",\"contentUrl\":\"https:\/\/www.koupelnapro.com\/wp-content\/uploads\/2026\/SK0003664-CZ20260425-091842-0-1777079922-tablet-zaruben.webp\",\"width\":285,\"height\":773},{\"@type\":\"BreadcrumbList\",\"@id\":\"https:\/\/www.koupelnapro.com\/index.php\/produkt\/zaruben-ocelova-do-sdk-s-125-600-mm-leva-ii-jakost-originalni-13700\/#breadcrumb\",\"itemListElement\":[{\"@type\":\"ListItem\",\"position\":1,\"name\":\"Home\",\"item\":\"https:\/\/www.koupelnapro.com\/\"},{\"@type\":\"ListItem\",\"position\":2,\"name\":\"Products\",\"item\":\"https:\/\/www.koupelnapro.com\/index.php\/products\/\"},{\"@type\":\"ListItem\",\"position\":3,\"name\":\"Z\u00e1rube\u0148 ocelov\u00e1 do\u00a0sdk S\u00a0125\/600\u00a0mm lev\u00e1, II.\u00a0jakost Origin\u00e1ln\u00ed\"}]},{\"@type\":\"WebSite\",\"@id\":\"https:\/\/www.koupelnapro.com\/#website\",\"url\":\"https:\/\/www.koupelnapro.com\/\",\"name\":\"\",\"description\":\"\",\"potentialAction\":[{\"@type\":\"SearchAction\",\"target\":{\"@type\":\"EntryPoint\",\"urlTemplate\":\"https:\/\/www.koupelnapro.com\/?s={search_term_string}\"},\"query-input\":{\"@type\":\"PropertyValueSpecification\",\"valueRequired\":true,\"valueName\":\"search_term_string\"}}],\"inLanguage\":\"cs\"}]}<\/script>\n<!-- \/ Yoast SEO plugin. -->","yoast_head_json":{"title":"Z\u00e1rube\u0148 ocelov\u00e1 do\u00a0sdk S\u00a0125\/600\u00a0mm lev\u00e1, II.\u00a0jakost Origin\u00e1ln\u00ed -","robots":{"index":"index","follow":"follow","max-snippet":"max-snippet:-1","max-image-preview":"max-image-preview:large","max-video-preview":"max-video-preview:-1"},"canonical":"https:\/\/www.koupelnapro.com\/index.php\/produkt\/zaruben-ocelova-do-sdk-s-125-600-mm-leva-ii-jakost-originalni-13700\/","og_locale":"cs_CZ","og_type":"article","og_title":"Z\u00e1rube\u0148 ocelov\u00e1 do\u00a0sdk S\u00a0125\/600\u00a0mm lev\u00e1, II.\u00a0jakost Origin\u00e1ln\u00ed -","og_description":"Ocelov\u00e1 z\u00e1rube\u0148 typu S, 3 ks staviteln\u00e9ho z\u00e1v\u011bsu OZ 34. Pro montovan\u00e9 p\u0159\u00ed\u010dky ze s\u00e1drokartonov\u00fdch a s\u00e1drovl\u00e1knit\u00fdch desek.\u00a0","og_url":"https:\/\/www.koupelnapro.com\/index.php\/produkt\/zaruben-ocelova-do-sdk-s-125-600-mm-leva-ii-jakost-originalni-13700\/","og_image":[{"width":285,"height":773,"url":"https:\/\/www.koupelnapro.com\/wp-content\/uploads\/2026\/SK0003664-CZ20260425-091842-0-1777079922-tablet-zaruben.webp","type":"image\/webp"}],"twitter_card":"summary_large_image","schema":{"@context":"https:\/\/schema.org","@graph":[{"@type":"WebPage","@id":"https:\/\/www.koupelnapro.com\/index.php\/produkt\/zaruben-ocelova-do-sdk-s-125-600-mm-leva-ii-jakost-originalni-13700\/","url":"https:\/\/www.koupelnapro.com\/index.php\/produkt\/zaruben-ocelova-do-sdk-s-125-600-mm-leva-ii-jakost-originalni-13700\/","name":"Z\u00e1rube\u0148 ocelov\u00e1 do\u00a0sdk S\u00a0125\/600\u00a0mm lev\u00e1, II.\u00a0jakost Origin\u00e1ln\u00ed -","isPartOf":{"@id":"https:\/\/www.koupelnapro.com\/#website"},"primaryImageOfPage":{"@id":"https:\/\/www.koupelnapro.com\/index.php\/produkt\/zaruben-ocelova-do-sdk-s-125-600-mm-leva-ii-jakost-originalni-13700\/#primaryimage"},"image":{"@id":"https:\/\/www.koupelnapro.com\/index.php\/produkt\/zaruben-ocelova-do-sdk-s-125-600-mm-leva-ii-jakost-originalni-13700\/#primaryimage"},"thumbnailUrl":"https:\/\/www.koupelnapro.com\/wp-content\/uploads\/2026\/SK0003664-CZ20260425-091842-0-1777079922-tablet-zaruben.webp","datePublished":"2026-04-26T09:13:42+00:00","breadcrumb":{"@id":"https:\/\/www.koupelnapro.com\/index.php\/produkt\/zaruben-ocelova-do-sdk-s-125-600-mm-leva-ii-jakost-originalni-13700\/#breadcrumb"},"inLanguage":"cs","potentialAction":[{"@type":"ReadAction","target":["https:\/\/www.koupelnapro.com\/index.php\/produkt\/zaruben-ocelova-do-sdk-s-125-600-mm-leva-ii-jakost-originalni-13700\/"]}]},{"@type":"ImageObject","inLanguage":"cs","@id":"https:\/\/www.koupelnapro.com\/index.php\/produkt\/zaruben-ocelova-do-sdk-s-125-600-mm-leva-ii-jakost-originalni-13700\/#primaryimage","url":"https:\/\/www.koupelnapro.com\/wp-content\/uploads\/2026\/SK0003664-CZ20260425-091842-0-1777079922-tablet-zaruben.webp","contentUrl":"https:\/\/www.koupelnapro.com\/wp-content\/uploads\/2026\/SK0003664-CZ20260425-091842-0-1777079922-tablet-zaruben.webp","width":285,"height":773},{"@type":"BreadcrumbList","@id":"https:\/\/www.koupelnapro.com\/index.php\/produkt\/zaruben-ocelova-do-sdk-s-125-600-mm-leva-ii-jakost-originalni-13700\/#breadcrumb","itemListElement":[{"@type":"ListItem","position":1,"name":"Home","item":"https:\/\/www.koupelnapro.com\/"},{"@type":"ListItem","position":2,"name":"Products","item":"https:\/\/www.koupelnapro.com\/index.php\/products\/"},{"@type":"ListItem","position":3,"name":"Z\u00e1rube\u0148 ocelov\u00e1 do\u00a0sdk S\u00a0125\/600\u00a0mm lev\u00e1, II.\u00a0jakost Origin\u00e1ln\u00ed"}]},{"@type":"WebSite","@id":"https:\/\/www.koupelnapro.com\/#website","url":"https:\/\/www.koupelnapro.com\/","name":"","description":"","potentialAction":[{"@type":"SearchAction","target":{"@type":"EntryPoint","urlTemplate":"https:\/\/www.koupelnapro.com\/?s={search_term_string}"},"query-input":{"@type":"PropertyValueSpecification","valueRequired":true,"valueName":"search_term_string"}}],"inLanguage":"cs"}]}},"_links":{"self":[{"href":"https:\/\/www.koupelnapro.com\/index.php\/wp-json\/wp\/v2\/product\/13700","targetHints":{"allow":["GET"]}}],"collection":[{"href":"https:\/\/www.koupelnapro.com\/index.php\/wp-json\/wp\/v2\/product"}],"about":[{"href":"https:\/\/www.koupelnapro.com\/index.php\/wp-json\/wp\/v2\/types\/product"}],"replies":[{"embeddable":true,"href":"https:\/\/www.koupelnapro.com\/index.php\/wp-json\/wp\/v2\/comments?post=13700"}],"wp:featuredmedia":[{"embeddable":true,"href":"https:\/\/www.koupelnapro.com\/index.php\/wp-json\/wp\/v2\/media\/13800"}],"wp:attachment":[{"href":"https:\/\/www.koupelnapro.com\/index.php\/wp-json\/wp\/v2\/media?parent=13700"}],"wp:term":[{"taxonomy":"product_brand","embeddable":true,"href":"https:\/\/www.koupelnapro.com\/index.php\/wp-json\/wp\/v2\/product_brand?post=13700"},{"taxonomy":"product_cat","embeddable":true,"href":"https:\/\/www.koupelnapro.com\/index.php\/wp-json\/wp\/v2\/product_cat?post=13700"},{"taxonomy":"product_tag","embeddable":true,"href":"https:\/\/www.koupelnapro.com\/index.php\/wp-json\/wp\/v2\/product_tag?post=13700"}],"curies":[{"name":"wp","href":"https:\/\/api.w.org\/{rel}","templated":true}]}}