{"id":13319,"date":"2026-04-26T09:13:41","date_gmt":"2026-04-26T09:13:41","guid":{"rendered":""},"modified":"2026-04-26T09:13:41","modified_gmt":"2026-04-26T09:13:41","slug":"clin-cistic-na-okna-a-zrcadla-500-ml-novinka-13319","status":"publish","type":"product","link":"https:\/\/www.koupelnapro.com\/index.php\/produkt\/clin-cistic-na-okna-a-zrcadla-500-ml-novinka-13319\/","title":{"rendered":"Clin \u010disti\u010d na okna a zrcadla 500 ml Novinka"},"content":{"rendered":"<div class=\"content-actual\">\n<p>Patentovan\u00e1 hydraulick\u00e1 pistole umo\u017e\u0148uje nan\u00e1\u0161et prost\u0159edek ve form\u011b aktivn\u00ed stabiln\u00ed p\u011bny p\u0159\u00edmo na \u010di\u0161t\u011bn\u00e9 m\u00edsto, nest\u00e9k\u00e1 a d\u00edky tomu p\u016fsob\u00ed na ne\u010distoty del\u0161\u00ed dobu. Pistole je z\u00e1rov\u011b\u0148 velni praktick\u00e1 a nab\u00edc\u00ed dokonale pohodln\u00fd \u00faklid. \u010ci\u0161t\u011bn\u00e9 plochy se nemus\u00ed p\u0159ed aplikac\u00ed Clinu om\u00fdvat.<\/p>\n<\/p><\/div>\n<\/p><\/div>\n","protected":false},"excerpt":{"rendered":"<p>Patentovan\u00e1 hydraulick\u00e1 pistole umo\u017e\u0148uje nan\u00e1\u0161et prost\u0159edek ve form\u011b aktivn\u00ed stabiln\u00ed p\u011bny p\u0159\u00edmo na \u010di\u0161t\u011bn\u00e9 m\u00edsto, nest\u00e9k\u00e1 a d\u00edky tomu p\u016fsob\u00ed na ne\u010distoty del\u0161\u00ed dobu. Pistole je z\u00e1rov\u011b\u0148 velni praktick\u00e1 a nab\u00edc\u00ed dokonale pohodln\u00fd \u00faklid. \u010ci\u0161t\u011bn\u00e9 plochy se nemus\u00ed p\u0159ed aplikac\u00ed Clinu om\u00fdvat.<\/p>\n","protected":false},"featured_media":13419,"comment_status":"open","ping_status":"open","template":"","meta":[],"product_brand":[],"product_cat":[78],"product_tag":[],"class_list":{"0":"post-13319","1":"product","2":"type-product","3":"status-publish","4":"has-post-thumbnail","6":"product_cat-interier-a-domacnost","8":"first","9":"instock","10":"sale","11":"shipping-taxable","12":"purchasable","13":"product-type-simple"},"yoast_head":"<!-- This site is optimized with the Yoast SEO plugin v26.8 - https:\/\/yoast.com\/product\/yoast-seo-wordpress\/ -->\n<title>Clin \u010disti\u010d na okna a zrcadla 500 ml Novinka -<\/title>\n<meta name=\"robots\" content=\"index, follow, max-snippet:-1, max-image-preview:large, max-video-preview:-1\" \/>\n<link rel=\"canonical\" href=\"https:\/\/www.koupelnapro.com\/index.php\/produkt\/clin-cistic-na-okna-a-zrcadla-500-ml-novinka-13319\/\" \/>\n<meta property=\"og:locale\" content=\"cs_CZ\" \/>\n<meta property=\"og:type\" content=\"article\" \/>\n<meta property=\"og:title\" content=\"Clin \u010disti\u010d na okna a zrcadla 500 ml Novinka -\" \/>\n<meta property=\"og:description\" content=\"Patentovan\u00e1 hydraulick\u00e1 pistole umo\u017e\u0148uje nan\u00e1\u0161et prost\u0159edek ve form\u011b aktivn\u00ed stabiln\u00ed p\u011bny p\u0159\u00edmo na \u010di\u0161t\u011bn\u00e9 m\u00edsto, nest\u00e9k\u00e1 a d\u00edky tomu p\u016fsob\u00ed na ne\u010distoty del\u0161\u00ed dobu. Pistole je z\u00e1rov\u011b\u0148 velni praktick\u00e1 a nab\u00edc\u00ed dokonale pohodln\u00fd \u00faklid. \u010ci\u0161t\u011bn\u00e9 plochy se nemus\u00ed p\u0159ed aplikac\u00ed Clinu om\u00fdvat.\" \/>\n<meta property=\"og:url\" content=\"https:\/\/www.koupelnapro.com\/index.php\/produkt\/clin-cistic-na-okna-a-zrcadla-500-ml-novinka-13319\/\" \/>\n<meta property=\"og:image\" content=\"https:\/\/www.koupelnapro.com\/wp-content\/uploads\/2026\/SK0003482-CZ20260425-091842-0-1777079922-tablet-p04326-clin-windows-mirrors-lemon-cistic-na-okna-a-z.webp\" \/>\n\t<meta property=\"og:image:width\" content=\"348\" \/>\n\t<meta property=\"og:image:height\" content=\"800\" \/>\n\t<meta property=\"og:image:type\" content=\"image\/webp\" \/>\n<meta name=\"twitter:card\" content=\"summary_large_image\" \/>\n<script type=\"application\/ld+json\" class=\"yoast-schema-graph\">{\"@context\":\"https:\/\/schema.org\",\"@graph\":[{\"@type\":\"WebPage\",\"@id\":\"https:\/\/www.koupelnapro.com\/index.php\/produkt\/clin-cistic-na-okna-a-zrcadla-500-ml-novinka-13319\/\",\"url\":\"https:\/\/www.koupelnapro.com\/index.php\/produkt\/clin-cistic-na-okna-a-zrcadla-500-ml-novinka-13319\/\",\"name\":\"Clin \u010disti\u010d na okna a zrcadla 500 ml Novinka -\",\"isPartOf\":{\"@id\":\"https:\/\/www.koupelnapro.com\/#website\"},\"primaryImageOfPage\":{\"@id\":\"https:\/\/www.koupelnapro.com\/index.php\/produkt\/clin-cistic-na-okna-a-zrcadla-500-ml-novinka-13319\/#primaryimage\"},\"image\":{\"@id\":\"https:\/\/www.koupelnapro.com\/index.php\/produkt\/clin-cistic-na-okna-a-zrcadla-500-ml-novinka-13319\/#primaryimage\"},\"thumbnailUrl\":\"https:\/\/www.koupelnapro.com\/wp-content\/uploads\/2026\/SK0003482-CZ20260425-091842-0-1777079922-tablet-p04326-clin-windows-mirrors-lemon-cistic-na-okna-a-z.webp\",\"datePublished\":\"2026-04-26T09:13:41+00:00\",\"breadcrumb\":{\"@id\":\"https:\/\/www.koupelnapro.com\/index.php\/produkt\/clin-cistic-na-okna-a-zrcadla-500-ml-novinka-13319\/#breadcrumb\"},\"inLanguage\":\"cs\",\"potentialAction\":[{\"@type\":\"ReadAction\",\"target\":[\"https:\/\/www.koupelnapro.com\/index.php\/produkt\/clin-cistic-na-okna-a-zrcadla-500-ml-novinka-13319\/\"]}]},{\"@type\":\"ImageObject\",\"inLanguage\":\"cs\",\"@id\":\"https:\/\/www.koupelnapro.com\/index.php\/produkt\/clin-cistic-na-okna-a-zrcadla-500-ml-novinka-13319\/#primaryimage\",\"url\":\"https:\/\/www.koupelnapro.com\/wp-content\/uploads\/2026\/SK0003482-CZ20260425-091842-0-1777079922-tablet-p04326-clin-windows-mirrors-lemon-cistic-na-okna-a-z.webp\",\"contentUrl\":\"https:\/\/www.koupelnapro.com\/wp-content\/uploads\/2026\/SK0003482-CZ20260425-091842-0-1777079922-tablet-p04326-clin-windows-mirrors-lemon-cistic-na-okna-a-z.webp\",\"width\":348,\"height\":800},{\"@type\":\"BreadcrumbList\",\"@id\":\"https:\/\/www.koupelnapro.com\/index.php\/produkt\/clin-cistic-na-okna-a-zrcadla-500-ml-novinka-13319\/#breadcrumb\",\"itemListElement\":[{\"@type\":\"ListItem\",\"position\":1,\"name\":\"Home\",\"item\":\"https:\/\/www.koupelnapro.com\/\"},{\"@type\":\"ListItem\",\"position\":2,\"name\":\"Products\",\"item\":\"https:\/\/www.koupelnapro.com\/index.php\/products\/\"},{\"@type\":\"ListItem\",\"position\":3,\"name\":\"Clin \u010disti\u010d na okna a zrcadla 500 ml Novinka\"}]},{\"@type\":\"WebSite\",\"@id\":\"https:\/\/www.koupelnapro.com\/#website\",\"url\":\"https:\/\/www.koupelnapro.com\/\",\"name\":\"\",\"description\":\"\",\"potentialAction\":[{\"@type\":\"SearchAction\",\"target\":{\"@type\":\"EntryPoint\",\"urlTemplate\":\"https:\/\/www.koupelnapro.com\/?s={search_term_string}\"},\"query-input\":{\"@type\":\"PropertyValueSpecification\",\"valueRequired\":true,\"valueName\":\"search_term_string\"}}],\"inLanguage\":\"cs\"}]}<\/script>\n<!-- \/ Yoast SEO plugin. -->","yoast_head_json":{"title":"Clin \u010disti\u010d na okna a zrcadla 500 ml Novinka -","robots":{"index":"index","follow":"follow","max-snippet":"max-snippet:-1","max-image-preview":"max-image-preview:large","max-video-preview":"max-video-preview:-1"},"canonical":"https:\/\/www.koupelnapro.com\/index.php\/produkt\/clin-cistic-na-okna-a-zrcadla-500-ml-novinka-13319\/","og_locale":"cs_CZ","og_type":"article","og_title":"Clin \u010disti\u010d na okna a zrcadla 500 ml Novinka -","og_description":"Patentovan\u00e1 hydraulick\u00e1 pistole umo\u017e\u0148uje nan\u00e1\u0161et prost\u0159edek ve form\u011b aktivn\u00ed stabiln\u00ed p\u011bny p\u0159\u00edmo na \u010di\u0161t\u011bn\u00e9 m\u00edsto, nest\u00e9k\u00e1 a d\u00edky tomu p\u016fsob\u00ed na ne\u010distoty del\u0161\u00ed dobu. Pistole je z\u00e1rov\u011b\u0148 velni praktick\u00e1 a nab\u00edc\u00ed dokonale pohodln\u00fd \u00faklid. \u010ci\u0161t\u011bn\u00e9 plochy se nemus\u00ed p\u0159ed aplikac\u00ed Clinu om\u00fdvat.","og_url":"https:\/\/www.koupelnapro.com\/index.php\/produkt\/clin-cistic-na-okna-a-zrcadla-500-ml-novinka-13319\/","og_image":[{"width":348,"height":800,"url":"https:\/\/www.koupelnapro.com\/wp-content\/uploads\/2026\/SK0003482-CZ20260425-091842-0-1777079922-tablet-p04326-clin-windows-mirrors-lemon-cistic-na-okna-a-z.webp","type":"image\/webp"}],"twitter_card":"summary_large_image","schema":{"@context":"https:\/\/schema.org","@graph":[{"@type":"WebPage","@id":"https:\/\/www.koupelnapro.com\/index.php\/produkt\/clin-cistic-na-okna-a-zrcadla-500-ml-novinka-13319\/","url":"https:\/\/www.koupelnapro.com\/index.php\/produkt\/clin-cistic-na-okna-a-zrcadla-500-ml-novinka-13319\/","name":"Clin \u010disti\u010d na okna a zrcadla 500 ml Novinka -","isPartOf":{"@id":"https:\/\/www.koupelnapro.com\/#website"},"primaryImageOfPage":{"@id":"https:\/\/www.koupelnapro.com\/index.php\/produkt\/clin-cistic-na-okna-a-zrcadla-500-ml-novinka-13319\/#primaryimage"},"image":{"@id":"https:\/\/www.koupelnapro.com\/index.php\/produkt\/clin-cistic-na-okna-a-zrcadla-500-ml-novinka-13319\/#primaryimage"},"thumbnailUrl":"https:\/\/www.koupelnapro.com\/wp-content\/uploads\/2026\/SK0003482-CZ20260425-091842-0-1777079922-tablet-p04326-clin-windows-mirrors-lemon-cistic-na-okna-a-z.webp","datePublished":"2026-04-26T09:13:41+00:00","breadcrumb":{"@id":"https:\/\/www.koupelnapro.com\/index.php\/produkt\/clin-cistic-na-okna-a-zrcadla-500-ml-novinka-13319\/#breadcrumb"},"inLanguage":"cs","potentialAction":[{"@type":"ReadAction","target":["https:\/\/www.koupelnapro.com\/index.php\/produkt\/clin-cistic-na-okna-a-zrcadla-500-ml-novinka-13319\/"]}]},{"@type":"ImageObject","inLanguage":"cs","@id":"https:\/\/www.koupelnapro.com\/index.php\/produkt\/clin-cistic-na-okna-a-zrcadla-500-ml-novinka-13319\/#primaryimage","url":"https:\/\/www.koupelnapro.com\/wp-content\/uploads\/2026\/SK0003482-CZ20260425-091842-0-1777079922-tablet-p04326-clin-windows-mirrors-lemon-cistic-na-okna-a-z.webp","contentUrl":"https:\/\/www.koupelnapro.com\/wp-content\/uploads\/2026\/SK0003482-CZ20260425-091842-0-1777079922-tablet-p04326-clin-windows-mirrors-lemon-cistic-na-okna-a-z.webp","width":348,"height":800},{"@type":"BreadcrumbList","@id":"https:\/\/www.koupelnapro.com\/index.php\/produkt\/clin-cistic-na-okna-a-zrcadla-500-ml-novinka-13319\/#breadcrumb","itemListElement":[{"@type":"ListItem","position":1,"name":"Home","item":"https:\/\/www.koupelnapro.com\/"},{"@type":"ListItem","position":2,"name":"Products","item":"https:\/\/www.koupelnapro.com\/index.php\/products\/"},{"@type":"ListItem","position":3,"name":"Clin \u010disti\u010d na okna a zrcadla 500 ml Novinka"}]},{"@type":"WebSite","@id":"https:\/\/www.koupelnapro.com\/#website","url":"https:\/\/www.koupelnapro.com\/","name":"","description":"","potentialAction":[{"@type":"SearchAction","target":{"@type":"EntryPoint","urlTemplate":"https:\/\/www.koupelnapro.com\/?s={search_term_string}"},"query-input":{"@type":"PropertyValueSpecification","valueRequired":true,"valueName":"search_term_string"}}],"inLanguage":"cs"}]}},"_links":{"self":[{"href":"https:\/\/www.koupelnapro.com\/index.php\/wp-json\/wp\/v2\/product\/13319","targetHints":{"allow":["GET"]}}],"collection":[{"href":"https:\/\/www.koupelnapro.com\/index.php\/wp-json\/wp\/v2\/product"}],"about":[{"href":"https:\/\/www.koupelnapro.com\/index.php\/wp-json\/wp\/v2\/types\/product"}],"replies":[{"embeddable":true,"href":"https:\/\/www.koupelnapro.com\/index.php\/wp-json\/wp\/v2\/comments?post=13319"}],"wp:featuredmedia":[{"embeddable":true,"href":"https:\/\/www.koupelnapro.com\/index.php\/wp-json\/wp\/v2\/media\/13419"}],"wp:attachment":[{"href":"https:\/\/www.koupelnapro.com\/index.php\/wp-json\/wp\/v2\/media?parent=13319"}],"wp:term":[{"taxonomy":"product_brand","embeddable":true,"href":"https:\/\/www.koupelnapro.com\/index.php\/wp-json\/wp\/v2\/product_brand?post=13319"},{"taxonomy":"product_cat","embeddable":true,"href":"https:\/\/www.koupelnapro.com\/index.php\/wp-json\/wp\/v2\/product_cat?post=13319"},{"taxonomy":"product_tag","embeddable":true,"href":"https:\/\/www.koupelnapro.com\/index.php\/wp-json\/wp\/v2\/product_tag?post=13319"}],"curies":[{"name":"wp","href":"https:\/\/api.w.org\/{rel}","templated":true}]}}