{"id":13145,"date":"2026-04-26T09:13:40","date_gmt":"2026-04-26T09:13:40","guid":{"rendered":""},"modified":"2026-04-26T09:13:40","modified_gmt":"2026-04-26T09:13:40","slug":"levny-hadice-prackova-privodni-2-m-s-kolinkem-13145","status":"publish","type":"product","link":"https:\/\/www.koupelnapro.com\/index.php\/produkt\/levny-hadice-prackova-privodni-2-m-s-kolinkem-13145\/","title":{"rendered":"Levn\u00fd Hadice pra\u010dkov\u00e1 p\u0159\u00edvodn\u00ed 2\u00a0m s\u00a0kol\u00ednkem"},"content":{"rendered":"<div class=\"content-actual\">\n<ul>\n<li>pra\u010dkov\u00e1 hadice p\u0159\u00edvodn\u00ed<\/li>\n<li>\u0161ed\u00e1 hadice ze speci\u00e1ln\u00ed PVC sm\u011bsi, tlakov\u00e1 kostra PES, plastov\u00e9 koncovky, hlin\u00edkov\u00e9 obj\u00edmky, pry\u017eov\u00e1 t\u011bsn\u011bn\u00ed<\/li>\n<li>rozm\u011bry: 9,5\/16 mm<\/li>\n<li>tlak pracovn\u00ed 20 bar<\/li>\n<li>tlak poruchov\u00fd 60 bar<\/li>\n<li>pracovn\u00ed teplota: do +70 \u00b0C<\/li>\n<li>pou\u017eit\u00e9 koncovky: 1x p\u0159\u00edm\u00e1 s matic\u00ed 3\/4&#8243;, 1x kol\u00ednko s matic\u00ed 3\/4<\/li>\n<li>balen\u00ed jednotliv\u011b v PE s\u00e1\u010dc\u00edch<\/li>\n<\/ul><\/div>\n<\/p><\/div>\n","protected":false},"excerpt":{"rendered":"<p>pra\u010dkov\u00e1 hadice p\u0159\u00edvodn\u00ed \u0161ed\u00e1 hadice ze speci\u00e1ln\u00ed PVC sm\u011bsi, tlakov\u00e1 kostra PES, plastov\u00e9 koncovky, hlin\u00edkov\u00e9 obj\u00edmky, pry\u017eov\u00e1 t\u011bsn\u011bn\u00ed rozm\u011bry: 9,5\/16 mm tlak pracovn\u00ed 20 bar tlak poruchov\u00fd 60 bar pracovn\u00ed teplota: do +70 \u00b0C pou\u017eit\u00e9 koncovky: 1x p\u0159\u00edm\u00e1 s matic\u00ed 3\/4&#8243;, 1x kol\u00ednko s matic\u00ed 3\/4 balen\u00ed jednotliv\u011b v PE s\u00e1\u010dc\u00edch<\/p>\n","protected":false},"featured_media":13245,"comment_status":"open","ping_status":"open","template":"","meta":[],"product_brand":[],"product_cat":[78],"product_tag":[],"class_list":{"0":"post-13145","1":"product","2":"type-product","3":"status-publish","4":"has-post-thumbnail","6":"product_cat-interier-a-domacnost","8":"first","9":"instock","10":"sale","11":"shipping-taxable","12":"purchasable","13":"product-type-simple"},"yoast_head":"<!-- This site is optimized with the Yoast SEO plugin v26.8 - https:\/\/yoast.com\/product\/yoast-seo-wordpress\/ -->\n<title>Levn\u00fd Hadice pra\u010dkov\u00e1 p\u0159\u00edvodn\u00ed 2\u00a0m s\u00a0kol\u00ednkem -<\/title>\n<meta name=\"robots\" content=\"index, follow, max-snippet:-1, max-image-preview:large, max-video-preview:-1\" \/>\n<link rel=\"canonical\" href=\"https:\/\/www.koupelnapro.com\/index.php\/produkt\/levny-hadice-prackova-privodni-2-m-s-kolinkem-13145\/\" \/>\n<meta property=\"og:locale\" content=\"cs_CZ\" \/>\n<meta property=\"og:type\" content=\"article\" \/>\n<meta property=\"og:title\" content=\"Levn\u00fd Hadice pra\u010dkov\u00e1 p\u0159\u00edvodn\u00ed 2\u00a0m s\u00a0kol\u00ednkem -\" \/>\n<meta property=\"og:description\" content=\"pra\u010dkov\u00e1 hadice p\u0159\u00edvodn\u00ed \u0161ed\u00e1 hadice ze speci\u00e1ln\u00ed PVC sm\u011bsi, tlakov\u00e1 kostra PES, plastov\u00e9 koncovky, hlin\u00edkov\u00e9 obj\u00edmky, pry\u017eov\u00e1 t\u011bsn\u011bn\u00ed rozm\u011bry: 9,5\/16 mm tlak pracovn\u00ed 20 bar tlak poruchov\u00fd 60 bar pracovn\u00ed teplota: do +70 \u00b0C pou\u017eit\u00e9 koncovky: 1x p\u0159\u00edm\u00e1 s matic\u00ed 3\/4&#8243;, 1x kol\u00ednko s matic\u00ed 3\/4 balen\u00ed jednotliv\u011b v PE s\u00e1\u010dc\u00edch\" \/>\n<meta property=\"og:url\" content=\"https:\/\/www.koupelnapro.com\/index.php\/produkt\/levny-hadice-prackova-privodni-2-m-s-kolinkem-13145\/\" \/>\n<meta property=\"og:image\" content=\"https:\/\/www.koupelnapro.com\/wp-content\/uploads\/2026\/SK0003408-CZ20260425-091842-0-1777079922-tablet-147800_hadice-prackova-privodni-s-kolinkem-1-m_0a.we.webp\" \/>\n\t<meta property=\"og:image:width\" content=\"500\" \/>\n\t<meta property=\"og:image:height\" content=\"500\" \/>\n\t<meta property=\"og:image:type\" content=\"image\/webp\" \/>\n<meta name=\"twitter:card\" content=\"summary_large_image\" \/>\n<script type=\"application\/ld+json\" class=\"yoast-schema-graph\">{\"@context\":\"https:\/\/schema.org\",\"@graph\":[{\"@type\":\"WebPage\",\"@id\":\"https:\/\/www.koupelnapro.com\/index.php\/produkt\/levny-hadice-prackova-privodni-2-m-s-kolinkem-13145\/\",\"url\":\"https:\/\/www.koupelnapro.com\/index.php\/produkt\/levny-hadice-prackova-privodni-2-m-s-kolinkem-13145\/\",\"name\":\"Levn\u00fd Hadice pra\u010dkov\u00e1 p\u0159\u00edvodn\u00ed 2\u00a0m s\u00a0kol\u00ednkem -\",\"isPartOf\":{\"@id\":\"https:\/\/www.koupelnapro.com\/#website\"},\"primaryImageOfPage\":{\"@id\":\"https:\/\/www.koupelnapro.com\/index.php\/produkt\/levny-hadice-prackova-privodni-2-m-s-kolinkem-13145\/#primaryimage\"},\"image\":{\"@id\":\"https:\/\/www.koupelnapro.com\/index.php\/produkt\/levny-hadice-prackova-privodni-2-m-s-kolinkem-13145\/#primaryimage\"},\"thumbnailUrl\":\"https:\/\/www.koupelnapro.com\/wp-content\/uploads\/2026\/SK0003408-CZ20260425-091842-0-1777079922-tablet-147800_hadice-prackova-privodni-s-kolinkem-1-m_0a.we.webp\",\"datePublished\":\"2026-04-26T09:13:40+00:00\",\"breadcrumb\":{\"@id\":\"https:\/\/www.koupelnapro.com\/index.php\/produkt\/levny-hadice-prackova-privodni-2-m-s-kolinkem-13145\/#breadcrumb\"},\"inLanguage\":\"cs\",\"potentialAction\":[{\"@type\":\"ReadAction\",\"target\":[\"https:\/\/www.koupelnapro.com\/index.php\/produkt\/levny-hadice-prackova-privodni-2-m-s-kolinkem-13145\/\"]}]},{\"@type\":\"ImageObject\",\"inLanguage\":\"cs\",\"@id\":\"https:\/\/www.koupelnapro.com\/index.php\/produkt\/levny-hadice-prackova-privodni-2-m-s-kolinkem-13145\/#primaryimage\",\"url\":\"https:\/\/www.koupelnapro.com\/wp-content\/uploads\/2026\/SK0003408-CZ20260425-091842-0-1777079922-tablet-147800_hadice-prackova-privodni-s-kolinkem-1-m_0a.we.webp\",\"contentUrl\":\"https:\/\/www.koupelnapro.com\/wp-content\/uploads\/2026\/SK0003408-CZ20260425-091842-0-1777079922-tablet-147800_hadice-prackova-privodni-s-kolinkem-1-m_0a.we.webp\",\"width\":500,\"height\":500},{\"@type\":\"BreadcrumbList\",\"@id\":\"https:\/\/www.koupelnapro.com\/index.php\/produkt\/levny-hadice-prackova-privodni-2-m-s-kolinkem-13145\/#breadcrumb\",\"itemListElement\":[{\"@type\":\"ListItem\",\"position\":1,\"name\":\"Home\",\"item\":\"https:\/\/www.koupelnapro.com\/\"},{\"@type\":\"ListItem\",\"position\":2,\"name\":\"Products\",\"item\":\"https:\/\/www.koupelnapro.com\/index.php\/products\/\"},{\"@type\":\"ListItem\",\"position\":3,\"name\":\"Levn\u00fd Hadice pra\u010dkov\u00e1 p\u0159\u00edvodn\u00ed 2\u00a0m s\u00a0kol\u00ednkem\"}]},{\"@type\":\"WebSite\",\"@id\":\"https:\/\/www.koupelnapro.com\/#website\",\"url\":\"https:\/\/www.koupelnapro.com\/\",\"name\":\"\",\"description\":\"\",\"potentialAction\":[{\"@type\":\"SearchAction\",\"target\":{\"@type\":\"EntryPoint\",\"urlTemplate\":\"https:\/\/www.koupelnapro.com\/?s={search_term_string}\"},\"query-input\":{\"@type\":\"PropertyValueSpecification\",\"valueRequired\":true,\"valueName\":\"search_term_string\"}}],\"inLanguage\":\"cs\"}]}<\/script>\n<!-- \/ Yoast SEO plugin. -->","yoast_head_json":{"title":"Levn\u00fd Hadice pra\u010dkov\u00e1 p\u0159\u00edvodn\u00ed 2\u00a0m s\u00a0kol\u00ednkem -","robots":{"index":"index","follow":"follow","max-snippet":"max-snippet:-1","max-image-preview":"max-image-preview:large","max-video-preview":"max-video-preview:-1"},"canonical":"https:\/\/www.koupelnapro.com\/index.php\/produkt\/levny-hadice-prackova-privodni-2-m-s-kolinkem-13145\/","og_locale":"cs_CZ","og_type":"article","og_title":"Levn\u00fd Hadice pra\u010dkov\u00e1 p\u0159\u00edvodn\u00ed 2\u00a0m s\u00a0kol\u00ednkem -","og_description":"pra\u010dkov\u00e1 hadice p\u0159\u00edvodn\u00ed \u0161ed\u00e1 hadice ze speci\u00e1ln\u00ed PVC sm\u011bsi, tlakov\u00e1 kostra PES, plastov\u00e9 koncovky, hlin\u00edkov\u00e9 obj\u00edmky, pry\u017eov\u00e1 t\u011bsn\u011bn\u00ed rozm\u011bry: 9,5\/16 mm tlak pracovn\u00ed 20 bar tlak poruchov\u00fd 60 bar pracovn\u00ed teplota: do +70 \u00b0C pou\u017eit\u00e9 koncovky: 1x p\u0159\u00edm\u00e1 s matic\u00ed 3\/4&#8243;, 1x kol\u00ednko s matic\u00ed 3\/4 balen\u00ed jednotliv\u011b v PE s\u00e1\u010dc\u00edch","og_url":"https:\/\/www.koupelnapro.com\/index.php\/produkt\/levny-hadice-prackova-privodni-2-m-s-kolinkem-13145\/","og_image":[{"width":500,"height":500,"url":"https:\/\/www.koupelnapro.com\/wp-content\/uploads\/2026\/SK0003408-CZ20260425-091842-0-1777079922-tablet-147800_hadice-prackova-privodni-s-kolinkem-1-m_0a.we.webp","type":"image\/webp"}],"twitter_card":"summary_large_image","schema":{"@context":"https:\/\/schema.org","@graph":[{"@type":"WebPage","@id":"https:\/\/www.koupelnapro.com\/index.php\/produkt\/levny-hadice-prackova-privodni-2-m-s-kolinkem-13145\/","url":"https:\/\/www.koupelnapro.com\/index.php\/produkt\/levny-hadice-prackova-privodni-2-m-s-kolinkem-13145\/","name":"Levn\u00fd Hadice pra\u010dkov\u00e1 p\u0159\u00edvodn\u00ed 2\u00a0m s\u00a0kol\u00ednkem -","isPartOf":{"@id":"https:\/\/www.koupelnapro.com\/#website"},"primaryImageOfPage":{"@id":"https:\/\/www.koupelnapro.com\/index.php\/produkt\/levny-hadice-prackova-privodni-2-m-s-kolinkem-13145\/#primaryimage"},"image":{"@id":"https:\/\/www.koupelnapro.com\/index.php\/produkt\/levny-hadice-prackova-privodni-2-m-s-kolinkem-13145\/#primaryimage"},"thumbnailUrl":"https:\/\/www.koupelnapro.com\/wp-content\/uploads\/2026\/SK0003408-CZ20260425-091842-0-1777079922-tablet-147800_hadice-prackova-privodni-s-kolinkem-1-m_0a.we.webp","datePublished":"2026-04-26T09:13:40+00:00","breadcrumb":{"@id":"https:\/\/www.koupelnapro.com\/index.php\/produkt\/levny-hadice-prackova-privodni-2-m-s-kolinkem-13145\/#breadcrumb"},"inLanguage":"cs","potentialAction":[{"@type":"ReadAction","target":["https:\/\/www.koupelnapro.com\/index.php\/produkt\/levny-hadice-prackova-privodni-2-m-s-kolinkem-13145\/"]}]},{"@type":"ImageObject","inLanguage":"cs","@id":"https:\/\/www.koupelnapro.com\/index.php\/produkt\/levny-hadice-prackova-privodni-2-m-s-kolinkem-13145\/#primaryimage","url":"https:\/\/www.koupelnapro.com\/wp-content\/uploads\/2026\/SK0003408-CZ20260425-091842-0-1777079922-tablet-147800_hadice-prackova-privodni-s-kolinkem-1-m_0a.we.webp","contentUrl":"https:\/\/www.koupelnapro.com\/wp-content\/uploads\/2026\/SK0003408-CZ20260425-091842-0-1777079922-tablet-147800_hadice-prackova-privodni-s-kolinkem-1-m_0a.we.webp","width":500,"height":500},{"@type":"BreadcrumbList","@id":"https:\/\/www.koupelnapro.com\/index.php\/produkt\/levny-hadice-prackova-privodni-2-m-s-kolinkem-13145\/#breadcrumb","itemListElement":[{"@type":"ListItem","position":1,"name":"Home","item":"https:\/\/www.koupelnapro.com\/"},{"@type":"ListItem","position":2,"name":"Products","item":"https:\/\/www.koupelnapro.com\/index.php\/products\/"},{"@type":"ListItem","position":3,"name":"Levn\u00fd Hadice pra\u010dkov\u00e1 p\u0159\u00edvodn\u00ed 2\u00a0m s\u00a0kol\u00ednkem"}]},{"@type":"WebSite","@id":"https:\/\/www.koupelnapro.com\/#website","url":"https:\/\/www.koupelnapro.com\/","name":"","description":"","potentialAction":[{"@type":"SearchAction","target":{"@type":"EntryPoint","urlTemplate":"https:\/\/www.koupelnapro.com\/?s={search_term_string}"},"query-input":{"@type":"PropertyValueSpecification","valueRequired":true,"valueName":"search_term_string"}}],"inLanguage":"cs"}]}},"_links":{"self":[{"href":"https:\/\/www.koupelnapro.com\/index.php\/wp-json\/wp\/v2\/product\/13145","targetHints":{"allow":["GET"]}}],"collection":[{"href":"https:\/\/www.koupelnapro.com\/index.php\/wp-json\/wp\/v2\/product"}],"about":[{"href":"https:\/\/www.koupelnapro.com\/index.php\/wp-json\/wp\/v2\/types\/product"}],"replies":[{"embeddable":true,"href":"https:\/\/www.koupelnapro.com\/index.php\/wp-json\/wp\/v2\/comments?post=13145"}],"wp:featuredmedia":[{"embeddable":true,"href":"https:\/\/www.koupelnapro.com\/index.php\/wp-json\/wp\/v2\/media\/13245"}],"wp:attachment":[{"href":"https:\/\/www.koupelnapro.com\/index.php\/wp-json\/wp\/v2\/media?parent=13145"}],"wp:term":[{"taxonomy":"product_brand","embeddable":true,"href":"https:\/\/www.koupelnapro.com\/index.php\/wp-json\/wp\/v2\/product_brand?post=13145"},{"taxonomy":"product_cat","embeddable":true,"href":"https:\/\/www.koupelnapro.com\/index.php\/wp-json\/wp\/v2\/product_cat?post=13145"},{"taxonomy":"product_tag","embeddable":true,"href":"https:\/\/www.koupelnapro.com\/index.php\/wp-json\/wp\/v2\/product_tag?post=13145"}],"curies":[{"name":"wp","href":"https:\/\/api.w.org\/{rel}","templated":true}]}}