{"id":12938,"date":"2026-04-26T09:13:39","date_gmt":"2026-04-26T09:13:39","guid":{"rendered":""},"modified":"2026-04-26T09:13:39","modified_gmt":"2026-04-26T09:13:39","slug":"znackovy-racna-dotahovaci-festa-3-8-quot-36-zubu-12938","status":"publish","type":"product","link":"https:\/\/www.koupelnapro.com\/index.php\/produkt\/znackovy-racna-dotahovaci-festa-3-8-quot-36-zubu-12938\/","title":{"rendered":"Zna\u010dkov\u00fd R\u00e1\u010dna dotahovac\u00ed Festa 3\/8&quot; 36\u00a0zub\u016f"},"content":{"rendered":"<div class=\"content-actual\">\n<ul>\n<li>vysoce kvalitn\u00ed r\u00e1\u010dna FESTA<\/li>\n<li>vyrobena z chromvanadiov\u00e9 oceli, kovan\u00e1<\/li>\n<li>jemn\u00fd mechanizmus s p\u0159ep\u00ednac\u00ed p\u00e1\u010dkou, tla\u010d\u00edtkov\u00e1 pojistka proti vypadnut\u00ed hlavice<\/li>\n<li>plastov\u00e1 ergonomick\u00e1 rukoje\u0165 pro lep\u0161\u00ed dr\u017een\u00ed<\/li>\n<li>z\u00e1ruka kvality 10 let\u00a0<\/li>\n<\/ul><\/div>\n<\/p><\/div>\n","protected":false},"excerpt":{"rendered":"<p>vysoce kvalitn\u00ed r\u00e1\u010dna FESTA vyrobena z chromvanadiov\u00e9 oceli, kovan\u00e1 jemn\u00fd mechanizmus s p\u0159ep\u00ednac\u00ed p\u00e1\u010dkou, tla\u010d\u00edtkov\u00e1 pojistka proti vypadnut\u00ed hlavice plastov\u00e1 ergonomick\u00e1 rukoje\u0165 pro lep\u0161\u00ed dr\u017een\u00ed z\u00e1ruka kvality 10 let\u00a0<\/p>\n","protected":false},"featured_media":13038,"comment_status":"open","ping_status":"open","template":"","meta":[],"product_brand":[],"product_cat":[75],"product_tag":[],"class_list":{"0":"post-12938","1":"product","2":"type-product","3":"status-publish","4":"has-post-thumbnail","6":"product_cat-naradi-a-pomucky","8":"first","9":"instock","10":"sale","11":"shipping-taxable","12":"purchasable","13":"product-type-simple"},"yoast_head":"<!-- This site is optimized with the Yoast SEO plugin v26.8 - https:\/\/yoast.com\/product\/yoast-seo-wordpress\/ -->\n<title>Zna\u010dkov\u00fd R\u00e1\u010dna dotahovac\u00ed Festa 3\/8&quot; 36\u00a0zub\u016f -<\/title>\n<meta name=\"robots\" content=\"index, follow, max-snippet:-1, max-image-preview:large, max-video-preview:-1\" \/>\n<link rel=\"canonical\" href=\"https:\/\/www.koupelnapro.com\/index.php\/produkt\/znackovy-racna-dotahovaci-festa-3-8-quot-36-zubu-12938\/\" \/>\n<meta property=\"og:locale\" content=\"cs_CZ\" \/>\n<meta property=\"og:type\" content=\"article\" \/>\n<meta property=\"og:title\" content=\"Zna\u010dkov\u00fd R\u00e1\u010dna dotahovac\u00ed Festa 3\/8&quot; 36\u00a0zub\u016f -\" \/>\n<meta property=\"og:description\" content=\"vysoce kvalitn\u00ed r\u00e1\u010dna FESTA vyrobena z chromvanadiov\u00e9 oceli, kovan\u00e1 jemn\u00fd mechanizmus s p\u0159ep\u00ednac\u00ed p\u00e1\u010dkou, tla\u010d\u00edtkov\u00e1 pojistka proti vypadnut\u00ed hlavice plastov\u00e1 ergonomick\u00e1 rukoje\u0165 pro lep\u0161\u00ed dr\u017een\u00ed z\u00e1ruka kvality 10 let\u00a0\" \/>\n<meta property=\"og:url\" content=\"https:\/\/www.koupelnapro.com\/index.php\/produkt\/znackovy-racna-dotahovaci-festa-3-8-quot-36-zubu-12938\/\" \/>\n<meta property=\"og:image\" content=\"https:\/\/www.koupelnapro.com\/wp-content\/uploads\/2026\/SK0003301-CZ20260425-091842-0-1777079922-tablet-117208_racna-profi-1-2-crv-72-zubu-festa_0a.webp\" \/>\n\t<meta property=\"og:image:width\" content=\"500\" \/>\n\t<meta property=\"og:image:height\" content=\"500\" \/>\n\t<meta property=\"og:image:type\" content=\"image\/webp\" \/>\n<meta name=\"twitter:card\" content=\"summary_large_image\" \/>\n<script type=\"application\/ld+json\" class=\"yoast-schema-graph\">{\"@context\":\"https:\/\/schema.org\",\"@graph\":[{\"@type\":\"WebPage\",\"@id\":\"https:\/\/www.koupelnapro.com\/index.php\/produkt\/znackovy-racna-dotahovaci-festa-3-8-quot-36-zubu-12938\/\",\"url\":\"https:\/\/www.koupelnapro.com\/index.php\/produkt\/znackovy-racna-dotahovaci-festa-3-8-quot-36-zubu-12938\/\",\"name\":\"Zna\u010dkov\u00fd R\u00e1\u010dna dotahovac\u00ed Festa 3\/8&quot; 36\u00a0zub\u016f -\",\"isPartOf\":{\"@id\":\"https:\/\/www.koupelnapro.com\/#website\"},\"primaryImageOfPage\":{\"@id\":\"https:\/\/www.koupelnapro.com\/index.php\/produkt\/znackovy-racna-dotahovaci-festa-3-8-quot-36-zubu-12938\/#primaryimage\"},\"image\":{\"@id\":\"https:\/\/www.koupelnapro.com\/index.php\/produkt\/znackovy-racna-dotahovaci-festa-3-8-quot-36-zubu-12938\/#primaryimage\"},\"thumbnailUrl\":\"https:\/\/www.koupelnapro.com\/wp-content\/uploads\/2026\/SK0003301-CZ20260425-091842-0-1777079922-tablet-117208_racna-profi-1-2-crv-72-zubu-festa_0a.webp\",\"datePublished\":\"2026-04-26T09:13:39+00:00\",\"breadcrumb\":{\"@id\":\"https:\/\/www.koupelnapro.com\/index.php\/produkt\/znackovy-racna-dotahovaci-festa-3-8-quot-36-zubu-12938\/#breadcrumb\"},\"inLanguage\":\"cs\",\"potentialAction\":[{\"@type\":\"ReadAction\",\"target\":[\"https:\/\/www.koupelnapro.com\/index.php\/produkt\/znackovy-racna-dotahovaci-festa-3-8-quot-36-zubu-12938\/\"]}]},{\"@type\":\"ImageObject\",\"inLanguage\":\"cs\",\"@id\":\"https:\/\/www.koupelnapro.com\/index.php\/produkt\/znackovy-racna-dotahovaci-festa-3-8-quot-36-zubu-12938\/#primaryimage\",\"url\":\"https:\/\/www.koupelnapro.com\/wp-content\/uploads\/2026\/SK0003301-CZ20260425-091842-0-1777079922-tablet-117208_racna-profi-1-2-crv-72-zubu-festa_0a.webp\",\"contentUrl\":\"https:\/\/www.koupelnapro.com\/wp-content\/uploads\/2026\/SK0003301-CZ20260425-091842-0-1777079922-tablet-117208_racna-profi-1-2-crv-72-zubu-festa_0a.webp\",\"width\":500,\"height\":500},{\"@type\":\"BreadcrumbList\",\"@id\":\"https:\/\/www.koupelnapro.com\/index.php\/produkt\/znackovy-racna-dotahovaci-festa-3-8-quot-36-zubu-12938\/#breadcrumb\",\"itemListElement\":[{\"@type\":\"ListItem\",\"position\":1,\"name\":\"Home\",\"item\":\"https:\/\/www.koupelnapro.com\/\"},{\"@type\":\"ListItem\",\"position\":2,\"name\":\"Products\",\"item\":\"https:\/\/www.koupelnapro.com\/index.php\/products\/\"},{\"@type\":\"ListItem\",\"position\":3,\"name\":\"Zna\u010dkov\u00fd R\u00e1\u010dna dotahovac\u00ed Festa 3\/8&quot; 36\u00a0zub\u016f\"}]},{\"@type\":\"WebSite\",\"@id\":\"https:\/\/www.koupelnapro.com\/#website\",\"url\":\"https:\/\/www.koupelnapro.com\/\",\"name\":\"\",\"description\":\"\",\"potentialAction\":[{\"@type\":\"SearchAction\",\"target\":{\"@type\":\"EntryPoint\",\"urlTemplate\":\"https:\/\/www.koupelnapro.com\/?s={search_term_string}\"},\"query-input\":{\"@type\":\"PropertyValueSpecification\",\"valueRequired\":true,\"valueName\":\"search_term_string\"}}],\"inLanguage\":\"cs\"}]}<\/script>\n<!-- \/ Yoast SEO plugin. -->","yoast_head_json":{"title":"Zna\u010dkov\u00fd R\u00e1\u010dna dotahovac\u00ed Festa 3\/8&quot; 36\u00a0zub\u016f -","robots":{"index":"index","follow":"follow","max-snippet":"max-snippet:-1","max-image-preview":"max-image-preview:large","max-video-preview":"max-video-preview:-1"},"canonical":"https:\/\/www.koupelnapro.com\/index.php\/produkt\/znackovy-racna-dotahovaci-festa-3-8-quot-36-zubu-12938\/","og_locale":"cs_CZ","og_type":"article","og_title":"Zna\u010dkov\u00fd R\u00e1\u010dna dotahovac\u00ed Festa 3\/8&quot; 36\u00a0zub\u016f -","og_description":"vysoce kvalitn\u00ed r\u00e1\u010dna FESTA vyrobena z chromvanadiov\u00e9 oceli, kovan\u00e1 jemn\u00fd mechanizmus s p\u0159ep\u00ednac\u00ed p\u00e1\u010dkou, tla\u010d\u00edtkov\u00e1 pojistka proti vypadnut\u00ed hlavice plastov\u00e1 ergonomick\u00e1 rukoje\u0165 pro lep\u0161\u00ed dr\u017een\u00ed z\u00e1ruka kvality 10 let\u00a0","og_url":"https:\/\/www.koupelnapro.com\/index.php\/produkt\/znackovy-racna-dotahovaci-festa-3-8-quot-36-zubu-12938\/","og_image":[{"width":500,"height":500,"url":"https:\/\/www.koupelnapro.com\/wp-content\/uploads\/2026\/SK0003301-CZ20260425-091842-0-1777079922-tablet-117208_racna-profi-1-2-crv-72-zubu-festa_0a.webp","type":"image\/webp"}],"twitter_card":"summary_large_image","schema":{"@context":"https:\/\/schema.org","@graph":[{"@type":"WebPage","@id":"https:\/\/www.koupelnapro.com\/index.php\/produkt\/znackovy-racna-dotahovaci-festa-3-8-quot-36-zubu-12938\/","url":"https:\/\/www.koupelnapro.com\/index.php\/produkt\/znackovy-racna-dotahovaci-festa-3-8-quot-36-zubu-12938\/","name":"Zna\u010dkov\u00fd R\u00e1\u010dna dotahovac\u00ed Festa 3\/8&quot; 36\u00a0zub\u016f -","isPartOf":{"@id":"https:\/\/www.koupelnapro.com\/#website"},"primaryImageOfPage":{"@id":"https:\/\/www.koupelnapro.com\/index.php\/produkt\/znackovy-racna-dotahovaci-festa-3-8-quot-36-zubu-12938\/#primaryimage"},"image":{"@id":"https:\/\/www.koupelnapro.com\/index.php\/produkt\/znackovy-racna-dotahovaci-festa-3-8-quot-36-zubu-12938\/#primaryimage"},"thumbnailUrl":"https:\/\/www.koupelnapro.com\/wp-content\/uploads\/2026\/SK0003301-CZ20260425-091842-0-1777079922-tablet-117208_racna-profi-1-2-crv-72-zubu-festa_0a.webp","datePublished":"2026-04-26T09:13:39+00:00","breadcrumb":{"@id":"https:\/\/www.koupelnapro.com\/index.php\/produkt\/znackovy-racna-dotahovaci-festa-3-8-quot-36-zubu-12938\/#breadcrumb"},"inLanguage":"cs","potentialAction":[{"@type":"ReadAction","target":["https:\/\/www.koupelnapro.com\/index.php\/produkt\/znackovy-racna-dotahovaci-festa-3-8-quot-36-zubu-12938\/"]}]},{"@type":"ImageObject","inLanguage":"cs","@id":"https:\/\/www.koupelnapro.com\/index.php\/produkt\/znackovy-racna-dotahovaci-festa-3-8-quot-36-zubu-12938\/#primaryimage","url":"https:\/\/www.koupelnapro.com\/wp-content\/uploads\/2026\/SK0003301-CZ20260425-091842-0-1777079922-tablet-117208_racna-profi-1-2-crv-72-zubu-festa_0a.webp","contentUrl":"https:\/\/www.koupelnapro.com\/wp-content\/uploads\/2026\/SK0003301-CZ20260425-091842-0-1777079922-tablet-117208_racna-profi-1-2-crv-72-zubu-festa_0a.webp","width":500,"height":500},{"@type":"BreadcrumbList","@id":"https:\/\/www.koupelnapro.com\/index.php\/produkt\/znackovy-racna-dotahovaci-festa-3-8-quot-36-zubu-12938\/#breadcrumb","itemListElement":[{"@type":"ListItem","position":1,"name":"Home","item":"https:\/\/www.koupelnapro.com\/"},{"@type":"ListItem","position":2,"name":"Products","item":"https:\/\/www.koupelnapro.com\/index.php\/products\/"},{"@type":"ListItem","position":3,"name":"Zna\u010dkov\u00fd R\u00e1\u010dna dotahovac\u00ed Festa 3\/8&quot; 36\u00a0zub\u016f"}]},{"@type":"WebSite","@id":"https:\/\/www.koupelnapro.com\/#website","url":"https:\/\/www.koupelnapro.com\/","name":"","description":"","potentialAction":[{"@type":"SearchAction","target":{"@type":"EntryPoint","urlTemplate":"https:\/\/www.koupelnapro.com\/?s={search_term_string}"},"query-input":{"@type":"PropertyValueSpecification","valueRequired":true,"valueName":"search_term_string"}}],"inLanguage":"cs"}]}},"_links":{"self":[{"href":"https:\/\/www.koupelnapro.com\/index.php\/wp-json\/wp\/v2\/product\/12938","targetHints":{"allow":["GET"]}}],"collection":[{"href":"https:\/\/www.koupelnapro.com\/index.php\/wp-json\/wp\/v2\/product"}],"about":[{"href":"https:\/\/www.koupelnapro.com\/index.php\/wp-json\/wp\/v2\/types\/product"}],"replies":[{"embeddable":true,"href":"https:\/\/www.koupelnapro.com\/index.php\/wp-json\/wp\/v2\/comments?post=12938"}],"wp:featuredmedia":[{"embeddable":true,"href":"https:\/\/www.koupelnapro.com\/index.php\/wp-json\/wp\/v2\/media\/13038"}],"wp:attachment":[{"href":"https:\/\/www.koupelnapro.com\/index.php\/wp-json\/wp\/v2\/media?parent=12938"}],"wp:term":[{"taxonomy":"product_brand","embeddable":true,"href":"https:\/\/www.koupelnapro.com\/index.php\/wp-json\/wp\/v2\/product_brand?post=12938"},{"taxonomy":"product_cat","embeddable":true,"href":"https:\/\/www.koupelnapro.com\/index.php\/wp-json\/wp\/v2\/product_cat?post=12938"},{"taxonomy":"product_tag","embeddable":true,"href":"https:\/\/www.koupelnapro.com\/index.php\/wp-json\/wp\/v2\/product_tag?post=12938"}],"curies":[{"name":"wp","href":"https:\/\/api.w.org\/{rel}","templated":true}]}}