{"id":12928,"date":"2026-04-26T09:13:39","date_gmt":"2026-04-26T09:13:39","guid":{"rendered":""},"modified":"2026-04-26T09:13:39","modified_gmt":"2026-04-26T09:13:39","slug":"specialni-cena-baterie-knoflikove-gp-a76f-lr44-5-ks-12928","status":"publish","type":"product","link":"https:\/\/www.koupelnapro.com\/index.php\/produkt\/specialni-cena-baterie-knoflikove-gp-a76f-lr44-5-ks-12928\/","title":{"rendered":"Speci\u00e1ln\u00ed Cena Baterie knofl\u00edkov\u00e9 GP A76F (LR44)\u00a05\u00a0ks"},"content":{"rendered":"<div class=\"content-actual\">\n<ul>\n<li>mo\u017enost nab\u00edjen\u00ed: ne<\/li>\n<li>chemick\u00e9 slo\u017een\u00ed: alkalick\u00e9<\/li>\n<li>kategorie\/\u0159ada: Alkaline cell<\/li>\n<li>jmenovit\u00e1 kapacita: 110 mAh (p\u0159i z\u00e1t\u011b\u017ei 1,6 kOhm)<\/li>\n<li>typov\u00e9 ozna\u010den\u00ed: GP A76F (AG13, LR44, LR1154, V13GA, PX76A)<\/li>\n<li>rozm\u011br: 11,6 \u00d7 5,40 mm<\/li>\n<li>prodejn\u00ed obal: 5 ks, blistr<\/li>\n<li>cena za mno\u017estv\u00ed: cena za 1 ks<\/li>\n<\/ul><\/div>\n<\/p><\/div>\n","protected":false},"excerpt":{"rendered":"<p>mo\u017enost nab\u00edjen\u00ed: ne chemick\u00e9 slo\u017een\u00ed: alkalick\u00e9 kategorie\/\u0159ada: Alkaline cell jmenovit\u00e1 kapacita: 110 mAh (p\u0159i z\u00e1t\u011b\u017ei 1,6 kOhm) typov\u00e9 ozna\u010den\u00ed: GP A76F (AG13, LR44, LR1154, V13GA, PX76A) rozm\u011br: 11,6 \u00d7 5,40 mm prodejn\u00ed obal: 5 ks, blistr cena za mno\u017estv\u00ed: cena za 1 ks<\/p>\n","protected":false},"featured_media":13028,"comment_status":"open","ping_status":"open","template":"","meta":[],"product_brand":[],"product_cat":[78],"product_tag":[],"class_list":{"0":"post-12928","1":"product","2":"type-product","3":"status-publish","4":"has-post-thumbnail","6":"product_cat-interier-a-domacnost","8":"first","9":"instock","10":"sale","11":"shipping-taxable","12":"purchasable","13":"product-type-simple"},"yoast_head":"<!-- This site is optimized with the Yoast SEO plugin v26.8 - https:\/\/yoast.com\/product\/yoast-seo-wordpress\/ -->\n<title>Speci\u00e1ln\u00ed Cena Baterie knofl\u00edkov\u00e9 GP A76F (LR44)\u00a05\u00a0ks -<\/title>\n<meta name=\"robots\" content=\"index, follow, max-snippet:-1, max-image-preview:large, max-video-preview:-1\" \/>\n<link rel=\"canonical\" href=\"https:\/\/www.koupelnapro.com\/index.php\/produkt\/specialni-cena-baterie-knoflikove-gp-a76f-lr44-5-ks-12928\/\" \/>\n<meta property=\"og:locale\" content=\"cs_CZ\" \/>\n<meta property=\"og:type\" content=\"article\" \/>\n<meta property=\"og:title\" content=\"Speci\u00e1ln\u00ed Cena Baterie knofl\u00edkov\u00e9 GP A76F (LR44)\u00a05\u00a0ks -\" \/>\n<meta property=\"og:description\" content=\"mo\u017enost nab\u00edjen\u00ed: ne chemick\u00e9 slo\u017een\u00ed: alkalick\u00e9 kategorie\/\u0159ada: Alkaline cell jmenovit\u00e1 kapacita: 110 mAh (p\u0159i z\u00e1t\u011b\u017ei 1,6 kOhm) typov\u00e9 ozna\u010den\u00ed: GP A76F (AG13, LR44, LR1154, V13GA, PX76A) rozm\u011br: 11,6 \u00d7 5,40 mm prodejn\u00ed obal: 5 ks, blistr cena za mno\u017estv\u00ed: cena za 1 ks\" \/>\n<meta property=\"og:url\" content=\"https:\/\/www.koupelnapro.com\/index.php\/produkt\/specialni-cena-baterie-knoflikove-gp-a76f-lr44-5-ks-12928\/\" \/>\n<meta property=\"og:image\" content=\"https:\/\/www.koupelnapro.com\/wp-content\/uploads\/2026\/SK0003291-CZ20260425-091842-0-1777079922-tablet-108834_baterie-gp-lr44-a76-5bl-blistr_0a.webp\" \/>\n\t<meta property=\"og:image:width\" content=\"500\" \/>\n\t<meta property=\"og:image:height\" content=\"500\" \/>\n\t<meta property=\"og:image:type\" content=\"image\/webp\" \/>\n<meta name=\"twitter:card\" content=\"summary_large_image\" \/>\n<script type=\"application\/ld+json\" class=\"yoast-schema-graph\">{\"@context\":\"https:\/\/schema.org\",\"@graph\":[{\"@type\":\"WebPage\",\"@id\":\"https:\/\/www.koupelnapro.com\/index.php\/produkt\/specialni-cena-baterie-knoflikove-gp-a76f-lr44-5-ks-12928\/\",\"url\":\"https:\/\/www.koupelnapro.com\/index.php\/produkt\/specialni-cena-baterie-knoflikove-gp-a76f-lr44-5-ks-12928\/\",\"name\":\"Speci\u00e1ln\u00ed Cena Baterie knofl\u00edkov\u00e9 GP A76F (LR44)\u00a05\u00a0ks -\",\"isPartOf\":{\"@id\":\"https:\/\/www.koupelnapro.com\/#website\"},\"primaryImageOfPage\":{\"@id\":\"https:\/\/www.koupelnapro.com\/index.php\/produkt\/specialni-cena-baterie-knoflikove-gp-a76f-lr44-5-ks-12928\/#primaryimage\"},\"image\":{\"@id\":\"https:\/\/www.koupelnapro.com\/index.php\/produkt\/specialni-cena-baterie-knoflikove-gp-a76f-lr44-5-ks-12928\/#primaryimage\"},\"thumbnailUrl\":\"https:\/\/www.koupelnapro.com\/wp-content\/uploads\/2026\/SK0003291-CZ20260425-091842-0-1777079922-tablet-108834_baterie-gp-lr44-a76-5bl-blistr_0a.webp\",\"datePublished\":\"2026-04-26T09:13:39+00:00\",\"breadcrumb\":{\"@id\":\"https:\/\/www.koupelnapro.com\/index.php\/produkt\/specialni-cena-baterie-knoflikove-gp-a76f-lr44-5-ks-12928\/#breadcrumb\"},\"inLanguage\":\"cs\",\"potentialAction\":[{\"@type\":\"ReadAction\",\"target\":[\"https:\/\/www.koupelnapro.com\/index.php\/produkt\/specialni-cena-baterie-knoflikove-gp-a76f-lr44-5-ks-12928\/\"]}]},{\"@type\":\"ImageObject\",\"inLanguage\":\"cs\",\"@id\":\"https:\/\/www.koupelnapro.com\/index.php\/produkt\/specialni-cena-baterie-knoflikove-gp-a76f-lr44-5-ks-12928\/#primaryimage\",\"url\":\"https:\/\/www.koupelnapro.com\/wp-content\/uploads\/2026\/SK0003291-CZ20260425-091842-0-1777079922-tablet-108834_baterie-gp-lr44-a76-5bl-blistr_0a.webp\",\"contentUrl\":\"https:\/\/www.koupelnapro.com\/wp-content\/uploads\/2026\/SK0003291-CZ20260425-091842-0-1777079922-tablet-108834_baterie-gp-lr44-a76-5bl-blistr_0a.webp\",\"width\":500,\"height\":500},{\"@type\":\"BreadcrumbList\",\"@id\":\"https:\/\/www.koupelnapro.com\/index.php\/produkt\/specialni-cena-baterie-knoflikove-gp-a76f-lr44-5-ks-12928\/#breadcrumb\",\"itemListElement\":[{\"@type\":\"ListItem\",\"position\":1,\"name\":\"Home\",\"item\":\"https:\/\/www.koupelnapro.com\/\"},{\"@type\":\"ListItem\",\"position\":2,\"name\":\"Products\",\"item\":\"https:\/\/www.koupelnapro.com\/index.php\/products\/\"},{\"@type\":\"ListItem\",\"position\":3,\"name\":\"Speci\u00e1ln\u00ed Cena Baterie knofl\u00edkov\u00e9 GP A76F (LR44)\u00a05\u00a0ks\"}]},{\"@type\":\"WebSite\",\"@id\":\"https:\/\/www.koupelnapro.com\/#website\",\"url\":\"https:\/\/www.koupelnapro.com\/\",\"name\":\"\",\"description\":\"\",\"potentialAction\":[{\"@type\":\"SearchAction\",\"target\":{\"@type\":\"EntryPoint\",\"urlTemplate\":\"https:\/\/www.koupelnapro.com\/?s={search_term_string}\"},\"query-input\":{\"@type\":\"PropertyValueSpecification\",\"valueRequired\":true,\"valueName\":\"search_term_string\"}}],\"inLanguage\":\"cs\"}]}<\/script>\n<!-- \/ Yoast SEO plugin. -->","yoast_head_json":{"title":"Speci\u00e1ln\u00ed Cena Baterie knofl\u00edkov\u00e9 GP A76F (LR44)\u00a05\u00a0ks -","robots":{"index":"index","follow":"follow","max-snippet":"max-snippet:-1","max-image-preview":"max-image-preview:large","max-video-preview":"max-video-preview:-1"},"canonical":"https:\/\/www.koupelnapro.com\/index.php\/produkt\/specialni-cena-baterie-knoflikove-gp-a76f-lr44-5-ks-12928\/","og_locale":"cs_CZ","og_type":"article","og_title":"Speci\u00e1ln\u00ed Cena Baterie knofl\u00edkov\u00e9 GP A76F (LR44)\u00a05\u00a0ks -","og_description":"mo\u017enost nab\u00edjen\u00ed: ne chemick\u00e9 slo\u017een\u00ed: alkalick\u00e9 kategorie\/\u0159ada: Alkaline cell jmenovit\u00e1 kapacita: 110 mAh (p\u0159i z\u00e1t\u011b\u017ei 1,6 kOhm) typov\u00e9 ozna\u010den\u00ed: GP A76F (AG13, LR44, LR1154, V13GA, PX76A) rozm\u011br: 11,6 \u00d7 5,40 mm prodejn\u00ed obal: 5 ks, blistr cena za mno\u017estv\u00ed: cena za 1 ks","og_url":"https:\/\/www.koupelnapro.com\/index.php\/produkt\/specialni-cena-baterie-knoflikove-gp-a76f-lr44-5-ks-12928\/","og_image":[{"width":500,"height":500,"url":"https:\/\/www.koupelnapro.com\/wp-content\/uploads\/2026\/SK0003291-CZ20260425-091842-0-1777079922-tablet-108834_baterie-gp-lr44-a76-5bl-blistr_0a.webp","type":"image\/webp"}],"twitter_card":"summary_large_image","schema":{"@context":"https:\/\/schema.org","@graph":[{"@type":"WebPage","@id":"https:\/\/www.koupelnapro.com\/index.php\/produkt\/specialni-cena-baterie-knoflikove-gp-a76f-lr44-5-ks-12928\/","url":"https:\/\/www.koupelnapro.com\/index.php\/produkt\/specialni-cena-baterie-knoflikove-gp-a76f-lr44-5-ks-12928\/","name":"Speci\u00e1ln\u00ed Cena Baterie knofl\u00edkov\u00e9 GP A76F (LR44)\u00a05\u00a0ks -","isPartOf":{"@id":"https:\/\/www.koupelnapro.com\/#website"},"primaryImageOfPage":{"@id":"https:\/\/www.koupelnapro.com\/index.php\/produkt\/specialni-cena-baterie-knoflikove-gp-a76f-lr44-5-ks-12928\/#primaryimage"},"image":{"@id":"https:\/\/www.koupelnapro.com\/index.php\/produkt\/specialni-cena-baterie-knoflikove-gp-a76f-lr44-5-ks-12928\/#primaryimage"},"thumbnailUrl":"https:\/\/www.koupelnapro.com\/wp-content\/uploads\/2026\/SK0003291-CZ20260425-091842-0-1777079922-tablet-108834_baterie-gp-lr44-a76-5bl-blistr_0a.webp","datePublished":"2026-04-26T09:13:39+00:00","breadcrumb":{"@id":"https:\/\/www.koupelnapro.com\/index.php\/produkt\/specialni-cena-baterie-knoflikove-gp-a76f-lr44-5-ks-12928\/#breadcrumb"},"inLanguage":"cs","potentialAction":[{"@type":"ReadAction","target":["https:\/\/www.koupelnapro.com\/index.php\/produkt\/specialni-cena-baterie-knoflikove-gp-a76f-lr44-5-ks-12928\/"]}]},{"@type":"ImageObject","inLanguage":"cs","@id":"https:\/\/www.koupelnapro.com\/index.php\/produkt\/specialni-cena-baterie-knoflikove-gp-a76f-lr44-5-ks-12928\/#primaryimage","url":"https:\/\/www.koupelnapro.com\/wp-content\/uploads\/2026\/SK0003291-CZ20260425-091842-0-1777079922-tablet-108834_baterie-gp-lr44-a76-5bl-blistr_0a.webp","contentUrl":"https:\/\/www.koupelnapro.com\/wp-content\/uploads\/2026\/SK0003291-CZ20260425-091842-0-1777079922-tablet-108834_baterie-gp-lr44-a76-5bl-blistr_0a.webp","width":500,"height":500},{"@type":"BreadcrumbList","@id":"https:\/\/www.koupelnapro.com\/index.php\/produkt\/specialni-cena-baterie-knoflikove-gp-a76f-lr44-5-ks-12928\/#breadcrumb","itemListElement":[{"@type":"ListItem","position":1,"name":"Home","item":"https:\/\/www.koupelnapro.com\/"},{"@type":"ListItem","position":2,"name":"Products","item":"https:\/\/www.koupelnapro.com\/index.php\/products\/"},{"@type":"ListItem","position":3,"name":"Speci\u00e1ln\u00ed Cena Baterie knofl\u00edkov\u00e9 GP A76F (LR44)\u00a05\u00a0ks"}]},{"@type":"WebSite","@id":"https:\/\/www.koupelnapro.com\/#website","url":"https:\/\/www.koupelnapro.com\/","name":"","description":"","potentialAction":[{"@type":"SearchAction","target":{"@type":"EntryPoint","urlTemplate":"https:\/\/www.koupelnapro.com\/?s={search_term_string}"},"query-input":{"@type":"PropertyValueSpecification","valueRequired":true,"valueName":"search_term_string"}}],"inLanguage":"cs"}]}},"_links":{"self":[{"href":"https:\/\/www.koupelnapro.com\/index.php\/wp-json\/wp\/v2\/product\/12928","targetHints":{"allow":["GET"]}}],"collection":[{"href":"https:\/\/www.koupelnapro.com\/index.php\/wp-json\/wp\/v2\/product"}],"about":[{"href":"https:\/\/www.koupelnapro.com\/index.php\/wp-json\/wp\/v2\/types\/product"}],"replies":[{"embeddable":true,"href":"https:\/\/www.koupelnapro.com\/index.php\/wp-json\/wp\/v2\/comments?post=12928"}],"wp:featuredmedia":[{"embeddable":true,"href":"https:\/\/www.koupelnapro.com\/index.php\/wp-json\/wp\/v2\/media\/13028"}],"wp:attachment":[{"href":"https:\/\/www.koupelnapro.com\/index.php\/wp-json\/wp\/v2\/media?parent=12928"}],"wp:term":[{"taxonomy":"product_brand","embeddable":true,"href":"https:\/\/www.koupelnapro.com\/index.php\/wp-json\/wp\/v2\/product_brand?post=12928"},{"taxonomy":"product_cat","embeddable":true,"href":"https:\/\/www.koupelnapro.com\/index.php\/wp-json\/wp\/v2\/product_cat?post=12928"},{"taxonomy":"product_tag","embeddable":true,"href":"https:\/\/www.koupelnapro.com\/index.php\/wp-json\/wp\/v2\/product_tag?post=12928"}],"curies":[{"name":"wp","href":"https:\/\/api.w.org\/{rel}","templated":true}]}}