{"id":12775,"date":"2026-04-26T09:13:38","date_gmt":"2026-04-26T09:13:38","guid":{"rendered":""},"modified":"2026-04-26T09:13:38","modified_gmt":"2026-04-26T09:13:38","slug":"casove-omezene-pena-lepici-den-braven-multi-kleber-trubickova-825-ml-12775","status":"publish","type":"product","link":"https:\/\/www.koupelnapro.com\/index.php\/produkt\/casove-omezene-pena-lepici-den-braven-multi-kleber-trubickova-825-ml-12775\/","title":{"rendered":"\u010casov\u011b Omezen\u00e9 P\u011bna lep\u00edc\u00ed Den Braven Multi kleber trubi\u010dkov\u00e1\u00a0825\u00a0ml"},"content":{"rendered":"<div class=\"content-actual\">\n<p>Jednokomponentn\u00ed, v\u00edce\u00fa\u010delov\u00e9 PUR lepidlo, speci\u00e1ln\u011b vyvinuto pro lepen\u00ed a fixaci obkladov\u00fdch a konstruk\u010dn\u00edch stavebn\u00edch desek nap\u0159. Light-Board a podobn\u00fdch syst\u00e9m\u016f, obkladov\u00fdch leh\u010den\u00fdch panel\u016f a izola\u010dn\u00edch materi\u00e1l\u016f z polystyrenu, tvrd\u00fdch PUR desek, ale i s\u00e1drokartonu, cementovl\u00e1knit\u00fdch desek aj. v syst\u00e9mu such\u00e9 v\u00fdstavby. Ide\u00e1ln\u00ed pro zd\u011bn\u00e1 j\u00e1dra bytov\u00fdch dom\u016f, zvukov\u00e9 mezibytov\u00e9 p\u0159\u00ed\u010dky aj. Lepen\u00ed expandovan\u00e9ho i extrudovan\u00e9ho polystyrenu, polyuretanu a leh\u010den\u00fdch zdic\u00edch materi\u00e1l\u016f &#8211; leh\u010den\u00e9 betony, p\u00f3robetony (Ytong, Porfix, Siporex aj.), dutinov\u00e9 cihly, d\u0159evo a por\u00e9zn\u00ed k\u00e1men.<\/p>\n<\/p><\/div>\n<\/p><\/div>\n","protected":false},"excerpt":{"rendered":"<p>Jednokomponentn\u00ed, v\u00edce\u00fa\u010delov\u00e9 PUR lepidlo, speci\u00e1ln\u011b vyvinuto pro lepen\u00ed a fixaci obkladov\u00fdch a konstruk\u010dn\u00edch stavebn\u00edch desek nap\u0159. Light-Board a podobn\u00fdch syst\u00e9m\u016f, obkladov\u00fdch leh\u010den\u00fdch panel\u016f a izola\u010dn\u00edch materi\u00e1l\u016f z polystyrenu, tvrd\u00fdch PUR desek, ale i s\u00e1drokartonu, cementovl\u00e1knit\u00fdch desek aj. v syst\u00e9mu such\u00e9 v\u00fdstavby. Ide\u00e1ln\u00ed pro zd\u011bn\u00e1 j\u00e1dra bytov\u00fdch dom\u016f, zvukov\u00e9 mezibytov\u00e9 p\u0159\u00ed\u010dky aj. Lepen\u00ed expandovan\u00e9ho i extrudovan\u00e9ho [&hellip;]<\/p>\n","protected":false},"featured_media":12875,"comment_status":"open","ping_status":"open","template":"","meta":[],"product_brand":[],"product_cat":[74],"product_tag":[],"class_list":{"0":"post-12775","1":"product","2":"type-product","3":"status-publish","4":"has-post-thumbnail","6":"product_cat-stavebni-chemie-a-barvy","8":"first","9":"instock","10":"sale","11":"shipping-taxable","12":"purchasable","13":"product-type-simple"},"yoast_head":"<!-- This site is optimized with the Yoast SEO plugin v26.8 - https:\/\/yoast.com\/product\/yoast-seo-wordpress\/ -->\n<title>\u010casov\u011b Omezen\u00e9 P\u011bna lep\u00edc\u00ed Den Braven Multi kleber trubi\u010dkov\u00e1\u00a0825\u00a0ml -<\/title>\n<meta name=\"robots\" content=\"index, follow, max-snippet:-1, max-image-preview:large, max-video-preview:-1\" \/>\n<link rel=\"canonical\" href=\"https:\/\/www.koupelnapro.com\/index.php\/produkt\/casove-omezene-pena-lepici-den-braven-multi-kleber-trubickova-825-ml-12775\/\" \/>\n<meta property=\"og:locale\" content=\"cs_CZ\" \/>\n<meta property=\"og:type\" content=\"article\" \/>\n<meta property=\"og:title\" content=\"\u010casov\u011b Omezen\u00e9 P\u011bna lep\u00edc\u00ed Den Braven Multi kleber trubi\u010dkov\u00e1\u00a0825\u00a0ml -\" \/>\n<meta property=\"og:description\" content=\"Jednokomponentn\u00ed, v\u00edce\u00fa\u010delov\u00e9 PUR lepidlo, speci\u00e1ln\u011b vyvinuto pro lepen\u00ed a fixaci obkladov\u00fdch a konstruk\u010dn\u00edch stavebn\u00edch desek nap\u0159. Light-Board a podobn\u00fdch syst\u00e9m\u016f, obkladov\u00fdch leh\u010den\u00fdch panel\u016f a izola\u010dn\u00edch materi\u00e1l\u016f z polystyrenu, tvrd\u00fdch PUR desek, ale i s\u00e1drokartonu, cementovl\u00e1knit\u00fdch desek aj. v syst\u00e9mu such\u00e9 v\u00fdstavby. Ide\u00e1ln\u00ed pro zd\u011bn\u00e1 j\u00e1dra bytov\u00fdch dom\u016f, zvukov\u00e9 mezibytov\u00e9 p\u0159\u00ed\u010dky aj. Lepen\u00ed expandovan\u00e9ho i extrudovan\u00e9ho [&hellip;]\" \/>\n<meta property=\"og:url\" content=\"https:\/\/www.koupelnapro.com\/index.php\/produkt\/casove-omezene-pena-lepici-den-braven-multi-kleber-trubickova-825-ml-12775\/\" \/>\n<meta property=\"og:image\" content=\"https:\/\/www.koupelnapro.com\/wp-content\/uploads\/2026\/SK0003238-CZ20260425-091842-0-1777079922-tablet-multi_kleber_trubickova_web.webp\" \/>\n\t<meta property=\"og:image:width\" content=\"600\" \/>\n\t<meta property=\"og:image:height\" content=\"600\" \/>\n\t<meta property=\"og:image:type\" content=\"image\/webp\" \/>\n<meta name=\"twitter:card\" content=\"summary_large_image\" \/>\n<meta name=\"twitter:label1\" content=\"Odhadovan\u00e1 doba \u010dten\u00ed\" \/>\n\t<meta name=\"twitter:data1\" content=\"1 minuta\" \/>\n<script type=\"application\/ld+json\" class=\"yoast-schema-graph\">{\"@context\":\"https:\/\/schema.org\",\"@graph\":[{\"@type\":\"WebPage\",\"@id\":\"https:\/\/www.koupelnapro.com\/index.php\/produkt\/casove-omezene-pena-lepici-den-braven-multi-kleber-trubickova-825-ml-12775\/\",\"url\":\"https:\/\/www.koupelnapro.com\/index.php\/produkt\/casove-omezene-pena-lepici-den-braven-multi-kleber-trubickova-825-ml-12775\/\",\"name\":\"\u010casov\u011b Omezen\u00e9 P\u011bna lep\u00edc\u00ed Den Braven Multi kleber trubi\u010dkov\u00e1\u00a0825\u00a0ml -\",\"isPartOf\":{\"@id\":\"https:\/\/www.koupelnapro.com\/#website\"},\"primaryImageOfPage\":{\"@id\":\"https:\/\/www.koupelnapro.com\/index.php\/produkt\/casove-omezene-pena-lepici-den-braven-multi-kleber-trubickova-825-ml-12775\/#primaryimage\"},\"image\":{\"@id\":\"https:\/\/www.koupelnapro.com\/index.php\/produkt\/casove-omezene-pena-lepici-den-braven-multi-kleber-trubickova-825-ml-12775\/#primaryimage\"},\"thumbnailUrl\":\"https:\/\/www.koupelnapro.com\/wp-content\/uploads\/2026\/SK0003238-CZ20260425-091842-0-1777079922-tablet-multi_kleber_trubickova_web.webp\",\"datePublished\":\"2026-04-26T09:13:38+00:00\",\"breadcrumb\":{\"@id\":\"https:\/\/www.koupelnapro.com\/index.php\/produkt\/casove-omezene-pena-lepici-den-braven-multi-kleber-trubickova-825-ml-12775\/#breadcrumb\"},\"inLanguage\":\"cs\",\"potentialAction\":[{\"@type\":\"ReadAction\",\"target\":[\"https:\/\/www.koupelnapro.com\/index.php\/produkt\/casove-omezene-pena-lepici-den-braven-multi-kleber-trubickova-825-ml-12775\/\"]}]},{\"@type\":\"ImageObject\",\"inLanguage\":\"cs\",\"@id\":\"https:\/\/www.koupelnapro.com\/index.php\/produkt\/casove-omezene-pena-lepici-den-braven-multi-kleber-trubickova-825-ml-12775\/#primaryimage\",\"url\":\"https:\/\/www.koupelnapro.com\/wp-content\/uploads\/2026\/SK0003238-CZ20260425-091842-0-1777079922-tablet-multi_kleber_trubickova_web.webp\",\"contentUrl\":\"https:\/\/www.koupelnapro.com\/wp-content\/uploads\/2026\/SK0003238-CZ20260425-091842-0-1777079922-tablet-multi_kleber_trubickova_web.webp\",\"width\":600,\"height\":600},{\"@type\":\"BreadcrumbList\",\"@id\":\"https:\/\/www.koupelnapro.com\/index.php\/produkt\/casove-omezene-pena-lepici-den-braven-multi-kleber-trubickova-825-ml-12775\/#breadcrumb\",\"itemListElement\":[{\"@type\":\"ListItem\",\"position\":1,\"name\":\"Home\",\"item\":\"https:\/\/www.koupelnapro.com\/\"},{\"@type\":\"ListItem\",\"position\":2,\"name\":\"Products\",\"item\":\"https:\/\/www.koupelnapro.com\/index.php\/products\/\"},{\"@type\":\"ListItem\",\"position\":3,\"name\":\"\u010casov\u011b Omezen\u00e9 P\u011bna lep\u00edc\u00ed Den Braven Multi kleber trubi\u010dkov\u00e1\u00a0825\u00a0ml\"}]},{\"@type\":\"WebSite\",\"@id\":\"https:\/\/www.koupelnapro.com\/#website\",\"url\":\"https:\/\/www.koupelnapro.com\/\",\"name\":\"\",\"description\":\"\",\"potentialAction\":[{\"@type\":\"SearchAction\",\"target\":{\"@type\":\"EntryPoint\",\"urlTemplate\":\"https:\/\/www.koupelnapro.com\/?s={search_term_string}\"},\"query-input\":{\"@type\":\"PropertyValueSpecification\",\"valueRequired\":true,\"valueName\":\"search_term_string\"}}],\"inLanguage\":\"cs\"}]}<\/script>\n<!-- \/ Yoast SEO plugin. -->","yoast_head_json":{"title":"\u010casov\u011b Omezen\u00e9 P\u011bna lep\u00edc\u00ed Den Braven Multi kleber trubi\u010dkov\u00e1\u00a0825\u00a0ml -","robots":{"index":"index","follow":"follow","max-snippet":"max-snippet:-1","max-image-preview":"max-image-preview:large","max-video-preview":"max-video-preview:-1"},"canonical":"https:\/\/www.koupelnapro.com\/index.php\/produkt\/casove-omezene-pena-lepici-den-braven-multi-kleber-trubickova-825-ml-12775\/","og_locale":"cs_CZ","og_type":"article","og_title":"\u010casov\u011b Omezen\u00e9 P\u011bna lep\u00edc\u00ed Den Braven Multi kleber trubi\u010dkov\u00e1\u00a0825\u00a0ml -","og_description":"Jednokomponentn\u00ed, v\u00edce\u00fa\u010delov\u00e9 PUR lepidlo, speci\u00e1ln\u011b vyvinuto pro lepen\u00ed a fixaci obkladov\u00fdch a konstruk\u010dn\u00edch stavebn\u00edch desek nap\u0159. Light-Board a podobn\u00fdch syst\u00e9m\u016f, obkladov\u00fdch leh\u010den\u00fdch panel\u016f a izola\u010dn\u00edch materi\u00e1l\u016f z polystyrenu, tvrd\u00fdch PUR desek, ale i s\u00e1drokartonu, cementovl\u00e1knit\u00fdch desek aj. v syst\u00e9mu such\u00e9 v\u00fdstavby. Ide\u00e1ln\u00ed pro zd\u011bn\u00e1 j\u00e1dra bytov\u00fdch dom\u016f, zvukov\u00e9 mezibytov\u00e9 p\u0159\u00ed\u010dky aj. Lepen\u00ed expandovan\u00e9ho i extrudovan\u00e9ho [&hellip;]","og_url":"https:\/\/www.koupelnapro.com\/index.php\/produkt\/casove-omezene-pena-lepici-den-braven-multi-kleber-trubickova-825-ml-12775\/","og_image":[{"width":600,"height":600,"url":"https:\/\/www.koupelnapro.com\/wp-content\/uploads\/2026\/SK0003238-CZ20260425-091842-0-1777079922-tablet-multi_kleber_trubickova_web.webp","type":"image\/webp"}],"twitter_card":"summary_large_image","twitter_misc":{"Odhadovan\u00e1 doba \u010dten\u00ed":"1 minuta"},"schema":{"@context":"https:\/\/schema.org","@graph":[{"@type":"WebPage","@id":"https:\/\/www.koupelnapro.com\/index.php\/produkt\/casove-omezene-pena-lepici-den-braven-multi-kleber-trubickova-825-ml-12775\/","url":"https:\/\/www.koupelnapro.com\/index.php\/produkt\/casove-omezene-pena-lepici-den-braven-multi-kleber-trubickova-825-ml-12775\/","name":"\u010casov\u011b Omezen\u00e9 P\u011bna lep\u00edc\u00ed Den Braven Multi kleber trubi\u010dkov\u00e1\u00a0825\u00a0ml -","isPartOf":{"@id":"https:\/\/www.koupelnapro.com\/#website"},"primaryImageOfPage":{"@id":"https:\/\/www.koupelnapro.com\/index.php\/produkt\/casove-omezene-pena-lepici-den-braven-multi-kleber-trubickova-825-ml-12775\/#primaryimage"},"image":{"@id":"https:\/\/www.koupelnapro.com\/index.php\/produkt\/casove-omezene-pena-lepici-den-braven-multi-kleber-trubickova-825-ml-12775\/#primaryimage"},"thumbnailUrl":"https:\/\/www.koupelnapro.com\/wp-content\/uploads\/2026\/SK0003238-CZ20260425-091842-0-1777079922-tablet-multi_kleber_trubickova_web.webp","datePublished":"2026-04-26T09:13:38+00:00","breadcrumb":{"@id":"https:\/\/www.koupelnapro.com\/index.php\/produkt\/casove-omezene-pena-lepici-den-braven-multi-kleber-trubickova-825-ml-12775\/#breadcrumb"},"inLanguage":"cs","potentialAction":[{"@type":"ReadAction","target":["https:\/\/www.koupelnapro.com\/index.php\/produkt\/casove-omezene-pena-lepici-den-braven-multi-kleber-trubickova-825-ml-12775\/"]}]},{"@type":"ImageObject","inLanguage":"cs","@id":"https:\/\/www.koupelnapro.com\/index.php\/produkt\/casove-omezene-pena-lepici-den-braven-multi-kleber-trubickova-825-ml-12775\/#primaryimage","url":"https:\/\/www.koupelnapro.com\/wp-content\/uploads\/2026\/SK0003238-CZ20260425-091842-0-1777079922-tablet-multi_kleber_trubickova_web.webp","contentUrl":"https:\/\/www.koupelnapro.com\/wp-content\/uploads\/2026\/SK0003238-CZ20260425-091842-0-1777079922-tablet-multi_kleber_trubickova_web.webp","width":600,"height":600},{"@type":"BreadcrumbList","@id":"https:\/\/www.koupelnapro.com\/index.php\/produkt\/casove-omezene-pena-lepici-den-braven-multi-kleber-trubickova-825-ml-12775\/#breadcrumb","itemListElement":[{"@type":"ListItem","position":1,"name":"Home","item":"https:\/\/www.koupelnapro.com\/"},{"@type":"ListItem","position":2,"name":"Products","item":"https:\/\/www.koupelnapro.com\/index.php\/products\/"},{"@type":"ListItem","position":3,"name":"\u010casov\u011b Omezen\u00e9 P\u011bna lep\u00edc\u00ed Den Braven Multi kleber trubi\u010dkov\u00e1\u00a0825\u00a0ml"}]},{"@type":"WebSite","@id":"https:\/\/www.koupelnapro.com\/#website","url":"https:\/\/www.koupelnapro.com\/","name":"","description":"","potentialAction":[{"@type":"SearchAction","target":{"@type":"EntryPoint","urlTemplate":"https:\/\/www.koupelnapro.com\/?s={search_term_string}"},"query-input":{"@type":"PropertyValueSpecification","valueRequired":true,"valueName":"search_term_string"}}],"inLanguage":"cs"}]}},"_links":{"self":[{"href":"https:\/\/www.koupelnapro.com\/index.php\/wp-json\/wp\/v2\/product\/12775","targetHints":{"allow":["GET"]}}],"collection":[{"href":"https:\/\/www.koupelnapro.com\/index.php\/wp-json\/wp\/v2\/product"}],"about":[{"href":"https:\/\/www.koupelnapro.com\/index.php\/wp-json\/wp\/v2\/types\/product"}],"replies":[{"embeddable":true,"href":"https:\/\/www.koupelnapro.com\/index.php\/wp-json\/wp\/v2\/comments?post=12775"}],"wp:featuredmedia":[{"embeddable":true,"href":"https:\/\/www.koupelnapro.com\/index.php\/wp-json\/wp\/v2\/media\/12875"}],"wp:attachment":[{"href":"https:\/\/www.koupelnapro.com\/index.php\/wp-json\/wp\/v2\/media?parent=12775"}],"wp:term":[{"taxonomy":"product_brand","embeddable":true,"href":"https:\/\/www.koupelnapro.com\/index.php\/wp-json\/wp\/v2\/product_brand?post=12775"},{"taxonomy":"product_cat","embeddable":true,"href":"https:\/\/www.koupelnapro.com\/index.php\/wp-json\/wp\/v2\/product_cat?post=12775"},{"taxonomy":"product_tag","embeddable":true,"href":"https:\/\/www.koupelnapro.com\/index.php\/wp-json\/wp\/v2\/product_tag?post=12775"}],"curies":[{"name":"wp","href":"https:\/\/api.w.org\/{rel}","templated":true}]}}