{"id":12758,"date":"2026-04-26T09:13:38","date_gmt":"2026-04-26T09:13:38","guid":{"rendered":""},"modified":"2026-04-26T09:13:38","modified_gmt":"2026-04-26T09:13:38","slug":"sprej-znackovaci-den-braven-multi-color-400-ml-ral-8011-objednat-nyni-12758","status":"publish","type":"product","link":"https:\/\/www.koupelnapro.com\/index.php\/produkt\/sprej-znackovaci-den-braven-multi-color-400-ml-ral-8011-objednat-nyni-12758\/","title":{"rendered":"Sprej zna\u010dkovac\u00ed Den\u00a0Braven Multi color 400\u00a0ml RAL\u00a08011 Objednat Nyn\u00ed"},"content":{"rendered":"<div class=\"content-actual\">\n<p>Speci\u00e1ln\u00ed barva pro n\u00e1st\u0159ik r\u016fzn\u00fdch povrch\u016f, kovov\u00fdch p\u0159edm\u011bt\u016f, plast\u016f, om\u00edtek, plech\u016f karos\u00e9ri\u00ed, j\u00edzdn\u00edch kol, reg\u00e1l\u016f, n\u00e1bytku, d\u0159eva, s v\u00fdbornou kryvost\u00ed. Profesion\u00e1ln\u00ed sprej pro vnit\u0159n\u00ed a vn\u011bj\u0161\u00ed pou\u017eit\u00ed.\u00a0<\/p>\n<\/p><\/div>\n<\/p><\/div>\n","protected":false},"excerpt":{"rendered":"<p>Speci\u00e1ln\u00ed barva pro n\u00e1st\u0159ik r\u016fzn\u00fdch povrch\u016f, kovov\u00fdch p\u0159edm\u011bt\u016f, plast\u016f, om\u00edtek, plech\u016f karos\u00e9ri\u00ed, j\u00edzdn\u00edch kol, reg\u00e1l\u016f, n\u00e1bytku, d\u0159eva, s v\u00fdbornou kryvost\u00ed. Profesion\u00e1ln\u00ed sprej pro vnit\u0159n\u00ed a vn\u011bj\u0161\u00ed pou\u017eit\u00ed.\u00a0<\/p>\n","protected":false},"featured_media":12858,"comment_status":"open","ping_status":"open","template":"","meta":[],"product_brand":[],"product_cat":[74],"product_tag":[],"class_list":{"0":"post-12758","1":"product","2":"type-product","3":"status-publish","4":"has-post-thumbnail","6":"product_cat-stavebni-chemie-a-barvy","8":"first","9":"instock","10":"sale","11":"shipping-taxable","12":"purchasable","13":"product-type-simple"},"yoast_head":"<!-- This site is optimized with the Yoast SEO plugin v26.8 - https:\/\/yoast.com\/product\/yoast-seo-wordpress\/ -->\n<title>Sprej zna\u010dkovac\u00ed Den\u00a0Braven Multi color 400\u00a0ml RAL\u00a08011 Objednat Nyn\u00ed -<\/title>\n<meta name=\"robots\" content=\"index, follow, max-snippet:-1, max-image-preview:large, max-video-preview:-1\" \/>\n<link rel=\"canonical\" href=\"https:\/\/www.koupelnapro.com\/index.php\/produkt\/sprej-znackovaci-den-braven-multi-color-400-ml-ral-8011-objednat-nyni-12758\/\" \/>\n<meta property=\"og:locale\" content=\"cs_CZ\" \/>\n<meta property=\"og:type\" content=\"article\" \/>\n<meta property=\"og:title\" content=\"Sprej zna\u010dkovac\u00ed Den\u00a0Braven Multi color 400\u00a0ml RAL\u00a08011 Objednat Nyn\u00ed -\" \/>\n<meta property=\"og:description\" content=\"Speci\u00e1ln\u00ed barva pro n\u00e1st\u0159ik r\u016fzn\u00fdch povrch\u016f, kovov\u00fdch p\u0159edm\u011bt\u016f, plast\u016f, om\u00edtek, plech\u016f karos\u00e9ri\u00ed, j\u00edzdn\u00edch kol, reg\u00e1l\u016f, n\u00e1bytku, d\u0159eva, s v\u00fdbornou kryvost\u00ed. Profesion\u00e1ln\u00ed sprej pro vnit\u0159n\u00ed a vn\u011bj\u0161\u00ed pou\u017eit\u00ed.\u00a0\" \/>\n<meta property=\"og:url\" content=\"https:\/\/www.koupelnapro.com\/index.php\/produkt\/sprej-znackovaci-den-braven-multi-color-400-ml-ral-8011-objednat-nyni-12758\/\" \/>\n<meta property=\"og:image\" content=\"https:\/\/www.koupelnapro.com\/wp-content\/uploads\/2026\/SK0003221-CZ20260425-091842-0-1777079922-tablet-multi_color_spray_web.webp\" \/>\n\t<meta property=\"og:image:width\" content=\"600\" \/>\n\t<meta property=\"og:image:height\" content=\"600\" \/>\n\t<meta property=\"og:image:type\" content=\"image\/webp\" \/>\n<meta name=\"twitter:card\" content=\"summary_large_image\" \/>\n<script type=\"application\/ld+json\" class=\"yoast-schema-graph\">{\"@context\":\"https:\/\/schema.org\",\"@graph\":[{\"@type\":\"WebPage\",\"@id\":\"https:\/\/www.koupelnapro.com\/index.php\/produkt\/sprej-znackovaci-den-braven-multi-color-400-ml-ral-8011-objednat-nyni-12758\/\",\"url\":\"https:\/\/www.koupelnapro.com\/index.php\/produkt\/sprej-znackovaci-den-braven-multi-color-400-ml-ral-8011-objednat-nyni-12758\/\",\"name\":\"Sprej zna\u010dkovac\u00ed Den\u00a0Braven Multi color 400\u00a0ml RAL\u00a08011 Objednat Nyn\u00ed -\",\"isPartOf\":{\"@id\":\"https:\/\/www.koupelnapro.com\/#website\"},\"primaryImageOfPage\":{\"@id\":\"https:\/\/www.koupelnapro.com\/index.php\/produkt\/sprej-znackovaci-den-braven-multi-color-400-ml-ral-8011-objednat-nyni-12758\/#primaryimage\"},\"image\":{\"@id\":\"https:\/\/www.koupelnapro.com\/index.php\/produkt\/sprej-znackovaci-den-braven-multi-color-400-ml-ral-8011-objednat-nyni-12758\/#primaryimage\"},\"thumbnailUrl\":\"https:\/\/www.koupelnapro.com\/wp-content\/uploads\/2026\/SK0003221-CZ20260425-091842-0-1777079922-tablet-multi_color_spray_web.webp\",\"datePublished\":\"2026-04-26T09:13:38+00:00\",\"breadcrumb\":{\"@id\":\"https:\/\/www.koupelnapro.com\/index.php\/produkt\/sprej-znackovaci-den-braven-multi-color-400-ml-ral-8011-objednat-nyni-12758\/#breadcrumb\"},\"inLanguage\":\"cs\",\"potentialAction\":[{\"@type\":\"ReadAction\",\"target\":[\"https:\/\/www.koupelnapro.com\/index.php\/produkt\/sprej-znackovaci-den-braven-multi-color-400-ml-ral-8011-objednat-nyni-12758\/\"]}]},{\"@type\":\"ImageObject\",\"inLanguage\":\"cs\",\"@id\":\"https:\/\/www.koupelnapro.com\/index.php\/produkt\/sprej-znackovaci-den-braven-multi-color-400-ml-ral-8011-objednat-nyni-12758\/#primaryimage\",\"url\":\"https:\/\/www.koupelnapro.com\/wp-content\/uploads\/2026\/SK0003221-CZ20260425-091842-0-1777079922-tablet-multi_color_spray_web.webp\",\"contentUrl\":\"https:\/\/www.koupelnapro.com\/wp-content\/uploads\/2026\/SK0003221-CZ20260425-091842-0-1777079922-tablet-multi_color_spray_web.webp\",\"width\":600,\"height\":600},{\"@type\":\"BreadcrumbList\",\"@id\":\"https:\/\/www.koupelnapro.com\/index.php\/produkt\/sprej-znackovaci-den-braven-multi-color-400-ml-ral-8011-objednat-nyni-12758\/#breadcrumb\",\"itemListElement\":[{\"@type\":\"ListItem\",\"position\":1,\"name\":\"Home\",\"item\":\"https:\/\/www.koupelnapro.com\/\"},{\"@type\":\"ListItem\",\"position\":2,\"name\":\"Products\",\"item\":\"https:\/\/www.koupelnapro.com\/index.php\/products\/\"},{\"@type\":\"ListItem\",\"position\":3,\"name\":\"Sprej zna\u010dkovac\u00ed Den\u00a0Braven Multi color 400\u00a0ml RAL\u00a08011 Objednat Nyn\u00ed\"}]},{\"@type\":\"WebSite\",\"@id\":\"https:\/\/www.koupelnapro.com\/#website\",\"url\":\"https:\/\/www.koupelnapro.com\/\",\"name\":\"\",\"description\":\"\",\"potentialAction\":[{\"@type\":\"SearchAction\",\"target\":{\"@type\":\"EntryPoint\",\"urlTemplate\":\"https:\/\/www.koupelnapro.com\/?s={search_term_string}\"},\"query-input\":{\"@type\":\"PropertyValueSpecification\",\"valueRequired\":true,\"valueName\":\"search_term_string\"}}],\"inLanguage\":\"cs\"}]}<\/script>\n<!-- \/ Yoast SEO plugin. -->","yoast_head_json":{"title":"Sprej zna\u010dkovac\u00ed Den\u00a0Braven Multi color 400\u00a0ml RAL\u00a08011 Objednat Nyn\u00ed -","robots":{"index":"index","follow":"follow","max-snippet":"max-snippet:-1","max-image-preview":"max-image-preview:large","max-video-preview":"max-video-preview:-1"},"canonical":"https:\/\/www.koupelnapro.com\/index.php\/produkt\/sprej-znackovaci-den-braven-multi-color-400-ml-ral-8011-objednat-nyni-12758\/","og_locale":"cs_CZ","og_type":"article","og_title":"Sprej zna\u010dkovac\u00ed Den\u00a0Braven Multi color 400\u00a0ml RAL\u00a08011 Objednat Nyn\u00ed -","og_description":"Speci\u00e1ln\u00ed barva pro n\u00e1st\u0159ik r\u016fzn\u00fdch povrch\u016f, kovov\u00fdch p\u0159edm\u011bt\u016f, plast\u016f, om\u00edtek, plech\u016f karos\u00e9ri\u00ed, j\u00edzdn\u00edch kol, reg\u00e1l\u016f, n\u00e1bytku, d\u0159eva, s v\u00fdbornou kryvost\u00ed. Profesion\u00e1ln\u00ed sprej pro vnit\u0159n\u00ed a vn\u011bj\u0161\u00ed pou\u017eit\u00ed.\u00a0","og_url":"https:\/\/www.koupelnapro.com\/index.php\/produkt\/sprej-znackovaci-den-braven-multi-color-400-ml-ral-8011-objednat-nyni-12758\/","og_image":[{"width":600,"height":600,"url":"https:\/\/www.koupelnapro.com\/wp-content\/uploads\/2026\/SK0003221-CZ20260425-091842-0-1777079922-tablet-multi_color_spray_web.webp","type":"image\/webp"}],"twitter_card":"summary_large_image","schema":{"@context":"https:\/\/schema.org","@graph":[{"@type":"WebPage","@id":"https:\/\/www.koupelnapro.com\/index.php\/produkt\/sprej-znackovaci-den-braven-multi-color-400-ml-ral-8011-objednat-nyni-12758\/","url":"https:\/\/www.koupelnapro.com\/index.php\/produkt\/sprej-znackovaci-den-braven-multi-color-400-ml-ral-8011-objednat-nyni-12758\/","name":"Sprej zna\u010dkovac\u00ed Den\u00a0Braven Multi color 400\u00a0ml RAL\u00a08011 Objednat Nyn\u00ed -","isPartOf":{"@id":"https:\/\/www.koupelnapro.com\/#website"},"primaryImageOfPage":{"@id":"https:\/\/www.koupelnapro.com\/index.php\/produkt\/sprej-znackovaci-den-braven-multi-color-400-ml-ral-8011-objednat-nyni-12758\/#primaryimage"},"image":{"@id":"https:\/\/www.koupelnapro.com\/index.php\/produkt\/sprej-znackovaci-den-braven-multi-color-400-ml-ral-8011-objednat-nyni-12758\/#primaryimage"},"thumbnailUrl":"https:\/\/www.koupelnapro.com\/wp-content\/uploads\/2026\/SK0003221-CZ20260425-091842-0-1777079922-tablet-multi_color_spray_web.webp","datePublished":"2026-04-26T09:13:38+00:00","breadcrumb":{"@id":"https:\/\/www.koupelnapro.com\/index.php\/produkt\/sprej-znackovaci-den-braven-multi-color-400-ml-ral-8011-objednat-nyni-12758\/#breadcrumb"},"inLanguage":"cs","potentialAction":[{"@type":"ReadAction","target":["https:\/\/www.koupelnapro.com\/index.php\/produkt\/sprej-znackovaci-den-braven-multi-color-400-ml-ral-8011-objednat-nyni-12758\/"]}]},{"@type":"ImageObject","inLanguage":"cs","@id":"https:\/\/www.koupelnapro.com\/index.php\/produkt\/sprej-znackovaci-den-braven-multi-color-400-ml-ral-8011-objednat-nyni-12758\/#primaryimage","url":"https:\/\/www.koupelnapro.com\/wp-content\/uploads\/2026\/SK0003221-CZ20260425-091842-0-1777079922-tablet-multi_color_spray_web.webp","contentUrl":"https:\/\/www.koupelnapro.com\/wp-content\/uploads\/2026\/SK0003221-CZ20260425-091842-0-1777079922-tablet-multi_color_spray_web.webp","width":600,"height":600},{"@type":"BreadcrumbList","@id":"https:\/\/www.koupelnapro.com\/index.php\/produkt\/sprej-znackovaci-den-braven-multi-color-400-ml-ral-8011-objednat-nyni-12758\/#breadcrumb","itemListElement":[{"@type":"ListItem","position":1,"name":"Home","item":"https:\/\/www.koupelnapro.com\/"},{"@type":"ListItem","position":2,"name":"Products","item":"https:\/\/www.koupelnapro.com\/index.php\/products\/"},{"@type":"ListItem","position":3,"name":"Sprej zna\u010dkovac\u00ed Den\u00a0Braven Multi color 400\u00a0ml RAL\u00a08011 Objednat Nyn\u00ed"}]},{"@type":"WebSite","@id":"https:\/\/www.koupelnapro.com\/#website","url":"https:\/\/www.koupelnapro.com\/","name":"","description":"","potentialAction":[{"@type":"SearchAction","target":{"@type":"EntryPoint","urlTemplate":"https:\/\/www.koupelnapro.com\/?s={search_term_string}"},"query-input":{"@type":"PropertyValueSpecification","valueRequired":true,"valueName":"search_term_string"}}],"inLanguage":"cs"}]}},"_links":{"self":[{"href":"https:\/\/www.koupelnapro.com\/index.php\/wp-json\/wp\/v2\/product\/12758","targetHints":{"allow":["GET"]}}],"collection":[{"href":"https:\/\/www.koupelnapro.com\/index.php\/wp-json\/wp\/v2\/product"}],"about":[{"href":"https:\/\/www.koupelnapro.com\/index.php\/wp-json\/wp\/v2\/types\/product"}],"replies":[{"embeddable":true,"href":"https:\/\/www.koupelnapro.com\/index.php\/wp-json\/wp\/v2\/comments?post=12758"}],"wp:featuredmedia":[{"embeddable":true,"href":"https:\/\/www.koupelnapro.com\/index.php\/wp-json\/wp\/v2\/media\/12858"}],"wp:attachment":[{"href":"https:\/\/www.koupelnapro.com\/index.php\/wp-json\/wp\/v2\/media?parent=12758"}],"wp:term":[{"taxonomy":"product_brand","embeddable":true,"href":"https:\/\/www.koupelnapro.com\/index.php\/wp-json\/wp\/v2\/product_brand?post=12758"},{"taxonomy":"product_cat","embeddable":true,"href":"https:\/\/www.koupelnapro.com\/index.php\/wp-json\/wp\/v2\/product_cat?post=12758"},{"taxonomy":"product_tag","embeddable":true,"href":"https:\/\/www.koupelnapro.com\/index.php\/wp-json\/wp\/v2\/product_tag?post=12758"}],"curies":[{"name":"wp","href":"https:\/\/api.w.org\/{rel}","templated":true}]}}