{"id":12753,"date":"2026-04-26T09:13:38","date_gmt":"2026-04-26T09:13:38","guid":{"rendered":""},"modified":"2026-04-26T09:13:38","modified_gmt":"2026-04-26T09:13:38","slug":"odeslani-ihned-pena-lepici-den-braven-turbo-speed-pistolova-750-ml-12753","status":"publish","type":"product","link":"https:\/\/www.koupelnapro.com\/index.php\/produkt\/odeslani-ihned-pena-lepici-den-braven-turbo-speed-pistolova-750-ml-12753\/","title":{"rendered":"Odesl\u00e1n\u00ed Ihned P\u011bna lepic\u00ed Den\u00a0Braven Turbo speed, pistolov\u00e1\u00a0750\u00a0ml"},"content":{"rendered":"<div class=\"content-actual\">\n<p>Vysoce kvalitn\u00ed a v\u00edce\u00fa\u010delov\u00e9 PU lepidlo. Speci\u00e1ln\u011b vyvinuto pro rychl\u00e9 lepen\u00ed s po\u010d\u00e1tkem tuhnut\u00ed ji\u017e po 60 sekund\u00e1ch. Lepidlo m\u00e1 v\u00fdbornou p\u0159ilnavost na v\u011bt\u0161inu stavebn\u00edch podklad\u016f \u2013 beton, om\u00edtku, zdivo, d\u0159evo, polystyren, nem\u011bk\u010den\u00e9 PVC apod. Slou\u017e\u00ed pro lepen\u00ed EPS a XPS desek, s\u00e1drokarton\u016f, d\u0159ev\u011bn\u00fdch prvk\u016f, OSB desek, dekorativn\u00edch prvk\u016f, parapet\u016f a vnit\u0159n\u00edch p\u0159\u00ed\u010dek.<\/p>\n<\/p><\/div>\n<\/p><\/div>\n","protected":false},"excerpt":{"rendered":"<p>Vysoce kvalitn\u00ed a v\u00edce\u00fa\u010delov\u00e9 PU lepidlo. Speci\u00e1ln\u011b vyvinuto pro rychl\u00e9 lepen\u00ed s po\u010d\u00e1tkem tuhnut\u00ed ji\u017e po 60 sekund\u00e1ch. Lepidlo m\u00e1 v\u00fdbornou p\u0159ilnavost na v\u011bt\u0161inu stavebn\u00edch podklad\u016f \u2013 beton, om\u00edtku, zdivo, d\u0159evo, polystyren, nem\u011bk\u010den\u00e9 PVC apod. Slou\u017e\u00ed pro lepen\u00ed EPS a XPS desek, s\u00e1drokarton\u016f, d\u0159ev\u011bn\u00fdch prvk\u016f, OSB desek, dekorativn\u00edch prvk\u016f, parapet\u016f a vnit\u0159n\u00edch p\u0159\u00ed\u010dek.<\/p>\n","protected":false},"featured_media":12853,"comment_status":"open","ping_status":"open","template":"","meta":[],"product_brand":[],"product_cat":[74],"product_tag":[],"class_list":{"0":"post-12753","1":"product","2":"type-product","3":"status-publish","4":"has-post-thumbnail","6":"product_cat-stavebni-chemie-a-barvy","8":"first","9":"instock","10":"sale","11":"shipping-taxable","12":"purchasable","13":"product-type-simple"},"yoast_head":"<!-- This site is optimized with the Yoast SEO plugin v26.8 - https:\/\/yoast.com\/product\/yoast-seo-wordpress\/ -->\n<title>Odesl\u00e1n\u00ed Ihned P\u011bna lepic\u00ed Den\u00a0Braven Turbo speed, pistolov\u00e1\u00a0750\u00a0ml -<\/title>\n<meta name=\"robots\" content=\"index, follow, max-snippet:-1, max-image-preview:large, max-video-preview:-1\" \/>\n<link rel=\"canonical\" href=\"https:\/\/www.koupelnapro.com\/index.php\/produkt\/odeslani-ihned-pena-lepici-den-braven-turbo-speed-pistolova-750-ml-12753\/\" \/>\n<meta property=\"og:locale\" content=\"cs_CZ\" \/>\n<meta property=\"og:type\" content=\"article\" \/>\n<meta property=\"og:title\" content=\"Odesl\u00e1n\u00ed Ihned P\u011bna lepic\u00ed Den\u00a0Braven Turbo speed, pistolov\u00e1\u00a0750\u00a0ml -\" \/>\n<meta property=\"og:description\" content=\"Vysoce kvalitn\u00ed a v\u00edce\u00fa\u010delov\u00e9 PU lepidlo. Speci\u00e1ln\u011b vyvinuto pro rychl\u00e9 lepen\u00ed s po\u010d\u00e1tkem tuhnut\u00ed ji\u017e po 60 sekund\u00e1ch. Lepidlo m\u00e1 v\u00fdbornou p\u0159ilnavost na v\u011bt\u0161inu stavebn\u00edch podklad\u016f \u2013 beton, om\u00edtku, zdivo, d\u0159evo, polystyren, nem\u011bk\u010den\u00e9 PVC apod. Slou\u017e\u00ed pro lepen\u00ed EPS a XPS desek, s\u00e1drokarton\u016f, d\u0159ev\u011bn\u00fdch prvk\u016f, OSB desek, dekorativn\u00edch prvk\u016f, parapet\u016f a vnit\u0159n\u00edch p\u0159\u00ed\u010dek.\" \/>\n<meta property=\"og:url\" content=\"https:\/\/www.koupelnapro.com\/index.php\/produkt\/odeslani-ihned-pena-lepici-den-braven-turbo-speed-pistolova-750-ml-12753\/\" \/>\n<meta property=\"og:image\" content=\"https:\/\/www.koupelnapro.com\/wp-content\/uploads\/2026\/SK0003216-CZ20260425-091842-0-1777079922-tablet-turbo_speed_web.webp\" \/>\n\t<meta property=\"og:image:width\" content=\"600\" \/>\n\t<meta property=\"og:image:height\" content=\"600\" \/>\n\t<meta property=\"og:image:type\" content=\"image\/webp\" \/>\n<meta name=\"twitter:card\" content=\"summary_large_image\" \/>\n<script type=\"application\/ld+json\" class=\"yoast-schema-graph\">{\"@context\":\"https:\/\/schema.org\",\"@graph\":[{\"@type\":\"WebPage\",\"@id\":\"https:\/\/www.koupelnapro.com\/index.php\/produkt\/odeslani-ihned-pena-lepici-den-braven-turbo-speed-pistolova-750-ml-12753\/\",\"url\":\"https:\/\/www.koupelnapro.com\/index.php\/produkt\/odeslani-ihned-pena-lepici-den-braven-turbo-speed-pistolova-750-ml-12753\/\",\"name\":\"Odesl\u00e1n\u00ed Ihned P\u011bna lepic\u00ed Den\u00a0Braven Turbo speed, pistolov\u00e1\u00a0750\u00a0ml -\",\"isPartOf\":{\"@id\":\"https:\/\/www.koupelnapro.com\/#website\"},\"primaryImageOfPage\":{\"@id\":\"https:\/\/www.koupelnapro.com\/index.php\/produkt\/odeslani-ihned-pena-lepici-den-braven-turbo-speed-pistolova-750-ml-12753\/#primaryimage\"},\"image\":{\"@id\":\"https:\/\/www.koupelnapro.com\/index.php\/produkt\/odeslani-ihned-pena-lepici-den-braven-turbo-speed-pistolova-750-ml-12753\/#primaryimage\"},\"thumbnailUrl\":\"https:\/\/www.koupelnapro.com\/wp-content\/uploads\/2026\/SK0003216-CZ20260425-091842-0-1777079922-tablet-turbo_speed_web.webp\",\"datePublished\":\"2026-04-26T09:13:38+00:00\",\"breadcrumb\":{\"@id\":\"https:\/\/www.koupelnapro.com\/index.php\/produkt\/odeslani-ihned-pena-lepici-den-braven-turbo-speed-pistolova-750-ml-12753\/#breadcrumb\"},\"inLanguage\":\"cs\",\"potentialAction\":[{\"@type\":\"ReadAction\",\"target\":[\"https:\/\/www.koupelnapro.com\/index.php\/produkt\/odeslani-ihned-pena-lepici-den-braven-turbo-speed-pistolova-750-ml-12753\/\"]}]},{\"@type\":\"ImageObject\",\"inLanguage\":\"cs\",\"@id\":\"https:\/\/www.koupelnapro.com\/index.php\/produkt\/odeslani-ihned-pena-lepici-den-braven-turbo-speed-pistolova-750-ml-12753\/#primaryimage\",\"url\":\"https:\/\/www.koupelnapro.com\/wp-content\/uploads\/2026\/SK0003216-CZ20260425-091842-0-1777079922-tablet-turbo_speed_web.webp\",\"contentUrl\":\"https:\/\/www.koupelnapro.com\/wp-content\/uploads\/2026\/SK0003216-CZ20260425-091842-0-1777079922-tablet-turbo_speed_web.webp\",\"width\":600,\"height\":600},{\"@type\":\"BreadcrumbList\",\"@id\":\"https:\/\/www.koupelnapro.com\/index.php\/produkt\/odeslani-ihned-pena-lepici-den-braven-turbo-speed-pistolova-750-ml-12753\/#breadcrumb\",\"itemListElement\":[{\"@type\":\"ListItem\",\"position\":1,\"name\":\"Home\",\"item\":\"https:\/\/www.koupelnapro.com\/\"},{\"@type\":\"ListItem\",\"position\":2,\"name\":\"Products\",\"item\":\"https:\/\/www.koupelnapro.com\/index.php\/products\/\"},{\"@type\":\"ListItem\",\"position\":3,\"name\":\"Odesl\u00e1n\u00ed Ihned P\u011bna lepic\u00ed Den\u00a0Braven Turbo speed, pistolov\u00e1\u00a0750\u00a0ml\"}]},{\"@type\":\"WebSite\",\"@id\":\"https:\/\/www.koupelnapro.com\/#website\",\"url\":\"https:\/\/www.koupelnapro.com\/\",\"name\":\"\",\"description\":\"\",\"potentialAction\":[{\"@type\":\"SearchAction\",\"target\":{\"@type\":\"EntryPoint\",\"urlTemplate\":\"https:\/\/www.koupelnapro.com\/?s={search_term_string}\"},\"query-input\":{\"@type\":\"PropertyValueSpecification\",\"valueRequired\":true,\"valueName\":\"search_term_string\"}}],\"inLanguage\":\"cs\"}]}<\/script>\n<!-- \/ Yoast SEO plugin. -->","yoast_head_json":{"title":"Odesl\u00e1n\u00ed Ihned P\u011bna lepic\u00ed Den\u00a0Braven Turbo speed, pistolov\u00e1\u00a0750\u00a0ml -","robots":{"index":"index","follow":"follow","max-snippet":"max-snippet:-1","max-image-preview":"max-image-preview:large","max-video-preview":"max-video-preview:-1"},"canonical":"https:\/\/www.koupelnapro.com\/index.php\/produkt\/odeslani-ihned-pena-lepici-den-braven-turbo-speed-pistolova-750-ml-12753\/","og_locale":"cs_CZ","og_type":"article","og_title":"Odesl\u00e1n\u00ed Ihned P\u011bna lepic\u00ed Den\u00a0Braven Turbo speed, pistolov\u00e1\u00a0750\u00a0ml -","og_description":"Vysoce kvalitn\u00ed a v\u00edce\u00fa\u010delov\u00e9 PU lepidlo. Speci\u00e1ln\u011b vyvinuto pro rychl\u00e9 lepen\u00ed s po\u010d\u00e1tkem tuhnut\u00ed ji\u017e po 60 sekund\u00e1ch. Lepidlo m\u00e1 v\u00fdbornou p\u0159ilnavost na v\u011bt\u0161inu stavebn\u00edch podklad\u016f \u2013 beton, om\u00edtku, zdivo, d\u0159evo, polystyren, nem\u011bk\u010den\u00e9 PVC apod. Slou\u017e\u00ed pro lepen\u00ed EPS a XPS desek, s\u00e1drokarton\u016f, d\u0159ev\u011bn\u00fdch prvk\u016f, OSB desek, dekorativn\u00edch prvk\u016f, parapet\u016f a vnit\u0159n\u00edch p\u0159\u00ed\u010dek.","og_url":"https:\/\/www.koupelnapro.com\/index.php\/produkt\/odeslani-ihned-pena-lepici-den-braven-turbo-speed-pistolova-750-ml-12753\/","og_image":[{"width":600,"height":600,"url":"https:\/\/www.koupelnapro.com\/wp-content\/uploads\/2026\/SK0003216-CZ20260425-091842-0-1777079922-tablet-turbo_speed_web.webp","type":"image\/webp"}],"twitter_card":"summary_large_image","schema":{"@context":"https:\/\/schema.org","@graph":[{"@type":"WebPage","@id":"https:\/\/www.koupelnapro.com\/index.php\/produkt\/odeslani-ihned-pena-lepici-den-braven-turbo-speed-pistolova-750-ml-12753\/","url":"https:\/\/www.koupelnapro.com\/index.php\/produkt\/odeslani-ihned-pena-lepici-den-braven-turbo-speed-pistolova-750-ml-12753\/","name":"Odesl\u00e1n\u00ed Ihned P\u011bna lepic\u00ed Den\u00a0Braven Turbo speed, pistolov\u00e1\u00a0750\u00a0ml -","isPartOf":{"@id":"https:\/\/www.koupelnapro.com\/#website"},"primaryImageOfPage":{"@id":"https:\/\/www.koupelnapro.com\/index.php\/produkt\/odeslani-ihned-pena-lepici-den-braven-turbo-speed-pistolova-750-ml-12753\/#primaryimage"},"image":{"@id":"https:\/\/www.koupelnapro.com\/index.php\/produkt\/odeslani-ihned-pena-lepici-den-braven-turbo-speed-pistolova-750-ml-12753\/#primaryimage"},"thumbnailUrl":"https:\/\/www.koupelnapro.com\/wp-content\/uploads\/2026\/SK0003216-CZ20260425-091842-0-1777079922-tablet-turbo_speed_web.webp","datePublished":"2026-04-26T09:13:38+00:00","breadcrumb":{"@id":"https:\/\/www.koupelnapro.com\/index.php\/produkt\/odeslani-ihned-pena-lepici-den-braven-turbo-speed-pistolova-750-ml-12753\/#breadcrumb"},"inLanguage":"cs","potentialAction":[{"@type":"ReadAction","target":["https:\/\/www.koupelnapro.com\/index.php\/produkt\/odeslani-ihned-pena-lepici-den-braven-turbo-speed-pistolova-750-ml-12753\/"]}]},{"@type":"ImageObject","inLanguage":"cs","@id":"https:\/\/www.koupelnapro.com\/index.php\/produkt\/odeslani-ihned-pena-lepici-den-braven-turbo-speed-pistolova-750-ml-12753\/#primaryimage","url":"https:\/\/www.koupelnapro.com\/wp-content\/uploads\/2026\/SK0003216-CZ20260425-091842-0-1777079922-tablet-turbo_speed_web.webp","contentUrl":"https:\/\/www.koupelnapro.com\/wp-content\/uploads\/2026\/SK0003216-CZ20260425-091842-0-1777079922-tablet-turbo_speed_web.webp","width":600,"height":600},{"@type":"BreadcrumbList","@id":"https:\/\/www.koupelnapro.com\/index.php\/produkt\/odeslani-ihned-pena-lepici-den-braven-turbo-speed-pistolova-750-ml-12753\/#breadcrumb","itemListElement":[{"@type":"ListItem","position":1,"name":"Home","item":"https:\/\/www.koupelnapro.com\/"},{"@type":"ListItem","position":2,"name":"Products","item":"https:\/\/www.koupelnapro.com\/index.php\/products\/"},{"@type":"ListItem","position":3,"name":"Odesl\u00e1n\u00ed Ihned P\u011bna lepic\u00ed Den\u00a0Braven Turbo speed, pistolov\u00e1\u00a0750\u00a0ml"}]},{"@type":"WebSite","@id":"https:\/\/www.koupelnapro.com\/#website","url":"https:\/\/www.koupelnapro.com\/","name":"","description":"","potentialAction":[{"@type":"SearchAction","target":{"@type":"EntryPoint","urlTemplate":"https:\/\/www.koupelnapro.com\/?s={search_term_string}"},"query-input":{"@type":"PropertyValueSpecification","valueRequired":true,"valueName":"search_term_string"}}],"inLanguage":"cs"}]}},"_links":{"self":[{"href":"https:\/\/www.koupelnapro.com\/index.php\/wp-json\/wp\/v2\/product\/12753","targetHints":{"allow":["GET"]}}],"collection":[{"href":"https:\/\/www.koupelnapro.com\/index.php\/wp-json\/wp\/v2\/product"}],"about":[{"href":"https:\/\/www.koupelnapro.com\/index.php\/wp-json\/wp\/v2\/types\/product"}],"replies":[{"embeddable":true,"href":"https:\/\/www.koupelnapro.com\/index.php\/wp-json\/wp\/v2\/comments?post=12753"}],"wp:featuredmedia":[{"embeddable":true,"href":"https:\/\/www.koupelnapro.com\/index.php\/wp-json\/wp\/v2\/media\/12853"}],"wp:attachment":[{"href":"https:\/\/www.koupelnapro.com\/index.php\/wp-json\/wp\/v2\/media?parent=12753"}],"wp:term":[{"taxonomy":"product_brand","embeddable":true,"href":"https:\/\/www.koupelnapro.com\/index.php\/wp-json\/wp\/v2\/product_brand?post=12753"},{"taxonomy":"product_cat","embeddable":true,"href":"https:\/\/www.koupelnapro.com\/index.php\/wp-json\/wp\/v2\/product_cat?post=12753"},{"taxonomy":"product_tag","embeddable":true,"href":"https:\/\/www.koupelnapro.com\/index.php\/wp-json\/wp\/v2\/product_tag?post=12753"}],"curies":[{"name":"wp","href":"https:\/\/api.w.org\/{rel}","templated":true}]}}