{"id":12750,"date":"2026-04-26T09:13:38","date_gmt":"2026-04-26T09:13:38","guid":{"rendered":""},"modified":"2026-04-26T09:13:38","modified_gmt":"2026-04-26T09:13:38","slug":"baterie-alkalicke-gp-super-lr20-2-ks-zlevneny-12750","status":"publish","type":"product","link":"https:\/\/www.koupelnapro.com\/index.php\/produkt\/baterie-alkalicke-gp-super-lr20-2-ks-zlevneny-12750\/","title":{"rendered":"Baterie alkalick\u00e9 GP Super LR20\u00a02\u00a0ks Zlevn\u011bn\u00fd"},"content":{"rendered":"<div class=\"content-actual\">\n<p>Z\u00e1kladn\u00ed \u0159ada alkalick\u00fdch bateri\u00ed vynik\u00e1 dobou provozu v energeticky nen\u00e1ro\u010dn\u00fdch za\u0159\u00edzen\u00edch. V\u00fdkonnost t\u011bchto bateri\u00ed nejl\u00e9pe vynikne p\u0159i pou\u017eit\u00ed v p\u0159\u00edstroj\u00edch s mal\u00fdm dlouhodob\u00fdm odb\u011brem proudu jako nap\u0159.:\u00a0<br \/>d\u00e1lkov\u00e9 ovlada\u010de, hodiny, bud\u00edky, kalkul\u00e1tory, r\u016fzn\u00e1 bezdr\u00e1tov\u00e1 \u010didla a \u010d\u00edseln\u00edky. Oproti zinkouhl\u00edkov\u00fdm a zinkochloridov\u00fdm bateri\u00edm disponuje dlouhou skladovatelnost\u00ed a\u017e 10 let. Jejich pracovn\u00ed teplota je -20 \u00b0C a\u017e +54 \u00b0C.<\/p>\n<\/p><\/div>\n<\/p><\/div>\n","protected":false},"excerpt":{"rendered":"<p>Z\u00e1kladn\u00ed \u0159ada alkalick\u00fdch bateri\u00ed vynik\u00e1 dobou provozu v energeticky nen\u00e1ro\u010dn\u00fdch za\u0159\u00edzen\u00edch. V\u00fdkonnost t\u011bchto bateri\u00ed nejl\u00e9pe vynikne p\u0159i pou\u017eit\u00ed v p\u0159\u00edstroj\u00edch s mal\u00fdm dlouhodob\u00fdm odb\u011brem proudu jako nap\u0159.:\u00a0d\u00e1lkov\u00e9 ovlada\u010de, hodiny, bud\u00edky, kalkul\u00e1tory, r\u016fzn\u00e1 bezdr\u00e1tov\u00e1 \u010didla a \u010d\u00edseln\u00edky. Oproti zinkouhl\u00edkov\u00fdm a zinkochloridov\u00fdm bateri\u00edm disponuje dlouhou skladovatelnost\u00ed a\u017e 10 let. Jejich pracovn\u00ed teplota je -20 \u00b0C a\u017e +54 [&hellip;]<\/p>\n","protected":false},"featured_media":12850,"comment_status":"open","ping_status":"open","template":"","meta":[],"product_brand":[],"product_cat":[78],"product_tag":[],"class_list":{"0":"post-12750","1":"product","2":"type-product","3":"status-publish","4":"has-post-thumbnail","6":"product_cat-interier-a-domacnost","8":"first","9":"instock","10":"sale","11":"shipping-taxable","12":"purchasable","13":"product-type-simple"},"yoast_head":"<!-- This site is optimized with the Yoast SEO plugin v26.8 - https:\/\/yoast.com\/product\/yoast-seo-wordpress\/ -->\n<title>Baterie alkalick\u00e9 GP Super LR20\u00a02\u00a0ks Zlevn\u011bn\u00fd -<\/title>\n<meta name=\"robots\" content=\"index, follow, max-snippet:-1, max-image-preview:large, max-video-preview:-1\" \/>\n<link rel=\"canonical\" href=\"https:\/\/www.koupelnapro.com\/index.php\/produkt\/baterie-alkalicke-gp-super-lr20-2-ks-zlevneny-12750\/\" \/>\n<meta property=\"og:locale\" content=\"cs_CZ\" \/>\n<meta property=\"og:type\" content=\"article\" \/>\n<meta property=\"og:title\" content=\"Baterie alkalick\u00e9 GP Super LR20\u00a02\u00a0ks Zlevn\u011bn\u00fd -\" \/>\n<meta property=\"og:description\" content=\"Z\u00e1kladn\u00ed \u0159ada alkalick\u00fdch bateri\u00ed vynik\u00e1 dobou provozu v energeticky nen\u00e1ro\u010dn\u00fdch za\u0159\u00edzen\u00edch. V\u00fdkonnost t\u011bchto bateri\u00ed nejl\u00e9pe vynikne p\u0159i pou\u017eit\u00ed v p\u0159\u00edstroj\u00edch s mal\u00fdm dlouhodob\u00fdm odb\u011brem proudu jako nap\u0159.:\u00a0d\u00e1lkov\u00e9 ovlada\u010de, hodiny, bud\u00edky, kalkul\u00e1tory, r\u016fzn\u00e1 bezdr\u00e1tov\u00e1 \u010didla a \u010d\u00edseln\u00edky. Oproti zinkouhl\u00edkov\u00fdm a zinkochloridov\u00fdm bateri\u00edm disponuje dlouhou skladovatelnost\u00ed a\u017e 10 let. Jejich pracovn\u00ed teplota je -20 \u00b0C a\u017e +54 [&hellip;]\" \/>\n<meta property=\"og:url\" content=\"https:\/\/www.koupelnapro.com\/index.php\/produkt\/baterie-alkalicke-gp-super-lr20-2-ks-zlevneny-12750\/\" \/>\n<meta property=\"og:image\" content=\"https:\/\/www.koupelnapro.com\/wp-content\/uploads\/2026\/SK0003213-CZ20260425-091842-0-1777079922-tablet-gp-lr20.webp\" \/>\n\t<meta property=\"og:image:width\" content=\"790\" \/>\n\t<meta property=\"og:image:height\" content=\"736\" \/>\n\t<meta property=\"og:image:type\" content=\"image\/webp\" \/>\n<meta name=\"twitter:card\" content=\"summary_large_image\" \/>\n<script type=\"application\/ld+json\" class=\"yoast-schema-graph\">{\"@context\":\"https:\/\/schema.org\",\"@graph\":[{\"@type\":\"WebPage\",\"@id\":\"https:\/\/www.koupelnapro.com\/index.php\/produkt\/baterie-alkalicke-gp-super-lr20-2-ks-zlevneny-12750\/\",\"url\":\"https:\/\/www.koupelnapro.com\/index.php\/produkt\/baterie-alkalicke-gp-super-lr20-2-ks-zlevneny-12750\/\",\"name\":\"Baterie alkalick\u00e9 GP Super LR20\u00a02\u00a0ks Zlevn\u011bn\u00fd -\",\"isPartOf\":{\"@id\":\"https:\/\/www.koupelnapro.com\/#website\"},\"primaryImageOfPage\":{\"@id\":\"https:\/\/www.koupelnapro.com\/index.php\/produkt\/baterie-alkalicke-gp-super-lr20-2-ks-zlevneny-12750\/#primaryimage\"},\"image\":{\"@id\":\"https:\/\/www.koupelnapro.com\/index.php\/produkt\/baterie-alkalicke-gp-super-lr20-2-ks-zlevneny-12750\/#primaryimage\"},\"thumbnailUrl\":\"https:\/\/www.koupelnapro.com\/wp-content\/uploads\/2026\/SK0003213-CZ20260425-091842-0-1777079922-tablet-gp-lr20.webp\",\"datePublished\":\"2026-04-26T09:13:38+00:00\",\"breadcrumb\":{\"@id\":\"https:\/\/www.koupelnapro.com\/index.php\/produkt\/baterie-alkalicke-gp-super-lr20-2-ks-zlevneny-12750\/#breadcrumb\"},\"inLanguage\":\"cs\",\"potentialAction\":[{\"@type\":\"ReadAction\",\"target\":[\"https:\/\/www.koupelnapro.com\/index.php\/produkt\/baterie-alkalicke-gp-super-lr20-2-ks-zlevneny-12750\/\"]}]},{\"@type\":\"ImageObject\",\"inLanguage\":\"cs\",\"@id\":\"https:\/\/www.koupelnapro.com\/index.php\/produkt\/baterie-alkalicke-gp-super-lr20-2-ks-zlevneny-12750\/#primaryimage\",\"url\":\"https:\/\/www.koupelnapro.com\/wp-content\/uploads\/2026\/SK0003213-CZ20260425-091842-0-1777079922-tablet-gp-lr20.webp\",\"contentUrl\":\"https:\/\/www.koupelnapro.com\/wp-content\/uploads\/2026\/SK0003213-CZ20260425-091842-0-1777079922-tablet-gp-lr20.webp\",\"width\":790,\"height\":736},{\"@type\":\"BreadcrumbList\",\"@id\":\"https:\/\/www.koupelnapro.com\/index.php\/produkt\/baterie-alkalicke-gp-super-lr20-2-ks-zlevneny-12750\/#breadcrumb\",\"itemListElement\":[{\"@type\":\"ListItem\",\"position\":1,\"name\":\"Home\",\"item\":\"https:\/\/www.koupelnapro.com\/\"},{\"@type\":\"ListItem\",\"position\":2,\"name\":\"Products\",\"item\":\"https:\/\/www.koupelnapro.com\/index.php\/products\/\"},{\"@type\":\"ListItem\",\"position\":3,\"name\":\"Baterie alkalick\u00e9 GP Super LR20\u00a02\u00a0ks Zlevn\u011bn\u00fd\"}]},{\"@type\":\"WebSite\",\"@id\":\"https:\/\/www.koupelnapro.com\/#website\",\"url\":\"https:\/\/www.koupelnapro.com\/\",\"name\":\"\",\"description\":\"\",\"potentialAction\":[{\"@type\":\"SearchAction\",\"target\":{\"@type\":\"EntryPoint\",\"urlTemplate\":\"https:\/\/www.koupelnapro.com\/?s={search_term_string}\"},\"query-input\":{\"@type\":\"PropertyValueSpecification\",\"valueRequired\":true,\"valueName\":\"search_term_string\"}}],\"inLanguage\":\"cs\"}]}<\/script>\n<!-- \/ Yoast SEO plugin. -->","yoast_head_json":{"title":"Baterie alkalick\u00e9 GP Super LR20\u00a02\u00a0ks Zlevn\u011bn\u00fd -","robots":{"index":"index","follow":"follow","max-snippet":"max-snippet:-1","max-image-preview":"max-image-preview:large","max-video-preview":"max-video-preview:-1"},"canonical":"https:\/\/www.koupelnapro.com\/index.php\/produkt\/baterie-alkalicke-gp-super-lr20-2-ks-zlevneny-12750\/","og_locale":"cs_CZ","og_type":"article","og_title":"Baterie alkalick\u00e9 GP Super LR20\u00a02\u00a0ks Zlevn\u011bn\u00fd -","og_description":"Z\u00e1kladn\u00ed \u0159ada alkalick\u00fdch bateri\u00ed vynik\u00e1 dobou provozu v energeticky nen\u00e1ro\u010dn\u00fdch za\u0159\u00edzen\u00edch. V\u00fdkonnost t\u011bchto bateri\u00ed nejl\u00e9pe vynikne p\u0159i pou\u017eit\u00ed v p\u0159\u00edstroj\u00edch s mal\u00fdm dlouhodob\u00fdm odb\u011brem proudu jako nap\u0159.:\u00a0d\u00e1lkov\u00e9 ovlada\u010de, hodiny, bud\u00edky, kalkul\u00e1tory, r\u016fzn\u00e1 bezdr\u00e1tov\u00e1 \u010didla a \u010d\u00edseln\u00edky. Oproti zinkouhl\u00edkov\u00fdm a zinkochloridov\u00fdm bateri\u00edm disponuje dlouhou skladovatelnost\u00ed a\u017e 10 let. Jejich pracovn\u00ed teplota je -20 \u00b0C a\u017e +54 [&hellip;]","og_url":"https:\/\/www.koupelnapro.com\/index.php\/produkt\/baterie-alkalicke-gp-super-lr20-2-ks-zlevneny-12750\/","og_image":[{"width":790,"height":736,"url":"https:\/\/www.koupelnapro.com\/wp-content\/uploads\/2026\/SK0003213-CZ20260425-091842-0-1777079922-tablet-gp-lr20.webp","type":"image\/webp"}],"twitter_card":"summary_large_image","schema":{"@context":"https:\/\/schema.org","@graph":[{"@type":"WebPage","@id":"https:\/\/www.koupelnapro.com\/index.php\/produkt\/baterie-alkalicke-gp-super-lr20-2-ks-zlevneny-12750\/","url":"https:\/\/www.koupelnapro.com\/index.php\/produkt\/baterie-alkalicke-gp-super-lr20-2-ks-zlevneny-12750\/","name":"Baterie alkalick\u00e9 GP Super LR20\u00a02\u00a0ks Zlevn\u011bn\u00fd -","isPartOf":{"@id":"https:\/\/www.koupelnapro.com\/#website"},"primaryImageOfPage":{"@id":"https:\/\/www.koupelnapro.com\/index.php\/produkt\/baterie-alkalicke-gp-super-lr20-2-ks-zlevneny-12750\/#primaryimage"},"image":{"@id":"https:\/\/www.koupelnapro.com\/index.php\/produkt\/baterie-alkalicke-gp-super-lr20-2-ks-zlevneny-12750\/#primaryimage"},"thumbnailUrl":"https:\/\/www.koupelnapro.com\/wp-content\/uploads\/2026\/SK0003213-CZ20260425-091842-0-1777079922-tablet-gp-lr20.webp","datePublished":"2026-04-26T09:13:38+00:00","breadcrumb":{"@id":"https:\/\/www.koupelnapro.com\/index.php\/produkt\/baterie-alkalicke-gp-super-lr20-2-ks-zlevneny-12750\/#breadcrumb"},"inLanguage":"cs","potentialAction":[{"@type":"ReadAction","target":["https:\/\/www.koupelnapro.com\/index.php\/produkt\/baterie-alkalicke-gp-super-lr20-2-ks-zlevneny-12750\/"]}]},{"@type":"ImageObject","inLanguage":"cs","@id":"https:\/\/www.koupelnapro.com\/index.php\/produkt\/baterie-alkalicke-gp-super-lr20-2-ks-zlevneny-12750\/#primaryimage","url":"https:\/\/www.koupelnapro.com\/wp-content\/uploads\/2026\/SK0003213-CZ20260425-091842-0-1777079922-tablet-gp-lr20.webp","contentUrl":"https:\/\/www.koupelnapro.com\/wp-content\/uploads\/2026\/SK0003213-CZ20260425-091842-0-1777079922-tablet-gp-lr20.webp","width":790,"height":736},{"@type":"BreadcrumbList","@id":"https:\/\/www.koupelnapro.com\/index.php\/produkt\/baterie-alkalicke-gp-super-lr20-2-ks-zlevneny-12750\/#breadcrumb","itemListElement":[{"@type":"ListItem","position":1,"name":"Home","item":"https:\/\/www.koupelnapro.com\/"},{"@type":"ListItem","position":2,"name":"Products","item":"https:\/\/www.koupelnapro.com\/index.php\/products\/"},{"@type":"ListItem","position":3,"name":"Baterie alkalick\u00e9 GP Super LR20\u00a02\u00a0ks Zlevn\u011bn\u00fd"}]},{"@type":"WebSite","@id":"https:\/\/www.koupelnapro.com\/#website","url":"https:\/\/www.koupelnapro.com\/","name":"","description":"","potentialAction":[{"@type":"SearchAction","target":{"@type":"EntryPoint","urlTemplate":"https:\/\/www.koupelnapro.com\/?s={search_term_string}"},"query-input":{"@type":"PropertyValueSpecification","valueRequired":true,"valueName":"search_term_string"}}],"inLanguage":"cs"}]}},"_links":{"self":[{"href":"https:\/\/www.koupelnapro.com\/index.php\/wp-json\/wp\/v2\/product\/12750","targetHints":{"allow":["GET"]}}],"collection":[{"href":"https:\/\/www.koupelnapro.com\/index.php\/wp-json\/wp\/v2\/product"}],"about":[{"href":"https:\/\/www.koupelnapro.com\/index.php\/wp-json\/wp\/v2\/types\/product"}],"replies":[{"embeddable":true,"href":"https:\/\/www.koupelnapro.com\/index.php\/wp-json\/wp\/v2\/comments?post=12750"}],"wp:featuredmedia":[{"embeddable":true,"href":"https:\/\/www.koupelnapro.com\/index.php\/wp-json\/wp\/v2\/media\/12850"}],"wp:attachment":[{"href":"https:\/\/www.koupelnapro.com\/index.php\/wp-json\/wp\/v2\/media?parent=12750"}],"wp:term":[{"taxonomy":"product_brand","embeddable":true,"href":"https:\/\/www.koupelnapro.com\/index.php\/wp-json\/wp\/v2\/product_brand?post=12750"},{"taxonomy":"product_cat","embeddable":true,"href":"https:\/\/www.koupelnapro.com\/index.php\/wp-json\/wp\/v2\/product_cat?post=12750"},{"taxonomy":"product_tag","embeddable":true,"href":"https:\/\/www.koupelnapro.com\/index.php\/wp-json\/wp\/v2\/product_tag?post=12750"}],"curies":[{"name":"wp","href":"https:\/\/api.w.org\/{rel}","templated":true}]}}