{"id":12730,"date":"2026-04-26T09:13:38","date_gmt":"2026-04-26T09:13:38","guid":{"rendered":""},"modified":"2026-04-26T09:13:38","modified_gmt":"2026-04-26T09:13:38","slug":"zarovka-usporna-nedes-e27-9w-a60-4000k-akcni-nabidka-12730","status":"publish","type":"product","link":"https:\/\/www.koupelnapro.com\/index.php\/produkt\/zarovka-usporna-nedes-e27-9w-a60-4000k-akcni-nabidka-12730\/","title":{"rendered":"\u017d\u00e1rovka \u00fasporn\u00e1 Nedes E27 9W A60 4000K Ak\u010dn\u00ed Nab\u00eddka"},"content":{"rendered":"<div class=\"content-actual\">\n<p>Led \u00fasporn\u00e1 \u017e\u00e1rovka.<\/p>\n<\/p><\/div>\n<\/p><\/div>\n","protected":false},"excerpt":{"rendered":"<p>Led \u00fasporn\u00e1 \u017e\u00e1rovka.<\/p>\n","protected":false},"featured_media":12830,"comment_status":"open","ping_status":"open","template":"","meta":[],"product_brand":[],"product_cat":[78],"product_tag":[],"class_list":{"0":"post-12730","1":"product","2":"type-product","3":"status-publish","4":"has-post-thumbnail","6":"product_cat-interier-a-domacnost","8":"first","9":"instock","10":"sale","11":"shipping-taxable","12":"purchasable","13":"product-type-simple"},"yoast_head":"<!-- This site is optimized with the Yoast SEO plugin v26.8 - https:\/\/yoast.com\/product\/yoast-seo-wordpress\/ -->\n<title>\u017d\u00e1rovka \u00fasporn\u00e1 Nedes E27 9W A60 4000K Ak\u010dn\u00ed Nab\u00eddka -<\/title>\n<meta name=\"robots\" content=\"index, follow, max-snippet:-1, max-image-preview:large, max-video-preview:-1\" \/>\n<link rel=\"canonical\" href=\"https:\/\/www.koupelnapro.com\/index.php\/produkt\/zarovka-usporna-nedes-e27-9w-a60-4000k-akcni-nabidka-12730\/\" \/>\n<meta property=\"og:locale\" content=\"cs_CZ\" \/>\n<meta property=\"og:type\" content=\"article\" \/>\n<meta property=\"og:title\" content=\"\u017d\u00e1rovka \u00fasporn\u00e1 Nedes E27 9W A60 4000K Ak\u010dn\u00ed Nab\u00eddka -\" \/>\n<meta property=\"og:description\" content=\"Led \u00fasporn\u00e1 \u017e\u00e1rovka.\" \/>\n<meta property=\"og:url\" content=\"https:\/\/www.koupelnapro.com\/index.php\/produkt\/zarovka-usporna-nedes-e27-9w-a60-4000k-akcni-nabidka-12730\/\" \/>\n<meta property=\"og:image\" content=\"https:\/\/www.koupelnapro.com\/wp-content\/uploads\/2026\/SK0003193-CZ20260425-091842-0-1777079922-tablet-zarovka.webp\" \/>\n\t<meta property=\"og:image:width\" content=\"780\" \/>\n\t<meta property=\"og:image:height\" content=\"759\" \/>\n\t<meta property=\"og:image:type\" content=\"image\/webp\" \/>\n<meta name=\"twitter:card\" content=\"summary_large_image\" \/>\n<script type=\"application\/ld+json\" class=\"yoast-schema-graph\">{\"@context\":\"https:\/\/schema.org\",\"@graph\":[{\"@type\":\"WebPage\",\"@id\":\"https:\/\/www.koupelnapro.com\/index.php\/produkt\/zarovka-usporna-nedes-e27-9w-a60-4000k-akcni-nabidka-12730\/\",\"url\":\"https:\/\/www.koupelnapro.com\/index.php\/produkt\/zarovka-usporna-nedes-e27-9w-a60-4000k-akcni-nabidka-12730\/\",\"name\":\"\u017d\u00e1rovka \u00fasporn\u00e1 Nedes E27 9W A60 4000K Ak\u010dn\u00ed Nab\u00eddka -\",\"isPartOf\":{\"@id\":\"https:\/\/www.koupelnapro.com\/#website\"},\"primaryImageOfPage\":{\"@id\":\"https:\/\/www.koupelnapro.com\/index.php\/produkt\/zarovka-usporna-nedes-e27-9w-a60-4000k-akcni-nabidka-12730\/#primaryimage\"},\"image\":{\"@id\":\"https:\/\/www.koupelnapro.com\/index.php\/produkt\/zarovka-usporna-nedes-e27-9w-a60-4000k-akcni-nabidka-12730\/#primaryimage\"},\"thumbnailUrl\":\"https:\/\/www.koupelnapro.com\/wp-content\/uploads\/2026\/SK0003193-CZ20260425-091842-0-1777079922-tablet-zarovka.webp\",\"datePublished\":\"2026-04-26T09:13:38+00:00\",\"breadcrumb\":{\"@id\":\"https:\/\/www.koupelnapro.com\/index.php\/produkt\/zarovka-usporna-nedes-e27-9w-a60-4000k-akcni-nabidka-12730\/#breadcrumb\"},\"inLanguage\":\"cs\",\"potentialAction\":[{\"@type\":\"ReadAction\",\"target\":[\"https:\/\/www.koupelnapro.com\/index.php\/produkt\/zarovka-usporna-nedes-e27-9w-a60-4000k-akcni-nabidka-12730\/\"]}]},{\"@type\":\"ImageObject\",\"inLanguage\":\"cs\",\"@id\":\"https:\/\/www.koupelnapro.com\/index.php\/produkt\/zarovka-usporna-nedes-e27-9w-a60-4000k-akcni-nabidka-12730\/#primaryimage\",\"url\":\"https:\/\/www.koupelnapro.com\/wp-content\/uploads\/2026\/SK0003193-CZ20260425-091842-0-1777079922-tablet-zarovka.webp\",\"contentUrl\":\"https:\/\/www.koupelnapro.com\/wp-content\/uploads\/2026\/SK0003193-CZ20260425-091842-0-1777079922-tablet-zarovka.webp\",\"width\":780,\"height\":759},{\"@type\":\"BreadcrumbList\",\"@id\":\"https:\/\/www.koupelnapro.com\/index.php\/produkt\/zarovka-usporna-nedes-e27-9w-a60-4000k-akcni-nabidka-12730\/#breadcrumb\",\"itemListElement\":[{\"@type\":\"ListItem\",\"position\":1,\"name\":\"Home\",\"item\":\"https:\/\/www.koupelnapro.com\/\"},{\"@type\":\"ListItem\",\"position\":2,\"name\":\"Products\",\"item\":\"https:\/\/www.koupelnapro.com\/index.php\/products\/\"},{\"@type\":\"ListItem\",\"position\":3,\"name\":\"\u017d\u00e1rovka \u00fasporn\u00e1 Nedes E27 9W A60 4000K Ak\u010dn\u00ed Nab\u00eddka\"}]},{\"@type\":\"WebSite\",\"@id\":\"https:\/\/www.koupelnapro.com\/#website\",\"url\":\"https:\/\/www.koupelnapro.com\/\",\"name\":\"\",\"description\":\"\",\"potentialAction\":[{\"@type\":\"SearchAction\",\"target\":{\"@type\":\"EntryPoint\",\"urlTemplate\":\"https:\/\/www.koupelnapro.com\/?s={search_term_string}\"},\"query-input\":{\"@type\":\"PropertyValueSpecification\",\"valueRequired\":true,\"valueName\":\"search_term_string\"}}],\"inLanguage\":\"cs\"}]}<\/script>\n<!-- \/ Yoast SEO plugin. -->","yoast_head_json":{"title":"\u017d\u00e1rovka \u00fasporn\u00e1 Nedes E27 9W A60 4000K Ak\u010dn\u00ed Nab\u00eddka -","robots":{"index":"index","follow":"follow","max-snippet":"max-snippet:-1","max-image-preview":"max-image-preview:large","max-video-preview":"max-video-preview:-1"},"canonical":"https:\/\/www.koupelnapro.com\/index.php\/produkt\/zarovka-usporna-nedes-e27-9w-a60-4000k-akcni-nabidka-12730\/","og_locale":"cs_CZ","og_type":"article","og_title":"\u017d\u00e1rovka \u00fasporn\u00e1 Nedes E27 9W A60 4000K Ak\u010dn\u00ed Nab\u00eddka -","og_description":"Led \u00fasporn\u00e1 \u017e\u00e1rovka.","og_url":"https:\/\/www.koupelnapro.com\/index.php\/produkt\/zarovka-usporna-nedes-e27-9w-a60-4000k-akcni-nabidka-12730\/","og_image":[{"width":780,"height":759,"url":"https:\/\/www.koupelnapro.com\/wp-content\/uploads\/2026\/SK0003193-CZ20260425-091842-0-1777079922-tablet-zarovka.webp","type":"image\/webp"}],"twitter_card":"summary_large_image","schema":{"@context":"https:\/\/schema.org","@graph":[{"@type":"WebPage","@id":"https:\/\/www.koupelnapro.com\/index.php\/produkt\/zarovka-usporna-nedes-e27-9w-a60-4000k-akcni-nabidka-12730\/","url":"https:\/\/www.koupelnapro.com\/index.php\/produkt\/zarovka-usporna-nedes-e27-9w-a60-4000k-akcni-nabidka-12730\/","name":"\u017d\u00e1rovka \u00fasporn\u00e1 Nedes E27 9W A60 4000K Ak\u010dn\u00ed Nab\u00eddka -","isPartOf":{"@id":"https:\/\/www.koupelnapro.com\/#website"},"primaryImageOfPage":{"@id":"https:\/\/www.koupelnapro.com\/index.php\/produkt\/zarovka-usporna-nedes-e27-9w-a60-4000k-akcni-nabidka-12730\/#primaryimage"},"image":{"@id":"https:\/\/www.koupelnapro.com\/index.php\/produkt\/zarovka-usporna-nedes-e27-9w-a60-4000k-akcni-nabidka-12730\/#primaryimage"},"thumbnailUrl":"https:\/\/www.koupelnapro.com\/wp-content\/uploads\/2026\/SK0003193-CZ20260425-091842-0-1777079922-tablet-zarovka.webp","datePublished":"2026-04-26T09:13:38+00:00","breadcrumb":{"@id":"https:\/\/www.koupelnapro.com\/index.php\/produkt\/zarovka-usporna-nedes-e27-9w-a60-4000k-akcni-nabidka-12730\/#breadcrumb"},"inLanguage":"cs","potentialAction":[{"@type":"ReadAction","target":["https:\/\/www.koupelnapro.com\/index.php\/produkt\/zarovka-usporna-nedes-e27-9w-a60-4000k-akcni-nabidka-12730\/"]}]},{"@type":"ImageObject","inLanguage":"cs","@id":"https:\/\/www.koupelnapro.com\/index.php\/produkt\/zarovka-usporna-nedes-e27-9w-a60-4000k-akcni-nabidka-12730\/#primaryimage","url":"https:\/\/www.koupelnapro.com\/wp-content\/uploads\/2026\/SK0003193-CZ20260425-091842-0-1777079922-tablet-zarovka.webp","contentUrl":"https:\/\/www.koupelnapro.com\/wp-content\/uploads\/2026\/SK0003193-CZ20260425-091842-0-1777079922-tablet-zarovka.webp","width":780,"height":759},{"@type":"BreadcrumbList","@id":"https:\/\/www.koupelnapro.com\/index.php\/produkt\/zarovka-usporna-nedes-e27-9w-a60-4000k-akcni-nabidka-12730\/#breadcrumb","itemListElement":[{"@type":"ListItem","position":1,"name":"Home","item":"https:\/\/www.koupelnapro.com\/"},{"@type":"ListItem","position":2,"name":"Products","item":"https:\/\/www.koupelnapro.com\/index.php\/products\/"},{"@type":"ListItem","position":3,"name":"\u017d\u00e1rovka \u00fasporn\u00e1 Nedes E27 9W A60 4000K Ak\u010dn\u00ed Nab\u00eddka"}]},{"@type":"WebSite","@id":"https:\/\/www.koupelnapro.com\/#website","url":"https:\/\/www.koupelnapro.com\/","name":"","description":"","potentialAction":[{"@type":"SearchAction","target":{"@type":"EntryPoint","urlTemplate":"https:\/\/www.koupelnapro.com\/?s={search_term_string}"},"query-input":{"@type":"PropertyValueSpecification","valueRequired":true,"valueName":"search_term_string"}}],"inLanguage":"cs"}]}},"_links":{"self":[{"href":"https:\/\/www.koupelnapro.com\/index.php\/wp-json\/wp\/v2\/product\/12730","targetHints":{"allow":["GET"]}}],"collection":[{"href":"https:\/\/www.koupelnapro.com\/index.php\/wp-json\/wp\/v2\/product"}],"about":[{"href":"https:\/\/www.koupelnapro.com\/index.php\/wp-json\/wp\/v2\/types\/product"}],"replies":[{"embeddable":true,"href":"https:\/\/www.koupelnapro.com\/index.php\/wp-json\/wp\/v2\/comments?post=12730"}],"wp:featuredmedia":[{"embeddable":true,"href":"https:\/\/www.koupelnapro.com\/index.php\/wp-json\/wp\/v2\/media\/12830"}],"wp:attachment":[{"href":"https:\/\/www.koupelnapro.com\/index.php\/wp-json\/wp\/v2\/media?parent=12730"}],"wp:term":[{"taxonomy":"product_brand","embeddable":true,"href":"https:\/\/www.koupelnapro.com\/index.php\/wp-json\/wp\/v2\/product_brand?post=12730"},{"taxonomy":"product_cat","embeddable":true,"href":"https:\/\/www.koupelnapro.com\/index.php\/wp-json\/wp\/v2\/product_cat?post=12730"},{"taxonomy":"product_tag","embeddable":true,"href":"https:\/\/www.koupelnapro.com\/index.php\/wp-json\/wp\/v2\/product_tag?post=12730"}],"curies":[{"name":"wp","href":"https:\/\/api.w.org\/{rel}","templated":true}]}}