{"id":12497,"date":"2026-04-26T09:13:38","date_gmt":"2026-04-26T09:13:38","guid":{"rendered":""},"modified":"2026-04-26T09:13:38","modified_gmt":"2026-04-26T09:13:38","slug":"znackovy-taska-stresni-tondach-contiton-12-glazura-amadeus-cerna-12497","status":"publish","type":"product","link":"https:\/\/www.koupelnapro.com\/index.php\/produkt\/znackovy-taska-stresni-tondach-contiton-12-glazura-amadeus-cerna-12497\/","title":{"rendered":"Zna\u010dkov\u00fd Ta\u0161ka st\u0159e\u0161n\u00ed Tondach Contiton\u00a012 glazura amadeus \u010dern\u00e1"},"content":{"rendered":"<div class=\"content-actual\">\n<p>Vytv\u00e1\u0159\u00ed velmi odolnou ochranu proti pov\u011btrnostn\u00edm vliv\u016fm a sou\u010dasn\u011b umo\u017e\u0148uje posun o 40 mm. V l\u00edci je opat\u0159ena jedn\u00edm st\u0159edn\u00edm ploch\u00fdm \u017el\u00e1bkem a tak po polo\u017een\u00ed vytv\u00e1\u0159\u00ed jemnou a klidnou strukturu st\u0159e\u0161n\u00ed plochy. Dle bli\u017e\u0161\u00edho \u010dlen\u011bn\u00ed se jedn\u00e1 o ta\u0161ku s p\u0159eru\u0161ovanou vodn\u00ed dr\u00e1\u017ekou s jedn\u00edm \u017el\u00e1bkem posuvn\u00e1 v dr\u00e1\u017ece. Proto ji lze pokl\u00e1dat pouze na st\u0159ih.<\/p>\n<\/p><\/div>\n<\/p><\/div>\n","protected":false},"excerpt":{"rendered":"<p>Vytv\u00e1\u0159\u00ed velmi odolnou ochranu proti pov\u011btrnostn\u00edm vliv\u016fm a sou\u010dasn\u011b umo\u017e\u0148uje posun o 40 mm. V l\u00edci je opat\u0159ena jedn\u00edm st\u0159edn\u00edm ploch\u00fdm \u017el\u00e1bkem a tak po polo\u017een\u00ed vytv\u00e1\u0159\u00ed jemnou a klidnou strukturu st\u0159e\u0161n\u00ed plochy. Dle bli\u017e\u0161\u00edho \u010dlen\u011bn\u00ed se jedn\u00e1 o ta\u0161ku s p\u0159eru\u0161ovanou vodn\u00ed dr\u00e1\u017ekou s jedn\u00edm \u017el\u00e1bkem posuvn\u00e1 v dr\u00e1\u017ece. Proto ji lze pokl\u00e1dat pouze [&hellip;]<\/p>\n","protected":false},"featured_media":12597,"comment_status":"open","ping_status":"open","template":"","meta":[],"product_brand":[],"product_cat":[63],"product_tag":[],"class_list":{"0":"post-12497","1":"product","2":"type-product","3":"status-publish","4":"has-post-thumbnail","6":"product_cat-hruba-stavba","8":"first","9":"instock","10":"sale","11":"shipping-taxable","12":"purchasable","13":"product-type-simple"},"yoast_head":"<!-- This site is optimized with the Yoast SEO plugin v26.8 - https:\/\/yoast.com\/product\/yoast-seo-wordpress\/ -->\n<title>Zna\u010dkov\u00fd Ta\u0161ka st\u0159e\u0161n\u00ed Tondach Contiton\u00a012 glazura amadeus \u010dern\u00e1 -<\/title>\n<meta name=\"robots\" content=\"index, follow, max-snippet:-1, max-image-preview:large, max-video-preview:-1\" \/>\n<link rel=\"canonical\" href=\"https:\/\/www.koupelnapro.com\/index.php\/produkt\/znackovy-taska-stresni-tondach-contiton-12-glazura-amadeus-cerna-12497\/\" \/>\n<meta property=\"og:locale\" content=\"cs_CZ\" \/>\n<meta property=\"og:type\" content=\"article\" \/>\n<meta property=\"og:title\" content=\"Zna\u010dkov\u00fd Ta\u0161ka st\u0159e\u0161n\u00ed Tondach Contiton\u00a012 glazura amadeus \u010dern\u00e1 -\" \/>\n<meta property=\"og:description\" content=\"Vytv\u00e1\u0159\u00ed velmi odolnou ochranu proti pov\u011btrnostn\u00edm vliv\u016fm a sou\u010dasn\u011b umo\u017e\u0148uje posun o 40 mm. V l\u00edci je opat\u0159ena jedn\u00edm st\u0159edn\u00edm ploch\u00fdm \u017el\u00e1bkem a tak po polo\u017een\u00ed vytv\u00e1\u0159\u00ed jemnou a klidnou strukturu st\u0159e\u0161n\u00ed plochy. Dle bli\u017e\u0161\u00edho \u010dlen\u011bn\u00ed se jedn\u00e1 o ta\u0161ku s p\u0159eru\u0161ovanou vodn\u00ed dr\u00e1\u017ekou s jedn\u00edm \u017el\u00e1bkem posuvn\u00e1 v dr\u00e1\u017ece. Proto ji lze pokl\u00e1dat pouze [&hellip;]\" \/>\n<meta property=\"og:url\" content=\"https:\/\/www.koupelnapro.com\/index.php\/produkt\/znackovy-taska-stresni-tondach-contiton-12-glazura-amadeus-cerna-12497\/\" \/>\n<meta property=\"og:image\" content=\"https:\/\/www.koupelnapro.com\/wp-content\/uploads\/2026\/SK0003060-CZ20260425-091842-0-1777079922-tablet-file.webp\" \/>\n\t<meta property=\"og:image:width\" content=\"576\" \/>\n\t<meta property=\"og:image:height\" content=\"576\" \/>\n\t<meta property=\"og:image:type\" content=\"image\/webp\" \/>\n<meta name=\"twitter:card\" content=\"summary_large_image\" \/>\n<script type=\"application\/ld+json\" class=\"yoast-schema-graph\">{\"@context\":\"https:\/\/schema.org\",\"@graph\":[{\"@type\":\"WebPage\",\"@id\":\"https:\/\/www.koupelnapro.com\/index.php\/produkt\/znackovy-taska-stresni-tondach-contiton-12-glazura-amadeus-cerna-12497\/\",\"url\":\"https:\/\/www.koupelnapro.com\/index.php\/produkt\/znackovy-taska-stresni-tondach-contiton-12-glazura-amadeus-cerna-12497\/\",\"name\":\"Zna\u010dkov\u00fd Ta\u0161ka st\u0159e\u0161n\u00ed Tondach Contiton\u00a012 glazura amadeus \u010dern\u00e1 -\",\"isPartOf\":{\"@id\":\"https:\/\/www.koupelnapro.com\/#website\"},\"primaryImageOfPage\":{\"@id\":\"https:\/\/www.koupelnapro.com\/index.php\/produkt\/znackovy-taska-stresni-tondach-contiton-12-glazura-amadeus-cerna-12497\/#primaryimage\"},\"image\":{\"@id\":\"https:\/\/www.koupelnapro.com\/index.php\/produkt\/znackovy-taska-stresni-tondach-contiton-12-glazura-amadeus-cerna-12497\/#primaryimage\"},\"thumbnailUrl\":\"https:\/\/www.koupelnapro.com\/wp-content\/uploads\/2026\/SK0003060-CZ20260425-091842-0-1777079922-tablet-file.webp\",\"datePublished\":\"2026-04-26T09:13:38+00:00\",\"breadcrumb\":{\"@id\":\"https:\/\/www.koupelnapro.com\/index.php\/produkt\/znackovy-taska-stresni-tondach-contiton-12-glazura-amadeus-cerna-12497\/#breadcrumb\"},\"inLanguage\":\"cs\",\"potentialAction\":[{\"@type\":\"ReadAction\",\"target\":[\"https:\/\/www.koupelnapro.com\/index.php\/produkt\/znackovy-taska-stresni-tondach-contiton-12-glazura-amadeus-cerna-12497\/\"]}]},{\"@type\":\"ImageObject\",\"inLanguage\":\"cs\",\"@id\":\"https:\/\/www.koupelnapro.com\/index.php\/produkt\/znackovy-taska-stresni-tondach-contiton-12-glazura-amadeus-cerna-12497\/#primaryimage\",\"url\":\"https:\/\/www.koupelnapro.com\/wp-content\/uploads\/2026\/SK0003060-CZ20260425-091842-0-1777079922-tablet-file.webp\",\"contentUrl\":\"https:\/\/www.koupelnapro.com\/wp-content\/uploads\/2026\/SK0003060-CZ20260425-091842-0-1777079922-tablet-file.webp\",\"width\":576,\"height\":576},{\"@type\":\"BreadcrumbList\",\"@id\":\"https:\/\/www.koupelnapro.com\/index.php\/produkt\/znackovy-taska-stresni-tondach-contiton-12-glazura-amadeus-cerna-12497\/#breadcrumb\",\"itemListElement\":[{\"@type\":\"ListItem\",\"position\":1,\"name\":\"Home\",\"item\":\"https:\/\/www.koupelnapro.com\/\"},{\"@type\":\"ListItem\",\"position\":2,\"name\":\"Products\",\"item\":\"https:\/\/www.koupelnapro.com\/index.php\/products\/\"},{\"@type\":\"ListItem\",\"position\":3,\"name\":\"Zna\u010dkov\u00fd Ta\u0161ka st\u0159e\u0161n\u00ed Tondach Contiton\u00a012 glazura amadeus \u010dern\u00e1\"}]},{\"@type\":\"WebSite\",\"@id\":\"https:\/\/www.koupelnapro.com\/#website\",\"url\":\"https:\/\/www.koupelnapro.com\/\",\"name\":\"\",\"description\":\"\",\"potentialAction\":[{\"@type\":\"SearchAction\",\"target\":{\"@type\":\"EntryPoint\",\"urlTemplate\":\"https:\/\/www.koupelnapro.com\/?s={search_term_string}\"},\"query-input\":{\"@type\":\"PropertyValueSpecification\",\"valueRequired\":true,\"valueName\":\"search_term_string\"}}],\"inLanguage\":\"cs\"}]}<\/script>\n<!-- \/ Yoast SEO plugin. -->","yoast_head_json":{"title":"Zna\u010dkov\u00fd Ta\u0161ka st\u0159e\u0161n\u00ed Tondach Contiton\u00a012 glazura amadeus \u010dern\u00e1 -","robots":{"index":"index","follow":"follow","max-snippet":"max-snippet:-1","max-image-preview":"max-image-preview:large","max-video-preview":"max-video-preview:-1"},"canonical":"https:\/\/www.koupelnapro.com\/index.php\/produkt\/znackovy-taska-stresni-tondach-contiton-12-glazura-amadeus-cerna-12497\/","og_locale":"cs_CZ","og_type":"article","og_title":"Zna\u010dkov\u00fd Ta\u0161ka st\u0159e\u0161n\u00ed Tondach Contiton\u00a012 glazura amadeus \u010dern\u00e1 -","og_description":"Vytv\u00e1\u0159\u00ed velmi odolnou ochranu proti pov\u011btrnostn\u00edm vliv\u016fm a sou\u010dasn\u011b umo\u017e\u0148uje posun o 40 mm. V l\u00edci je opat\u0159ena jedn\u00edm st\u0159edn\u00edm ploch\u00fdm \u017el\u00e1bkem a tak po polo\u017een\u00ed vytv\u00e1\u0159\u00ed jemnou a klidnou strukturu st\u0159e\u0161n\u00ed plochy. Dle bli\u017e\u0161\u00edho \u010dlen\u011bn\u00ed se jedn\u00e1 o ta\u0161ku s p\u0159eru\u0161ovanou vodn\u00ed dr\u00e1\u017ekou s jedn\u00edm \u017el\u00e1bkem posuvn\u00e1 v dr\u00e1\u017ece. Proto ji lze pokl\u00e1dat pouze [&hellip;]","og_url":"https:\/\/www.koupelnapro.com\/index.php\/produkt\/znackovy-taska-stresni-tondach-contiton-12-glazura-amadeus-cerna-12497\/","og_image":[{"width":576,"height":576,"url":"https:\/\/www.koupelnapro.com\/wp-content\/uploads\/2026\/SK0003060-CZ20260425-091842-0-1777079922-tablet-file.webp","type":"image\/webp"}],"twitter_card":"summary_large_image","schema":{"@context":"https:\/\/schema.org","@graph":[{"@type":"WebPage","@id":"https:\/\/www.koupelnapro.com\/index.php\/produkt\/znackovy-taska-stresni-tondach-contiton-12-glazura-amadeus-cerna-12497\/","url":"https:\/\/www.koupelnapro.com\/index.php\/produkt\/znackovy-taska-stresni-tondach-contiton-12-glazura-amadeus-cerna-12497\/","name":"Zna\u010dkov\u00fd Ta\u0161ka st\u0159e\u0161n\u00ed Tondach Contiton\u00a012 glazura amadeus \u010dern\u00e1 -","isPartOf":{"@id":"https:\/\/www.koupelnapro.com\/#website"},"primaryImageOfPage":{"@id":"https:\/\/www.koupelnapro.com\/index.php\/produkt\/znackovy-taska-stresni-tondach-contiton-12-glazura-amadeus-cerna-12497\/#primaryimage"},"image":{"@id":"https:\/\/www.koupelnapro.com\/index.php\/produkt\/znackovy-taska-stresni-tondach-contiton-12-glazura-amadeus-cerna-12497\/#primaryimage"},"thumbnailUrl":"https:\/\/www.koupelnapro.com\/wp-content\/uploads\/2026\/SK0003060-CZ20260425-091842-0-1777079922-tablet-file.webp","datePublished":"2026-04-26T09:13:38+00:00","breadcrumb":{"@id":"https:\/\/www.koupelnapro.com\/index.php\/produkt\/znackovy-taska-stresni-tondach-contiton-12-glazura-amadeus-cerna-12497\/#breadcrumb"},"inLanguage":"cs","potentialAction":[{"@type":"ReadAction","target":["https:\/\/www.koupelnapro.com\/index.php\/produkt\/znackovy-taska-stresni-tondach-contiton-12-glazura-amadeus-cerna-12497\/"]}]},{"@type":"ImageObject","inLanguage":"cs","@id":"https:\/\/www.koupelnapro.com\/index.php\/produkt\/znackovy-taska-stresni-tondach-contiton-12-glazura-amadeus-cerna-12497\/#primaryimage","url":"https:\/\/www.koupelnapro.com\/wp-content\/uploads\/2026\/SK0003060-CZ20260425-091842-0-1777079922-tablet-file.webp","contentUrl":"https:\/\/www.koupelnapro.com\/wp-content\/uploads\/2026\/SK0003060-CZ20260425-091842-0-1777079922-tablet-file.webp","width":576,"height":576},{"@type":"BreadcrumbList","@id":"https:\/\/www.koupelnapro.com\/index.php\/produkt\/znackovy-taska-stresni-tondach-contiton-12-glazura-amadeus-cerna-12497\/#breadcrumb","itemListElement":[{"@type":"ListItem","position":1,"name":"Home","item":"https:\/\/www.koupelnapro.com\/"},{"@type":"ListItem","position":2,"name":"Products","item":"https:\/\/www.koupelnapro.com\/index.php\/products\/"},{"@type":"ListItem","position":3,"name":"Zna\u010dkov\u00fd Ta\u0161ka st\u0159e\u0161n\u00ed Tondach Contiton\u00a012 glazura amadeus \u010dern\u00e1"}]},{"@type":"WebSite","@id":"https:\/\/www.koupelnapro.com\/#website","url":"https:\/\/www.koupelnapro.com\/","name":"","description":"","potentialAction":[{"@type":"SearchAction","target":{"@type":"EntryPoint","urlTemplate":"https:\/\/www.koupelnapro.com\/?s={search_term_string}"},"query-input":{"@type":"PropertyValueSpecification","valueRequired":true,"valueName":"search_term_string"}}],"inLanguage":"cs"}]}},"_links":{"self":[{"href":"https:\/\/www.koupelnapro.com\/index.php\/wp-json\/wp\/v2\/product\/12497","targetHints":{"allow":["GET"]}}],"collection":[{"href":"https:\/\/www.koupelnapro.com\/index.php\/wp-json\/wp\/v2\/product"}],"about":[{"href":"https:\/\/www.koupelnapro.com\/index.php\/wp-json\/wp\/v2\/types\/product"}],"replies":[{"embeddable":true,"href":"https:\/\/www.koupelnapro.com\/index.php\/wp-json\/wp\/v2\/comments?post=12497"}],"wp:featuredmedia":[{"embeddable":true,"href":"https:\/\/www.koupelnapro.com\/index.php\/wp-json\/wp\/v2\/media\/12597"}],"wp:attachment":[{"href":"https:\/\/www.koupelnapro.com\/index.php\/wp-json\/wp\/v2\/media?parent=12497"}],"wp:term":[{"taxonomy":"product_brand","embeddable":true,"href":"https:\/\/www.koupelnapro.com\/index.php\/wp-json\/wp\/v2\/product_brand?post=12497"},{"taxonomy":"product_cat","embeddable":true,"href":"https:\/\/www.koupelnapro.com\/index.php\/wp-json\/wp\/v2\/product_cat?post=12497"},{"taxonomy":"product_tag","embeddable":true,"href":"https:\/\/www.koupelnapro.com\/index.php\/wp-json\/wp\/v2\/product_tag?post=12497"}],"curies":[{"name":"wp","href":"https:\/\/api.w.org\/{rel}","templated":true}]}}