{"id":12119,"date":"2026-04-26T09:13:36","date_gmt":"2026-04-26T09:13:36","guid":{"rendered":""},"modified":"2026-04-26T09:13:36","modified_gmt":"2026-04-26T09:13:36","slug":"kamenivo-drcene-frakce-4-8-mm-prane-horka-nabidka-12119","status":"publish","type":"product","link":"https:\/\/www.koupelnapro.com\/index.php\/produkt\/kamenivo-drcene-frakce-4-8-mm-prane-horka-nabidka-12119\/","title":{"rendered":"Kamenivo drcen\u00e9 frakce 4-8\u00a0mm pran\u00e9 Hork\u00e1 Nab\u00eddka"},"content":{"rendered":"<div class=\"content-actual\">\n<p><span style=\"color: rgb(53, 152, 219);\"><em>Dostupn\u00e9 pouze na uveden\u00fdch pobo\u010dk\u00e1ch, k dod\u00e1n\u00ed pouze do 20km od dan\u00e9 pobo\u010dky.<\/em><\/span><\/p>\n<\/p><\/div>\n<\/p><\/div>\n","protected":false},"excerpt":{"rendered":"<p>Dostupn\u00e9 pouze na uveden\u00fdch pobo\u010dk\u00e1ch, k dod\u00e1n\u00ed pouze do 20km od dan\u00e9 pobo\u010dky.<\/p>\n","protected":false},"featured_media":12219,"comment_status":"open","ping_status":"open","template":"","meta":[],"product_brand":[],"product_cat":[73],"product_tag":[],"class_list":{"0":"post-12119","1":"product","2":"type-product","3":"status-publish","4":"has-post-thumbnail","6":"product_cat-sypke-smesi-omitky-a-malty","8":"first","9":"instock","10":"sale","11":"shipping-taxable","12":"purchasable","13":"product-type-simple"},"yoast_head":"<!-- This site is optimized with the Yoast SEO plugin v26.8 - https:\/\/yoast.com\/product\/yoast-seo-wordpress\/ -->\n<title>Kamenivo drcen\u00e9 frakce 4-8\u00a0mm pran\u00e9 Hork\u00e1 Nab\u00eddka -<\/title>\n<meta name=\"robots\" content=\"index, follow, max-snippet:-1, max-image-preview:large, max-video-preview:-1\" \/>\n<link rel=\"canonical\" href=\"https:\/\/www.koupelnapro.com\/index.php\/produkt\/kamenivo-drcene-frakce-4-8-mm-prane-horka-nabidka-12119\/\" \/>\n<meta property=\"og:locale\" content=\"cs_CZ\" \/>\n<meta property=\"og:type\" content=\"article\" \/>\n<meta property=\"og:title\" content=\"Kamenivo drcen\u00e9 frakce 4-8\u00a0mm pran\u00e9 Hork\u00e1 Nab\u00eddka -\" \/>\n<meta property=\"og:description\" content=\"Dostupn\u00e9 pouze na uveden\u00fdch pobo\u010dk\u00e1ch, k dod\u00e1n\u00ed pouze do 20km od dan\u00e9 pobo\u010dky.\" \/>\n<meta property=\"og:url\" content=\"https:\/\/www.koupelnapro.com\/index.php\/produkt\/kamenivo-drcene-frakce-4-8-mm-prane-horka-nabidka-12119\/\" \/>\n<meta property=\"og:image\" content=\"https:\/\/www.koupelnapro.com\/wp-content\/uploads\/2026\/SK0002882-CZ20260425-091842-0-1777079922-tablet-dk-4-8.webp\" \/>\n\t<meta property=\"og:image:width\" content=\"801\" \/>\n\t<meta property=\"og:image:height\" content=\"533\" \/>\n\t<meta property=\"og:image:type\" content=\"image\/webp\" \/>\n<meta name=\"twitter:card\" content=\"summary_large_image\" \/>\n<script type=\"application\/ld+json\" class=\"yoast-schema-graph\">{\"@context\":\"https:\/\/schema.org\",\"@graph\":[{\"@type\":\"WebPage\",\"@id\":\"https:\/\/www.koupelnapro.com\/index.php\/produkt\/kamenivo-drcene-frakce-4-8-mm-prane-horka-nabidka-12119\/\",\"url\":\"https:\/\/www.koupelnapro.com\/index.php\/produkt\/kamenivo-drcene-frakce-4-8-mm-prane-horka-nabidka-12119\/\",\"name\":\"Kamenivo drcen\u00e9 frakce 4-8\u00a0mm pran\u00e9 Hork\u00e1 Nab\u00eddka -\",\"isPartOf\":{\"@id\":\"https:\/\/www.koupelnapro.com\/#website\"},\"primaryImageOfPage\":{\"@id\":\"https:\/\/www.koupelnapro.com\/index.php\/produkt\/kamenivo-drcene-frakce-4-8-mm-prane-horka-nabidka-12119\/#primaryimage\"},\"image\":{\"@id\":\"https:\/\/www.koupelnapro.com\/index.php\/produkt\/kamenivo-drcene-frakce-4-8-mm-prane-horka-nabidka-12119\/#primaryimage\"},\"thumbnailUrl\":\"https:\/\/www.koupelnapro.com\/wp-content\/uploads\/2026\/SK0002882-CZ20260425-091842-0-1777079922-tablet-dk-4-8.webp\",\"datePublished\":\"2026-04-26T09:13:36+00:00\",\"breadcrumb\":{\"@id\":\"https:\/\/www.koupelnapro.com\/index.php\/produkt\/kamenivo-drcene-frakce-4-8-mm-prane-horka-nabidka-12119\/#breadcrumb\"},\"inLanguage\":\"cs\",\"potentialAction\":[{\"@type\":\"ReadAction\",\"target\":[\"https:\/\/www.koupelnapro.com\/index.php\/produkt\/kamenivo-drcene-frakce-4-8-mm-prane-horka-nabidka-12119\/\"]}]},{\"@type\":\"ImageObject\",\"inLanguage\":\"cs\",\"@id\":\"https:\/\/www.koupelnapro.com\/index.php\/produkt\/kamenivo-drcene-frakce-4-8-mm-prane-horka-nabidka-12119\/#primaryimage\",\"url\":\"https:\/\/www.koupelnapro.com\/wp-content\/uploads\/2026\/SK0002882-CZ20260425-091842-0-1777079922-tablet-dk-4-8.webp\",\"contentUrl\":\"https:\/\/www.koupelnapro.com\/wp-content\/uploads\/2026\/SK0002882-CZ20260425-091842-0-1777079922-tablet-dk-4-8.webp\",\"width\":801,\"height\":533},{\"@type\":\"BreadcrumbList\",\"@id\":\"https:\/\/www.koupelnapro.com\/index.php\/produkt\/kamenivo-drcene-frakce-4-8-mm-prane-horka-nabidka-12119\/#breadcrumb\",\"itemListElement\":[{\"@type\":\"ListItem\",\"position\":1,\"name\":\"Home\",\"item\":\"https:\/\/www.koupelnapro.com\/\"},{\"@type\":\"ListItem\",\"position\":2,\"name\":\"Products\",\"item\":\"https:\/\/www.koupelnapro.com\/index.php\/products\/\"},{\"@type\":\"ListItem\",\"position\":3,\"name\":\"Kamenivo drcen\u00e9 frakce 4-8\u00a0mm pran\u00e9 Hork\u00e1 Nab\u00eddka\"}]},{\"@type\":\"WebSite\",\"@id\":\"https:\/\/www.koupelnapro.com\/#website\",\"url\":\"https:\/\/www.koupelnapro.com\/\",\"name\":\"\",\"description\":\"\",\"potentialAction\":[{\"@type\":\"SearchAction\",\"target\":{\"@type\":\"EntryPoint\",\"urlTemplate\":\"https:\/\/www.koupelnapro.com\/?s={search_term_string}\"},\"query-input\":{\"@type\":\"PropertyValueSpecification\",\"valueRequired\":true,\"valueName\":\"search_term_string\"}}],\"inLanguage\":\"cs\"}]}<\/script>\n<!-- \/ Yoast SEO plugin. -->","yoast_head_json":{"title":"Kamenivo drcen\u00e9 frakce 4-8\u00a0mm pran\u00e9 Hork\u00e1 Nab\u00eddka -","robots":{"index":"index","follow":"follow","max-snippet":"max-snippet:-1","max-image-preview":"max-image-preview:large","max-video-preview":"max-video-preview:-1"},"canonical":"https:\/\/www.koupelnapro.com\/index.php\/produkt\/kamenivo-drcene-frakce-4-8-mm-prane-horka-nabidka-12119\/","og_locale":"cs_CZ","og_type":"article","og_title":"Kamenivo drcen\u00e9 frakce 4-8\u00a0mm pran\u00e9 Hork\u00e1 Nab\u00eddka -","og_description":"Dostupn\u00e9 pouze na uveden\u00fdch pobo\u010dk\u00e1ch, k dod\u00e1n\u00ed pouze do 20km od dan\u00e9 pobo\u010dky.","og_url":"https:\/\/www.koupelnapro.com\/index.php\/produkt\/kamenivo-drcene-frakce-4-8-mm-prane-horka-nabidka-12119\/","og_image":[{"width":801,"height":533,"url":"https:\/\/www.koupelnapro.com\/wp-content\/uploads\/2026\/SK0002882-CZ20260425-091842-0-1777079922-tablet-dk-4-8.webp","type":"image\/webp"}],"twitter_card":"summary_large_image","schema":{"@context":"https:\/\/schema.org","@graph":[{"@type":"WebPage","@id":"https:\/\/www.koupelnapro.com\/index.php\/produkt\/kamenivo-drcene-frakce-4-8-mm-prane-horka-nabidka-12119\/","url":"https:\/\/www.koupelnapro.com\/index.php\/produkt\/kamenivo-drcene-frakce-4-8-mm-prane-horka-nabidka-12119\/","name":"Kamenivo drcen\u00e9 frakce 4-8\u00a0mm pran\u00e9 Hork\u00e1 Nab\u00eddka -","isPartOf":{"@id":"https:\/\/www.koupelnapro.com\/#website"},"primaryImageOfPage":{"@id":"https:\/\/www.koupelnapro.com\/index.php\/produkt\/kamenivo-drcene-frakce-4-8-mm-prane-horka-nabidka-12119\/#primaryimage"},"image":{"@id":"https:\/\/www.koupelnapro.com\/index.php\/produkt\/kamenivo-drcene-frakce-4-8-mm-prane-horka-nabidka-12119\/#primaryimage"},"thumbnailUrl":"https:\/\/www.koupelnapro.com\/wp-content\/uploads\/2026\/SK0002882-CZ20260425-091842-0-1777079922-tablet-dk-4-8.webp","datePublished":"2026-04-26T09:13:36+00:00","breadcrumb":{"@id":"https:\/\/www.koupelnapro.com\/index.php\/produkt\/kamenivo-drcene-frakce-4-8-mm-prane-horka-nabidka-12119\/#breadcrumb"},"inLanguage":"cs","potentialAction":[{"@type":"ReadAction","target":["https:\/\/www.koupelnapro.com\/index.php\/produkt\/kamenivo-drcene-frakce-4-8-mm-prane-horka-nabidka-12119\/"]}]},{"@type":"ImageObject","inLanguage":"cs","@id":"https:\/\/www.koupelnapro.com\/index.php\/produkt\/kamenivo-drcene-frakce-4-8-mm-prane-horka-nabidka-12119\/#primaryimage","url":"https:\/\/www.koupelnapro.com\/wp-content\/uploads\/2026\/SK0002882-CZ20260425-091842-0-1777079922-tablet-dk-4-8.webp","contentUrl":"https:\/\/www.koupelnapro.com\/wp-content\/uploads\/2026\/SK0002882-CZ20260425-091842-0-1777079922-tablet-dk-4-8.webp","width":801,"height":533},{"@type":"BreadcrumbList","@id":"https:\/\/www.koupelnapro.com\/index.php\/produkt\/kamenivo-drcene-frakce-4-8-mm-prane-horka-nabidka-12119\/#breadcrumb","itemListElement":[{"@type":"ListItem","position":1,"name":"Home","item":"https:\/\/www.koupelnapro.com\/"},{"@type":"ListItem","position":2,"name":"Products","item":"https:\/\/www.koupelnapro.com\/index.php\/products\/"},{"@type":"ListItem","position":3,"name":"Kamenivo drcen\u00e9 frakce 4-8\u00a0mm pran\u00e9 Hork\u00e1 Nab\u00eddka"}]},{"@type":"WebSite","@id":"https:\/\/www.koupelnapro.com\/#website","url":"https:\/\/www.koupelnapro.com\/","name":"","description":"","potentialAction":[{"@type":"SearchAction","target":{"@type":"EntryPoint","urlTemplate":"https:\/\/www.koupelnapro.com\/?s={search_term_string}"},"query-input":{"@type":"PropertyValueSpecification","valueRequired":true,"valueName":"search_term_string"}}],"inLanguage":"cs"}]}},"_links":{"self":[{"href":"https:\/\/www.koupelnapro.com\/index.php\/wp-json\/wp\/v2\/product\/12119","targetHints":{"allow":["GET"]}}],"collection":[{"href":"https:\/\/www.koupelnapro.com\/index.php\/wp-json\/wp\/v2\/product"}],"about":[{"href":"https:\/\/www.koupelnapro.com\/index.php\/wp-json\/wp\/v2\/types\/product"}],"replies":[{"embeddable":true,"href":"https:\/\/www.koupelnapro.com\/index.php\/wp-json\/wp\/v2\/comments?post=12119"}],"wp:featuredmedia":[{"embeddable":true,"href":"https:\/\/www.koupelnapro.com\/index.php\/wp-json\/wp\/v2\/media\/12219"}],"wp:attachment":[{"href":"https:\/\/www.koupelnapro.com\/index.php\/wp-json\/wp\/v2\/media?parent=12119"}],"wp:term":[{"taxonomy":"product_brand","embeddable":true,"href":"https:\/\/www.koupelnapro.com\/index.php\/wp-json\/wp\/v2\/product_brand?post=12119"},{"taxonomy":"product_cat","embeddable":true,"href":"https:\/\/www.koupelnapro.com\/index.php\/wp-json\/wp\/v2\/product_cat?post=12119"},{"taxonomy":"product_tag","embeddable":true,"href":"https:\/\/www.koupelnapro.com\/index.php\/wp-json\/wp\/v2\/product_tag?post=12119"}],"curies":[{"name":"wp","href":"https:\/\/api.w.org\/{rel}","templated":true}]}}