{"id":12092,"date":"2026-04-26T09:13:36","date_gmt":"2026-04-26T09:13:36","guid":{"rendered":""},"modified":"2026-04-26T09:13:36","modified_gmt":"2026-04-26T09:13:36","slug":"ztracene-bedneni-diton-t25-500x250x250-mm-40-ks-pal-ihned-k-objednani-12092","status":"publish","type":"product","link":"https:\/\/www.koupelnapro.com\/index.php\/produkt\/ztracene-bedneni-diton-t25-500x250x250-mm-40-ks-pal-ihned-k-objednani-12092\/","title":{"rendered":"Ztracen\u00e9 bedn\u011bn\u00ed Diton\u00a0T25 500x250x250\u00a0mm (40\u00a0ks\/pal.) Ihned K Objedn\u00e1n\u00ed"},"content":{"rendered":"<div class=\"content-actual\">\n<p>vlastnosti :<\/p>\n<ul>\n<li>vysok\u00e1 pevnost<\/li>\n<li>mrazuvzdornost<\/li>\n<li>rychl\u00e1 v\u00fdstavba<\/li>\n<li>pouze v p\u0159\u00edrodn\u00ed barv\u011b<\/li>\n<\/ul><\/div>\n<\/p><\/div>\n","protected":false},"excerpt":{"rendered":"<p>vlastnosti : vysok\u00e1 pevnost mrazuvzdornost rychl\u00e1 v\u00fdstavba pouze v p\u0159\u00edrodn\u00ed barv\u011b<\/p>\n","protected":false},"featured_media":12192,"comment_status":"open","ping_status":"open","template":"","meta":[],"product_brand":[],"product_cat":[63],"product_tag":[],"class_list":{"0":"post-12092","1":"product","2":"type-product","3":"status-publish","4":"has-post-thumbnail","6":"product_cat-hruba-stavba","8":"first","9":"instock","10":"sale","11":"shipping-taxable","12":"purchasable","13":"product-type-simple"},"yoast_head":"<!-- This site is optimized with the Yoast SEO plugin v26.8 - https:\/\/yoast.com\/product\/yoast-seo-wordpress\/ -->\n<title>Ztracen\u00e9 bedn\u011bn\u00ed Diton\u00a0T25 500x250x250\u00a0mm (40\u00a0ks\/pal.) Ihned K Objedn\u00e1n\u00ed -<\/title>\n<meta name=\"robots\" content=\"index, follow, max-snippet:-1, max-image-preview:large, max-video-preview:-1\" \/>\n<link rel=\"canonical\" href=\"https:\/\/www.koupelnapro.com\/index.php\/produkt\/ztracene-bedneni-diton-t25-500x250x250-mm-40-ks-pal-ihned-k-objednani-12092\/\" \/>\n<meta property=\"og:locale\" content=\"cs_CZ\" \/>\n<meta property=\"og:type\" content=\"article\" \/>\n<meta property=\"og:title\" content=\"Ztracen\u00e9 bedn\u011bn\u00ed Diton\u00a0T25 500x250x250\u00a0mm (40\u00a0ks\/pal.) Ihned K Objedn\u00e1n\u00ed -\" \/>\n<meta property=\"og:description\" content=\"vlastnosti : vysok\u00e1 pevnost mrazuvzdornost rychl\u00e1 v\u00fdstavba pouze v p\u0159\u00edrodn\u00ed barv\u011b\" \/>\n<meta property=\"og:url\" content=\"https:\/\/www.koupelnapro.com\/index.php\/produkt\/ztracene-bedneni-diton-t25-500x250x250-mm-40-ks-pal-ihned-k-objednani-12092\/\" \/>\n<meta property=\"og:image\" content=\"https:\/\/www.koupelnapro.com\/wp-content\/uploads\/2026\/SK0002855-CZ20260425-091842-0-1777079922-tablet-25307010101_ztracene_bedneni_25_prirodni_per_001.web.webp\" \/>\n\t<meta property=\"og:image:width\" content=\"801\" \/>\n\t<meta property=\"og:image:height\" content=\"801\" \/>\n\t<meta property=\"og:image:type\" content=\"image\/webp\" \/>\n<meta name=\"twitter:card\" content=\"summary_large_image\" \/>\n<script type=\"application\/ld+json\" class=\"yoast-schema-graph\">{\"@context\":\"https:\/\/schema.org\",\"@graph\":[{\"@type\":\"WebPage\",\"@id\":\"https:\/\/www.koupelnapro.com\/index.php\/produkt\/ztracene-bedneni-diton-t25-500x250x250-mm-40-ks-pal-ihned-k-objednani-12092\/\",\"url\":\"https:\/\/www.koupelnapro.com\/index.php\/produkt\/ztracene-bedneni-diton-t25-500x250x250-mm-40-ks-pal-ihned-k-objednani-12092\/\",\"name\":\"Ztracen\u00e9 bedn\u011bn\u00ed Diton\u00a0T25 500x250x250\u00a0mm (40\u00a0ks\/pal.) Ihned K Objedn\u00e1n\u00ed -\",\"isPartOf\":{\"@id\":\"https:\/\/www.koupelnapro.com\/#website\"},\"primaryImageOfPage\":{\"@id\":\"https:\/\/www.koupelnapro.com\/index.php\/produkt\/ztracene-bedneni-diton-t25-500x250x250-mm-40-ks-pal-ihned-k-objednani-12092\/#primaryimage\"},\"image\":{\"@id\":\"https:\/\/www.koupelnapro.com\/index.php\/produkt\/ztracene-bedneni-diton-t25-500x250x250-mm-40-ks-pal-ihned-k-objednani-12092\/#primaryimage\"},\"thumbnailUrl\":\"https:\/\/www.koupelnapro.com\/wp-content\/uploads\/2026\/SK0002855-CZ20260425-091842-0-1777079922-tablet-25307010101_ztracene_bedneni_25_prirodni_per_001.web.webp\",\"datePublished\":\"2026-04-26T09:13:36+00:00\",\"breadcrumb\":{\"@id\":\"https:\/\/www.koupelnapro.com\/index.php\/produkt\/ztracene-bedneni-diton-t25-500x250x250-mm-40-ks-pal-ihned-k-objednani-12092\/#breadcrumb\"},\"inLanguage\":\"cs\",\"potentialAction\":[{\"@type\":\"ReadAction\",\"target\":[\"https:\/\/www.koupelnapro.com\/index.php\/produkt\/ztracene-bedneni-diton-t25-500x250x250-mm-40-ks-pal-ihned-k-objednani-12092\/\"]}]},{\"@type\":\"ImageObject\",\"inLanguage\":\"cs\",\"@id\":\"https:\/\/www.koupelnapro.com\/index.php\/produkt\/ztracene-bedneni-diton-t25-500x250x250-mm-40-ks-pal-ihned-k-objednani-12092\/#primaryimage\",\"url\":\"https:\/\/www.koupelnapro.com\/wp-content\/uploads\/2026\/SK0002855-CZ20260425-091842-0-1777079922-tablet-25307010101_ztracene_bedneni_25_prirodni_per_001.web.webp\",\"contentUrl\":\"https:\/\/www.koupelnapro.com\/wp-content\/uploads\/2026\/SK0002855-CZ20260425-091842-0-1777079922-tablet-25307010101_ztracene_bedneni_25_prirodni_per_001.web.webp\",\"width\":801,\"height\":801},{\"@type\":\"BreadcrumbList\",\"@id\":\"https:\/\/www.koupelnapro.com\/index.php\/produkt\/ztracene-bedneni-diton-t25-500x250x250-mm-40-ks-pal-ihned-k-objednani-12092\/#breadcrumb\",\"itemListElement\":[{\"@type\":\"ListItem\",\"position\":1,\"name\":\"Home\",\"item\":\"https:\/\/www.koupelnapro.com\/\"},{\"@type\":\"ListItem\",\"position\":2,\"name\":\"Products\",\"item\":\"https:\/\/www.koupelnapro.com\/index.php\/products\/\"},{\"@type\":\"ListItem\",\"position\":3,\"name\":\"Ztracen\u00e9 bedn\u011bn\u00ed Diton\u00a0T25 500x250x250\u00a0mm (40\u00a0ks\/pal.) Ihned K Objedn\u00e1n\u00ed\"}]},{\"@type\":\"WebSite\",\"@id\":\"https:\/\/www.koupelnapro.com\/#website\",\"url\":\"https:\/\/www.koupelnapro.com\/\",\"name\":\"\",\"description\":\"\",\"potentialAction\":[{\"@type\":\"SearchAction\",\"target\":{\"@type\":\"EntryPoint\",\"urlTemplate\":\"https:\/\/www.koupelnapro.com\/?s={search_term_string}\"},\"query-input\":{\"@type\":\"PropertyValueSpecification\",\"valueRequired\":true,\"valueName\":\"search_term_string\"}}],\"inLanguage\":\"cs\"}]}<\/script>\n<!-- \/ Yoast SEO plugin. -->","yoast_head_json":{"title":"Ztracen\u00e9 bedn\u011bn\u00ed Diton\u00a0T25 500x250x250\u00a0mm (40\u00a0ks\/pal.) Ihned K Objedn\u00e1n\u00ed -","robots":{"index":"index","follow":"follow","max-snippet":"max-snippet:-1","max-image-preview":"max-image-preview:large","max-video-preview":"max-video-preview:-1"},"canonical":"https:\/\/www.koupelnapro.com\/index.php\/produkt\/ztracene-bedneni-diton-t25-500x250x250-mm-40-ks-pal-ihned-k-objednani-12092\/","og_locale":"cs_CZ","og_type":"article","og_title":"Ztracen\u00e9 bedn\u011bn\u00ed Diton\u00a0T25 500x250x250\u00a0mm (40\u00a0ks\/pal.) Ihned K Objedn\u00e1n\u00ed -","og_description":"vlastnosti : vysok\u00e1 pevnost mrazuvzdornost rychl\u00e1 v\u00fdstavba pouze v p\u0159\u00edrodn\u00ed barv\u011b","og_url":"https:\/\/www.koupelnapro.com\/index.php\/produkt\/ztracene-bedneni-diton-t25-500x250x250-mm-40-ks-pal-ihned-k-objednani-12092\/","og_image":[{"width":801,"height":801,"url":"https:\/\/www.koupelnapro.com\/wp-content\/uploads\/2026\/SK0002855-CZ20260425-091842-0-1777079922-tablet-25307010101_ztracene_bedneni_25_prirodni_per_001.web.webp","type":"image\/webp"}],"twitter_card":"summary_large_image","schema":{"@context":"https:\/\/schema.org","@graph":[{"@type":"WebPage","@id":"https:\/\/www.koupelnapro.com\/index.php\/produkt\/ztracene-bedneni-diton-t25-500x250x250-mm-40-ks-pal-ihned-k-objednani-12092\/","url":"https:\/\/www.koupelnapro.com\/index.php\/produkt\/ztracene-bedneni-diton-t25-500x250x250-mm-40-ks-pal-ihned-k-objednani-12092\/","name":"Ztracen\u00e9 bedn\u011bn\u00ed Diton\u00a0T25 500x250x250\u00a0mm (40\u00a0ks\/pal.) Ihned K Objedn\u00e1n\u00ed -","isPartOf":{"@id":"https:\/\/www.koupelnapro.com\/#website"},"primaryImageOfPage":{"@id":"https:\/\/www.koupelnapro.com\/index.php\/produkt\/ztracene-bedneni-diton-t25-500x250x250-mm-40-ks-pal-ihned-k-objednani-12092\/#primaryimage"},"image":{"@id":"https:\/\/www.koupelnapro.com\/index.php\/produkt\/ztracene-bedneni-diton-t25-500x250x250-mm-40-ks-pal-ihned-k-objednani-12092\/#primaryimage"},"thumbnailUrl":"https:\/\/www.koupelnapro.com\/wp-content\/uploads\/2026\/SK0002855-CZ20260425-091842-0-1777079922-tablet-25307010101_ztracene_bedneni_25_prirodni_per_001.web.webp","datePublished":"2026-04-26T09:13:36+00:00","breadcrumb":{"@id":"https:\/\/www.koupelnapro.com\/index.php\/produkt\/ztracene-bedneni-diton-t25-500x250x250-mm-40-ks-pal-ihned-k-objednani-12092\/#breadcrumb"},"inLanguage":"cs","potentialAction":[{"@type":"ReadAction","target":["https:\/\/www.koupelnapro.com\/index.php\/produkt\/ztracene-bedneni-diton-t25-500x250x250-mm-40-ks-pal-ihned-k-objednani-12092\/"]}]},{"@type":"ImageObject","inLanguage":"cs","@id":"https:\/\/www.koupelnapro.com\/index.php\/produkt\/ztracene-bedneni-diton-t25-500x250x250-mm-40-ks-pal-ihned-k-objednani-12092\/#primaryimage","url":"https:\/\/www.koupelnapro.com\/wp-content\/uploads\/2026\/SK0002855-CZ20260425-091842-0-1777079922-tablet-25307010101_ztracene_bedneni_25_prirodni_per_001.web.webp","contentUrl":"https:\/\/www.koupelnapro.com\/wp-content\/uploads\/2026\/SK0002855-CZ20260425-091842-0-1777079922-tablet-25307010101_ztracene_bedneni_25_prirodni_per_001.web.webp","width":801,"height":801},{"@type":"BreadcrumbList","@id":"https:\/\/www.koupelnapro.com\/index.php\/produkt\/ztracene-bedneni-diton-t25-500x250x250-mm-40-ks-pal-ihned-k-objednani-12092\/#breadcrumb","itemListElement":[{"@type":"ListItem","position":1,"name":"Home","item":"https:\/\/www.koupelnapro.com\/"},{"@type":"ListItem","position":2,"name":"Products","item":"https:\/\/www.koupelnapro.com\/index.php\/products\/"},{"@type":"ListItem","position":3,"name":"Ztracen\u00e9 bedn\u011bn\u00ed Diton\u00a0T25 500x250x250\u00a0mm (40\u00a0ks\/pal.) Ihned K Objedn\u00e1n\u00ed"}]},{"@type":"WebSite","@id":"https:\/\/www.koupelnapro.com\/#website","url":"https:\/\/www.koupelnapro.com\/","name":"","description":"","potentialAction":[{"@type":"SearchAction","target":{"@type":"EntryPoint","urlTemplate":"https:\/\/www.koupelnapro.com\/?s={search_term_string}"},"query-input":{"@type":"PropertyValueSpecification","valueRequired":true,"valueName":"search_term_string"}}],"inLanguage":"cs"}]}},"_links":{"self":[{"href":"https:\/\/www.koupelnapro.com\/index.php\/wp-json\/wp\/v2\/product\/12092","targetHints":{"allow":["GET"]}}],"collection":[{"href":"https:\/\/www.koupelnapro.com\/index.php\/wp-json\/wp\/v2\/product"}],"about":[{"href":"https:\/\/www.koupelnapro.com\/index.php\/wp-json\/wp\/v2\/types\/product"}],"replies":[{"embeddable":true,"href":"https:\/\/www.koupelnapro.com\/index.php\/wp-json\/wp\/v2\/comments?post=12092"}],"wp:featuredmedia":[{"embeddable":true,"href":"https:\/\/www.koupelnapro.com\/index.php\/wp-json\/wp\/v2\/media\/12192"}],"wp:attachment":[{"href":"https:\/\/www.koupelnapro.com\/index.php\/wp-json\/wp\/v2\/media?parent=12092"}],"wp:term":[{"taxonomy":"product_brand","embeddable":true,"href":"https:\/\/www.koupelnapro.com\/index.php\/wp-json\/wp\/v2\/product_brand?post=12092"},{"taxonomy":"product_cat","embeddable":true,"href":"https:\/\/www.koupelnapro.com\/index.php\/wp-json\/wp\/v2\/product_cat?post=12092"},{"taxonomy":"product_tag","embeddable":true,"href":"https:\/\/www.koupelnapro.com\/index.php\/wp-json\/wp\/v2\/product_tag?post=12092"}],"curies":[{"name":"wp","href":"https:\/\/api.w.org\/{rel}","templated":true}]}}