{"id":11958,"date":"2026-04-26T09:13:35","date_gmt":"2026-04-26T09:13:35","guid":{"rendered":""},"modified":"2026-04-26T09:13:35","modified_gmt":"2026-04-26T09:13:35","slug":"malirska-souprava-spokar-250-mm-valecek-drzak-mrizka-folie-aktualni-11958","status":"publish","type":"product","link":"https:\/\/www.koupelnapro.com\/index.php\/produkt\/malirska-souprava-spokar-250-mm-valecek-drzak-mrizka-folie-aktualni-11958\/","title":{"rendered":"Mal\u00ed\u0159sk\u00e1 souprava Spokar 250\u00a0mm (v\u00e1le\u010dek+dr\u017e\u00e1k+m\u0159\u00ed\u017eka+folie) Aktu\u00e1ln\u00ed"},"content":{"rendered":"<div class=\"content-actual\">\n<p>\u00a0Kvalitn\u00ed souprava ur\u010dena p\u0159edev\u0161\u00edm kutil\u016fm, p\u0159edstavuje vynikaj\u00edc\u00ed pom\u011br kvality a ceny. Sou\u010d\u00e1st\u00ed balen\u00ed je folie, m\u0159\u00ed\u017eka na v\u00e1le\u010dek a v\u00e1le\u010dek s dr\u017e\u00e1kem o \u0161\u00ed\u0159ce 250 mm. Mal\u00ed\u0159sk\u00fd v\u00e1le\u010dek ply\u0161 \u017elutozelen\u00fd pro mal\u00ed\u0159sk\u00e9 a nat\u011bra\u010dsk\u00e9 pr\u00e1ce na hladk\u00e9 a jemn\u011b hrub\u00e9 povrchy.<\/p>\n<\/p><\/div>\n<\/p><\/div>\n","protected":false},"excerpt":{"rendered":"<p>\u00a0Kvalitn\u00ed souprava ur\u010dena p\u0159edev\u0161\u00edm kutil\u016fm, p\u0159edstavuje vynikaj\u00edc\u00ed pom\u011br kvality a ceny. Sou\u010d\u00e1st\u00ed balen\u00ed je folie, m\u0159\u00ed\u017eka na v\u00e1le\u010dek a v\u00e1le\u010dek s dr\u017e\u00e1kem o \u0161\u00ed\u0159ce 250 mm. Mal\u00ed\u0159sk\u00fd v\u00e1le\u010dek ply\u0161 \u017elutozelen\u00fd pro mal\u00ed\u0159sk\u00e9 a nat\u011bra\u010dsk\u00e9 pr\u00e1ce na hladk\u00e9 a jemn\u011b hrub\u00e9 povrchy.<\/p>\n","protected":false},"featured_media":12058,"comment_status":"open","ping_status":"open","template":"","meta":[],"product_brand":[],"product_cat":[75],"product_tag":[],"class_list":{"0":"post-11958","1":"product","2":"type-product","3":"status-publish","4":"has-post-thumbnail","6":"product_cat-naradi-a-pomucky","8":"first","9":"instock","10":"sale","11":"shipping-taxable","12":"purchasable","13":"product-type-simple"},"yoast_head":"<!-- This site is optimized with the Yoast SEO plugin v26.8 - https:\/\/yoast.com\/product\/yoast-seo-wordpress\/ -->\n<title>Mal\u00ed\u0159sk\u00e1 souprava Spokar 250\u00a0mm (v\u00e1le\u010dek+dr\u017e\u00e1k+m\u0159\u00ed\u017eka+folie) Aktu\u00e1ln\u00ed -<\/title>\n<meta name=\"robots\" content=\"index, follow, max-snippet:-1, max-image-preview:large, max-video-preview:-1\" \/>\n<link rel=\"canonical\" href=\"https:\/\/www.koupelnapro.com\/index.php\/produkt\/malirska-souprava-spokar-250-mm-valecek-drzak-mrizka-folie-aktualni-11958\/\" \/>\n<meta property=\"og:locale\" content=\"cs_CZ\" \/>\n<meta property=\"og:type\" content=\"article\" \/>\n<meta property=\"og:title\" content=\"Mal\u00ed\u0159sk\u00e1 souprava Spokar 250\u00a0mm (v\u00e1le\u010dek+dr\u017e\u00e1k+m\u0159\u00ed\u017eka+folie) Aktu\u00e1ln\u00ed -\" \/>\n<meta property=\"og:description\" content=\"\u00a0Kvalitn\u00ed souprava ur\u010dena p\u0159edev\u0161\u00edm kutil\u016fm, p\u0159edstavuje vynikaj\u00edc\u00ed pom\u011br kvality a ceny. Sou\u010d\u00e1st\u00ed balen\u00ed je folie, m\u0159\u00ed\u017eka na v\u00e1le\u010dek a v\u00e1le\u010dek s dr\u017e\u00e1kem o \u0161\u00ed\u0159ce 250 mm. Mal\u00ed\u0159sk\u00fd v\u00e1le\u010dek ply\u0161 \u017elutozelen\u00fd pro mal\u00ed\u0159sk\u00e9 a nat\u011bra\u010dsk\u00e9 pr\u00e1ce na hladk\u00e9 a jemn\u011b hrub\u00e9 povrchy.\" \/>\n<meta property=\"og:url\" content=\"https:\/\/www.koupelnapro.com\/index.php\/produkt\/malirska-souprava-spokar-250-mm-valecek-drzak-mrizka-folie-aktualni-11958\/\" \/>\n<meta property=\"og:image\" content=\"https:\/\/www.koupelnapro.com\/wp-content\/uploads\/2026\/SK0002821-CZ20260425-091842-0-1777079922-tablet-malirska-sada.webp\" \/>\n\t<meta property=\"og:image:width\" content=\"800\" \/>\n\t<meta property=\"og:image:height\" content=\"800\" \/>\n\t<meta property=\"og:image:type\" content=\"image\/webp\" \/>\n<meta name=\"twitter:card\" content=\"summary_large_image\" \/>\n<script type=\"application\/ld+json\" class=\"yoast-schema-graph\">{\"@context\":\"https:\/\/schema.org\",\"@graph\":[{\"@type\":\"WebPage\",\"@id\":\"https:\/\/www.koupelnapro.com\/index.php\/produkt\/malirska-souprava-spokar-250-mm-valecek-drzak-mrizka-folie-aktualni-11958\/\",\"url\":\"https:\/\/www.koupelnapro.com\/index.php\/produkt\/malirska-souprava-spokar-250-mm-valecek-drzak-mrizka-folie-aktualni-11958\/\",\"name\":\"Mal\u00ed\u0159sk\u00e1 souprava Spokar 250\u00a0mm (v\u00e1le\u010dek+dr\u017e\u00e1k+m\u0159\u00ed\u017eka+folie) Aktu\u00e1ln\u00ed -\",\"isPartOf\":{\"@id\":\"https:\/\/www.koupelnapro.com\/#website\"},\"primaryImageOfPage\":{\"@id\":\"https:\/\/www.koupelnapro.com\/index.php\/produkt\/malirska-souprava-spokar-250-mm-valecek-drzak-mrizka-folie-aktualni-11958\/#primaryimage\"},\"image\":{\"@id\":\"https:\/\/www.koupelnapro.com\/index.php\/produkt\/malirska-souprava-spokar-250-mm-valecek-drzak-mrizka-folie-aktualni-11958\/#primaryimage\"},\"thumbnailUrl\":\"https:\/\/www.koupelnapro.com\/wp-content\/uploads\/2026\/SK0002821-CZ20260425-091842-0-1777079922-tablet-malirska-sada.webp\",\"datePublished\":\"2026-04-26T09:13:35+00:00\",\"breadcrumb\":{\"@id\":\"https:\/\/www.koupelnapro.com\/index.php\/produkt\/malirska-souprava-spokar-250-mm-valecek-drzak-mrizka-folie-aktualni-11958\/#breadcrumb\"},\"inLanguage\":\"cs\",\"potentialAction\":[{\"@type\":\"ReadAction\",\"target\":[\"https:\/\/www.koupelnapro.com\/index.php\/produkt\/malirska-souprava-spokar-250-mm-valecek-drzak-mrizka-folie-aktualni-11958\/\"]}]},{\"@type\":\"ImageObject\",\"inLanguage\":\"cs\",\"@id\":\"https:\/\/www.koupelnapro.com\/index.php\/produkt\/malirska-souprava-spokar-250-mm-valecek-drzak-mrizka-folie-aktualni-11958\/#primaryimage\",\"url\":\"https:\/\/www.koupelnapro.com\/wp-content\/uploads\/2026\/SK0002821-CZ20260425-091842-0-1777079922-tablet-malirska-sada.webp\",\"contentUrl\":\"https:\/\/www.koupelnapro.com\/wp-content\/uploads\/2026\/SK0002821-CZ20260425-091842-0-1777079922-tablet-malirska-sada.webp\",\"width\":800,\"height\":800},{\"@type\":\"BreadcrumbList\",\"@id\":\"https:\/\/www.koupelnapro.com\/index.php\/produkt\/malirska-souprava-spokar-250-mm-valecek-drzak-mrizka-folie-aktualni-11958\/#breadcrumb\",\"itemListElement\":[{\"@type\":\"ListItem\",\"position\":1,\"name\":\"Home\",\"item\":\"https:\/\/www.koupelnapro.com\/\"},{\"@type\":\"ListItem\",\"position\":2,\"name\":\"Products\",\"item\":\"https:\/\/www.koupelnapro.com\/index.php\/products\/\"},{\"@type\":\"ListItem\",\"position\":3,\"name\":\"Mal\u00ed\u0159sk\u00e1 souprava Spokar 250\u00a0mm (v\u00e1le\u010dek+dr\u017e\u00e1k+m\u0159\u00ed\u017eka+folie) Aktu\u00e1ln\u00ed\"}]},{\"@type\":\"WebSite\",\"@id\":\"https:\/\/www.koupelnapro.com\/#website\",\"url\":\"https:\/\/www.koupelnapro.com\/\",\"name\":\"\",\"description\":\"\",\"potentialAction\":[{\"@type\":\"SearchAction\",\"target\":{\"@type\":\"EntryPoint\",\"urlTemplate\":\"https:\/\/www.koupelnapro.com\/?s={search_term_string}\"},\"query-input\":{\"@type\":\"PropertyValueSpecification\",\"valueRequired\":true,\"valueName\":\"search_term_string\"}}],\"inLanguage\":\"cs\"}]}<\/script>\n<!-- \/ Yoast SEO plugin. -->","yoast_head_json":{"title":"Mal\u00ed\u0159sk\u00e1 souprava Spokar 250\u00a0mm (v\u00e1le\u010dek+dr\u017e\u00e1k+m\u0159\u00ed\u017eka+folie) Aktu\u00e1ln\u00ed -","robots":{"index":"index","follow":"follow","max-snippet":"max-snippet:-1","max-image-preview":"max-image-preview:large","max-video-preview":"max-video-preview:-1"},"canonical":"https:\/\/www.koupelnapro.com\/index.php\/produkt\/malirska-souprava-spokar-250-mm-valecek-drzak-mrizka-folie-aktualni-11958\/","og_locale":"cs_CZ","og_type":"article","og_title":"Mal\u00ed\u0159sk\u00e1 souprava Spokar 250\u00a0mm (v\u00e1le\u010dek+dr\u017e\u00e1k+m\u0159\u00ed\u017eka+folie) Aktu\u00e1ln\u00ed -","og_description":"\u00a0Kvalitn\u00ed souprava ur\u010dena p\u0159edev\u0161\u00edm kutil\u016fm, p\u0159edstavuje vynikaj\u00edc\u00ed pom\u011br kvality a ceny. Sou\u010d\u00e1st\u00ed balen\u00ed je folie, m\u0159\u00ed\u017eka na v\u00e1le\u010dek a v\u00e1le\u010dek s dr\u017e\u00e1kem o \u0161\u00ed\u0159ce 250 mm. Mal\u00ed\u0159sk\u00fd v\u00e1le\u010dek ply\u0161 \u017elutozelen\u00fd pro mal\u00ed\u0159sk\u00e9 a nat\u011bra\u010dsk\u00e9 pr\u00e1ce na hladk\u00e9 a jemn\u011b hrub\u00e9 povrchy.","og_url":"https:\/\/www.koupelnapro.com\/index.php\/produkt\/malirska-souprava-spokar-250-mm-valecek-drzak-mrizka-folie-aktualni-11958\/","og_image":[{"width":800,"height":800,"url":"https:\/\/www.koupelnapro.com\/wp-content\/uploads\/2026\/SK0002821-CZ20260425-091842-0-1777079922-tablet-malirska-sada.webp","type":"image\/webp"}],"twitter_card":"summary_large_image","schema":{"@context":"https:\/\/schema.org","@graph":[{"@type":"WebPage","@id":"https:\/\/www.koupelnapro.com\/index.php\/produkt\/malirska-souprava-spokar-250-mm-valecek-drzak-mrizka-folie-aktualni-11958\/","url":"https:\/\/www.koupelnapro.com\/index.php\/produkt\/malirska-souprava-spokar-250-mm-valecek-drzak-mrizka-folie-aktualni-11958\/","name":"Mal\u00ed\u0159sk\u00e1 souprava Spokar 250\u00a0mm (v\u00e1le\u010dek+dr\u017e\u00e1k+m\u0159\u00ed\u017eka+folie) Aktu\u00e1ln\u00ed -","isPartOf":{"@id":"https:\/\/www.koupelnapro.com\/#website"},"primaryImageOfPage":{"@id":"https:\/\/www.koupelnapro.com\/index.php\/produkt\/malirska-souprava-spokar-250-mm-valecek-drzak-mrizka-folie-aktualni-11958\/#primaryimage"},"image":{"@id":"https:\/\/www.koupelnapro.com\/index.php\/produkt\/malirska-souprava-spokar-250-mm-valecek-drzak-mrizka-folie-aktualni-11958\/#primaryimage"},"thumbnailUrl":"https:\/\/www.koupelnapro.com\/wp-content\/uploads\/2026\/SK0002821-CZ20260425-091842-0-1777079922-tablet-malirska-sada.webp","datePublished":"2026-04-26T09:13:35+00:00","breadcrumb":{"@id":"https:\/\/www.koupelnapro.com\/index.php\/produkt\/malirska-souprava-spokar-250-mm-valecek-drzak-mrizka-folie-aktualni-11958\/#breadcrumb"},"inLanguage":"cs","potentialAction":[{"@type":"ReadAction","target":["https:\/\/www.koupelnapro.com\/index.php\/produkt\/malirska-souprava-spokar-250-mm-valecek-drzak-mrizka-folie-aktualni-11958\/"]}]},{"@type":"ImageObject","inLanguage":"cs","@id":"https:\/\/www.koupelnapro.com\/index.php\/produkt\/malirska-souprava-spokar-250-mm-valecek-drzak-mrizka-folie-aktualni-11958\/#primaryimage","url":"https:\/\/www.koupelnapro.com\/wp-content\/uploads\/2026\/SK0002821-CZ20260425-091842-0-1777079922-tablet-malirska-sada.webp","contentUrl":"https:\/\/www.koupelnapro.com\/wp-content\/uploads\/2026\/SK0002821-CZ20260425-091842-0-1777079922-tablet-malirska-sada.webp","width":800,"height":800},{"@type":"BreadcrumbList","@id":"https:\/\/www.koupelnapro.com\/index.php\/produkt\/malirska-souprava-spokar-250-mm-valecek-drzak-mrizka-folie-aktualni-11958\/#breadcrumb","itemListElement":[{"@type":"ListItem","position":1,"name":"Home","item":"https:\/\/www.koupelnapro.com\/"},{"@type":"ListItem","position":2,"name":"Products","item":"https:\/\/www.koupelnapro.com\/index.php\/products\/"},{"@type":"ListItem","position":3,"name":"Mal\u00ed\u0159sk\u00e1 souprava Spokar 250\u00a0mm (v\u00e1le\u010dek+dr\u017e\u00e1k+m\u0159\u00ed\u017eka+folie) Aktu\u00e1ln\u00ed"}]},{"@type":"WebSite","@id":"https:\/\/www.koupelnapro.com\/#website","url":"https:\/\/www.koupelnapro.com\/","name":"","description":"","potentialAction":[{"@type":"SearchAction","target":{"@type":"EntryPoint","urlTemplate":"https:\/\/www.koupelnapro.com\/?s={search_term_string}"},"query-input":{"@type":"PropertyValueSpecification","valueRequired":true,"valueName":"search_term_string"}}],"inLanguage":"cs"}]}},"_links":{"self":[{"href":"https:\/\/www.koupelnapro.com\/index.php\/wp-json\/wp\/v2\/product\/11958","targetHints":{"allow":["GET"]}}],"collection":[{"href":"https:\/\/www.koupelnapro.com\/index.php\/wp-json\/wp\/v2\/product"}],"about":[{"href":"https:\/\/www.koupelnapro.com\/index.php\/wp-json\/wp\/v2\/types\/product"}],"replies":[{"embeddable":true,"href":"https:\/\/www.koupelnapro.com\/index.php\/wp-json\/wp\/v2\/comments?post=11958"}],"wp:featuredmedia":[{"embeddable":true,"href":"https:\/\/www.koupelnapro.com\/index.php\/wp-json\/wp\/v2\/media\/12058"}],"wp:attachment":[{"href":"https:\/\/www.koupelnapro.com\/index.php\/wp-json\/wp\/v2\/media?parent=11958"}],"wp:term":[{"taxonomy":"product_brand","embeddable":true,"href":"https:\/\/www.koupelnapro.com\/index.php\/wp-json\/wp\/v2\/product_brand?post=11958"},{"taxonomy":"product_cat","embeddable":true,"href":"https:\/\/www.koupelnapro.com\/index.php\/wp-json\/wp\/v2\/product_cat?post=11958"},{"taxonomy":"product_tag","embeddable":true,"href":"https:\/\/www.koupelnapro.com\/index.php\/wp-json\/wp\/v2\/product_tag?post=11958"}],"curies":[{"name":"wp","href":"https:\/\/api.w.org\/{rel}","templated":true}]}}