{"id":11943,"date":"2026-04-26T09:13:35","date_gmt":"2026-04-26T09:13:35","guid":{"rendered":""},"modified":"2026-04-26T09:13:35","modified_gmt":"2026-04-26T09:13:35","slug":"must-have-terc-teleskopicky-pedall-riq-40-60-mm-11943","status":"publish","type":"product","link":"https:\/\/www.koupelnapro.com\/produkt\/must-have-terc-teleskopicky-pedall-riq-40-60-mm-11943\/","title":{"rendered":"Must-Have Ter\u010d teleskopick\u00fd Pedall Riq 40-60 mm"},"content":{"rendered":"<div class=\"content-actual\">\n<p>Variabiln\u00ed teleskopick\u00fd ter\u010d pod keramickou a betonovou dla\u017ebu s \u0161irok\u00fdm p\u0159\u00edslu\u0161enstv\u00edm. Pevn\u00e1 hlava, \u0161\u00ed\u0159ka sp\u00e1ry 3 mm, kyvn\u00e9 proveden\u00ed.<\/p>\n<\/p><\/div>\n<\/p><\/div>\n","protected":false},"excerpt":{"rendered":"<p>Variabiln\u00ed teleskopick\u00fd ter\u010d pod keramickou a betonovou dla\u017ebu s \u0161irok\u00fdm p\u0159\u00edslu\u0161enstv\u00edm. Pevn\u00e1 hlava, \u0161\u00ed\u0159ka sp\u00e1ry 3 mm, kyvn\u00e9 proveden\u00ed.<\/p>\n","protected":false},"featured_media":12043,"template":"","meta":[],"product_brand":[],"product_cat":[72],"product_tag":[],"class_list":{"0":"post-11943","1":"product","2":"type-product","3":"status-publish","4":"has-post-thumbnail","6":"product_cat-dlazby-ploty-zahrada","8":"first","9":"instock","10":"sale","11":"shipping-taxable","12":"purchasable","13":"product-type-simple"},"yoast_head":"<!-- This site is optimized with the Yoast SEO plugin v26.8 - https:\/\/yoast.com\/product\/yoast-seo-wordpress\/ -->\n<title>Must-Have Ter\u010d teleskopick\u00fd Pedall Riq 40-60 mm - Vybaven\u00ed pro d\u016fm<\/title>\n<meta name=\"robots\" content=\"index, follow, max-snippet:-1, max-image-preview:large, max-video-preview:-1\" \/>\n<link rel=\"canonical\" href=\"https:\/\/www.koupelnapro.com\/index.php\/produkt\/must-have-terc-teleskopicky-pedall-riq-40-60-mm-11943\/\" \/>\n<meta property=\"og:locale\" content=\"cs_CZ\" \/>\n<meta property=\"og:type\" content=\"article\" \/>\n<meta property=\"og:title\" content=\"Must-Have Ter\u010d teleskopick\u00fd Pedall Riq 40-60 mm - Vybaven\u00ed pro d\u016fm\" \/>\n<meta property=\"og:description\" content=\"Variabiln\u00ed teleskopick\u00fd ter\u010d pod keramickou a betonovou dla\u017ebu s \u0161irok\u00fdm p\u0159\u00edslu\u0161enstv\u00edm. Pevn\u00e1 hlava, \u0161\u00ed\u0159ka sp\u00e1ry 3 mm, kyvn\u00e9 proveden\u00ed.\" \/>\n<meta property=\"og:url\" content=\"https:\/\/www.koupelnapro.com\/index.php\/produkt\/must-have-terc-teleskopicky-pedall-riq-40-60-mm-11943\/\" \/>\n<meta property=\"og:site_name\" content=\"Vybaven\u00ed pro d\u016fm\" \/>\n<meta property=\"og:image\" content=\"https:\/\/www.koupelnapro.com\/wp-content\/uploads\/2026\/SK0002806-CZ20260425-091842-0-1777079922-tablet-pedall-riq-60-90mm_16630710500664_1280x720_ft_90.web.webp\" \/>\n\t<meta property=\"og:image:width\" content=\"801\" \/>\n\t<meta property=\"og:image:height\" content=\"450\" \/>\n\t<meta property=\"og:image:type\" content=\"image\/webp\" \/>\n<meta name=\"twitter:card\" content=\"summary_large_image\" \/>\n<script type=\"application\/ld+json\" class=\"yoast-schema-graph\">{\"@context\":\"https:\/\/schema.org\",\"@graph\":[{\"@type\":\"WebPage\",\"@id\":\"https:\/\/www.koupelnapro.com\/index.php\/produkt\/must-have-terc-teleskopicky-pedall-riq-40-60-mm-11943\/\",\"url\":\"https:\/\/www.koupelnapro.com\/index.php\/produkt\/must-have-terc-teleskopicky-pedall-riq-40-60-mm-11943\/\",\"name\":\"Must-Have Ter\u010d teleskopick\u00fd Pedall Riq 40-60 mm - Vybaven\u00ed pro d\u016fm\",\"isPartOf\":{\"@id\":\"https:\/\/www.koupelnapro.com\/#website\"},\"primaryImageOfPage\":{\"@id\":\"https:\/\/www.koupelnapro.com\/index.php\/produkt\/must-have-terc-teleskopicky-pedall-riq-40-60-mm-11943\/#primaryimage\"},\"image\":{\"@id\":\"https:\/\/www.koupelnapro.com\/index.php\/produkt\/must-have-terc-teleskopicky-pedall-riq-40-60-mm-11943\/#primaryimage\"},\"thumbnailUrl\":\"https:\/\/www.koupelnapro.com\/wp-content\/uploads\/2026\/SK0002806-CZ20260425-091842-0-1777079922-tablet-pedall-riq-60-90mm_16630710500664_1280x720_ft_90.web.webp\",\"datePublished\":\"2026-04-26T09:13:35+00:00\",\"breadcrumb\":{\"@id\":\"https:\/\/www.koupelnapro.com\/index.php\/produkt\/must-have-terc-teleskopicky-pedall-riq-40-60-mm-11943\/#breadcrumb\"},\"inLanguage\":\"cs\",\"potentialAction\":[{\"@type\":\"ReadAction\",\"target\":[\"https:\/\/www.koupelnapro.com\/index.php\/produkt\/must-have-terc-teleskopicky-pedall-riq-40-60-mm-11943\/\"]}]},{\"@type\":\"ImageObject\",\"inLanguage\":\"cs\",\"@id\":\"https:\/\/www.koupelnapro.com\/index.php\/produkt\/must-have-terc-teleskopicky-pedall-riq-40-60-mm-11943\/#primaryimage\",\"url\":\"https:\/\/www.koupelnapro.com\/wp-content\/uploads\/2026\/SK0002806-CZ20260425-091842-0-1777079922-tablet-pedall-riq-60-90mm_16630710500664_1280x720_ft_90.web.webp\",\"contentUrl\":\"https:\/\/www.koupelnapro.com\/wp-content\/uploads\/2026\/SK0002806-CZ20260425-091842-0-1777079922-tablet-pedall-riq-60-90mm_16630710500664_1280x720_ft_90.web.webp\",\"width\":801,\"height\":450},{\"@type\":\"BreadcrumbList\",\"@id\":\"https:\/\/www.koupelnapro.com\/index.php\/produkt\/must-have-terc-teleskopicky-pedall-riq-40-60-mm-11943\/#breadcrumb\",\"itemListElement\":[{\"@type\":\"ListItem\",\"position\":1,\"name\":\"Home\",\"item\":\"https:\/\/www.koupelnapro.com\/\"},{\"@type\":\"ListItem\",\"position\":2,\"name\":\"Products\",\"item\":\"https:\/\/www.koupelnapro.com\/products\/\"},{\"@type\":\"ListItem\",\"position\":3,\"name\":\"Must-Have Ter\u010d teleskopick\u00fd Pedall Riq 40-60 mm\"}]},{\"@type\":\"WebSite\",\"@id\":\"https:\/\/www.koupelnapro.com\/#website\",\"url\":\"https:\/\/www.koupelnapro.com\/\",\"name\":\"Vybaven\u00ed pro d\u016fm\",\"description\":\"Vybaven\u00ed pro d\u016fm\",\"publisher\":{\"@id\":\"https:\/\/www.koupelnapro.com\/#organization\"},\"potentialAction\":[{\"@type\":\"SearchAction\",\"target\":{\"@type\":\"EntryPoint\",\"urlTemplate\":\"https:\/\/www.koupelnapro.com\/?s={search_term_string}\"},\"query-input\":{\"@type\":\"PropertyValueSpecification\",\"valueRequired\":true,\"valueName\":\"search_term_string\"}}],\"inLanguage\":\"cs\"},{\"@type\":\"Organization\",\"@id\":\"https:\/\/www.koupelnapro.com\/#organization\",\"name\":\"Vybaven\u00ed pro d\u016fm\",\"url\":\"https:\/\/www.koupelnapro.com\/\",\"logo\":{\"@type\":\"ImageObject\",\"inLanguage\":\"cs\",\"@id\":\"https:\/\/www.koupelnapro.com\/#\/schema\/logo\/image\/\",\"url\":\"https:\/\/www.koupelnapro.com\/wp-content\/uploads\/2026\/04\/koupelnapro-logo-deep-green.svg\",\"contentUrl\":\"https:\/\/www.koupelnapro.com\/wp-content\/uploads\/2026\/04\/koupelnapro-logo-deep-green.svg\",\"width\":920,\"height\":160,\"caption\":\"Vybaven\u00ed pro d\u016fm\"},\"image\":{\"@id\":\"https:\/\/www.koupelnapro.com\/#\/schema\/logo\/image\/\"}}]}<\/script>\n<!-- \/ Yoast SEO plugin. -->","yoast_head_json":{"title":"Must-Have Ter\u010d teleskopick\u00fd Pedall Riq 40-60 mm - Vybaven\u00ed pro d\u016fm","robots":{"index":"index","follow":"follow","max-snippet":"max-snippet:-1","max-image-preview":"max-image-preview:large","max-video-preview":"max-video-preview:-1"},"canonical":"https:\/\/www.koupelnapro.com\/index.php\/produkt\/must-have-terc-teleskopicky-pedall-riq-40-60-mm-11943\/","og_locale":"cs_CZ","og_type":"article","og_title":"Must-Have Ter\u010d teleskopick\u00fd Pedall Riq 40-60 mm - Vybaven\u00ed pro d\u016fm","og_description":"Variabiln\u00ed teleskopick\u00fd ter\u010d pod keramickou a betonovou dla\u017ebu s \u0161irok\u00fdm p\u0159\u00edslu\u0161enstv\u00edm. Pevn\u00e1 hlava, \u0161\u00ed\u0159ka sp\u00e1ry 3 mm, kyvn\u00e9 proveden\u00ed.","og_url":"https:\/\/www.koupelnapro.com\/index.php\/produkt\/must-have-terc-teleskopicky-pedall-riq-40-60-mm-11943\/","og_site_name":"Vybaven\u00ed pro d\u016fm","og_image":[{"width":801,"height":450,"url":"https:\/\/www.koupelnapro.com\/wp-content\/uploads\/2026\/SK0002806-CZ20260425-091842-0-1777079922-tablet-pedall-riq-60-90mm_16630710500664_1280x720_ft_90.web.webp","type":"image\/webp"}],"twitter_card":"summary_large_image","schema":{"@context":"https:\/\/schema.org","@graph":[{"@type":"WebPage","@id":"https:\/\/www.koupelnapro.com\/index.php\/produkt\/must-have-terc-teleskopicky-pedall-riq-40-60-mm-11943\/","url":"https:\/\/www.koupelnapro.com\/index.php\/produkt\/must-have-terc-teleskopicky-pedall-riq-40-60-mm-11943\/","name":"Must-Have Ter\u010d teleskopick\u00fd Pedall Riq 40-60 mm - Vybaven\u00ed pro d\u016fm","isPartOf":{"@id":"https:\/\/www.koupelnapro.com\/#website"},"primaryImageOfPage":{"@id":"https:\/\/www.koupelnapro.com\/index.php\/produkt\/must-have-terc-teleskopicky-pedall-riq-40-60-mm-11943\/#primaryimage"},"image":{"@id":"https:\/\/www.koupelnapro.com\/index.php\/produkt\/must-have-terc-teleskopicky-pedall-riq-40-60-mm-11943\/#primaryimage"},"thumbnailUrl":"https:\/\/www.koupelnapro.com\/wp-content\/uploads\/2026\/SK0002806-CZ20260425-091842-0-1777079922-tablet-pedall-riq-60-90mm_16630710500664_1280x720_ft_90.web.webp","datePublished":"2026-04-26T09:13:35+00:00","breadcrumb":{"@id":"https:\/\/www.koupelnapro.com\/index.php\/produkt\/must-have-terc-teleskopicky-pedall-riq-40-60-mm-11943\/#breadcrumb"},"inLanguage":"cs","potentialAction":[{"@type":"ReadAction","target":["https:\/\/www.koupelnapro.com\/index.php\/produkt\/must-have-terc-teleskopicky-pedall-riq-40-60-mm-11943\/"]}]},{"@type":"ImageObject","inLanguage":"cs","@id":"https:\/\/www.koupelnapro.com\/index.php\/produkt\/must-have-terc-teleskopicky-pedall-riq-40-60-mm-11943\/#primaryimage","url":"https:\/\/www.koupelnapro.com\/wp-content\/uploads\/2026\/SK0002806-CZ20260425-091842-0-1777079922-tablet-pedall-riq-60-90mm_16630710500664_1280x720_ft_90.web.webp","contentUrl":"https:\/\/www.koupelnapro.com\/wp-content\/uploads\/2026\/SK0002806-CZ20260425-091842-0-1777079922-tablet-pedall-riq-60-90mm_16630710500664_1280x720_ft_90.web.webp","width":801,"height":450},{"@type":"BreadcrumbList","@id":"https:\/\/www.koupelnapro.com\/index.php\/produkt\/must-have-terc-teleskopicky-pedall-riq-40-60-mm-11943\/#breadcrumb","itemListElement":[{"@type":"ListItem","position":1,"name":"Home","item":"https:\/\/www.koupelnapro.com\/"},{"@type":"ListItem","position":2,"name":"Products","item":"https:\/\/www.koupelnapro.com\/products\/"},{"@type":"ListItem","position":3,"name":"Must-Have Ter\u010d teleskopick\u00fd Pedall Riq 40-60 mm"}]},{"@type":"WebSite","@id":"https:\/\/www.koupelnapro.com\/#website","url":"https:\/\/www.koupelnapro.com\/","name":"Vybaven\u00ed pro d\u016fm","description":"Vybaven\u00ed pro d\u016fm","publisher":{"@id":"https:\/\/www.koupelnapro.com\/#organization"},"potentialAction":[{"@type":"SearchAction","target":{"@type":"EntryPoint","urlTemplate":"https:\/\/www.koupelnapro.com\/?s={search_term_string}"},"query-input":{"@type":"PropertyValueSpecification","valueRequired":true,"valueName":"search_term_string"}}],"inLanguage":"cs"},{"@type":"Organization","@id":"https:\/\/www.koupelnapro.com\/#organization","name":"Vybaven\u00ed pro d\u016fm","url":"https:\/\/www.koupelnapro.com\/","logo":{"@type":"ImageObject","inLanguage":"cs","@id":"https:\/\/www.koupelnapro.com\/#\/schema\/logo\/image\/","url":"https:\/\/www.koupelnapro.com\/wp-content\/uploads\/2026\/04\/koupelnapro-logo-deep-green.svg","contentUrl":"https:\/\/www.koupelnapro.com\/wp-content\/uploads\/2026\/04\/koupelnapro-logo-deep-green.svg","width":920,"height":160,"caption":"Vybaven\u00ed pro d\u016fm"},"image":{"@id":"https:\/\/www.koupelnapro.com\/#\/schema\/logo\/image\/"}}]}},"_links":{"self":[{"href":"https:\/\/www.koupelnapro.com\/wp-json\/wp\/v2\/product\/11943","targetHints":{"allow":["GET"]}}],"collection":[{"href":"https:\/\/www.koupelnapro.com\/wp-json\/wp\/v2\/product"}],"about":[{"href":"https:\/\/www.koupelnapro.com\/wp-json\/wp\/v2\/types\/product"}],"wp:featuredmedia":[{"embeddable":true,"href":"https:\/\/www.koupelnapro.com\/wp-json\/wp\/v2\/media\/12043"}],"wp:attachment":[{"href":"https:\/\/www.koupelnapro.com\/wp-json\/wp\/v2\/media?parent=11943"}],"wp:term":[{"taxonomy":"product_brand","embeddable":true,"href":"https:\/\/www.koupelnapro.com\/wp-json\/wp\/v2\/product_brand?post=11943"},{"taxonomy":"product_cat","embeddable":true,"href":"https:\/\/www.koupelnapro.com\/wp-json\/wp\/v2\/product_cat?post=11943"},{"taxonomy":"product_tag","embeddable":true,"href":"https:\/\/www.koupelnapro.com\/wp-json\/wp\/v2\/product_tag?post=11943"}],"curies":[{"name":"wp","href":"https:\/\/api.w.org\/{rel}","templated":true}]}}