{"id":11937,"date":"2026-04-26T09:13:35","date_gmt":"2026-04-26T09:13:35","guid":{"rendered":""},"modified":"2026-04-26T09:13:35","modified_gmt":"2026-04-26T09:13:35","slug":"podlozka-na-hlavu-terce-pedall-pryzova-1-5-mm-super-cena-11937","status":"publish","type":"product","link":"https:\/\/www.koupelnapro.com\/produkt\/podlozka-na-hlavu-terce-pedall-pryzova-1-5-mm-super-cena-11937\/","title":{"rendered":"Podlo\u017eka na\u00a0hlavu ter\u010de Pedall pry\u017eov\u00e1\u00a01,5\u00a0mm Super Cena"},"content":{"rendered":"<div class=\"content-actual\">\n<p>Pry\u017eov\u00e1 podlo\u017eka m\u00e1 v\u00fdseky pro vymezovac\u00ed packy.<\/p>\n<\/p><\/div>\n<\/p><\/div>\n","protected":false},"excerpt":{"rendered":"<p>Pry\u017eov\u00e1 podlo\u017eka m\u00e1 v\u00fdseky pro vymezovac\u00ed packy.<\/p>\n","protected":false},"featured_media":12037,"template":"","meta":[],"product_brand":[],"product_cat":[72],"product_tag":[],"class_list":{"0":"post-11937","1":"product","2":"type-product","3":"status-publish","4":"has-post-thumbnail","6":"product_cat-dlazby-ploty-zahrada","8":"first","9":"instock","10":"sale","11":"shipping-taxable","12":"purchasable","13":"product-type-simple"},"yoast_head":"<!-- This site is optimized with the Yoast SEO plugin v26.8 - https:\/\/yoast.com\/product\/yoast-seo-wordpress\/ -->\n<title>Podlo\u017eka na\u00a0hlavu ter\u010de Pedall pry\u017eov\u00e1\u00a01,5\u00a0mm Super Cena - Vybaven\u00ed pro d\u016fm<\/title>\n<meta name=\"robots\" content=\"index, follow, max-snippet:-1, max-image-preview:large, max-video-preview:-1\" \/>\n<link rel=\"canonical\" href=\"https:\/\/www.koupelnapro.com\/index.php\/produkt\/podlozka-na-hlavu-terce-pedall-pryzova-1-5-mm-super-cena-11937\/\" \/>\n<meta property=\"og:locale\" content=\"cs_CZ\" \/>\n<meta property=\"og:type\" content=\"article\" \/>\n<meta property=\"og:title\" content=\"Podlo\u017eka na\u00a0hlavu ter\u010de Pedall pry\u017eov\u00e1\u00a01,5\u00a0mm Super Cena - Vybaven\u00ed pro d\u016fm\" \/>\n<meta property=\"og:description\" content=\"Pry\u017eov\u00e1 podlo\u017eka m\u00e1 v\u00fdseky pro vymezovac\u00ed packy.\" \/>\n<meta property=\"og:url\" content=\"https:\/\/www.koupelnapro.com\/index.php\/produkt\/podlozka-na-hlavu-terce-pedall-pryzova-1-5-mm-super-cena-11937\/\" \/>\n<meta property=\"og:site_name\" content=\"Vybaven\u00ed pro d\u016fm\" \/>\n<meta property=\"og:image\" content=\"https:\/\/www.koupelnapro.com\/wp-content\/uploads\/2026\/SK0002800-CZ20260425-091842-0-1777079922-tablet-dsc_6404_15805025582536_1280x720_ft_90.webp\" \/>\n\t<meta property=\"og:image:width\" content=\"801\" \/>\n\t<meta property=\"og:image:height\" content=\"450\" \/>\n\t<meta property=\"og:image:type\" content=\"image\/webp\" \/>\n<meta name=\"twitter:card\" content=\"summary_large_image\" \/>\n<script type=\"application\/ld+json\" class=\"yoast-schema-graph\">{\"@context\":\"https:\/\/schema.org\",\"@graph\":[{\"@type\":\"WebPage\",\"@id\":\"https:\/\/www.koupelnapro.com\/index.php\/produkt\/podlozka-na-hlavu-terce-pedall-pryzova-1-5-mm-super-cena-11937\/\",\"url\":\"https:\/\/www.koupelnapro.com\/index.php\/produkt\/podlozka-na-hlavu-terce-pedall-pryzova-1-5-mm-super-cena-11937\/\",\"name\":\"Podlo\u017eka na\u00a0hlavu ter\u010de Pedall pry\u017eov\u00e1\u00a01,5\u00a0mm Super Cena - Vybaven\u00ed pro d\u016fm\",\"isPartOf\":{\"@id\":\"https:\/\/www.koupelnapro.com\/#website\"},\"primaryImageOfPage\":{\"@id\":\"https:\/\/www.koupelnapro.com\/index.php\/produkt\/podlozka-na-hlavu-terce-pedall-pryzova-1-5-mm-super-cena-11937\/#primaryimage\"},\"image\":{\"@id\":\"https:\/\/www.koupelnapro.com\/index.php\/produkt\/podlozka-na-hlavu-terce-pedall-pryzova-1-5-mm-super-cena-11937\/#primaryimage\"},\"thumbnailUrl\":\"https:\/\/www.koupelnapro.com\/wp-content\/uploads\/2026\/SK0002800-CZ20260425-091842-0-1777079922-tablet-dsc_6404_15805025582536_1280x720_ft_90.webp\",\"datePublished\":\"2026-04-26T09:13:35+00:00\",\"breadcrumb\":{\"@id\":\"https:\/\/www.koupelnapro.com\/index.php\/produkt\/podlozka-na-hlavu-terce-pedall-pryzova-1-5-mm-super-cena-11937\/#breadcrumb\"},\"inLanguage\":\"cs\",\"potentialAction\":[{\"@type\":\"ReadAction\",\"target\":[\"https:\/\/www.koupelnapro.com\/index.php\/produkt\/podlozka-na-hlavu-terce-pedall-pryzova-1-5-mm-super-cena-11937\/\"]}]},{\"@type\":\"ImageObject\",\"inLanguage\":\"cs\",\"@id\":\"https:\/\/www.koupelnapro.com\/index.php\/produkt\/podlozka-na-hlavu-terce-pedall-pryzova-1-5-mm-super-cena-11937\/#primaryimage\",\"url\":\"https:\/\/www.koupelnapro.com\/wp-content\/uploads\/2026\/SK0002800-CZ20260425-091842-0-1777079922-tablet-dsc_6404_15805025582536_1280x720_ft_90.webp\",\"contentUrl\":\"https:\/\/www.koupelnapro.com\/wp-content\/uploads\/2026\/SK0002800-CZ20260425-091842-0-1777079922-tablet-dsc_6404_15805025582536_1280x720_ft_90.webp\",\"width\":801,\"height\":450},{\"@type\":\"BreadcrumbList\",\"@id\":\"https:\/\/www.koupelnapro.com\/index.php\/produkt\/podlozka-na-hlavu-terce-pedall-pryzova-1-5-mm-super-cena-11937\/#breadcrumb\",\"itemListElement\":[{\"@type\":\"ListItem\",\"position\":1,\"name\":\"Home\",\"item\":\"https:\/\/www.koupelnapro.com\/\"},{\"@type\":\"ListItem\",\"position\":2,\"name\":\"Products\",\"item\":\"https:\/\/www.koupelnapro.com\/products\/\"},{\"@type\":\"ListItem\",\"position\":3,\"name\":\"Podlo\u017eka na\u00a0hlavu ter\u010de Pedall pry\u017eov\u00e1\u00a01,5\u00a0mm Super Cena\"}]},{\"@type\":\"WebSite\",\"@id\":\"https:\/\/www.koupelnapro.com\/#website\",\"url\":\"https:\/\/www.koupelnapro.com\/\",\"name\":\"Vybaven\u00ed pro d\u016fm\",\"description\":\"Vybaven\u00ed pro d\u016fm\",\"publisher\":{\"@id\":\"https:\/\/www.koupelnapro.com\/#organization\"},\"potentialAction\":[{\"@type\":\"SearchAction\",\"target\":{\"@type\":\"EntryPoint\",\"urlTemplate\":\"https:\/\/www.koupelnapro.com\/?s={search_term_string}\"},\"query-input\":{\"@type\":\"PropertyValueSpecification\",\"valueRequired\":true,\"valueName\":\"search_term_string\"}}],\"inLanguage\":\"cs\"},{\"@type\":\"Organization\",\"@id\":\"https:\/\/www.koupelnapro.com\/#organization\",\"name\":\"Vybaven\u00ed pro d\u016fm\",\"url\":\"https:\/\/www.koupelnapro.com\/\",\"logo\":{\"@type\":\"ImageObject\",\"inLanguage\":\"cs\",\"@id\":\"https:\/\/www.koupelnapro.com\/#\/schema\/logo\/image\/\",\"url\":\"https:\/\/www.koupelnapro.com\/wp-content\/uploads\/2026\/04\/koupelnapro-logo-deep-green.svg\",\"contentUrl\":\"https:\/\/www.koupelnapro.com\/wp-content\/uploads\/2026\/04\/koupelnapro-logo-deep-green.svg\",\"width\":920,\"height\":160,\"caption\":\"Vybaven\u00ed pro d\u016fm\"},\"image\":{\"@id\":\"https:\/\/www.koupelnapro.com\/#\/schema\/logo\/image\/\"}}]}<\/script>\n<!-- \/ Yoast SEO plugin. -->","yoast_head_json":{"title":"Podlo\u017eka na\u00a0hlavu ter\u010de Pedall pry\u017eov\u00e1\u00a01,5\u00a0mm Super Cena - Vybaven\u00ed pro d\u016fm","robots":{"index":"index","follow":"follow","max-snippet":"max-snippet:-1","max-image-preview":"max-image-preview:large","max-video-preview":"max-video-preview:-1"},"canonical":"https:\/\/www.koupelnapro.com\/index.php\/produkt\/podlozka-na-hlavu-terce-pedall-pryzova-1-5-mm-super-cena-11937\/","og_locale":"cs_CZ","og_type":"article","og_title":"Podlo\u017eka na\u00a0hlavu ter\u010de Pedall pry\u017eov\u00e1\u00a01,5\u00a0mm Super Cena - Vybaven\u00ed pro d\u016fm","og_description":"Pry\u017eov\u00e1 podlo\u017eka m\u00e1 v\u00fdseky pro vymezovac\u00ed packy.","og_url":"https:\/\/www.koupelnapro.com\/index.php\/produkt\/podlozka-na-hlavu-terce-pedall-pryzova-1-5-mm-super-cena-11937\/","og_site_name":"Vybaven\u00ed pro d\u016fm","og_image":[{"width":801,"height":450,"url":"https:\/\/www.koupelnapro.com\/wp-content\/uploads\/2026\/SK0002800-CZ20260425-091842-0-1777079922-tablet-dsc_6404_15805025582536_1280x720_ft_90.webp","type":"image\/webp"}],"twitter_card":"summary_large_image","schema":{"@context":"https:\/\/schema.org","@graph":[{"@type":"WebPage","@id":"https:\/\/www.koupelnapro.com\/index.php\/produkt\/podlozka-na-hlavu-terce-pedall-pryzova-1-5-mm-super-cena-11937\/","url":"https:\/\/www.koupelnapro.com\/index.php\/produkt\/podlozka-na-hlavu-terce-pedall-pryzova-1-5-mm-super-cena-11937\/","name":"Podlo\u017eka na\u00a0hlavu ter\u010de Pedall pry\u017eov\u00e1\u00a01,5\u00a0mm Super Cena - Vybaven\u00ed pro d\u016fm","isPartOf":{"@id":"https:\/\/www.koupelnapro.com\/#website"},"primaryImageOfPage":{"@id":"https:\/\/www.koupelnapro.com\/index.php\/produkt\/podlozka-na-hlavu-terce-pedall-pryzova-1-5-mm-super-cena-11937\/#primaryimage"},"image":{"@id":"https:\/\/www.koupelnapro.com\/index.php\/produkt\/podlozka-na-hlavu-terce-pedall-pryzova-1-5-mm-super-cena-11937\/#primaryimage"},"thumbnailUrl":"https:\/\/www.koupelnapro.com\/wp-content\/uploads\/2026\/SK0002800-CZ20260425-091842-0-1777079922-tablet-dsc_6404_15805025582536_1280x720_ft_90.webp","datePublished":"2026-04-26T09:13:35+00:00","breadcrumb":{"@id":"https:\/\/www.koupelnapro.com\/index.php\/produkt\/podlozka-na-hlavu-terce-pedall-pryzova-1-5-mm-super-cena-11937\/#breadcrumb"},"inLanguage":"cs","potentialAction":[{"@type":"ReadAction","target":["https:\/\/www.koupelnapro.com\/index.php\/produkt\/podlozka-na-hlavu-terce-pedall-pryzova-1-5-mm-super-cena-11937\/"]}]},{"@type":"ImageObject","inLanguage":"cs","@id":"https:\/\/www.koupelnapro.com\/index.php\/produkt\/podlozka-na-hlavu-terce-pedall-pryzova-1-5-mm-super-cena-11937\/#primaryimage","url":"https:\/\/www.koupelnapro.com\/wp-content\/uploads\/2026\/SK0002800-CZ20260425-091842-0-1777079922-tablet-dsc_6404_15805025582536_1280x720_ft_90.webp","contentUrl":"https:\/\/www.koupelnapro.com\/wp-content\/uploads\/2026\/SK0002800-CZ20260425-091842-0-1777079922-tablet-dsc_6404_15805025582536_1280x720_ft_90.webp","width":801,"height":450},{"@type":"BreadcrumbList","@id":"https:\/\/www.koupelnapro.com\/index.php\/produkt\/podlozka-na-hlavu-terce-pedall-pryzova-1-5-mm-super-cena-11937\/#breadcrumb","itemListElement":[{"@type":"ListItem","position":1,"name":"Home","item":"https:\/\/www.koupelnapro.com\/"},{"@type":"ListItem","position":2,"name":"Products","item":"https:\/\/www.koupelnapro.com\/products\/"},{"@type":"ListItem","position":3,"name":"Podlo\u017eka na\u00a0hlavu ter\u010de Pedall pry\u017eov\u00e1\u00a01,5\u00a0mm Super Cena"}]},{"@type":"WebSite","@id":"https:\/\/www.koupelnapro.com\/#website","url":"https:\/\/www.koupelnapro.com\/","name":"Vybaven\u00ed pro d\u016fm","description":"Vybaven\u00ed pro d\u016fm","publisher":{"@id":"https:\/\/www.koupelnapro.com\/#organization"},"potentialAction":[{"@type":"SearchAction","target":{"@type":"EntryPoint","urlTemplate":"https:\/\/www.koupelnapro.com\/?s={search_term_string}"},"query-input":{"@type":"PropertyValueSpecification","valueRequired":true,"valueName":"search_term_string"}}],"inLanguage":"cs"},{"@type":"Organization","@id":"https:\/\/www.koupelnapro.com\/#organization","name":"Vybaven\u00ed pro d\u016fm","url":"https:\/\/www.koupelnapro.com\/","logo":{"@type":"ImageObject","inLanguage":"cs","@id":"https:\/\/www.koupelnapro.com\/#\/schema\/logo\/image\/","url":"https:\/\/www.koupelnapro.com\/wp-content\/uploads\/2026\/04\/koupelnapro-logo-deep-green.svg","contentUrl":"https:\/\/www.koupelnapro.com\/wp-content\/uploads\/2026\/04\/koupelnapro-logo-deep-green.svg","width":920,"height":160,"caption":"Vybaven\u00ed pro d\u016fm"},"image":{"@id":"https:\/\/www.koupelnapro.com\/#\/schema\/logo\/image\/"}}]}},"_links":{"self":[{"href":"https:\/\/www.koupelnapro.com\/wp-json\/wp\/v2\/product\/11937","targetHints":{"allow":["GET"]}}],"collection":[{"href":"https:\/\/www.koupelnapro.com\/wp-json\/wp\/v2\/product"}],"about":[{"href":"https:\/\/www.koupelnapro.com\/wp-json\/wp\/v2\/types\/product"}],"wp:featuredmedia":[{"embeddable":true,"href":"https:\/\/www.koupelnapro.com\/wp-json\/wp\/v2\/media\/12037"}],"wp:attachment":[{"href":"https:\/\/www.koupelnapro.com\/wp-json\/wp\/v2\/media?parent=11937"}],"wp:term":[{"taxonomy":"product_brand","embeddable":true,"href":"https:\/\/www.koupelnapro.com\/wp-json\/wp\/v2\/product_brand?post=11937"},{"taxonomy":"product_cat","embeddable":true,"href":"https:\/\/www.koupelnapro.com\/wp-json\/wp\/v2\/product_cat?post=11937"},{"taxonomy":"product_tag","embeddable":true,"href":"https:\/\/www.koupelnapro.com\/wp-json\/wp\/v2\/product_tag?post=11937"}],"curies":[{"name":"wp","href":"https:\/\/api.w.org\/{rel}","templated":true}]}}