{"id":11934,"date":"2026-04-26T09:13:35","date_gmt":"2026-04-26T09:13:35","guid":{"rendered":""},"modified":"2026-04-26T09:13:35","modified_gmt":"2026-04-26T09:13:35","slug":"krizky-vyrovnavaci-pedall-crossiq-ped-3-mm-50-ks-novinka-11934","status":"publish","type":"product","link":"https:\/\/www.koupelnapro.com\/index.php\/produkt\/krizky-vyrovnavaci-pedall-crossiq-ped-3-mm-50-ks-novinka-11934\/","title":{"rendered":"K\u0159\u00ed\u017eky vyrovn\u00e1vac\u00ed Pedall crossiq ped 3\u00a0mm\u00a050\u00a0ks Novinka"},"content":{"rendered":"<div class=\"content-actual\">\n<p>Vyrovn\u00e1vac\u00ed k\u0159\u00ed\u017eek do p\u00edsku a drt\u011b s podstavou pro dodr\u017een\u00ed stejn\u00e9 sp\u00e1ry v plo\u0161e keramick\u00e9 a betonov\u00e9 dla\u017eby a z\u00e1rove\u0148 d\u00edky podstav\u011b pom\u00e1h\u00e1 v m\u00edstech ulo\u017een\u00ed proti sesed\u00e1n\u00ed dla\u017eby. Mo\u017enost odlamov\u00e1n\u00ed, Sp\u00e1ra 3mm.<\/p>\n<\/p><\/div>\n<\/p><\/div>\n","protected":false},"excerpt":{"rendered":"<p>Vyrovn\u00e1vac\u00ed k\u0159\u00ed\u017eek do p\u00edsku a drt\u011b s podstavou pro dodr\u017een\u00ed stejn\u00e9 sp\u00e1ry v plo\u0161e keramick\u00e9 a betonov\u00e9 dla\u017eby a z\u00e1rove\u0148 d\u00edky podstav\u011b pom\u00e1h\u00e1 v m\u00edstech ulo\u017een\u00ed proti sesed\u00e1n\u00ed dla\u017eby. Mo\u017enost odlamov\u00e1n\u00ed, Sp\u00e1ra 3mm.<\/p>\n","protected":false},"featured_media":12034,"comment_status":"open","ping_status":"open","template":"","meta":[],"product_brand":[],"product_cat":[72],"product_tag":[],"class_list":{"0":"post-11934","1":"product","2":"type-product","3":"status-publish","4":"has-post-thumbnail","6":"product_cat-dlazby-ploty-zahrada","8":"first","9":"instock","10":"sale","11":"shipping-taxable","12":"purchasable","13":"product-type-simple"},"yoast_head":"<!-- This site is optimized with the Yoast SEO plugin v26.8 - https:\/\/yoast.com\/product\/yoast-seo-wordpress\/ -->\n<title>K\u0159\u00ed\u017eky vyrovn\u00e1vac\u00ed Pedall crossiq ped 3\u00a0mm\u00a050\u00a0ks Novinka -<\/title>\n<meta name=\"robots\" content=\"index, follow, max-snippet:-1, max-image-preview:large, max-video-preview:-1\" \/>\n<link rel=\"canonical\" href=\"https:\/\/www.koupelnapro.com\/index.php\/produkt\/krizky-vyrovnavaci-pedall-crossiq-ped-3-mm-50-ks-novinka-11934\/\" \/>\n<meta property=\"og:locale\" content=\"cs_CZ\" \/>\n<meta property=\"og:type\" content=\"article\" \/>\n<meta property=\"og:title\" content=\"K\u0159\u00ed\u017eky vyrovn\u00e1vac\u00ed Pedall crossiq ped 3\u00a0mm\u00a050\u00a0ks Novinka -\" \/>\n<meta property=\"og:description\" content=\"Vyrovn\u00e1vac\u00ed k\u0159\u00ed\u017eek do p\u00edsku a drt\u011b s podstavou pro dodr\u017een\u00ed stejn\u00e9 sp\u00e1ry v plo\u0161e keramick\u00e9 a betonov\u00e9 dla\u017eby a z\u00e1rove\u0148 d\u00edky podstav\u011b pom\u00e1h\u00e1 v m\u00edstech ulo\u017een\u00ed proti sesed\u00e1n\u00ed dla\u017eby. Mo\u017enost odlamov\u00e1n\u00ed, Sp\u00e1ra 3mm.\" \/>\n<meta property=\"og:url\" content=\"https:\/\/www.koupelnapro.com\/index.php\/produkt\/krizky-vyrovnavaci-pedall-crossiq-ped-3-mm-50-ks-novinka-11934\/\" \/>\n<meta property=\"og:image\" content=\"https:\/\/www.koupelnapro.com\/wp-content\/uploads\/2026\/SK0002797-CZ20260425-091842-0-1777079922-tablet-pacroped3c.webp\" \/>\n\t<meta property=\"og:image:width\" content=\"357\" \/>\n\t<meta property=\"og:image:height\" content=\"267\" \/>\n\t<meta property=\"og:image:type\" content=\"image\/webp\" \/>\n<meta name=\"twitter:card\" content=\"summary_large_image\" \/>\n<script type=\"application\/ld+json\" class=\"yoast-schema-graph\">{\"@context\":\"https:\/\/schema.org\",\"@graph\":[{\"@type\":\"WebPage\",\"@id\":\"https:\/\/www.koupelnapro.com\/index.php\/produkt\/krizky-vyrovnavaci-pedall-crossiq-ped-3-mm-50-ks-novinka-11934\/\",\"url\":\"https:\/\/www.koupelnapro.com\/index.php\/produkt\/krizky-vyrovnavaci-pedall-crossiq-ped-3-mm-50-ks-novinka-11934\/\",\"name\":\"K\u0159\u00ed\u017eky vyrovn\u00e1vac\u00ed Pedall crossiq ped 3\u00a0mm\u00a050\u00a0ks Novinka -\",\"isPartOf\":{\"@id\":\"https:\/\/www.koupelnapro.com\/#website\"},\"primaryImageOfPage\":{\"@id\":\"https:\/\/www.koupelnapro.com\/index.php\/produkt\/krizky-vyrovnavaci-pedall-crossiq-ped-3-mm-50-ks-novinka-11934\/#primaryimage\"},\"image\":{\"@id\":\"https:\/\/www.koupelnapro.com\/index.php\/produkt\/krizky-vyrovnavaci-pedall-crossiq-ped-3-mm-50-ks-novinka-11934\/#primaryimage\"},\"thumbnailUrl\":\"https:\/\/www.koupelnapro.com\/wp-content\/uploads\/2026\/SK0002797-CZ20260425-091842-0-1777079922-tablet-pacroped3c.webp\",\"datePublished\":\"2026-04-26T09:13:35+00:00\",\"breadcrumb\":{\"@id\":\"https:\/\/www.koupelnapro.com\/index.php\/produkt\/krizky-vyrovnavaci-pedall-crossiq-ped-3-mm-50-ks-novinka-11934\/#breadcrumb\"},\"inLanguage\":\"cs\",\"potentialAction\":[{\"@type\":\"ReadAction\",\"target\":[\"https:\/\/www.koupelnapro.com\/index.php\/produkt\/krizky-vyrovnavaci-pedall-crossiq-ped-3-mm-50-ks-novinka-11934\/\"]}]},{\"@type\":\"ImageObject\",\"inLanguage\":\"cs\",\"@id\":\"https:\/\/www.koupelnapro.com\/index.php\/produkt\/krizky-vyrovnavaci-pedall-crossiq-ped-3-mm-50-ks-novinka-11934\/#primaryimage\",\"url\":\"https:\/\/www.koupelnapro.com\/wp-content\/uploads\/2026\/SK0002797-CZ20260425-091842-0-1777079922-tablet-pacroped3c.webp\",\"contentUrl\":\"https:\/\/www.koupelnapro.com\/wp-content\/uploads\/2026\/SK0002797-CZ20260425-091842-0-1777079922-tablet-pacroped3c.webp\",\"width\":357,\"height\":267},{\"@type\":\"BreadcrumbList\",\"@id\":\"https:\/\/www.koupelnapro.com\/index.php\/produkt\/krizky-vyrovnavaci-pedall-crossiq-ped-3-mm-50-ks-novinka-11934\/#breadcrumb\",\"itemListElement\":[{\"@type\":\"ListItem\",\"position\":1,\"name\":\"Home\",\"item\":\"https:\/\/www.koupelnapro.com\/\"},{\"@type\":\"ListItem\",\"position\":2,\"name\":\"Products\",\"item\":\"https:\/\/www.koupelnapro.com\/index.php\/products\/\"},{\"@type\":\"ListItem\",\"position\":3,\"name\":\"K\u0159\u00ed\u017eky vyrovn\u00e1vac\u00ed Pedall crossiq ped 3\u00a0mm\u00a050\u00a0ks Novinka\"}]},{\"@type\":\"WebSite\",\"@id\":\"https:\/\/www.koupelnapro.com\/#website\",\"url\":\"https:\/\/www.koupelnapro.com\/\",\"name\":\"\",\"description\":\"\",\"potentialAction\":[{\"@type\":\"SearchAction\",\"target\":{\"@type\":\"EntryPoint\",\"urlTemplate\":\"https:\/\/www.koupelnapro.com\/?s={search_term_string}\"},\"query-input\":{\"@type\":\"PropertyValueSpecification\",\"valueRequired\":true,\"valueName\":\"search_term_string\"}}],\"inLanguage\":\"cs\"}]}<\/script>\n<!-- \/ Yoast SEO plugin. -->","yoast_head_json":{"title":"K\u0159\u00ed\u017eky vyrovn\u00e1vac\u00ed Pedall crossiq ped 3\u00a0mm\u00a050\u00a0ks Novinka -","robots":{"index":"index","follow":"follow","max-snippet":"max-snippet:-1","max-image-preview":"max-image-preview:large","max-video-preview":"max-video-preview:-1"},"canonical":"https:\/\/www.koupelnapro.com\/index.php\/produkt\/krizky-vyrovnavaci-pedall-crossiq-ped-3-mm-50-ks-novinka-11934\/","og_locale":"cs_CZ","og_type":"article","og_title":"K\u0159\u00ed\u017eky vyrovn\u00e1vac\u00ed Pedall crossiq ped 3\u00a0mm\u00a050\u00a0ks Novinka -","og_description":"Vyrovn\u00e1vac\u00ed k\u0159\u00ed\u017eek do p\u00edsku a drt\u011b s podstavou pro dodr\u017een\u00ed stejn\u00e9 sp\u00e1ry v plo\u0161e keramick\u00e9 a betonov\u00e9 dla\u017eby a z\u00e1rove\u0148 d\u00edky podstav\u011b pom\u00e1h\u00e1 v m\u00edstech ulo\u017een\u00ed proti sesed\u00e1n\u00ed dla\u017eby. Mo\u017enost odlamov\u00e1n\u00ed, Sp\u00e1ra 3mm.","og_url":"https:\/\/www.koupelnapro.com\/index.php\/produkt\/krizky-vyrovnavaci-pedall-crossiq-ped-3-mm-50-ks-novinka-11934\/","og_image":[{"width":357,"height":267,"url":"https:\/\/www.koupelnapro.com\/wp-content\/uploads\/2026\/SK0002797-CZ20260425-091842-0-1777079922-tablet-pacroped3c.webp","type":"image\/webp"}],"twitter_card":"summary_large_image","schema":{"@context":"https:\/\/schema.org","@graph":[{"@type":"WebPage","@id":"https:\/\/www.koupelnapro.com\/index.php\/produkt\/krizky-vyrovnavaci-pedall-crossiq-ped-3-mm-50-ks-novinka-11934\/","url":"https:\/\/www.koupelnapro.com\/index.php\/produkt\/krizky-vyrovnavaci-pedall-crossiq-ped-3-mm-50-ks-novinka-11934\/","name":"K\u0159\u00ed\u017eky vyrovn\u00e1vac\u00ed Pedall crossiq ped 3\u00a0mm\u00a050\u00a0ks Novinka -","isPartOf":{"@id":"https:\/\/www.koupelnapro.com\/#website"},"primaryImageOfPage":{"@id":"https:\/\/www.koupelnapro.com\/index.php\/produkt\/krizky-vyrovnavaci-pedall-crossiq-ped-3-mm-50-ks-novinka-11934\/#primaryimage"},"image":{"@id":"https:\/\/www.koupelnapro.com\/index.php\/produkt\/krizky-vyrovnavaci-pedall-crossiq-ped-3-mm-50-ks-novinka-11934\/#primaryimage"},"thumbnailUrl":"https:\/\/www.koupelnapro.com\/wp-content\/uploads\/2026\/SK0002797-CZ20260425-091842-0-1777079922-tablet-pacroped3c.webp","datePublished":"2026-04-26T09:13:35+00:00","breadcrumb":{"@id":"https:\/\/www.koupelnapro.com\/index.php\/produkt\/krizky-vyrovnavaci-pedall-crossiq-ped-3-mm-50-ks-novinka-11934\/#breadcrumb"},"inLanguage":"cs","potentialAction":[{"@type":"ReadAction","target":["https:\/\/www.koupelnapro.com\/index.php\/produkt\/krizky-vyrovnavaci-pedall-crossiq-ped-3-mm-50-ks-novinka-11934\/"]}]},{"@type":"ImageObject","inLanguage":"cs","@id":"https:\/\/www.koupelnapro.com\/index.php\/produkt\/krizky-vyrovnavaci-pedall-crossiq-ped-3-mm-50-ks-novinka-11934\/#primaryimage","url":"https:\/\/www.koupelnapro.com\/wp-content\/uploads\/2026\/SK0002797-CZ20260425-091842-0-1777079922-tablet-pacroped3c.webp","contentUrl":"https:\/\/www.koupelnapro.com\/wp-content\/uploads\/2026\/SK0002797-CZ20260425-091842-0-1777079922-tablet-pacroped3c.webp","width":357,"height":267},{"@type":"BreadcrumbList","@id":"https:\/\/www.koupelnapro.com\/index.php\/produkt\/krizky-vyrovnavaci-pedall-crossiq-ped-3-mm-50-ks-novinka-11934\/#breadcrumb","itemListElement":[{"@type":"ListItem","position":1,"name":"Home","item":"https:\/\/www.koupelnapro.com\/"},{"@type":"ListItem","position":2,"name":"Products","item":"https:\/\/www.koupelnapro.com\/index.php\/products\/"},{"@type":"ListItem","position":3,"name":"K\u0159\u00ed\u017eky vyrovn\u00e1vac\u00ed Pedall crossiq ped 3\u00a0mm\u00a050\u00a0ks Novinka"}]},{"@type":"WebSite","@id":"https:\/\/www.koupelnapro.com\/#website","url":"https:\/\/www.koupelnapro.com\/","name":"","description":"","potentialAction":[{"@type":"SearchAction","target":{"@type":"EntryPoint","urlTemplate":"https:\/\/www.koupelnapro.com\/?s={search_term_string}"},"query-input":{"@type":"PropertyValueSpecification","valueRequired":true,"valueName":"search_term_string"}}],"inLanguage":"cs"}]}},"_links":{"self":[{"href":"https:\/\/www.koupelnapro.com\/index.php\/wp-json\/wp\/v2\/product\/11934","targetHints":{"allow":["GET"]}}],"collection":[{"href":"https:\/\/www.koupelnapro.com\/index.php\/wp-json\/wp\/v2\/product"}],"about":[{"href":"https:\/\/www.koupelnapro.com\/index.php\/wp-json\/wp\/v2\/types\/product"}],"replies":[{"embeddable":true,"href":"https:\/\/www.koupelnapro.com\/index.php\/wp-json\/wp\/v2\/comments?post=11934"}],"wp:featuredmedia":[{"embeddable":true,"href":"https:\/\/www.koupelnapro.com\/index.php\/wp-json\/wp\/v2\/media\/12034"}],"wp:attachment":[{"href":"https:\/\/www.koupelnapro.com\/index.php\/wp-json\/wp\/v2\/media?parent=11934"}],"wp:term":[{"taxonomy":"product_brand","embeddable":true,"href":"https:\/\/www.koupelnapro.com\/index.php\/wp-json\/wp\/v2\/product_brand?post=11934"},{"taxonomy":"product_cat","embeddable":true,"href":"https:\/\/www.koupelnapro.com\/index.php\/wp-json\/wp\/v2\/product_cat?post=11934"},{"taxonomy":"product_tag","embeddable":true,"href":"https:\/\/www.koupelnapro.com\/index.php\/wp-json\/wp\/v2\/product_tag?post=11934"}],"curies":[{"name":"wp","href":"https:\/\/api.w.org\/{rel}","templated":true}]}}