{"id":11930,"date":"2026-04-26T09:13:35","date_gmt":"2026-04-26T09:13:35","guid":{"rendered":""},"modified":"2026-04-26T09:13:35","modified_gmt":"2026-04-26T09:13:35","slug":"sprej-znackovaci-tradix-500-ml-oranzovy-vysoce-kvalitni-11930","status":"publish","type":"product","link":"https:\/\/www.koupelnapro.com\/index.php\/produkt\/sprej-znackovaci-tradix-500-ml-oranzovy-vysoce-kvalitni-11930\/","title":{"rendered":"Sprej zna\u010dkovac\u00ed Tradix 500\u00a0ml\u00a0oran\u017eov\u00fd Vysoce Kvalitn\u00ed"},"content":{"rendered":"<div class=\"content-actual\">\n<p>Syt\u00e1 a velmi jasn\u00e1 nepr\u016fsvitn\u00e1 barva vhodn\u00e1 na d\u0159evo, kov, beton, asfalt, k\u00e1men, zeminu aj. Odoln\u00e1 proti od\u011bru, vod\u011b, b\u011b\u017en\u00e9 stavebn\u00ed chemii a pov\u011btrnostn\u00edm vliv\u016fm. Sprej je vhodn\u00fd pro plyna\u0159e, voda\u0159e, geodety, lesn\u00edky, stava\u0159e, dopravn\u00ed policisty, silni\u010d\u00e1\u0159e, pro do\u010dasn\u00e9 sportovn\u00ed a kulturn\u00ed akce ve m\u011bstech.<\/p>\n<ul>\n<li>Rychle zasych\u00e1<\/li>\n<li>I na vlhk\u00fd podklad\u00a0<\/li>\n<li>Jasn\u00e1 barva\u00a0<\/li>\n<li>Multipozi\u010dn\u00ed d\u00f3za<\/li>\n<\/ul><\/div>\n<\/p><\/div>\n","protected":false},"excerpt":{"rendered":"<p>Syt\u00e1 a velmi jasn\u00e1 nepr\u016fsvitn\u00e1 barva vhodn\u00e1 na d\u0159evo, kov, beton, asfalt, k\u00e1men, zeminu aj. Odoln\u00e1 proti od\u011bru, vod\u011b, b\u011b\u017en\u00e9 stavebn\u00ed chemii a pov\u011btrnostn\u00edm vliv\u016fm. Sprej je vhodn\u00fd pro plyna\u0159e, voda\u0159e, geodety, lesn\u00edky, stava\u0159e, dopravn\u00ed policisty, silni\u010d\u00e1\u0159e, pro do\u010dasn\u00e9 sportovn\u00ed a kulturn\u00ed akce ve m\u011bstech. Rychle zasych\u00e1 I na vlhk\u00fd podklad\u00a0 Jasn\u00e1 barva\u00a0 Multipozi\u010dn\u00ed d\u00f3za<\/p>\n","protected":false},"featured_media":12030,"comment_status":"open","ping_status":"open","template":"","meta":[],"product_brand":[],"product_cat":[74],"product_tag":[],"class_list":{"0":"post-11930","1":"product","2":"type-product","3":"status-publish","4":"has-post-thumbnail","6":"product_cat-stavebni-chemie-a-barvy","8":"first","9":"instock","10":"sale","11":"shipping-taxable","12":"purchasable","13":"product-type-simple"},"yoast_head":"<!-- This site is optimized with the Yoast SEO plugin v26.8 - https:\/\/yoast.com\/product\/yoast-seo-wordpress\/ -->\n<title>Sprej zna\u010dkovac\u00ed Tradix 500\u00a0ml\u00a0oran\u017eov\u00fd Vysoce Kvalitn\u00ed -<\/title>\n<meta name=\"robots\" content=\"index, follow, max-snippet:-1, max-image-preview:large, max-video-preview:-1\" \/>\n<link rel=\"canonical\" href=\"https:\/\/www.koupelnapro.com\/index.php\/produkt\/sprej-znackovaci-tradix-500-ml-oranzovy-vysoce-kvalitni-11930\/\" \/>\n<meta property=\"og:locale\" content=\"cs_CZ\" \/>\n<meta property=\"og:type\" content=\"article\" \/>\n<meta property=\"og:title\" content=\"Sprej zna\u010dkovac\u00ed Tradix 500\u00a0ml\u00a0oran\u017eov\u00fd Vysoce Kvalitn\u00ed -\" \/>\n<meta property=\"og:description\" content=\"Syt\u00e1 a velmi jasn\u00e1 nepr\u016fsvitn\u00e1 barva vhodn\u00e1 na d\u0159evo, kov, beton, asfalt, k\u00e1men, zeminu aj. Odoln\u00e1 proti od\u011bru, vod\u011b, b\u011b\u017en\u00e9 stavebn\u00ed chemii a pov\u011btrnostn\u00edm vliv\u016fm. Sprej je vhodn\u00fd pro plyna\u0159e, voda\u0159e, geodety, lesn\u00edky, stava\u0159e, dopravn\u00ed policisty, silni\u010d\u00e1\u0159e, pro do\u010dasn\u00e9 sportovn\u00ed a kulturn\u00ed akce ve m\u011bstech. Rychle zasych\u00e1 I na vlhk\u00fd podklad\u00a0 Jasn\u00e1 barva\u00a0 Multipozi\u010dn\u00ed d\u00f3za\" \/>\n<meta property=\"og:url\" content=\"https:\/\/www.koupelnapro.com\/index.php\/produkt\/sprej-znackovaci-tradix-500-ml-oranzovy-vysoce-kvalitni-11930\/\" \/>\n<meta property=\"og:image\" content=\"https:\/\/www.koupelnapro.com\/wp-content\/uploads\/2026\/SK0002793-CZ20260425-091842-0-1777079922-tablet-znackovac-or.webp\" \/>\n\t<meta property=\"og:image:width\" content=\"800\" \/>\n\t<meta property=\"og:image:height\" content=\"800\" \/>\n\t<meta property=\"og:image:type\" content=\"image\/webp\" \/>\n<meta name=\"twitter:card\" content=\"summary_large_image\" \/>\n<script type=\"application\/ld+json\" class=\"yoast-schema-graph\">{\"@context\":\"https:\/\/schema.org\",\"@graph\":[{\"@type\":\"WebPage\",\"@id\":\"https:\/\/www.koupelnapro.com\/index.php\/produkt\/sprej-znackovaci-tradix-500-ml-oranzovy-vysoce-kvalitni-11930\/\",\"url\":\"https:\/\/www.koupelnapro.com\/index.php\/produkt\/sprej-znackovaci-tradix-500-ml-oranzovy-vysoce-kvalitni-11930\/\",\"name\":\"Sprej zna\u010dkovac\u00ed Tradix 500\u00a0ml\u00a0oran\u017eov\u00fd Vysoce Kvalitn\u00ed -\",\"isPartOf\":{\"@id\":\"https:\/\/www.koupelnapro.com\/#website\"},\"primaryImageOfPage\":{\"@id\":\"https:\/\/www.koupelnapro.com\/index.php\/produkt\/sprej-znackovaci-tradix-500-ml-oranzovy-vysoce-kvalitni-11930\/#primaryimage\"},\"image\":{\"@id\":\"https:\/\/www.koupelnapro.com\/index.php\/produkt\/sprej-znackovaci-tradix-500-ml-oranzovy-vysoce-kvalitni-11930\/#primaryimage\"},\"thumbnailUrl\":\"https:\/\/www.koupelnapro.com\/wp-content\/uploads\/2026\/SK0002793-CZ20260425-091842-0-1777079922-tablet-znackovac-or.webp\",\"datePublished\":\"2026-04-26T09:13:35+00:00\",\"breadcrumb\":{\"@id\":\"https:\/\/www.koupelnapro.com\/index.php\/produkt\/sprej-znackovaci-tradix-500-ml-oranzovy-vysoce-kvalitni-11930\/#breadcrumb\"},\"inLanguage\":\"cs\",\"potentialAction\":[{\"@type\":\"ReadAction\",\"target\":[\"https:\/\/www.koupelnapro.com\/index.php\/produkt\/sprej-znackovaci-tradix-500-ml-oranzovy-vysoce-kvalitni-11930\/\"]}]},{\"@type\":\"ImageObject\",\"inLanguage\":\"cs\",\"@id\":\"https:\/\/www.koupelnapro.com\/index.php\/produkt\/sprej-znackovaci-tradix-500-ml-oranzovy-vysoce-kvalitni-11930\/#primaryimage\",\"url\":\"https:\/\/www.koupelnapro.com\/wp-content\/uploads\/2026\/SK0002793-CZ20260425-091842-0-1777079922-tablet-znackovac-or.webp\",\"contentUrl\":\"https:\/\/www.koupelnapro.com\/wp-content\/uploads\/2026\/SK0002793-CZ20260425-091842-0-1777079922-tablet-znackovac-or.webp\",\"width\":800,\"height\":800},{\"@type\":\"BreadcrumbList\",\"@id\":\"https:\/\/www.koupelnapro.com\/index.php\/produkt\/sprej-znackovaci-tradix-500-ml-oranzovy-vysoce-kvalitni-11930\/#breadcrumb\",\"itemListElement\":[{\"@type\":\"ListItem\",\"position\":1,\"name\":\"Home\",\"item\":\"https:\/\/www.koupelnapro.com\/\"},{\"@type\":\"ListItem\",\"position\":2,\"name\":\"Products\",\"item\":\"https:\/\/www.koupelnapro.com\/index.php\/products\/\"},{\"@type\":\"ListItem\",\"position\":3,\"name\":\"Sprej zna\u010dkovac\u00ed Tradix 500\u00a0ml\u00a0oran\u017eov\u00fd Vysoce Kvalitn\u00ed\"}]},{\"@type\":\"WebSite\",\"@id\":\"https:\/\/www.koupelnapro.com\/#website\",\"url\":\"https:\/\/www.koupelnapro.com\/\",\"name\":\"\",\"description\":\"\",\"potentialAction\":[{\"@type\":\"SearchAction\",\"target\":{\"@type\":\"EntryPoint\",\"urlTemplate\":\"https:\/\/www.koupelnapro.com\/?s={search_term_string}\"},\"query-input\":{\"@type\":\"PropertyValueSpecification\",\"valueRequired\":true,\"valueName\":\"search_term_string\"}}],\"inLanguage\":\"cs\"}]}<\/script>\n<!-- \/ Yoast SEO plugin. -->","yoast_head_json":{"title":"Sprej zna\u010dkovac\u00ed Tradix 500\u00a0ml\u00a0oran\u017eov\u00fd Vysoce Kvalitn\u00ed -","robots":{"index":"index","follow":"follow","max-snippet":"max-snippet:-1","max-image-preview":"max-image-preview:large","max-video-preview":"max-video-preview:-1"},"canonical":"https:\/\/www.koupelnapro.com\/index.php\/produkt\/sprej-znackovaci-tradix-500-ml-oranzovy-vysoce-kvalitni-11930\/","og_locale":"cs_CZ","og_type":"article","og_title":"Sprej zna\u010dkovac\u00ed Tradix 500\u00a0ml\u00a0oran\u017eov\u00fd Vysoce Kvalitn\u00ed -","og_description":"Syt\u00e1 a velmi jasn\u00e1 nepr\u016fsvitn\u00e1 barva vhodn\u00e1 na d\u0159evo, kov, beton, asfalt, k\u00e1men, zeminu aj. Odoln\u00e1 proti od\u011bru, vod\u011b, b\u011b\u017en\u00e9 stavebn\u00ed chemii a pov\u011btrnostn\u00edm vliv\u016fm. Sprej je vhodn\u00fd pro plyna\u0159e, voda\u0159e, geodety, lesn\u00edky, stava\u0159e, dopravn\u00ed policisty, silni\u010d\u00e1\u0159e, pro do\u010dasn\u00e9 sportovn\u00ed a kulturn\u00ed akce ve m\u011bstech. Rychle zasych\u00e1 I na vlhk\u00fd podklad\u00a0 Jasn\u00e1 barva\u00a0 Multipozi\u010dn\u00ed d\u00f3za","og_url":"https:\/\/www.koupelnapro.com\/index.php\/produkt\/sprej-znackovaci-tradix-500-ml-oranzovy-vysoce-kvalitni-11930\/","og_image":[{"width":800,"height":800,"url":"https:\/\/www.koupelnapro.com\/wp-content\/uploads\/2026\/SK0002793-CZ20260425-091842-0-1777079922-tablet-znackovac-or.webp","type":"image\/webp"}],"twitter_card":"summary_large_image","schema":{"@context":"https:\/\/schema.org","@graph":[{"@type":"WebPage","@id":"https:\/\/www.koupelnapro.com\/index.php\/produkt\/sprej-znackovaci-tradix-500-ml-oranzovy-vysoce-kvalitni-11930\/","url":"https:\/\/www.koupelnapro.com\/index.php\/produkt\/sprej-znackovaci-tradix-500-ml-oranzovy-vysoce-kvalitni-11930\/","name":"Sprej zna\u010dkovac\u00ed Tradix 500\u00a0ml\u00a0oran\u017eov\u00fd Vysoce Kvalitn\u00ed -","isPartOf":{"@id":"https:\/\/www.koupelnapro.com\/#website"},"primaryImageOfPage":{"@id":"https:\/\/www.koupelnapro.com\/index.php\/produkt\/sprej-znackovaci-tradix-500-ml-oranzovy-vysoce-kvalitni-11930\/#primaryimage"},"image":{"@id":"https:\/\/www.koupelnapro.com\/index.php\/produkt\/sprej-znackovaci-tradix-500-ml-oranzovy-vysoce-kvalitni-11930\/#primaryimage"},"thumbnailUrl":"https:\/\/www.koupelnapro.com\/wp-content\/uploads\/2026\/SK0002793-CZ20260425-091842-0-1777079922-tablet-znackovac-or.webp","datePublished":"2026-04-26T09:13:35+00:00","breadcrumb":{"@id":"https:\/\/www.koupelnapro.com\/index.php\/produkt\/sprej-znackovaci-tradix-500-ml-oranzovy-vysoce-kvalitni-11930\/#breadcrumb"},"inLanguage":"cs","potentialAction":[{"@type":"ReadAction","target":["https:\/\/www.koupelnapro.com\/index.php\/produkt\/sprej-znackovaci-tradix-500-ml-oranzovy-vysoce-kvalitni-11930\/"]}]},{"@type":"ImageObject","inLanguage":"cs","@id":"https:\/\/www.koupelnapro.com\/index.php\/produkt\/sprej-znackovaci-tradix-500-ml-oranzovy-vysoce-kvalitni-11930\/#primaryimage","url":"https:\/\/www.koupelnapro.com\/wp-content\/uploads\/2026\/SK0002793-CZ20260425-091842-0-1777079922-tablet-znackovac-or.webp","contentUrl":"https:\/\/www.koupelnapro.com\/wp-content\/uploads\/2026\/SK0002793-CZ20260425-091842-0-1777079922-tablet-znackovac-or.webp","width":800,"height":800},{"@type":"BreadcrumbList","@id":"https:\/\/www.koupelnapro.com\/index.php\/produkt\/sprej-znackovaci-tradix-500-ml-oranzovy-vysoce-kvalitni-11930\/#breadcrumb","itemListElement":[{"@type":"ListItem","position":1,"name":"Home","item":"https:\/\/www.koupelnapro.com\/"},{"@type":"ListItem","position":2,"name":"Products","item":"https:\/\/www.koupelnapro.com\/index.php\/products\/"},{"@type":"ListItem","position":3,"name":"Sprej zna\u010dkovac\u00ed Tradix 500\u00a0ml\u00a0oran\u017eov\u00fd Vysoce Kvalitn\u00ed"}]},{"@type":"WebSite","@id":"https:\/\/www.koupelnapro.com\/#website","url":"https:\/\/www.koupelnapro.com\/","name":"","description":"","potentialAction":[{"@type":"SearchAction","target":{"@type":"EntryPoint","urlTemplate":"https:\/\/www.koupelnapro.com\/?s={search_term_string}"},"query-input":{"@type":"PropertyValueSpecification","valueRequired":true,"valueName":"search_term_string"}}],"inLanguage":"cs"}]}},"_links":{"self":[{"href":"https:\/\/www.koupelnapro.com\/index.php\/wp-json\/wp\/v2\/product\/11930","targetHints":{"allow":["GET"]}}],"collection":[{"href":"https:\/\/www.koupelnapro.com\/index.php\/wp-json\/wp\/v2\/product"}],"about":[{"href":"https:\/\/www.koupelnapro.com\/index.php\/wp-json\/wp\/v2\/types\/product"}],"replies":[{"embeddable":true,"href":"https:\/\/www.koupelnapro.com\/index.php\/wp-json\/wp\/v2\/comments?post=11930"}],"wp:featuredmedia":[{"embeddable":true,"href":"https:\/\/www.koupelnapro.com\/index.php\/wp-json\/wp\/v2\/media\/12030"}],"wp:attachment":[{"href":"https:\/\/www.koupelnapro.com\/index.php\/wp-json\/wp\/v2\/media?parent=11930"}],"wp:term":[{"taxonomy":"product_brand","embeddable":true,"href":"https:\/\/www.koupelnapro.com\/index.php\/wp-json\/wp\/v2\/product_brand?post=11930"},{"taxonomy":"product_cat","embeddable":true,"href":"https:\/\/www.koupelnapro.com\/index.php\/wp-json\/wp\/v2\/product_cat?post=11930"},{"taxonomy":"product_tag","embeddable":true,"href":"https:\/\/www.koupelnapro.com\/index.php\/wp-json\/wp\/v2\/product_tag?post=11930"}],"curies":[{"name":"wp","href":"https:\/\/api.w.org\/{rel}","templated":true}]}}