{"id":11699,"date":"2026-04-26T09:13:34","date_gmt":"2026-04-26T09:13:34","guid":{"rendered":""},"modified":"2026-04-26T09:13:34","modified_gmt":"2026-04-26T09:13:34","slug":"odeslani-ihned-cob-led-led-nabijeci-prac-svitilna-p4518-380-lm-2500-mah-11699","status":"publish","type":"product","link":"https:\/\/www.koupelnapro.com\/index.php\/produkt\/odeslani-ihned-cob-led-led-nabijeci-prac-svitilna-p4518-380-lm-2500-mah-11699\/","title":{"rendered":"Odesl\u00e1n\u00ed Ihned COB LED + LED nab\u00edjec\u00ed prac. sv\u00edtilna P4518, 380 lm,2500 mAh"},"content":{"rendered":"<div class=\"tmc_edt\">\n<p>Univerz\u00e1ln\u00ed nab\u00edjec\u00ed sv\u00edtilna GP P4518 je ide\u00e1ln\u00edm pomocn\u00edkem pro pr\u00e1ci, kempov\u00e1n\u00ed i dom\u00e1c\u00ed opravy. D\u00edky magnetu a h\u00e1\u010dku ji snadno upevn\u00edte kamkoliv a nastav\u00edte po\u017eadovan\u00fd sm\u011br sv\u00edcen\u00ed. Nab\u00edj\u00ed se ze s\u00edt\u011b i z auta a nab\u00edz\u00ed v\u00fddr\u017e a\u017e 25 hodin. Je odoln\u00e1 v\u016f\u010di vod\u011b, prachu i n\u00e1raz\u016fm (IP43) a umo\u017e\u0148uje rychl\u00e9 vypnut\u00ed bez zbyte\u010dn\u00e9ho p\u0159ep\u00edn\u00e1n\u00ed re\u017eim\u016f. V\u00fdkonn\u00e9 COB LED sv\u011btlo dosv\u00edt\u00ed a\u017e 26 metr\u016f p\u0159i maxim\u00e1ln\u00edm sv\u011bteln\u00e9m toku 380 lm.<\/p>\n<\/p><\/div>\n<\/p><\/div>\n","protected":false},"excerpt":{"rendered":"<p>Univerz\u00e1ln\u00ed nab\u00edjec\u00ed sv\u00edtilna GP P4518 je ide\u00e1ln\u00edm pomocn\u00edkem pro pr\u00e1ci, kempov\u00e1n\u00ed i dom\u00e1c\u00ed opravy. D\u00edky magnetu a h\u00e1\u010dku ji snadno upevn\u00edte kamkoliv a nastav\u00edte po\u017eadovan\u00fd sm\u011br sv\u00edcen\u00ed. Nab\u00edj\u00ed se ze s\u00edt\u011b i z auta a nab\u00edz\u00ed v\u00fddr\u017e a\u017e 25 hodin. Je odoln\u00e1 v\u016f\u010di vod\u011b, prachu i n\u00e1raz\u016fm (IP43) a umo\u017e\u0148uje rychl\u00e9 vypnut\u00ed bez zbyte\u010dn\u00e9ho p\u0159ep\u00edn\u00e1n\u00ed [&hellip;]<\/p>\n","protected":false},"featured_media":11799,"comment_status":"open","ping_status":"open","template":"","meta":[],"product_brand":[],"product_cat":[44],"product_tag":[],"class_list":{"0":"post-11699","1":"product","2":"type-product","3":"status-publish","4":"has-post-thumbnail","6":"product_cat-nejlepsi-prodejci","8":"first","9":"instock","10":"sale","11":"shipping-taxable","12":"purchasable","13":"product-type-simple"},"yoast_head":"<!-- This site is optimized with the Yoast SEO plugin v26.8 - https:\/\/yoast.com\/product\/yoast-seo-wordpress\/ -->\n<title>Odesl\u00e1n\u00ed Ihned COB LED + LED nab\u00edjec\u00ed prac. sv\u00edtilna P4518, 380 lm,2500 mAh -<\/title>\n<meta name=\"robots\" content=\"index, follow, max-snippet:-1, max-image-preview:large, max-video-preview:-1\" \/>\n<link rel=\"canonical\" href=\"https:\/\/www.koupelnapro.com\/index.php\/produkt\/odeslani-ihned-cob-led-led-nabijeci-prac-svitilna-p4518-380-lm-2500-mah-11699\/\" \/>\n<meta property=\"og:locale\" content=\"cs_CZ\" \/>\n<meta property=\"og:type\" content=\"article\" \/>\n<meta property=\"og:title\" content=\"Odesl\u00e1n\u00ed Ihned COB LED + LED nab\u00edjec\u00ed prac. sv\u00edtilna P4518, 380 lm,2500 mAh -\" \/>\n<meta property=\"og:description\" content=\"Univerz\u00e1ln\u00ed nab\u00edjec\u00ed sv\u00edtilna GP P4518 je ide\u00e1ln\u00edm pomocn\u00edkem pro pr\u00e1ci, kempov\u00e1n\u00ed i dom\u00e1c\u00ed opravy. D\u00edky magnetu a h\u00e1\u010dku ji snadno upevn\u00edte kamkoliv a nastav\u00edte po\u017eadovan\u00fd sm\u011br sv\u00edcen\u00ed. Nab\u00edj\u00ed se ze s\u00edt\u011b i z auta a nab\u00edz\u00ed v\u00fddr\u017e a\u017e 25 hodin. Je odoln\u00e1 v\u016f\u010di vod\u011b, prachu i n\u00e1raz\u016fm (IP43) a umo\u017e\u0148uje rychl\u00e9 vypnut\u00ed bez zbyte\u010dn\u00e9ho p\u0159ep\u00edn\u00e1n\u00ed [&hellip;]\" \/>\n<meta property=\"og:url\" content=\"https:\/\/www.koupelnapro.com\/index.php\/produkt\/odeslani-ihned-cob-led-led-nabijeci-prac-svitilna-p4518-380-lm-2500-mah-11699\/\" \/>\n<meta property=\"og:image\" content=\"https:\/\/www.koupelnapro.com\/wp-content\/uploads\/2026\/SK0004275-CZ20260425-091813-0-1777079894-gall_ed430187-d6d6-45bc-9a33-e0cb5ceaf0fb114022-p4518.webp\" \/>\n\t<meta property=\"og:image:width\" content=\"119\" \/>\n\t<meta property=\"og:image:height\" content=\"420\" \/>\n\t<meta property=\"og:image:type\" content=\"image\/webp\" \/>\n<meta name=\"twitter:card\" content=\"summary_large_image\" \/>\n<meta name=\"twitter:label1\" content=\"Odhadovan\u00e1 doba \u010dten\u00ed\" \/>\n\t<meta name=\"twitter:data1\" content=\"1 minuta\" \/>\n<script type=\"application\/ld+json\" class=\"yoast-schema-graph\">{\"@context\":\"https:\/\/schema.org\",\"@graph\":[{\"@type\":\"WebPage\",\"@id\":\"https:\/\/www.koupelnapro.com\/index.php\/produkt\/odeslani-ihned-cob-led-led-nabijeci-prac-svitilna-p4518-380-lm-2500-mah-11699\/\",\"url\":\"https:\/\/www.koupelnapro.com\/index.php\/produkt\/odeslani-ihned-cob-led-led-nabijeci-prac-svitilna-p4518-380-lm-2500-mah-11699\/\",\"name\":\"Odesl\u00e1n\u00ed Ihned COB LED + LED nab\u00edjec\u00ed prac. sv\u00edtilna P4518, 380 lm,2500 mAh -\",\"isPartOf\":{\"@id\":\"https:\/\/www.koupelnapro.com\/#website\"},\"primaryImageOfPage\":{\"@id\":\"https:\/\/www.koupelnapro.com\/index.php\/produkt\/odeslani-ihned-cob-led-led-nabijeci-prac-svitilna-p4518-380-lm-2500-mah-11699\/#primaryimage\"},\"image\":{\"@id\":\"https:\/\/www.koupelnapro.com\/index.php\/produkt\/odeslani-ihned-cob-led-led-nabijeci-prac-svitilna-p4518-380-lm-2500-mah-11699\/#primaryimage\"},\"thumbnailUrl\":\"https:\/\/www.koupelnapro.com\/wp-content\/uploads\/2026\/SK0004275-CZ20260425-091813-0-1777079894-gall_ed430187-d6d6-45bc-9a33-e0cb5ceaf0fb114022-p4518.webp\",\"datePublished\":\"2026-04-26T09:13:34+00:00\",\"breadcrumb\":{\"@id\":\"https:\/\/www.koupelnapro.com\/index.php\/produkt\/odeslani-ihned-cob-led-led-nabijeci-prac-svitilna-p4518-380-lm-2500-mah-11699\/#breadcrumb\"},\"inLanguage\":\"cs\",\"potentialAction\":[{\"@type\":\"ReadAction\",\"target\":[\"https:\/\/www.koupelnapro.com\/index.php\/produkt\/odeslani-ihned-cob-led-led-nabijeci-prac-svitilna-p4518-380-lm-2500-mah-11699\/\"]}]},{\"@type\":\"ImageObject\",\"inLanguage\":\"cs\",\"@id\":\"https:\/\/www.koupelnapro.com\/index.php\/produkt\/odeslani-ihned-cob-led-led-nabijeci-prac-svitilna-p4518-380-lm-2500-mah-11699\/#primaryimage\",\"url\":\"https:\/\/www.koupelnapro.com\/wp-content\/uploads\/2026\/SK0004275-CZ20260425-091813-0-1777079894-gall_ed430187-d6d6-45bc-9a33-e0cb5ceaf0fb114022-p4518.webp\",\"contentUrl\":\"https:\/\/www.koupelnapro.com\/wp-content\/uploads\/2026\/SK0004275-CZ20260425-091813-0-1777079894-gall_ed430187-d6d6-45bc-9a33-e0cb5ceaf0fb114022-p4518.webp\",\"width\":119,\"height\":420},{\"@type\":\"BreadcrumbList\",\"@id\":\"https:\/\/www.koupelnapro.com\/index.php\/produkt\/odeslani-ihned-cob-led-led-nabijeci-prac-svitilna-p4518-380-lm-2500-mah-11699\/#breadcrumb\",\"itemListElement\":[{\"@type\":\"ListItem\",\"position\":1,\"name\":\"Home\",\"item\":\"https:\/\/www.koupelnapro.com\/\"},{\"@type\":\"ListItem\",\"position\":2,\"name\":\"Products\",\"item\":\"https:\/\/www.koupelnapro.com\/index.php\/products\/\"},{\"@type\":\"ListItem\",\"position\":3,\"name\":\"Odesl\u00e1n\u00ed Ihned COB LED + LED nab\u00edjec\u00ed prac. sv\u00edtilna P4518, 380 lm,2500 mAh\"}]},{\"@type\":\"WebSite\",\"@id\":\"https:\/\/www.koupelnapro.com\/#website\",\"url\":\"https:\/\/www.koupelnapro.com\/\",\"name\":\"\",\"description\":\"\",\"potentialAction\":[{\"@type\":\"SearchAction\",\"target\":{\"@type\":\"EntryPoint\",\"urlTemplate\":\"https:\/\/www.koupelnapro.com\/?s={search_term_string}\"},\"query-input\":{\"@type\":\"PropertyValueSpecification\",\"valueRequired\":true,\"valueName\":\"search_term_string\"}}],\"inLanguage\":\"cs\"}]}<\/script>\n<!-- \/ Yoast SEO plugin. -->","yoast_head_json":{"title":"Odesl\u00e1n\u00ed Ihned COB LED + LED nab\u00edjec\u00ed prac. sv\u00edtilna P4518, 380 lm,2500 mAh -","robots":{"index":"index","follow":"follow","max-snippet":"max-snippet:-1","max-image-preview":"max-image-preview:large","max-video-preview":"max-video-preview:-1"},"canonical":"https:\/\/www.koupelnapro.com\/index.php\/produkt\/odeslani-ihned-cob-led-led-nabijeci-prac-svitilna-p4518-380-lm-2500-mah-11699\/","og_locale":"cs_CZ","og_type":"article","og_title":"Odesl\u00e1n\u00ed Ihned COB LED + LED nab\u00edjec\u00ed prac. sv\u00edtilna P4518, 380 lm,2500 mAh -","og_description":"Univerz\u00e1ln\u00ed nab\u00edjec\u00ed sv\u00edtilna GP P4518 je ide\u00e1ln\u00edm pomocn\u00edkem pro pr\u00e1ci, kempov\u00e1n\u00ed i dom\u00e1c\u00ed opravy. D\u00edky magnetu a h\u00e1\u010dku ji snadno upevn\u00edte kamkoliv a nastav\u00edte po\u017eadovan\u00fd sm\u011br sv\u00edcen\u00ed. Nab\u00edj\u00ed se ze s\u00edt\u011b i z auta a nab\u00edz\u00ed v\u00fddr\u017e a\u017e 25 hodin. Je odoln\u00e1 v\u016f\u010di vod\u011b, prachu i n\u00e1raz\u016fm (IP43) a umo\u017e\u0148uje rychl\u00e9 vypnut\u00ed bez zbyte\u010dn\u00e9ho p\u0159ep\u00edn\u00e1n\u00ed [&hellip;]","og_url":"https:\/\/www.koupelnapro.com\/index.php\/produkt\/odeslani-ihned-cob-led-led-nabijeci-prac-svitilna-p4518-380-lm-2500-mah-11699\/","og_image":[{"width":119,"height":420,"url":"https:\/\/www.koupelnapro.com\/wp-content\/uploads\/2026\/SK0004275-CZ20260425-091813-0-1777079894-gall_ed430187-d6d6-45bc-9a33-e0cb5ceaf0fb114022-p4518.webp","type":"image\/webp"}],"twitter_card":"summary_large_image","twitter_misc":{"Odhadovan\u00e1 doba \u010dten\u00ed":"1 minuta"},"schema":{"@context":"https:\/\/schema.org","@graph":[{"@type":"WebPage","@id":"https:\/\/www.koupelnapro.com\/index.php\/produkt\/odeslani-ihned-cob-led-led-nabijeci-prac-svitilna-p4518-380-lm-2500-mah-11699\/","url":"https:\/\/www.koupelnapro.com\/index.php\/produkt\/odeslani-ihned-cob-led-led-nabijeci-prac-svitilna-p4518-380-lm-2500-mah-11699\/","name":"Odesl\u00e1n\u00ed Ihned COB LED + LED nab\u00edjec\u00ed prac. sv\u00edtilna P4518, 380 lm,2500 mAh -","isPartOf":{"@id":"https:\/\/www.koupelnapro.com\/#website"},"primaryImageOfPage":{"@id":"https:\/\/www.koupelnapro.com\/index.php\/produkt\/odeslani-ihned-cob-led-led-nabijeci-prac-svitilna-p4518-380-lm-2500-mah-11699\/#primaryimage"},"image":{"@id":"https:\/\/www.koupelnapro.com\/index.php\/produkt\/odeslani-ihned-cob-led-led-nabijeci-prac-svitilna-p4518-380-lm-2500-mah-11699\/#primaryimage"},"thumbnailUrl":"https:\/\/www.koupelnapro.com\/wp-content\/uploads\/2026\/SK0004275-CZ20260425-091813-0-1777079894-gall_ed430187-d6d6-45bc-9a33-e0cb5ceaf0fb114022-p4518.webp","datePublished":"2026-04-26T09:13:34+00:00","breadcrumb":{"@id":"https:\/\/www.koupelnapro.com\/index.php\/produkt\/odeslani-ihned-cob-led-led-nabijeci-prac-svitilna-p4518-380-lm-2500-mah-11699\/#breadcrumb"},"inLanguage":"cs","potentialAction":[{"@type":"ReadAction","target":["https:\/\/www.koupelnapro.com\/index.php\/produkt\/odeslani-ihned-cob-led-led-nabijeci-prac-svitilna-p4518-380-lm-2500-mah-11699\/"]}]},{"@type":"ImageObject","inLanguage":"cs","@id":"https:\/\/www.koupelnapro.com\/index.php\/produkt\/odeslani-ihned-cob-led-led-nabijeci-prac-svitilna-p4518-380-lm-2500-mah-11699\/#primaryimage","url":"https:\/\/www.koupelnapro.com\/wp-content\/uploads\/2026\/SK0004275-CZ20260425-091813-0-1777079894-gall_ed430187-d6d6-45bc-9a33-e0cb5ceaf0fb114022-p4518.webp","contentUrl":"https:\/\/www.koupelnapro.com\/wp-content\/uploads\/2026\/SK0004275-CZ20260425-091813-0-1777079894-gall_ed430187-d6d6-45bc-9a33-e0cb5ceaf0fb114022-p4518.webp","width":119,"height":420},{"@type":"BreadcrumbList","@id":"https:\/\/www.koupelnapro.com\/index.php\/produkt\/odeslani-ihned-cob-led-led-nabijeci-prac-svitilna-p4518-380-lm-2500-mah-11699\/#breadcrumb","itemListElement":[{"@type":"ListItem","position":1,"name":"Home","item":"https:\/\/www.koupelnapro.com\/"},{"@type":"ListItem","position":2,"name":"Products","item":"https:\/\/www.koupelnapro.com\/index.php\/products\/"},{"@type":"ListItem","position":3,"name":"Odesl\u00e1n\u00ed Ihned COB LED + LED nab\u00edjec\u00ed prac. sv\u00edtilna P4518, 380 lm,2500 mAh"}]},{"@type":"WebSite","@id":"https:\/\/www.koupelnapro.com\/#website","url":"https:\/\/www.koupelnapro.com\/","name":"","description":"","potentialAction":[{"@type":"SearchAction","target":{"@type":"EntryPoint","urlTemplate":"https:\/\/www.koupelnapro.com\/?s={search_term_string}"},"query-input":{"@type":"PropertyValueSpecification","valueRequired":true,"valueName":"search_term_string"}}],"inLanguage":"cs"}]}},"_links":{"self":[{"href":"https:\/\/www.koupelnapro.com\/index.php\/wp-json\/wp\/v2\/product\/11699","targetHints":{"allow":["GET"]}}],"collection":[{"href":"https:\/\/www.koupelnapro.com\/index.php\/wp-json\/wp\/v2\/product"}],"about":[{"href":"https:\/\/www.koupelnapro.com\/index.php\/wp-json\/wp\/v2\/types\/product"}],"replies":[{"embeddable":true,"href":"https:\/\/www.koupelnapro.com\/index.php\/wp-json\/wp\/v2\/comments?post=11699"}],"wp:featuredmedia":[{"embeddable":true,"href":"https:\/\/www.koupelnapro.com\/index.php\/wp-json\/wp\/v2\/media\/11799"}],"wp:attachment":[{"href":"https:\/\/www.koupelnapro.com\/index.php\/wp-json\/wp\/v2\/media?parent=11699"}],"wp:term":[{"taxonomy":"product_brand","embeddable":true,"href":"https:\/\/www.koupelnapro.com\/index.php\/wp-json\/wp\/v2\/product_brand?post=11699"},{"taxonomy":"product_cat","embeddable":true,"href":"https:\/\/www.koupelnapro.com\/index.php\/wp-json\/wp\/v2\/product_cat?post=11699"},{"taxonomy":"product_tag","embeddable":true,"href":"https:\/\/www.koupelnapro.com\/index.php\/wp-json\/wp\/v2\/product_tag?post=11699"}],"curies":[{"name":"wp","href":"https:\/\/api.w.org\/{rel}","templated":true}]}}