{"id":11698,"date":"2026-04-26T09:13:34","date_gmt":"2026-04-26T09:13:34","guid":{"rendered":""},"modified":"2026-04-26T09:13:34","modified_gmt":"2026-04-26T09:13:34","slug":"prodluzovaci-kabel-kostka-1-9-m-4-zasuvky-bily-pvc-s-usb-1-mm2-cenove-vyhodny-11698","status":"publish","type":"product","link":"https:\/\/www.koupelnapro.com\/index.php\/produkt\/prodluzovaci-kabel-kostka-1-9-m-4-zasuvky-bily-pvc-s-usb-1-mm2-cenove-vyhodny-11698\/","title":{"rendered":"Prodlu\u017eovac\u00ed kabel &#8211; kostka 1,9 m \/ 4 z\u00e1suvky \/ b\u00edl\u00fd \/ PVC \/ s USB \/ 1 mm2 Cenov\u011b V\u00fdhodn\u00fd"},"content":{"rendered":"<div class=\"tmc_edt\">\n<p>Elegantn\u00ed a praktick\u00e9 \u0159e\u0161en\u00ed pro dom\u00e1cnost i kancel\u00e1\u0159.<\/p>\n<\/p><\/div>\n<\/p><\/div>\n","protected":false},"excerpt":{"rendered":"<p>Elegantn\u00ed a praktick\u00e9 \u0159e\u0161en\u00ed pro dom\u00e1cnost i kancel\u00e1\u0159.<\/p>\n","protected":false},"featured_media":11798,"comment_status":"open","ping_status":"open","template":"","meta":[],"product_brand":[],"product_cat":[70],"product_tag":[],"class_list":{"0":"post-11698","1":"product","2":"type-product","3":"status-publish","4":"has-post-thumbnail","6":"product_cat-elektro","8":"first","9":"instock","10":"sale","11":"shipping-taxable","12":"purchasable","13":"product-type-simple"},"yoast_head":"<!-- This site is optimized with the Yoast SEO plugin v26.8 - https:\/\/yoast.com\/product\/yoast-seo-wordpress\/ -->\n<title>Prodlu\u017eovac\u00ed kabel - kostka 1,9 m \/ 4 z\u00e1suvky \/ b\u00edl\u00fd \/ PVC \/ s USB \/ 1 mm2 Cenov\u011b V\u00fdhodn\u00fd -<\/title>\n<meta name=\"robots\" content=\"index, follow, max-snippet:-1, max-image-preview:large, max-video-preview:-1\" \/>\n<link rel=\"canonical\" href=\"https:\/\/www.koupelnapro.com\/index.php\/produkt\/prodluzovaci-kabel-kostka-1-9-m-4-zasuvky-bily-pvc-s-usb-1-mm2-cenove-vyhodny-11698\/\" \/>\n<meta property=\"og:locale\" content=\"cs_CZ\" \/>\n<meta property=\"og:type\" content=\"article\" \/>\n<meta property=\"og:title\" content=\"Prodlu\u017eovac\u00ed kabel - kostka 1,9 m \/ 4 z\u00e1suvky \/ b\u00edl\u00fd \/ PVC \/ s USB \/ 1 mm2 Cenov\u011b V\u00fdhodn\u00fd -\" \/>\n<meta property=\"og:description\" content=\"Elegantn\u00ed a praktick\u00e9 \u0159e\u0161en\u00ed pro dom\u00e1cnost i kancel\u00e1\u0159.\" \/>\n<meta property=\"og:url\" content=\"https:\/\/www.koupelnapro.com\/index.php\/produkt\/prodluzovaci-kabel-kostka-1-9-m-4-zasuvky-bily-pvc-s-usb-1-mm2-cenove-vyhodny-11698\/\" \/>\n<meta property=\"og:image\" content=\"https:\/\/www.koupelnapro.com\/wp-content\/uploads\/2026\/SK0004274-CZ20260425-091813-0-1777079894-gall_030a1d61-ed23-4d00-b46b-320479559c3b114016-p04119u.webp\" \/>\n\t<meta property=\"og:image:width\" content=\"420\" \/>\n\t<meta property=\"og:image:height\" content=\"417\" \/>\n\t<meta property=\"og:image:type\" content=\"image\/webp\" \/>\n<meta name=\"twitter:card\" content=\"summary_large_image\" \/>\n<script type=\"application\/ld+json\" class=\"yoast-schema-graph\">{\"@context\":\"https:\/\/schema.org\",\"@graph\":[{\"@type\":\"WebPage\",\"@id\":\"https:\/\/www.koupelnapro.com\/index.php\/produkt\/prodluzovaci-kabel-kostka-1-9-m-4-zasuvky-bily-pvc-s-usb-1-mm2-cenove-vyhodny-11698\/\",\"url\":\"https:\/\/www.koupelnapro.com\/index.php\/produkt\/prodluzovaci-kabel-kostka-1-9-m-4-zasuvky-bily-pvc-s-usb-1-mm2-cenove-vyhodny-11698\/\",\"name\":\"Prodlu\u017eovac\u00ed kabel - kostka 1,9 m \/ 4 z\u00e1suvky \/ b\u00edl\u00fd \/ PVC \/ s USB \/ 1 mm2 Cenov\u011b V\u00fdhodn\u00fd -\",\"isPartOf\":{\"@id\":\"https:\/\/www.koupelnapro.com\/#website\"},\"primaryImageOfPage\":{\"@id\":\"https:\/\/www.koupelnapro.com\/index.php\/produkt\/prodluzovaci-kabel-kostka-1-9-m-4-zasuvky-bily-pvc-s-usb-1-mm2-cenove-vyhodny-11698\/#primaryimage\"},\"image\":{\"@id\":\"https:\/\/www.koupelnapro.com\/index.php\/produkt\/prodluzovaci-kabel-kostka-1-9-m-4-zasuvky-bily-pvc-s-usb-1-mm2-cenove-vyhodny-11698\/#primaryimage\"},\"thumbnailUrl\":\"https:\/\/www.koupelnapro.com\/wp-content\/uploads\/2026\/SK0004274-CZ20260425-091813-0-1777079894-gall_030a1d61-ed23-4d00-b46b-320479559c3b114016-p04119u.webp\",\"datePublished\":\"2026-04-26T09:13:34+00:00\",\"breadcrumb\":{\"@id\":\"https:\/\/www.koupelnapro.com\/index.php\/produkt\/prodluzovaci-kabel-kostka-1-9-m-4-zasuvky-bily-pvc-s-usb-1-mm2-cenove-vyhodny-11698\/#breadcrumb\"},\"inLanguage\":\"cs\",\"potentialAction\":[{\"@type\":\"ReadAction\",\"target\":[\"https:\/\/www.koupelnapro.com\/index.php\/produkt\/prodluzovaci-kabel-kostka-1-9-m-4-zasuvky-bily-pvc-s-usb-1-mm2-cenove-vyhodny-11698\/\"]}]},{\"@type\":\"ImageObject\",\"inLanguage\":\"cs\",\"@id\":\"https:\/\/www.koupelnapro.com\/index.php\/produkt\/prodluzovaci-kabel-kostka-1-9-m-4-zasuvky-bily-pvc-s-usb-1-mm2-cenove-vyhodny-11698\/#primaryimage\",\"url\":\"https:\/\/www.koupelnapro.com\/wp-content\/uploads\/2026\/SK0004274-CZ20260425-091813-0-1777079894-gall_030a1d61-ed23-4d00-b46b-320479559c3b114016-p04119u.webp\",\"contentUrl\":\"https:\/\/www.koupelnapro.com\/wp-content\/uploads\/2026\/SK0004274-CZ20260425-091813-0-1777079894-gall_030a1d61-ed23-4d00-b46b-320479559c3b114016-p04119u.webp\",\"width\":420,\"height\":417},{\"@type\":\"BreadcrumbList\",\"@id\":\"https:\/\/www.koupelnapro.com\/index.php\/produkt\/prodluzovaci-kabel-kostka-1-9-m-4-zasuvky-bily-pvc-s-usb-1-mm2-cenove-vyhodny-11698\/#breadcrumb\",\"itemListElement\":[{\"@type\":\"ListItem\",\"position\":1,\"name\":\"Home\",\"item\":\"https:\/\/www.koupelnapro.com\/\"},{\"@type\":\"ListItem\",\"position\":2,\"name\":\"Products\",\"item\":\"https:\/\/www.koupelnapro.com\/index.php\/products\/\"},{\"@type\":\"ListItem\",\"position\":3,\"name\":\"Prodlu\u017eovac\u00ed kabel &#8211; kostka 1,9 m \/ 4 z\u00e1suvky \/ b\u00edl\u00fd \/ PVC \/ s USB \/ 1 mm2 Cenov\u011b V\u00fdhodn\u00fd\"}]},{\"@type\":\"WebSite\",\"@id\":\"https:\/\/www.koupelnapro.com\/#website\",\"url\":\"https:\/\/www.koupelnapro.com\/\",\"name\":\"\",\"description\":\"\",\"potentialAction\":[{\"@type\":\"SearchAction\",\"target\":{\"@type\":\"EntryPoint\",\"urlTemplate\":\"https:\/\/www.koupelnapro.com\/?s={search_term_string}\"},\"query-input\":{\"@type\":\"PropertyValueSpecification\",\"valueRequired\":true,\"valueName\":\"search_term_string\"}}],\"inLanguage\":\"cs\"}]}<\/script>\n<!-- \/ Yoast SEO plugin. -->","yoast_head_json":{"title":"Prodlu\u017eovac\u00ed kabel - kostka 1,9 m \/ 4 z\u00e1suvky \/ b\u00edl\u00fd \/ PVC \/ s USB \/ 1 mm2 Cenov\u011b V\u00fdhodn\u00fd -","robots":{"index":"index","follow":"follow","max-snippet":"max-snippet:-1","max-image-preview":"max-image-preview:large","max-video-preview":"max-video-preview:-1"},"canonical":"https:\/\/www.koupelnapro.com\/index.php\/produkt\/prodluzovaci-kabel-kostka-1-9-m-4-zasuvky-bily-pvc-s-usb-1-mm2-cenove-vyhodny-11698\/","og_locale":"cs_CZ","og_type":"article","og_title":"Prodlu\u017eovac\u00ed kabel - kostka 1,9 m \/ 4 z\u00e1suvky \/ b\u00edl\u00fd \/ PVC \/ s USB \/ 1 mm2 Cenov\u011b V\u00fdhodn\u00fd -","og_description":"Elegantn\u00ed a praktick\u00e9 \u0159e\u0161en\u00ed pro dom\u00e1cnost i kancel\u00e1\u0159.","og_url":"https:\/\/www.koupelnapro.com\/index.php\/produkt\/prodluzovaci-kabel-kostka-1-9-m-4-zasuvky-bily-pvc-s-usb-1-mm2-cenove-vyhodny-11698\/","og_image":[{"width":420,"height":417,"url":"https:\/\/www.koupelnapro.com\/wp-content\/uploads\/2026\/SK0004274-CZ20260425-091813-0-1777079894-gall_030a1d61-ed23-4d00-b46b-320479559c3b114016-p04119u.webp","type":"image\/webp"}],"twitter_card":"summary_large_image","schema":{"@context":"https:\/\/schema.org","@graph":[{"@type":"WebPage","@id":"https:\/\/www.koupelnapro.com\/index.php\/produkt\/prodluzovaci-kabel-kostka-1-9-m-4-zasuvky-bily-pvc-s-usb-1-mm2-cenove-vyhodny-11698\/","url":"https:\/\/www.koupelnapro.com\/index.php\/produkt\/prodluzovaci-kabel-kostka-1-9-m-4-zasuvky-bily-pvc-s-usb-1-mm2-cenove-vyhodny-11698\/","name":"Prodlu\u017eovac\u00ed kabel - kostka 1,9 m \/ 4 z\u00e1suvky \/ b\u00edl\u00fd \/ PVC \/ s USB \/ 1 mm2 Cenov\u011b V\u00fdhodn\u00fd -","isPartOf":{"@id":"https:\/\/www.koupelnapro.com\/#website"},"primaryImageOfPage":{"@id":"https:\/\/www.koupelnapro.com\/index.php\/produkt\/prodluzovaci-kabel-kostka-1-9-m-4-zasuvky-bily-pvc-s-usb-1-mm2-cenove-vyhodny-11698\/#primaryimage"},"image":{"@id":"https:\/\/www.koupelnapro.com\/index.php\/produkt\/prodluzovaci-kabel-kostka-1-9-m-4-zasuvky-bily-pvc-s-usb-1-mm2-cenove-vyhodny-11698\/#primaryimage"},"thumbnailUrl":"https:\/\/www.koupelnapro.com\/wp-content\/uploads\/2026\/SK0004274-CZ20260425-091813-0-1777079894-gall_030a1d61-ed23-4d00-b46b-320479559c3b114016-p04119u.webp","datePublished":"2026-04-26T09:13:34+00:00","breadcrumb":{"@id":"https:\/\/www.koupelnapro.com\/index.php\/produkt\/prodluzovaci-kabel-kostka-1-9-m-4-zasuvky-bily-pvc-s-usb-1-mm2-cenove-vyhodny-11698\/#breadcrumb"},"inLanguage":"cs","potentialAction":[{"@type":"ReadAction","target":["https:\/\/www.koupelnapro.com\/index.php\/produkt\/prodluzovaci-kabel-kostka-1-9-m-4-zasuvky-bily-pvc-s-usb-1-mm2-cenove-vyhodny-11698\/"]}]},{"@type":"ImageObject","inLanguage":"cs","@id":"https:\/\/www.koupelnapro.com\/index.php\/produkt\/prodluzovaci-kabel-kostka-1-9-m-4-zasuvky-bily-pvc-s-usb-1-mm2-cenove-vyhodny-11698\/#primaryimage","url":"https:\/\/www.koupelnapro.com\/wp-content\/uploads\/2026\/SK0004274-CZ20260425-091813-0-1777079894-gall_030a1d61-ed23-4d00-b46b-320479559c3b114016-p04119u.webp","contentUrl":"https:\/\/www.koupelnapro.com\/wp-content\/uploads\/2026\/SK0004274-CZ20260425-091813-0-1777079894-gall_030a1d61-ed23-4d00-b46b-320479559c3b114016-p04119u.webp","width":420,"height":417},{"@type":"BreadcrumbList","@id":"https:\/\/www.koupelnapro.com\/index.php\/produkt\/prodluzovaci-kabel-kostka-1-9-m-4-zasuvky-bily-pvc-s-usb-1-mm2-cenove-vyhodny-11698\/#breadcrumb","itemListElement":[{"@type":"ListItem","position":1,"name":"Home","item":"https:\/\/www.koupelnapro.com\/"},{"@type":"ListItem","position":2,"name":"Products","item":"https:\/\/www.koupelnapro.com\/index.php\/products\/"},{"@type":"ListItem","position":3,"name":"Prodlu\u017eovac\u00ed kabel &#8211; kostka 1,9 m \/ 4 z\u00e1suvky \/ b\u00edl\u00fd \/ PVC \/ s USB \/ 1 mm2 Cenov\u011b V\u00fdhodn\u00fd"}]},{"@type":"WebSite","@id":"https:\/\/www.koupelnapro.com\/#website","url":"https:\/\/www.koupelnapro.com\/","name":"","description":"","potentialAction":[{"@type":"SearchAction","target":{"@type":"EntryPoint","urlTemplate":"https:\/\/www.koupelnapro.com\/?s={search_term_string}"},"query-input":{"@type":"PropertyValueSpecification","valueRequired":true,"valueName":"search_term_string"}}],"inLanguage":"cs"}]}},"_links":{"self":[{"href":"https:\/\/www.koupelnapro.com\/index.php\/wp-json\/wp\/v2\/product\/11698","targetHints":{"allow":["GET"]}}],"collection":[{"href":"https:\/\/www.koupelnapro.com\/index.php\/wp-json\/wp\/v2\/product"}],"about":[{"href":"https:\/\/www.koupelnapro.com\/index.php\/wp-json\/wp\/v2\/types\/product"}],"replies":[{"embeddable":true,"href":"https:\/\/www.koupelnapro.com\/index.php\/wp-json\/wp\/v2\/comments?post=11698"}],"wp:featuredmedia":[{"embeddable":true,"href":"https:\/\/www.koupelnapro.com\/index.php\/wp-json\/wp\/v2\/media\/11798"}],"wp:attachment":[{"href":"https:\/\/www.koupelnapro.com\/index.php\/wp-json\/wp\/v2\/media?parent=11698"}],"wp:term":[{"taxonomy":"product_brand","embeddable":true,"href":"https:\/\/www.koupelnapro.com\/index.php\/wp-json\/wp\/v2\/product_brand?post=11698"},{"taxonomy":"product_cat","embeddable":true,"href":"https:\/\/www.koupelnapro.com\/index.php\/wp-json\/wp\/v2\/product_cat?post=11698"},{"taxonomy":"product_tag","embeddable":true,"href":"https:\/\/www.koupelnapro.com\/index.php\/wp-json\/wp\/v2\/product_tag?post=11698"}],"curies":[{"name":"wp","href":"https:\/\/api.w.org\/{rel}","templated":true}]}}