{"id":11697,"date":"2026-04-26T09:13:34","date_gmt":"2026-04-26T09:13:34","guid":{"rendered":""},"modified":"2026-04-26T09:13:34","modified_gmt":"2026-04-26T09:13:34","slug":"horka-nabidka-prodluzovaci-kabel-na-bubnu-25-m-4-zasuvky-cerny-pvc-230-v-1-5-mm2-11697","status":"publish","type":"product","link":"https:\/\/www.koupelnapro.com\/index.php\/produkt\/horka-nabidka-prodluzovaci-kabel-na-bubnu-25-m-4-zasuvky-cerny-pvc-230-v-1-5-mm2-11697\/","title":{"rendered":"Hork\u00e1 Nab\u00eddka Prodlu\u017eovac\u00ed kabel na bubnu 25 m \/ 4 z\u00e1suvky \/ \u010dern\u00fd \/ PVC \/ 230 V \/ 1,5 mm2"},"content":{"rendered":"<div class=\"tmc_edt\">\n<p>Prodlu\u017eovac\u00ed kabel na bubnu EMOS 25 m, 4\u00d7 z\u00e1suvka, pevn\u00fd st\u0159ed, vodi\u010d 3\u00d71,5 mm\u00b2 (PVC), tepeln\u00e1 pojistka, brzda a odoln\u00e1 konstrukce.<\/p>\n<\/p><\/div>\n<\/p><\/div>\n","protected":false},"excerpt":{"rendered":"<p>Prodlu\u017eovac\u00ed kabel na bubnu EMOS 25 m, 4\u00d7 z\u00e1suvka, pevn\u00fd st\u0159ed, vodi\u010d 3\u00d71,5 mm\u00b2 (PVC), tepeln\u00e1 pojistka, brzda a odoln\u00e1 konstrukce.<\/p>\n","protected":false},"featured_media":11797,"comment_status":"open","ping_status":"open","template":"","meta":[],"product_brand":[],"product_cat":[70],"product_tag":[],"class_list":{"0":"post-11697","1":"product","2":"type-product","3":"status-publish","4":"has-post-thumbnail","6":"product_cat-elektro","8":"first","9":"instock","10":"sale","11":"shipping-taxable","12":"purchasable","13":"product-type-simple"},"yoast_head":"<!-- This site is optimized with the Yoast SEO plugin v26.8 - https:\/\/yoast.com\/product\/yoast-seo-wordpress\/ -->\n<title>Hork\u00e1 Nab\u00eddka Prodlu\u017eovac\u00ed kabel na bubnu 25 m \/ 4 z\u00e1suvky \/ \u010dern\u00fd \/ PVC \/ 230 V \/ 1,5 mm2 -<\/title>\n<meta name=\"robots\" content=\"index, follow, max-snippet:-1, max-image-preview:large, max-video-preview:-1\" \/>\n<link rel=\"canonical\" href=\"https:\/\/www.koupelnapro.com\/index.php\/produkt\/horka-nabidka-prodluzovaci-kabel-na-bubnu-25-m-4-zasuvky-cerny-pvc-230-v-1-5-mm2-11697\/\" \/>\n<meta property=\"og:locale\" content=\"cs_CZ\" \/>\n<meta property=\"og:type\" content=\"article\" \/>\n<meta property=\"og:title\" content=\"Hork\u00e1 Nab\u00eddka Prodlu\u017eovac\u00ed kabel na bubnu 25 m \/ 4 z\u00e1suvky \/ \u010dern\u00fd \/ PVC \/ 230 V \/ 1,5 mm2 -\" \/>\n<meta property=\"og:description\" content=\"Prodlu\u017eovac\u00ed kabel na bubnu EMOS 25 m, 4\u00d7 z\u00e1suvka, pevn\u00fd st\u0159ed, vodi\u010d 3\u00d71,5 mm\u00b2 (PVC), tepeln\u00e1 pojistka, brzda a odoln\u00e1 konstrukce.\" \/>\n<meta property=\"og:url\" content=\"https:\/\/www.koupelnapro.com\/index.php\/produkt\/horka-nabidka-prodluzovaci-kabel-na-bubnu-25-m-4-zasuvky-cerny-pvc-230-v-1-5-mm2-11697\/\" \/>\n<meta property=\"og:image\" content=\"https:\/\/www.koupelnapro.com\/wp-content\/uploads\/2026\/SK0004273-CZ20260425-091813-0-1777079894-gall_8b41d5ba-bd47-4fe5-8b0e-4eeb908d0009114010-p19425p.webp\" \/>\n\t<meta property=\"og:image:width\" content=\"420\" \/>\n\t<meta property=\"og:image:height\" content=\"396\" \/>\n\t<meta property=\"og:image:type\" content=\"image\/webp\" \/>\n<meta name=\"twitter:card\" content=\"summary_large_image\" \/>\n<script type=\"application\/ld+json\" class=\"yoast-schema-graph\">{\"@context\":\"https:\/\/schema.org\",\"@graph\":[{\"@type\":\"WebPage\",\"@id\":\"https:\/\/www.koupelnapro.com\/index.php\/produkt\/horka-nabidka-prodluzovaci-kabel-na-bubnu-25-m-4-zasuvky-cerny-pvc-230-v-1-5-mm2-11697\/\",\"url\":\"https:\/\/www.koupelnapro.com\/index.php\/produkt\/horka-nabidka-prodluzovaci-kabel-na-bubnu-25-m-4-zasuvky-cerny-pvc-230-v-1-5-mm2-11697\/\",\"name\":\"Hork\u00e1 Nab\u00eddka Prodlu\u017eovac\u00ed kabel na bubnu 25 m \/ 4 z\u00e1suvky \/ \u010dern\u00fd \/ PVC \/ 230 V \/ 1,5 mm2 -\",\"isPartOf\":{\"@id\":\"https:\/\/www.koupelnapro.com\/#website\"},\"primaryImageOfPage\":{\"@id\":\"https:\/\/www.koupelnapro.com\/index.php\/produkt\/horka-nabidka-prodluzovaci-kabel-na-bubnu-25-m-4-zasuvky-cerny-pvc-230-v-1-5-mm2-11697\/#primaryimage\"},\"image\":{\"@id\":\"https:\/\/www.koupelnapro.com\/index.php\/produkt\/horka-nabidka-prodluzovaci-kabel-na-bubnu-25-m-4-zasuvky-cerny-pvc-230-v-1-5-mm2-11697\/#primaryimage\"},\"thumbnailUrl\":\"https:\/\/www.koupelnapro.com\/wp-content\/uploads\/2026\/SK0004273-CZ20260425-091813-0-1777079894-gall_8b41d5ba-bd47-4fe5-8b0e-4eeb908d0009114010-p19425p.webp\",\"datePublished\":\"2026-04-26T09:13:34+00:00\",\"breadcrumb\":{\"@id\":\"https:\/\/www.koupelnapro.com\/index.php\/produkt\/horka-nabidka-prodluzovaci-kabel-na-bubnu-25-m-4-zasuvky-cerny-pvc-230-v-1-5-mm2-11697\/#breadcrumb\"},\"inLanguage\":\"cs\",\"potentialAction\":[{\"@type\":\"ReadAction\",\"target\":[\"https:\/\/www.koupelnapro.com\/index.php\/produkt\/horka-nabidka-prodluzovaci-kabel-na-bubnu-25-m-4-zasuvky-cerny-pvc-230-v-1-5-mm2-11697\/\"]}]},{\"@type\":\"ImageObject\",\"inLanguage\":\"cs\",\"@id\":\"https:\/\/www.koupelnapro.com\/index.php\/produkt\/horka-nabidka-prodluzovaci-kabel-na-bubnu-25-m-4-zasuvky-cerny-pvc-230-v-1-5-mm2-11697\/#primaryimage\",\"url\":\"https:\/\/www.koupelnapro.com\/wp-content\/uploads\/2026\/SK0004273-CZ20260425-091813-0-1777079894-gall_8b41d5ba-bd47-4fe5-8b0e-4eeb908d0009114010-p19425p.webp\",\"contentUrl\":\"https:\/\/www.koupelnapro.com\/wp-content\/uploads\/2026\/SK0004273-CZ20260425-091813-0-1777079894-gall_8b41d5ba-bd47-4fe5-8b0e-4eeb908d0009114010-p19425p.webp\",\"width\":420,\"height\":396},{\"@type\":\"BreadcrumbList\",\"@id\":\"https:\/\/www.koupelnapro.com\/index.php\/produkt\/horka-nabidka-prodluzovaci-kabel-na-bubnu-25-m-4-zasuvky-cerny-pvc-230-v-1-5-mm2-11697\/#breadcrumb\",\"itemListElement\":[{\"@type\":\"ListItem\",\"position\":1,\"name\":\"Home\",\"item\":\"https:\/\/www.koupelnapro.com\/\"},{\"@type\":\"ListItem\",\"position\":2,\"name\":\"Products\",\"item\":\"https:\/\/www.koupelnapro.com\/index.php\/products\/\"},{\"@type\":\"ListItem\",\"position\":3,\"name\":\"Hork\u00e1 Nab\u00eddka Prodlu\u017eovac\u00ed kabel na bubnu 25 m \/ 4 z\u00e1suvky \/ \u010dern\u00fd \/ PVC \/ 230 V \/ 1,5 mm2\"}]},{\"@type\":\"WebSite\",\"@id\":\"https:\/\/www.koupelnapro.com\/#website\",\"url\":\"https:\/\/www.koupelnapro.com\/\",\"name\":\"\",\"description\":\"\",\"potentialAction\":[{\"@type\":\"SearchAction\",\"target\":{\"@type\":\"EntryPoint\",\"urlTemplate\":\"https:\/\/www.koupelnapro.com\/?s={search_term_string}\"},\"query-input\":{\"@type\":\"PropertyValueSpecification\",\"valueRequired\":true,\"valueName\":\"search_term_string\"}}],\"inLanguage\":\"cs\"}]}<\/script>\n<!-- \/ Yoast SEO plugin. -->","yoast_head_json":{"title":"Hork\u00e1 Nab\u00eddka Prodlu\u017eovac\u00ed kabel na bubnu 25 m \/ 4 z\u00e1suvky \/ \u010dern\u00fd \/ PVC \/ 230 V \/ 1,5 mm2 -","robots":{"index":"index","follow":"follow","max-snippet":"max-snippet:-1","max-image-preview":"max-image-preview:large","max-video-preview":"max-video-preview:-1"},"canonical":"https:\/\/www.koupelnapro.com\/index.php\/produkt\/horka-nabidka-prodluzovaci-kabel-na-bubnu-25-m-4-zasuvky-cerny-pvc-230-v-1-5-mm2-11697\/","og_locale":"cs_CZ","og_type":"article","og_title":"Hork\u00e1 Nab\u00eddka Prodlu\u017eovac\u00ed kabel na bubnu 25 m \/ 4 z\u00e1suvky \/ \u010dern\u00fd \/ PVC \/ 230 V \/ 1,5 mm2 -","og_description":"Prodlu\u017eovac\u00ed kabel na bubnu EMOS 25 m, 4\u00d7 z\u00e1suvka, pevn\u00fd st\u0159ed, vodi\u010d 3\u00d71,5 mm\u00b2 (PVC), tepeln\u00e1 pojistka, brzda a odoln\u00e1 konstrukce.","og_url":"https:\/\/www.koupelnapro.com\/index.php\/produkt\/horka-nabidka-prodluzovaci-kabel-na-bubnu-25-m-4-zasuvky-cerny-pvc-230-v-1-5-mm2-11697\/","og_image":[{"width":420,"height":396,"url":"https:\/\/www.koupelnapro.com\/wp-content\/uploads\/2026\/SK0004273-CZ20260425-091813-0-1777079894-gall_8b41d5ba-bd47-4fe5-8b0e-4eeb908d0009114010-p19425p.webp","type":"image\/webp"}],"twitter_card":"summary_large_image","schema":{"@context":"https:\/\/schema.org","@graph":[{"@type":"WebPage","@id":"https:\/\/www.koupelnapro.com\/index.php\/produkt\/horka-nabidka-prodluzovaci-kabel-na-bubnu-25-m-4-zasuvky-cerny-pvc-230-v-1-5-mm2-11697\/","url":"https:\/\/www.koupelnapro.com\/index.php\/produkt\/horka-nabidka-prodluzovaci-kabel-na-bubnu-25-m-4-zasuvky-cerny-pvc-230-v-1-5-mm2-11697\/","name":"Hork\u00e1 Nab\u00eddka Prodlu\u017eovac\u00ed kabel na bubnu 25 m \/ 4 z\u00e1suvky \/ \u010dern\u00fd \/ PVC \/ 230 V \/ 1,5 mm2 -","isPartOf":{"@id":"https:\/\/www.koupelnapro.com\/#website"},"primaryImageOfPage":{"@id":"https:\/\/www.koupelnapro.com\/index.php\/produkt\/horka-nabidka-prodluzovaci-kabel-na-bubnu-25-m-4-zasuvky-cerny-pvc-230-v-1-5-mm2-11697\/#primaryimage"},"image":{"@id":"https:\/\/www.koupelnapro.com\/index.php\/produkt\/horka-nabidka-prodluzovaci-kabel-na-bubnu-25-m-4-zasuvky-cerny-pvc-230-v-1-5-mm2-11697\/#primaryimage"},"thumbnailUrl":"https:\/\/www.koupelnapro.com\/wp-content\/uploads\/2026\/SK0004273-CZ20260425-091813-0-1777079894-gall_8b41d5ba-bd47-4fe5-8b0e-4eeb908d0009114010-p19425p.webp","datePublished":"2026-04-26T09:13:34+00:00","breadcrumb":{"@id":"https:\/\/www.koupelnapro.com\/index.php\/produkt\/horka-nabidka-prodluzovaci-kabel-na-bubnu-25-m-4-zasuvky-cerny-pvc-230-v-1-5-mm2-11697\/#breadcrumb"},"inLanguage":"cs","potentialAction":[{"@type":"ReadAction","target":["https:\/\/www.koupelnapro.com\/index.php\/produkt\/horka-nabidka-prodluzovaci-kabel-na-bubnu-25-m-4-zasuvky-cerny-pvc-230-v-1-5-mm2-11697\/"]}]},{"@type":"ImageObject","inLanguage":"cs","@id":"https:\/\/www.koupelnapro.com\/index.php\/produkt\/horka-nabidka-prodluzovaci-kabel-na-bubnu-25-m-4-zasuvky-cerny-pvc-230-v-1-5-mm2-11697\/#primaryimage","url":"https:\/\/www.koupelnapro.com\/wp-content\/uploads\/2026\/SK0004273-CZ20260425-091813-0-1777079894-gall_8b41d5ba-bd47-4fe5-8b0e-4eeb908d0009114010-p19425p.webp","contentUrl":"https:\/\/www.koupelnapro.com\/wp-content\/uploads\/2026\/SK0004273-CZ20260425-091813-0-1777079894-gall_8b41d5ba-bd47-4fe5-8b0e-4eeb908d0009114010-p19425p.webp","width":420,"height":396},{"@type":"BreadcrumbList","@id":"https:\/\/www.koupelnapro.com\/index.php\/produkt\/horka-nabidka-prodluzovaci-kabel-na-bubnu-25-m-4-zasuvky-cerny-pvc-230-v-1-5-mm2-11697\/#breadcrumb","itemListElement":[{"@type":"ListItem","position":1,"name":"Home","item":"https:\/\/www.koupelnapro.com\/"},{"@type":"ListItem","position":2,"name":"Products","item":"https:\/\/www.koupelnapro.com\/index.php\/products\/"},{"@type":"ListItem","position":3,"name":"Hork\u00e1 Nab\u00eddka Prodlu\u017eovac\u00ed kabel na bubnu 25 m \/ 4 z\u00e1suvky \/ \u010dern\u00fd \/ PVC \/ 230 V \/ 1,5 mm2"}]},{"@type":"WebSite","@id":"https:\/\/www.koupelnapro.com\/#website","url":"https:\/\/www.koupelnapro.com\/","name":"","description":"","potentialAction":[{"@type":"SearchAction","target":{"@type":"EntryPoint","urlTemplate":"https:\/\/www.koupelnapro.com\/?s={search_term_string}"},"query-input":{"@type":"PropertyValueSpecification","valueRequired":true,"valueName":"search_term_string"}}],"inLanguage":"cs"}]}},"_links":{"self":[{"href":"https:\/\/www.koupelnapro.com\/index.php\/wp-json\/wp\/v2\/product\/11697","targetHints":{"allow":["GET"]}}],"collection":[{"href":"https:\/\/www.koupelnapro.com\/index.php\/wp-json\/wp\/v2\/product"}],"about":[{"href":"https:\/\/www.koupelnapro.com\/index.php\/wp-json\/wp\/v2\/types\/product"}],"replies":[{"embeddable":true,"href":"https:\/\/www.koupelnapro.com\/index.php\/wp-json\/wp\/v2\/comments?post=11697"}],"wp:featuredmedia":[{"embeddable":true,"href":"https:\/\/www.koupelnapro.com\/index.php\/wp-json\/wp\/v2\/media\/11797"}],"wp:attachment":[{"href":"https:\/\/www.koupelnapro.com\/index.php\/wp-json\/wp\/v2\/media?parent=11697"}],"wp:term":[{"taxonomy":"product_brand","embeddable":true,"href":"https:\/\/www.koupelnapro.com\/index.php\/wp-json\/wp\/v2\/product_brand?post=11697"},{"taxonomy":"product_cat","embeddable":true,"href":"https:\/\/www.koupelnapro.com\/index.php\/wp-json\/wp\/v2\/product_cat?post=11697"},{"taxonomy":"product_tag","embeddable":true,"href":"https:\/\/www.koupelnapro.com\/index.php\/wp-json\/wp\/v2\/product_tag?post=11697"}],"curies":[{"name":"wp","href":"https:\/\/api.w.org\/{rel}","templated":true}]}}