{"id":11586,"date":"2026-04-26T09:13:33","date_gmt":"2026-04-26T09:13:33","guid":{"rendered":""},"modified":"2026-04-26T09:13:33","modified_gmt":"2026-04-26T09:13:33","slug":"nejlepsi-cena-gu5-3-led-zarovka-6w-455lm-12v-mr16-samsung-chip-11586","status":"publish","type":"product","link":"https:\/\/www.koupelnapro.com\/index.php\/produkt\/nejlepsi-cena-gu5-3-led-zarovka-6w-455lm-12v-mr16-samsung-chip-11586\/","title":{"rendered":"Nejlep\u0161\u00ed Cena GU5.3 LED \u017d\u00c1ROVKA 6W 455LM 12V MR16, SAMSUNG CHIP"},"content":{"rendered":"<div class=\"tmc_edt\">\n<\/p><\/div>\n<\/p><\/div>\n","protected":false},"excerpt":{"rendered":"","protected":false},"featured_media":11686,"comment_status":"open","ping_status":"open","template":"","meta":[],"product_brand":[],"product_cat":[70],"product_tag":[],"class_list":{"0":"post-11586","1":"product","2":"type-product","3":"status-publish","4":"has-post-thumbnail","6":"product_cat-elektro","8":"first","9":"instock","10":"sale","11":"shipping-taxable","12":"purchasable","13":"product-type-simple"},"yoast_head":"<!-- This site is optimized with the Yoast SEO plugin v26.8 - https:\/\/yoast.com\/product\/yoast-seo-wordpress\/ -->\n<title>Nejlep\u0161\u00ed Cena GU5.3 LED \u017d\u00c1ROVKA 6W 455LM 12V MR16, SAMSUNG CHIP -<\/title>\n<meta name=\"robots\" content=\"index, follow, max-snippet:-1, max-image-preview:large, max-video-preview:-1\" \/>\n<link rel=\"canonical\" href=\"https:\/\/www.koupelnapro.com\/index.php\/produkt\/nejlepsi-cena-gu5-3-led-zarovka-6w-455lm-12v-mr16-samsung-chip-11586\/\" \/>\n<meta property=\"og:locale\" content=\"cs_CZ\" \/>\n<meta property=\"og:type\" content=\"article\" \/>\n<meta property=\"og:title\" content=\"Nejlep\u0161\u00ed Cena GU5.3 LED \u017d\u00c1ROVKA 6W 455LM 12V MR16, SAMSUNG CHIP -\" \/>\n<meta property=\"og:url\" content=\"https:\/\/www.koupelnapro.com\/index.php\/produkt\/nejlepsi-cena-gu5-3-led-zarovka-6w-455lm-12v-mr16-samsung-chip-11586\/\" \/>\n<meta property=\"og:image\" content=\"https:\/\/www.koupelnapro.com\/wp-content\/uploads\/2026\/SK0004260-CZ20260425-091813-0-1777079894-gall_1fdb515d-6d1a-45a6-8e78-fdf1a1225171113228-6w-led-zaro.webp\" \/>\n\t<meta property=\"og:image:width\" content=\"420\" \/>\n\t<meta property=\"og:image:height\" content=\"315\" \/>\n\t<meta property=\"og:image:type\" content=\"image\/webp\" \/>\n<meta name=\"twitter:card\" content=\"summary_large_image\" \/>\n<script type=\"application\/ld+json\" class=\"yoast-schema-graph\">{\"@context\":\"https:\/\/schema.org\",\"@graph\":[{\"@type\":\"WebPage\",\"@id\":\"https:\/\/www.koupelnapro.com\/index.php\/produkt\/nejlepsi-cena-gu5-3-led-zarovka-6w-455lm-12v-mr16-samsung-chip-11586\/\",\"url\":\"https:\/\/www.koupelnapro.com\/index.php\/produkt\/nejlepsi-cena-gu5-3-led-zarovka-6w-455lm-12v-mr16-samsung-chip-11586\/\",\"name\":\"Nejlep\u0161\u00ed Cena GU5.3 LED \u017d\u00c1ROVKA 6W 455LM 12V MR16, SAMSUNG CHIP -\",\"isPartOf\":{\"@id\":\"https:\/\/www.koupelnapro.com\/#website\"},\"primaryImageOfPage\":{\"@id\":\"https:\/\/www.koupelnapro.com\/index.php\/produkt\/nejlepsi-cena-gu5-3-led-zarovka-6w-455lm-12v-mr16-samsung-chip-11586\/#primaryimage\"},\"image\":{\"@id\":\"https:\/\/www.koupelnapro.com\/index.php\/produkt\/nejlepsi-cena-gu5-3-led-zarovka-6w-455lm-12v-mr16-samsung-chip-11586\/#primaryimage\"},\"thumbnailUrl\":\"https:\/\/www.koupelnapro.com\/wp-content\/uploads\/2026\/SK0004260-CZ20260425-091813-0-1777079894-gall_1fdb515d-6d1a-45a6-8e78-fdf1a1225171113228-6w-led-zaro.webp\",\"datePublished\":\"2026-04-26T09:13:33+00:00\",\"breadcrumb\":{\"@id\":\"https:\/\/www.koupelnapro.com\/index.php\/produkt\/nejlepsi-cena-gu5-3-led-zarovka-6w-455lm-12v-mr16-samsung-chip-11586\/#breadcrumb\"},\"inLanguage\":\"cs\",\"potentialAction\":[{\"@type\":\"ReadAction\",\"target\":[\"https:\/\/www.koupelnapro.com\/index.php\/produkt\/nejlepsi-cena-gu5-3-led-zarovka-6w-455lm-12v-mr16-samsung-chip-11586\/\"]}]},{\"@type\":\"ImageObject\",\"inLanguage\":\"cs\",\"@id\":\"https:\/\/www.koupelnapro.com\/index.php\/produkt\/nejlepsi-cena-gu5-3-led-zarovka-6w-455lm-12v-mr16-samsung-chip-11586\/#primaryimage\",\"url\":\"https:\/\/www.koupelnapro.com\/wp-content\/uploads\/2026\/SK0004260-CZ20260425-091813-0-1777079894-gall_1fdb515d-6d1a-45a6-8e78-fdf1a1225171113228-6w-led-zaro.webp\",\"contentUrl\":\"https:\/\/www.koupelnapro.com\/wp-content\/uploads\/2026\/SK0004260-CZ20260425-091813-0-1777079894-gall_1fdb515d-6d1a-45a6-8e78-fdf1a1225171113228-6w-led-zaro.webp\",\"width\":420,\"height\":315},{\"@type\":\"BreadcrumbList\",\"@id\":\"https:\/\/www.koupelnapro.com\/index.php\/produkt\/nejlepsi-cena-gu5-3-led-zarovka-6w-455lm-12v-mr16-samsung-chip-11586\/#breadcrumb\",\"itemListElement\":[{\"@type\":\"ListItem\",\"position\":1,\"name\":\"Home\",\"item\":\"https:\/\/www.koupelnapro.com\/\"},{\"@type\":\"ListItem\",\"position\":2,\"name\":\"Products\",\"item\":\"https:\/\/www.koupelnapro.com\/index.php\/products\/\"},{\"@type\":\"ListItem\",\"position\":3,\"name\":\"Nejlep\u0161\u00ed Cena GU5.3 LED \u017d\u00c1ROVKA 6W 455LM 12V MR16, SAMSUNG CHIP\"}]},{\"@type\":\"WebSite\",\"@id\":\"https:\/\/www.koupelnapro.com\/#website\",\"url\":\"https:\/\/www.koupelnapro.com\/\",\"name\":\"\",\"description\":\"\",\"potentialAction\":[{\"@type\":\"SearchAction\",\"target\":{\"@type\":\"EntryPoint\",\"urlTemplate\":\"https:\/\/www.koupelnapro.com\/?s={search_term_string}\"},\"query-input\":{\"@type\":\"PropertyValueSpecification\",\"valueRequired\":true,\"valueName\":\"search_term_string\"}}],\"inLanguage\":\"cs\"}]}<\/script>\n<!-- \/ Yoast SEO plugin. -->","yoast_head_json":{"title":"Nejlep\u0161\u00ed Cena GU5.3 LED \u017d\u00c1ROVKA 6W 455LM 12V MR16, SAMSUNG CHIP -","robots":{"index":"index","follow":"follow","max-snippet":"max-snippet:-1","max-image-preview":"max-image-preview:large","max-video-preview":"max-video-preview:-1"},"canonical":"https:\/\/www.koupelnapro.com\/index.php\/produkt\/nejlepsi-cena-gu5-3-led-zarovka-6w-455lm-12v-mr16-samsung-chip-11586\/","og_locale":"cs_CZ","og_type":"article","og_title":"Nejlep\u0161\u00ed Cena GU5.3 LED \u017d\u00c1ROVKA 6W 455LM 12V MR16, SAMSUNG CHIP -","og_url":"https:\/\/www.koupelnapro.com\/index.php\/produkt\/nejlepsi-cena-gu5-3-led-zarovka-6w-455lm-12v-mr16-samsung-chip-11586\/","og_image":[{"width":420,"height":315,"url":"https:\/\/www.koupelnapro.com\/wp-content\/uploads\/2026\/SK0004260-CZ20260425-091813-0-1777079894-gall_1fdb515d-6d1a-45a6-8e78-fdf1a1225171113228-6w-led-zaro.webp","type":"image\/webp"}],"twitter_card":"summary_large_image","schema":{"@context":"https:\/\/schema.org","@graph":[{"@type":"WebPage","@id":"https:\/\/www.koupelnapro.com\/index.php\/produkt\/nejlepsi-cena-gu5-3-led-zarovka-6w-455lm-12v-mr16-samsung-chip-11586\/","url":"https:\/\/www.koupelnapro.com\/index.php\/produkt\/nejlepsi-cena-gu5-3-led-zarovka-6w-455lm-12v-mr16-samsung-chip-11586\/","name":"Nejlep\u0161\u00ed Cena GU5.3 LED \u017d\u00c1ROVKA 6W 455LM 12V MR16, SAMSUNG CHIP -","isPartOf":{"@id":"https:\/\/www.koupelnapro.com\/#website"},"primaryImageOfPage":{"@id":"https:\/\/www.koupelnapro.com\/index.php\/produkt\/nejlepsi-cena-gu5-3-led-zarovka-6w-455lm-12v-mr16-samsung-chip-11586\/#primaryimage"},"image":{"@id":"https:\/\/www.koupelnapro.com\/index.php\/produkt\/nejlepsi-cena-gu5-3-led-zarovka-6w-455lm-12v-mr16-samsung-chip-11586\/#primaryimage"},"thumbnailUrl":"https:\/\/www.koupelnapro.com\/wp-content\/uploads\/2026\/SK0004260-CZ20260425-091813-0-1777079894-gall_1fdb515d-6d1a-45a6-8e78-fdf1a1225171113228-6w-led-zaro.webp","datePublished":"2026-04-26T09:13:33+00:00","breadcrumb":{"@id":"https:\/\/www.koupelnapro.com\/index.php\/produkt\/nejlepsi-cena-gu5-3-led-zarovka-6w-455lm-12v-mr16-samsung-chip-11586\/#breadcrumb"},"inLanguage":"cs","potentialAction":[{"@type":"ReadAction","target":["https:\/\/www.koupelnapro.com\/index.php\/produkt\/nejlepsi-cena-gu5-3-led-zarovka-6w-455lm-12v-mr16-samsung-chip-11586\/"]}]},{"@type":"ImageObject","inLanguage":"cs","@id":"https:\/\/www.koupelnapro.com\/index.php\/produkt\/nejlepsi-cena-gu5-3-led-zarovka-6w-455lm-12v-mr16-samsung-chip-11586\/#primaryimage","url":"https:\/\/www.koupelnapro.com\/wp-content\/uploads\/2026\/SK0004260-CZ20260425-091813-0-1777079894-gall_1fdb515d-6d1a-45a6-8e78-fdf1a1225171113228-6w-led-zaro.webp","contentUrl":"https:\/\/www.koupelnapro.com\/wp-content\/uploads\/2026\/SK0004260-CZ20260425-091813-0-1777079894-gall_1fdb515d-6d1a-45a6-8e78-fdf1a1225171113228-6w-led-zaro.webp","width":420,"height":315},{"@type":"BreadcrumbList","@id":"https:\/\/www.koupelnapro.com\/index.php\/produkt\/nejlepsi-cena-gu5-3-led-zarovka-6w-455lm-12v-mr16-samsung-chip-11586\/#breadcrumb","itemListElement":[{"@type":"ListItem","position":1,"name":"Home","item":"https:\/\/www.koupelnapro.com\/"},{"@type":"ListItem","position":2,"name":"Products","item":"https:\/\/www.koupelnapro.com\/index.php\/products\/"},{"@type":"ListItem","position":3,"name":"Nejlep\u0161\u00ed Cena GU5.3 LED \u017d\u00c1ROVKA 6W 455LM 12V MR16, SAMSUNG CHIP"}]},{"@type":"WebSite","@id":"https:\/\/www.koupelnapro.com\/#website","url":"https:\/\/www.koupelnapro.com\/","name":"","description":"","potentialAction":[{"@type":"SearchAction","target":{"@type":"EntryPoint","urlTemplate":"https:\/\/www.koupelnapro.com\/?s={search_term_string}"},"query-input":{"@type":"PropertyValueSpecification","valueRequired":true,"valueName":"search_term_string"}}],"inLanguage":"cs"}]}},"_links":{"self":[{"href":"https:\/\/www.koupelnapro.com\/index.php\/wp-json\/wp\/v2\/product\/11586","targetHints":{"allow":["GET"]}}],"collection":[{"href":"https:\/\/www.koupelnapro.com\/index.php\/wp-json\/wp\/v2\/product"}],"about":[{"href":"https:\/\/www.koupelnapro.com\/index.php\/wp-json\/wp\/v2\/types\/product"}],"replies":[{"embeddable":true,"href":"https:\/\/www.koupelnapro.com\/index.php\/wp-json\/wp\/v2\/comments?post=11586"}],"wp:featuredmedia":[{"embeddable":true,"href":"https:\/\/www.koupelnapro.com\/index.php\/wp-json\/wp\/v2\/media\/11686"}],"wp:attachment":[{"href":"https:\/\/www.koupelnapro.com\/index.php\/wp-json\/wp\/v2\/media?parent=11586"}],"wp:term":[{"taxonomy":"product_brand","embeddable":true,"href":"https:\/\/www.koupelnapro.com\/index.php\/wp-json\/wp\/v2\/product_brand?post=11586"},{"taxonomy":"product_cat","embeddable":true,"href":"https:\/\/www.koupelnapro.com\/index.php\/wp-json\/wp\/v2\/product_cat?post=11586"},{"taxonomy":"product_tag","embeddable":true,"href":"https:\/\/www.koupelnapro.com\/index.php\/wp-json\/wp\/v2\/product_tag?post=11586"}],"curies":[{"name":"wp","href":"https:\/\/api.w.org\/{rel}","templated":true}]}}