{"id":1156,"date":"2026-04-26T09:13:08","date_gmt":"2026-04-26T09:13:08","guid":{"rendered":""},"modified":"2026-04-26T09:13:08","modified_gmt":"2026-04-26T09:13:08","slug":"3-fazovy-roh-cerny-century-must-have-1156","status":"publish","type":"product","link":"https:\/\/www.koupelnapro.com\/index.php\/produkt\/3-fazovy-roh-cerny-century-must-have-1156\/","title":{"rendered":"3-f\u00e1zov\u00fd roh \u010cern\u00fd &#8211; CENTURY Must-Have"},"content":{"rendered":"<p><\/p>\n<div class=\"top-params\">\n<h3 class=\"product-h3 collapse-header \" data-toggle=\"collapse\" data-target=\"#collapseOne\" aria-expanded=\"true\" aria-controls=\"collapseOne\">Parametry<\/h3>\n<div id=\"collapseOne\" class=\"collapse show\" aria-labelledby=\"headingOne\" data-parent=\"#product-info-accordion1\">\n<table class=\"table-striped\">\n<tr>\n<td>                V\u00fd\u0161ka v mm            <\/td>\n<td>                32            <\/td>\n<\/tr>\n<tr>\n<td>                Stm\u00edvateln\u00e9            <\/td>\n<td>                ne            <\/td>\n<\/tr>\n<tr>\n<td>                Hmotnost g            <\/td>\n<td>                103            <\/td>\n<\/tr>\n<tr>\n<td>                \u0160\u00ed\u0159ka v mm            <\/td>\n<td>                99            <\/td>\n<\/tr>\n<tr>\n<td>                D\u00e9lka v mm            <\/td>\n<td>                99            <\/td>\n<\/tr>\n<tr>\n<td>                Nap\u00e1jec\u00ed nap\u011bt\u00ed            <\/td>\n<td>                220-240V            <\/td>\n<\/tr>\n<tr>\n<td>                Patice            <\/td>\n<td>                LED            <\/td>\n<\/tr>\n<tr>\n<td>                Proudov\u00e9 zat\u00ed\u017een\u00ed            <\/td>\n<td>                10000mA            <\/td>\n<\/tr>\n<tr>\n<td>                V\u010detn\u011b sv\u011bteln\u00e9ho zdroje            <\/td>\n<td>                ne            <\/td>\n<\/tr>\n<tr>\n<td>                Barva            <\/td>\n<td>                \u010dern\u00e1            <\/td>\n<\/tr>\n<tr>\n<td>                Kolekce            <\/td>\n<td>                BINARY            <\/td>\n<\/tr>\n<tr>\n<td>                V\u00fdrobce            <\/td>\n<td>                CENTURY            <\/td>\n<\/tr>\n<\/table>\n<\/div><\/div>\n<\/div>\n<div class=\"accordion\" id=\"product-info-accordion2\">\n","protected":false},"excerpt":{"rendered":"<p>Parametry V\u00fd\u0161ka v mm 32 Stm\u00edvateln\u00e9 ne Hmotnost g 103 \u0160\u00ed\u0159ka v mm 99 D\u00e9lka v mm 99 Nap\u00e1jec\u00ed nap\u011bt\u00ed 220-240V Patice LED Proudov\u00e9 zat\u00ed\u017een\u00ed 10000mA V\u010detn\u011b sv\u011bteln\u00e9ho zdroje ne Barva \u010dern\u00e1 Kolekce BINARY V\u00fdrobce CENTURY<\/p>\n","protected":false},"featured_media":1256,"comment_status":"open","ping_status":"open","template":"","meta":[],"product_brand":[],"product_cat":[32],"product_tag":[],"class_list":{"0":"post-1156","1":"product","2":"type-product","3":"status-publish","4":"has-post-thumbnail","6":"product_cat-systemy","8":"first","9":"instock","10":"sale","11":"shipping-taxable","12":"purchasable","13":"product-type-simple"},"yoast_head":"<!-- This site is optimized with the Yoast SEO plugin v26.8 - https:\/\/yoast.com\/product\/yoast-seo-wordpress\/ -->\n<title>3-f\u00e1zov\u00fd roh \u010cern\u00fd - CENTURY Must-Have -<\/title>\n<meta name=\"robots\" content=\"index, follow, max-snippet:-1, max-image-preview:large, max-video-preview:-1\" \/>\n<link rel=\"canonical\" href=\"https:\/\/www.koupelnapro.com\/index.php\/produkt\/3-fazovy-roh-cerny-century-must-have-1156\/\" \/>\n<meta property=\"og:locale\" content=\"cs_CZ\" \/>\n<meta property=\"og:type\" content=\"article\" \/>\n<meta property=\"og:title\" content=\"3-f\u00e1zov\u00fd roh \u010cern\u00fd - CENTURY Must-Have -\" \/>\n<meta property=\"og:description\" content=\"Parametry V\u00fd\u0161ka v mm 32 Stm\u00edvateln\u00e9 ne Hmotnost g 103 \u0160\u00ed\u0159ka v mm 99 D\u00e9lka v mm 99 Nap\u00e1jec\u00ed nap\u011bt\u00ed 220-240V Patice LED Proudov\u00e9 zat\u00ed\u017een\u00ed 10000mA V\u010detn\u011b sv\u011bteln\u00e9ho zdroje ne Barva \u010dern\u00e1 Kolekce BINARY V\u00fdrobce CENTURY\" \/>\n<meta property=\"og:url\" content=\"https:\/\/www.koupelnapro.com\/index.php\/produkt\/3-fazovy-roh-cerny-century-must-have-1156\/\" \/>\n<meta property=\"og:image\" content=\"https:\/\/www.koupelnapro.com\/wp-content\/uploads\/2026\/SK0005289-CZ20260425-091535-0-1777079743-CEN-ACBNRNE-CNL.webp\" \/>\n\t<meta property=\"og:image:width\" content=\"1000\" \/>\n\t<meta property=\"og:image:height\" content=\"665\" \/>\n\t<meta property=\"og:image:type\" content=\"image\/webp\" \/>\n<meta name=\"twitter:card\" content=\"summary_large_image\" \/>\n<script type=\"application\/ld+json\" class=\"yoast-schema-graph\">{\"@context\":\"https:\/\/schema.org\",\"@graph\":[{\"@type\":\"WebPage\",\"@id\":\"https:\/\/www.koupelnapro.com\/index.php\/produkt\/3-fazovy-roh-cerny-century-must-have-1156\/\",\"url\":\"https:\/\/www.koupelnapro.com\/index.php\/produkt\/3-fazovy-roh-cerny-century-must-have-1156\/\",\"name\":\"3-f\u00e1zov\u00fd roh \u010cern\u00fd - CENTURY Must-Have -\",\"isPartOf\":{\"@id\":\"https:\/\/www.koupelnapro.com\/#website\"},\"primaryImageOfPage\":{\"@id\":\"https:\/\/www.koupelnapro.com\/index.php\/produkt\/3-fazovy-roh-cerny-century-must-have-1156\/#primaryimage\"},\"image\":{\"@id\":\"https:\/\/www.koupelnapro.com\/index.php\/produkt\/3-fazovy-roh-cerny-century-must-have-1156\/#primaryimage\"},\"thumbnailUrl\":\"https:\/\/www.koupelnapro.com\/wp-content\/uploads\/2026\/SK0005289-CZ20260425-091535-0-1777079743-CEN-ACBNRNE-CNL.webp\",\"datePublished\":\"2026-04-26T09:13:08+00:00\",\"breadcrumb\":{\"@id\":\"https:\/\/www.koupelnapro.com\/index.php\/produkt\/3-fazovy-roh-cerny-century-must-have-1156\/#breadcrumb\"},\"inLanguage\":\"cs\",\"potentialAction\":[{\"@type\":\"ReadAction\",\"target\":[\"https:\/\/www.koupelnapro.com\/index.php\/produkt\/3-fazovy-roh-cerny-century-must-have-1156\/\"]}]},{\"@type\":\"ImageObject\",\"inLanguage\":\"cs\",\"@id\":\"https:\/\/www.koupelnapro.com\/index.php\/produkt\/3-fazovy-roh-cerny-century-must-have-1156\/#primaryimage\",\"url\":\"https:\/\/www.koupelnapro.com\/wp-content\/uploads\/2026\/SK0005289-CZ20260425-091535-0-1777079743-CEN-ACBNRNE-CNL.webp\",\"contentUrl\":\"https:\/\/www.koupelnapro.com\/wp-content\/uploads\/2026\/SK0005289-CZ20260425-091535-0-1777079743-CEN-ACBNRNE-CNL.webp\",\"width\":1000,\"height\":665},{\"@type\":\"BreadcrumbList\",\"@id\":\"https:\/\/www.koupelnapro.com\/index.php\/produkt\/3-fazovy-roh-cerny-century-must-have-1156\/#breadcrumb\",\"itemListElement\":[{\"@type\":\"ListItem\",\"position\":1,\"name\":\"Home\",\"item\":\"https:\/\/www.koupelnapro.com\/\"},{\"@type\":\"ListItem\",\"position\":2,\"name\":\"Products\",\"item\":\"https:\/\/www.koupelnapro.com\/index.php\/products\/\"},{\"@type\":\"ListItem\",\"position\":3,\"name\":\"3-f\u00e1zov\u00fd roh \u010cern\u00fd &#8211; CENTURY Must-Have\"}]},{\"@type\":\"WebSite\",\"@id\":\"https:\/\/www.koupelnapro.com\/#website\",\"url\":\"https:\/\/www.koupelnapro.com\/\",\"name\":\"\",\"description\":\"\",\"potentialAction\":[{\"@type\":\"SearchAction\",\"target\":{\"@type\":\"EntryPoint\",\"urlTemplate\":\"https:\/\/www.koupelnapro.com\/?s={search_term_string}\"},\"query-input\":{\"@type\":\"PropertyValueSpecification\",\"valueRequired\":true,\"valueName\":\"search_term_string\"}}],\"inLanguage\":\"cs\"}]}<\/script>\n<!-- \/ Yoast SEO plugin. -->","yoast_head_json":{"title":"3-f\u00e1zov\u00fd roh \u010cern\u00fd - CENTURY Must-Have -","robots":{"index":"index","follow":"follow","max-snippet":"max-snippet:-1","max-image-preview":"max-image-preview:large","max-video-preview":"max-video-preview:-1"},"canonical":"https:\/\/www.koupelnapro.com\/index.php\/produkt\/3-fazovy-roh-cerny-century-must-have-1156\/","og_locale":"cs_CZ","og_type":"article","og_title":"3-f\u00e1zov\u00fd roh \u010cern\u00fd - CENTURY Must-Have -","og_description":"Parametry V\u00fd\u0161ka v mm 32 Stm\u00edvateln\u00e9 ne Hmotnost g 103 \u0160\u00ed\u0159ka v mm 99 D\u00e9lka v mm 99 Nap\u00e1jec\u00ed nap\u011bt\u00ed 220-240V Patice LED Proudov\u00e9 zat\u00ed\u017een\u00ed 10000mA V\u010detn\u011b sv\u011bteln\u00e9ho zdroje ne Barva \u010dern\u00e1 Kolekce BINARY V\u00fdrobce CENTURY","og_url":"https:\/\/www.koupelnapro.com\/index.php\/produkt\/3-fazovy-roh-cerny-century-must-have-1156\/","og_image":[{"width":1000,"height":665,"url":"https:\/\/www.koupelnapro.com\/wp-content\/uploads\/2026\/SK0005289-CZ20260425-091535-0-1777079743-CEN-ACBNRNE-CNL.webp","type":"image\/webp"}],"twitter_card":"summary_large_image","schema":{"@context":"https:\/\/schema.org","@graph":[{"@type":"WebPage","@id":"https:\/\/www.koupelnapro.com\/index.php\/produkt\/3-fazovy-roh-cerny-century-must-have-1156\/","url":"https:\/\/www.koupelnapro.com\/index.php\/produkt\/3-fazovy-roh-cerny-century-must-have-1156\/","name":"3-f\u00e1zov\u00fd roh \u010cern\u00fd - CENTURY Must-Have -","isPartOf":{"@id":"https:\/\/www.koupelnapro.com\/#website"},"primaryImageOfPage":{"@id":"https:\/\/www.koupelnapro.com\/index.php\/produkt\/3-fazovy-roh-cerny-century-must-have-1156\/#primaryimage"},"image":{"@id":"https:\/\/www.koupelnapro.com\/index.php\/produkt\/3-fazovy-roh-cerny-century-must-have-1156\/#primaryimage"},"thumbnailUrl":"https:\/\/www.koupelnapro.com\/wp-content\/uploads\/2026\/SK0005289-CZ20260425-091535-0-1777079743-CEN-ACBNRNE-CNL.webp","datePublished":"2026-04-26T09:13:08+00:00","breadcrumb":{"@id":"https:\/\/www.koupelnapro.com\/index.php\/produkt\/3-fazovy-roh-cerny-century-must-have-1156\/#breadcrumb"},"inLanguage":"cs","potentialAction":[{"@type":"ReadAction","target":["https:\/\/www.koupelnapro.com\/index.php\/produkt\/3-fazovy-roh-cerny-century-must-have-1156\/"]}]},{"@type":"ImageObject","inLanguage":"cs","@id":"https:\/\/www.koupelnapro.com\/index.php\/produkt\/3-fazovy-roh-cerny-century-must-have-1156\/#primaryimage","url":"https:\/\/www.koupelnapro.com\/wp-content\/uploads\/2026\/SK0005289-CZ20260425-091535-0-1777079743-CEN-ACBNRNE-CNL.webp","contentUrl":"https:\/\/www.koupelnapro.com\/wp-content\/uploads\/2026\/SK0005289-CZ20260425-091535-0-1777079743-CEN-ACBNRNE-CNL.webp","width":1000,"height":665},{"@type":"BreadcrumbList","@id":"https:\/\/www.koupelnapro.com\/index.php\/produkt\/3-fazovy-roh-cerny-century-must-have-1156\/#breadcrumb","itemListElement":[{"@type":"ListItem","position":1,"name":"Home","item":"https:\/\/www.koupelnapro.com\/"},{"@type":"ListItem","position":2,"name":"Products","item":"https:\/\/www.koupelnapro.com\/index.php\/products\/"},{"@type":"ListItem","position":3,"name":"3-f\u00e1zov\u00fd roh \u010cern\u00fd &#8211; CENTURY Must-Have"}]},{"@type":"WebSite","@id":"https:\/\/www.koupelnapro.com\/#website","url":"https:\/\/www.koupelnapro.com\/","name":"","description":"","potentialAction":[{"@type":"SearchAction","target":{"@type":"EntryPoint","urlTemplate":"https:\/\/www.koupelnapro.com\/?s={search_term_string}"},"query-input":{"@type":"PropertyValueSpecification","valueRequired":true,"valueName":"search_term_string"}}],"inLanguage":"cs"}]}},"_links":{"self":[{"href":"https:\/\/www.koupelnapro.com\/index.php\/wp-json\/wp\/v2\/product\/1156","targetHints":{"allow":["GET"]}}],"collection":[{"href":"https:\/\/www.koupelnapro.com\/index.php\/wp-json\/wp\/v2\/product"}],"about":[{"href":"https:\/\/www.koupelnapro.com\/index.php\/wp-json\/wp\/v2\/types\/product"}],"replies":[{"embeddable":true,"href":"https:\/\/www.koupelnapro.com\/index.php\/wp-json\/wp\/v2\/comments?post=1156"}],"wp:featuredmedia":[{"embeddable":true,"href":"https:\/\/www.koupelnapro.com\/index.php\/wp-json\/wp\/v2\/media\/1256"}],"wp:attachment":[{"href":"https:\/\/www.koupelnapro.com\/index.php\/wp-json\/wp\/v2\/media?parent=1156"}],"wp:term":[{"taxonomy":"product_brand","embeddable":true,"href":"https:\/\/www.koupelnapro.com\/index.php\/wp-json\/wp\/v2\/product_brand?post=1156"},{"taxonomy":"product_cat","embeddable":true,"href":"https:\/\/www.koupelnapro.com\/index.php\/wp-json\/wp\/v2\/product_cat?post=1156"},{"taxonomy":"product_tag","embeddable":true,"href":"https:\/\/www.koupelnapro.com\/index.php\/wp-json\/wp\/v2\/product_tag?post=1156"}],"curies":[{"name":"wp","href":"https:\/\/api.w.org\/{rel}","templated":true}]}}