{"id":11388,"date":"2026-04-26T09:13:33","date_gmt":"2026-04-26T09:13:33","guid":{"rendered":""},"modified":"2026-04-26T09:13:33","modified_gmt":"2026-04-26T09:13:33","slug":"doprava-zdarma-kabel-prodluzovaci-20m-250v-oranzova-11388","status":"publish","type":"product","link":"https:\/\/www.koupelnapro.com\/index.php\/produkt\/doprava-zdarma-kabel-prodluzovaci-20m-250v-oranzova-11388\/","title":{"rendered":"Doprava Zdarma Kabel prodlu\u017eovac\u00ed 20m\/250V, oran\u017eov\u00e1"},"content":{"rendered":"<div class=\"tmc_edt\">\n<p>Oran\u017eov\u00fd prodlu\u017eovac\u00ed p\u0159\u00edvod s jednou z\u00e1suvkou &#8211; spojka, d\u00e9lkou 20 m a pr\u016f\u0159ezem vodi\u010de 1,5 mm2. Vhodn\u00fd pro maxim\u00e1ln\u00ed z\u00e1t\u011b\u017e 16 A max. Prodlu\u017eovac\u00ed p\u0159\u00edvod 20 m na 230 V~ slou\u017e\u00ed k prodlou\u017een\u00ed elektrick\u00e9 energie tam, kam pevn\u00e1 z\u00e1suvka nedos\u00e1hne.<\/p>\n<\/p><\/div>\n<\/p><\/div>\n","protected":false},"excerpt":{"rendered":"<p>Oran\u017eov\u00fd prodlu\u017eovac\u00ed p\u0159\u00edvod s jednou z\u00e1suvkou &#8211; spojka, d\u00e9lkou 20 m a pr\u016f\u0159ezem vodi\u010de 1,5 mm2. Vhodn\u00fd pro maxim\u00e1ln\u00ed z\u00e1t\u011b\u017e 16 A max. Prodlu\u017eovac\u00ed p\u0159\u00edvod 20 m na 230 V~ slou\u017e\u00ed k prodlou\u017een\u00ed elektrick\u00e9 energie tam, kam pevn\u00e1 z\u00e1suvka nedos\u00e1hne.<\/p>\n","protected":false},"featured_media":11488,"comment_status":"open","ping_status":"open","template":"","meta":[],"product_brand":[],"product_cat":[70],"product_tag":[],"class_list":{"0":"post-11388","1":"product","2":"type-product","3":"status-publish","4":"has-post-thumbnail","6":"product_cat-elektro","8":"first","9":"instock","10":"sale","11":"shipping-taxable","12":"purchasable","13":"product-type-simple"},"yoast_head":"<!-- This site is optimized with the Yoast SEO plugin v26.8 - https:\/\/yoast.com\/product\/yoast-seo-wordpress\/ -->\n<title>Doprava Zdarma Kabel prodlu\u017eovac\u00ed 20m\/250V, oran\u017eov\u00e1 -<\/title>\n<meta name=\"robots\" content=\"index, follow, max-snippet:-1, max-image-preview:large, max-video-preview:-1\" \/>\n<link rel=\"canonical\" href=\"https:\/\/www.koupelnapro.com\/index.php\/produkt\/doprava-zdarma-kabel-prodluzovaci-20m-250v-oranzova-11388\/\" \/>\n<meta property=\"og:locale\" content=\"cs_CZ\" \/>\n<meta property=\"og:type\" content=\"article\" \/>\n<meta property=\"og:title\" content=\"Doprava Zdarma Kabel prodlu\u017eovac\u00ed 20m\/250V, oran\u017eov\u00e1 -\" \/>\n<meta property=\"og:description\" content=\"Oran\u017eov\u00fd prodlu\u017eovac\u00ed p\u0159\u00edvod s jednou z\u00e1suvkou &#8211; spojka, d\u00e9lkou 20 m a pr\u016f\u0159ezem vodi\u010de 1,5 mm2. Vhodn\u00fd pro maxim\u00e1ln\u00ed z\u00e1t\u011b\u017e 16 A max. Prodlu\u017eovac\u00ed p\u0159\u00edvod 20 m na 230 V~ slou\u017e\u00ed k prodlou\u017een\u00ed elektrick\u00e9 energie tam, kam pevn\u00e1 z\u00e1suvka nedos\u00e1hne.\" \/>\n<meta property=\"og:url\" content=\"https:\/\/www.koupelnapro.com\/index.php\/produkt\/doprava-zdarma-kabel-prodluzovaci-20m-250v-oranzova-11388\/\" \/>\n<meta property=\"og:image\" content=\"https:\/\/www.koupelnapro.com\/wp-content\/uploads\/2026\/SK0004148-CZ20260425-091813-0-1777079894-gall_7ddb7937-d937-4671-98f3-b438845c8489109071-108020-kabe.webp\" \/>\n\t<meta property=\"og:image:width\" content=\"420\" \/>\n\t<meta property=\"og:image:height\" content=\"280\" \/>\n\t<meta property=\"og:image:type\" content=\"image\/webp\" \/>\n<meta name=\"twitter:card\" content=\"summary_large_image\" \/>\n<script type=\"application\/ld+json\" class=\"yoast-schema-graph\">{\"@context\":\"https:\/\/schema.org\",\"@graph\":[{\"@type\":\"WebPage\",\"@id\":\"https:\/\/www.koupelnapro.com\/index.php\/produkt\/doprava-zdarma-kabel-prodluzovaci-20m-250v-oranzova-11388\/\",\"url\":\"https:\/\/www.koupelnapro.com\/index.php\/produkt\/doprava-zdarma-kabel-prodluzovaci-20m-250v-oranzova-11388\/\",\"name\":\"Doprava Zdarma Kabel prodlu\u017eovac\u00ed 20m\/250V, oran\u017eov\u00e1 -\",\"isPartOf\":{\"@id\":\"https:\/\/www.koupelnapro.com\/#website\"},\"primaryImageOfPage\":{\"@id\":\"https:\/\/www.koupelnapro.com\/index.php\/produkt\/doprava-zdarma-kabel-prodluzovaci-20m-250v-oranzova-11388\/#primaryimage\"},\"image\":{\"@id\":\"https:\/\/www.koupelnapro.com\/index.php\/produkt\/doprava-zdarma-kabel-prodluzovaci-20m-250v-oranzova-11388\/#primaryimage\"},\"thumbnailUrl\":\"https:\/\/www.koupelnapro.com\/wp-content\/uploads\/2026\/SK0004148-CZ20260425-091813-0-1777079894-gall_7ddb7937-d937-4671-98f3-b438845c8489109071-108020-kabe.webp\",\"datePublished\":\"2026-04-26T09:13:33+00:00\",\"breadcrumb\":{\"@id\":\"https:\/\/www.koupelnapro.com\/index.php\/produkt\/doprava-zdarma-kabel-prodluzovaci-20m-250v-oranzova-11388\/#breadcrumb\"},\"inLanguage\":\"cs\",\"potentialAction\":[{\"@type\":\"ReadAction\",\"target\":[\"https:\/\/www.koupelnapro.com\/index.php\/produkt\/doprava-zdarma-kabel-prodluzovaci-20m-250v-oranzova-11388\/\"]}]},{\"@type\":\"ImageObject\",\"inLanguage\":\"cs\",\"@id\":\"https:\/\/www.koupelnapro.com\/index.php\/produkt\/doprava-zdarma-kabel-prodluzovaci-20m-250v-oranzova-11388\/#primaryimage\",\"url\":\"https:\/\/www.koupelnapro.com\/wp-content\/uploads\/2026\/SK0004148-CZ20260425-091813-0-1777079894-gall_7ddb7937-d937-4671-98f3-b438845c8489109071-108020-kabe.webp\",\"contentUrl\":\"https:\/\/www.koupelnapro.com\/wp-content\/uploads\/2026\/SK0004148-CZ20260425-091813-0-1777079894-gall_7ddb7937-d937-4671-98f3-b438845c8489109071-108020-kabe.webp\",\"width\":420,\"height\":280},{\"@type\":\"BreadcrumbList\",\"@id\":\"https:\/\/www.koupelnapro.com\/index.php\/produkt\/doprava-zdarma-kabel-prodluzovaci-20m-250v-oranzova-11388\/#breadcrumb\",\"itemListElement\":[{\"@type\":\"ListItem\",\"position\":1,\"name\":\"Home\",\"item\":\"https:\/\/www.koupelnapro.com\/\"},{\"@type\":\"ListItem\",\"position\":2,\"name\":\"Products\",\"item\":\"https:\/\/www.koupelnapro.com\/index.php\/products\/\"},{\"@type\":\"ListItem\",\"position\":3,\"name\":\"Doprava Zdarma Kabel prodlu\u017eovac\u00ed 20m\/250V, oran\u017eov\u00e1\"}]},{\"@type\":\"WebSite\",\"@id\":\"https:\/\/www.koupelnapro.com\/#website\",\"url\":\"https:\/\/www.koupelnapro.com\/\",\"name\":\"\",\"description\":\"\",\"potentialAction\":[{\"@type\":\"SearchAction\",\"target\":{\"@type\":\"EntryPoint\",\"urlTemplate\":\"https:\/\/www.koupelnapro.com\/?s={search_term_string}\"},\"query-input\":{\"@type\":\"PropertyValueSpecification\",\"valueRequired\":true,\"valueName\":\"search_term_string\"}}],\"inLanguage\":\"cs\"}]}<\/script>\n<!-- \/ Yoast SEO plugin. -->","yoast_head_json":{"title":"Doprava Zdarma Kabel prodlu\u017eovac\u00ed 20m\/250V, oran\u017eov\u00e1 -","robots":{"index":"index","follow":"follow","max-snippet":"max-snippet:-1","max-image-preview":"max-image-preview:large","max-video-preview":"max-video-preview:-1"},"canonical":"https:\/\/www.koupelnapro.com\/index.php\/produkt\/doprava-zdarma-kabel-prodluzovaci-20m-250v-oranzova-11388\/","og_locale":"cs_CZ","og_type":"article","og_title":"Doprava Zdarma Kabel prodlu\u017eovac\u00ed 20m\/250V, oran\u017eov\u00e1 -","og_description":"Oran\u017eov\u00fd prodlu\u017eovac\u00ed p\u0159\u00edvod s jednou z\u00e1suvkou &#8211; spojka, d\u00e9lkou 20 m a pr\u016f\u0159ezem vodi\u010de 1,5 mm2. Vhodn\u00fd pro maxim\u00e1ln\u00ed z\u00e1t\u011b\u017e 16 A max. Prodlu\u017eovac\u00ed p\u0159\u00edvod 20 m na 230 V~ slou\u017e\u00ed k prodlou\u017een\u00ed elektrick\u00e9 energie tam, kam pevn\u00e1 z\u00e1suvka nedos\u00e1hne.","og_url":"https:\/\/www.koupelnapro.com\/index.php\/produkt\/doprava-zdarma-kabel-prodluzovaci-20m-250v-oranzova-11388\/","og_image":[{"width":420,"height":280,"url":"https:\/\/www.koupelnapro.com\/wp-content\/uploads\/2026\/SK0004148-CZ20260425-091813-0-1777079894-gall_7ddb7937-d937-4671-98f3-b438845c8489109071-108020-kabe.webp","type":"image\/webp"}],"twitter_card":"summary_large_image","schema":{"@context":"https:\/\/schema.org","@graph":[{"@type":"WebPage","@id":"https:\/\/www.koupelnapro.com\/index.php\/produkt\/doprava-zdarma-kabel-prodluzovaci-20m-250v-oranzova-11388\/","url":"https:\/\/www.koupelnapro.com\/index.php\/produkt\/doprava-zdarma-kabel-prodluzovaci-20m-250v-oranzova-11388\/","name":"Doprava Zdarma Kabel prodlu\u017eovac\u00ed 20m\/250V, oran\u017eov\u00e1 -","isPartOf":{"@id":"https:\/\/www.koupelnapro.com\/#website"},"primaryImageOfPage":{"@id":"https:\/\/www.koupelnapro.com\/index.php\/produkt\/doprava-zdarma-kabel-prodluzovaci-20m-250v-oranzova-11388\/#primaryimage"},"image":{"@id":"https:\/\/www.koupelnapro.com\/index.php\/produkt\/doprava-zdarma-kabel-prodluzovaci-20m-250v-oranzova-11388\/#primaryimage"},"thumbnailUrl":"https:\/\/www.koupelnapro.com\/wp-content\/uploads\/2026\/SK0004148-CZ20260425-091813-0-1777079894-gall_7ddb7937-d937-4671-98f3-b438845c8489109071-108020-kabe.webp","datePublished":"2026-04-26T09:13:33+00:00","breadcrumb":{"@id":"https:\/\/www.koupelnapro.com\/index.php\/produkt\/doprava-zdarma-kabel-prodluzovaci-20m-250v-oranzova-11388\/#breadcrumb"},"inLanguage":"cs","potentialAction":[{"@type":"ReadAction","target":["https:\/\/www.koupelnapro.com\/index.php\/produkt\/doprava-zdarma-kabel-prodluzovaci-20m-250v-oranzova-11388\/"]}]},{"@type":"ImageObject","inLanguage":"cs","@id":"https:\/\/www.koupelnapro.com\/index.php\/produkt\/doprava-zdarma-kabel-prodluzovaci-20m-250v-oranzova-11388\/#primaryimage","url":"https:\/\/www.koupelnapro.com\/wp-content\/uploads\/2026\/SK0004148-CZ20260425-091813-0-1777079894-gall_7ddb7937-d937-4671-98f3-b438845c8489109071-108020-kabe.webp","contentUrl":"https:\/\/www.koupelnapro.com\/wp-content\/uploads\/2026\/SK0004148-CZ20260425-091813-0-1777079894-gall_7ddb7937-d937-4671-98f3-b438845c8489109071-108020-kabe.webp","width":420,"height":280},{"@type":"BreadcrumbList","@id":"https:\/\/www.koupelnapro.com\/index.php\/produkt\/doprava-zdarma-kabel-prodluzovaci-20m-250v-oranzova-11388\/#breadcrumb","itemListElement":[{"@type":"ListItem","position":1,"name":"Home","item":"https:\/\/www.koupelnapro.com\/"},{"@type":"ListItem","position":2,"name":"Products","item":"https:\/\/www.koupelnapro.com\/index.php\/products\/"},{"@type":"ListItem","position":3,"name":"Doprava Zdarma Kabel prodlu\u017eovac\u00ed 20m\/250V, oran\u017eov\u00e1"}]},{"@type":"WebSite","@id":"https:\/\/www.koupelnapro.com\/#website","url":"https:\/\/www.koupelnapro.com\/","name":"","description":"","potentialAction":[{"@type":"SearchAction","target":{"@type":"EntryPoint","urlTemplate":"https:\/\/www.koupelnapro.com\/?s={search_term_string}"},"query-input":{"@type":"PropertyValueSpecification","valueRequired":true,"valueName":"search_term_string"}}],"inLanguage":"cs"}]}},"_links":{"self":[{"href":"https:\/\/www.koupelnapro.com\/index.php\/wp-json\/wp\/v2\/product\/11388","targetHints":{"allow":["GET"]}}],"collection":[{"href":"https:\/\/www.koupelnapro.com\/index.php\/wp-json\/wp\/v2\/product"}],"about":[{"href":"https:\/\/www.koupelnapro.com\/index.php\/wp-json\/wp\/v2\/types\/product"}],"replies":[{"embeddable":true,"href":"https:\/\/www.koupelnapro.com\/index.php\/wp-json\/wp\/v2\/comments?post=11388"}],"wp:featuredmedia":[{"embeddable":true,"href":"https:\/\/www.koupelnapro.com\/index.php\/wp-json\/wp\/v2\/media\/11488"}],"wp:attachment":[{"href":"https:\/\/www.koupelnapro.com\/index.php\/wp-json\/wp\/v2\/media?parent=11388"}],"wp:term":[{"taxonomy":"product_brand","embeddable":true,"href":"https:\/\/www.koupelnapro.com\/index.php\/wp-json\/wp\/v2\/product_brand?post=11388"},{"taxonomy":"product_cat","embeddable":true,"href":"https:\/\/www.koupelnapro.com\/index.php\/wp-json\/wp\/v2\/product_cat?post=11388"},{"taxonomy":"product_tag","embeddable":true,"href":"https:\/\/www.koupelnapro.com\/index.php\/wp-json\/wp\/v2\/product_tag?post=11388"}],"curies":[{"name":"wp","href":"https:\/\/api.w.org\/{rel}","templated":true}]}}