{"id":1100,"date":"2026-04-26T09:13:08","date_gmt":"2026-04-26T09:13:08","guid":{"rendered":""},"modified":"2026-04-26T09:13:08","modified_gmt":"2026-04-26T09:13:08","slug":"led-pasek-accento-230v-15w-m-strip-120led-5m-4000k-ip65-century-nizka-cena-1100","status":"publish","type":"product","link":"https:\/\/www.koupelnapro.com\/index.php\/produkt\/led-pasek-accento-230v-15w-m-strip-120led-5m-4000k-ip65-century-nizka-cena-1100\/","title":{"rendered":"LED p\u00e1sek ACCENTO 230V 15W\/m STRIP 120Led 5m 4000K IP65  &#8211; CENTURY N\u00edzk\u00e1 Cena"},"content":{"rendered":"<p><\/p>\n<div class=\"top-params\">\n<h3 class=\"product-h3 collapse-header \" data-toggle=\"collapse\" data-target=\"#collapseOne\" aria-expanded=\"true\" aria-controls=\"collapseOne\">Parametry<\/h3>\n<div id=\"collapseOne\" class=\"collapse show\" aria-labelledby=\"headingOne\" data-parent=\"#product-info-accordion1\">\n<table class=\"table-striped\">\n<tr>\n<td>                V\u00fd\u0161ka v mm            <\/td>\n<td>                5            <\/td>\n<\/tr>\n<tr>\n<td>                T\u0159\u00edda ochrany            <\/td>\n<td>                II            <\/td>\n<\/tr>\n<tr>\n<td>                \u00dahel z\u00e1\u0159en\u00ed            <\/td>\n<td>                120\u00b0            <\/td>\n<\/tr>\n<tr>\n<td>                Stm\u00edvateln\u00e9            <\/td>\n<td>                ano            <\/td>\n<\/tr>\n<tr>\n<td>                \u017divotnost            <\/td>\n<td>                50000h            <\/td>\n<\/tr>\n<tr>\n<td>                Po\u010det sepnut\u00ed            <\/td>\n<td>                25000            <\/td>\n<\/tr>\n<tr>\n<td>                Hmotnost g            <\/td>\n<td>                340            <\/td>\n<\/tr>\n<tr>\n<td>                Energetick\u00e1 \u00fa\u010dinnost            <\/td>\n<td>                E            <\/td>\n<\/tr>\n<tr>\n<td>                Index pod\u00e1n\u00ed barev            <\/td>\n<td>                80            <\/td>\n<\/tr>\n<tr>\n<td>                \u0160\u00ed\u0159ka v mm            <\/td>\n<td>                12            <\/td>\n<\/tr>\n<tr>\n<td>                D\u00e9lka v mm            <\/td>\n<td>                5000            <\/td>\n<\/tr>\n<tr>\n<td>                Ochrana IP            <\/td>\n<td>                IP65            <\/td>\n<\/tr>\n<tr>\n<td>                Sv\u011bteln\u00fd tok            <\/td>\n<td>                7400lm            <\/td>\n<\/tr>\n<tr>\n<td>                Teplota barvy sv\u011btla            <\/td>\n<td>                4000K            <\/td>\n<\/tr>\n<tr>\n<td>                Max. p\u0159\u00edkon sv\u011bteln\u00e9ho zdroje            <\/td>\n<td>                70W            <\/td>\n<\/tr>\n<tr>\n<td>                V\u00fdkon            <\/td>\n<td>                70W            <\/td>\n<\/tr>\n<tr>\n<td>                Nap\u00e1jec\u00ed nap\u011bt\u00ed            <\/td>\n<td>                220-240V            <\/td>\n<\/tr>\n<tr>\n<td>                Patice            <\/td>\n<td>                LED            <\/td>\n<\/tr>\n<tr>\n<td>                Proudov\u00e9 zat\u00ed\u017een\u00ed            <\/td>\n<td>                320mA            <\/td>\n<\/tr>\n<tr>\n<td>                V\u010detn\u011b sv\u011bteln\u00e9ho zdroje            <\/td>\n<td>                ano            <\/td>\n<\/tr>\n<tr>\n<td>                Kolekce            <\/td>\n<td>                ACCENTO 230V            <\/td>\n<\/tr>\n<tr>\n<td>                Okoln\u00ed teplota            <\/td>\n<td>                -15 +40 \u00b0C            <\/td>\n<\/tr>\n<tr>\n<td>                V\u00fdrobce            <\/td>\n<td>                CENTURY            <\/td>\n<\/tr>\n<\/table>\n<\/div><\/div>\n<\/div>\n<div class=\"accordion\" id=\"product-info-accordion2\">\n","protected":false},"excerpt":{"rendered":"<p>Parametry V\u00fd\u0161ka v mm 5 T\u0159\u00edda ochrany II \u00dahel z\u00e1\u0159en\u00ed 120\u00b0 Stm\u00edvateln\u00e9 ano \u017divotnost 50000h Po\u010det sepnut\u00ed 25000 Hmotnost g 340 Energetick\u00e1 \u00fa\u010dinnost E Index pod\u00e1n\u00ed barev 80 \u0160\u00ed\u0159ka v mm 12 D\u00e9lka v mm 5000 Ochrana IP IP65 Sv\u011bteln\u00fd tok 7400lm Teplota barvy sv\u011btla 4000K Max. p\u0159\u00edkon sv\u011bteln\u00e9ho zdroje 70W V\u00fdkon 70W Nap\u00e1jec\u00ed nap\u011bt\u00ed [&hellip;]<\/p>\n","protected":false},"featured_media":1200,"comment_status":"open","ping_status":"open","template":"","meta":[],"product_brand":[],"product_cat":[31],"product_tag":[],"class_list":{"0":"post-1100","1":"product","2":"type-product","3":"status-publish","4":"has-post-thumbnail","6":"product_cat-interierova-svitidla","8":"first","9":"instock","10":"sale","11":"shipping-taxable","12":"purchasable","13":"product-type-simple"},"yoast_head":"<!-- This site is optimized with the Yoast SEO plugin v26.8 - https:\/\/yoast.com\/product\/yoast-seo-wordpress\/ -->\n<title>LED p\u00e1sek ACCENTO 230V 15W\/m STRIP 120Led 5m 4000K IP65 - CENTURY N\u00edzk\u00e1 Cena -<\/title>\n<meta name=\"robots\" content=\"index, follow, max-snippet:-1, max-image-preview:large, max-video-preview:-1\" \/>\n<link rel=\"canonical\" href=\"https:\/\/www.koupelnapro.com\/index.php\/produkt\/led-pasek-accento-230v-15w-m-strip-120led-5m-4000k-ip65-century-nizka-cena-1100\/\" \/>\n<meta property=\"og:locale\" content=\"cs_CZ\" \/>\n<meta property=\"og:type\" content=\"article\" \/>\n<meta property=\"og:title\" content=\"LED p\u00e1sek ACCENTO 230V 15W\/m STRIP 120Led 5m 4000K IP65 - CENTURY N\u00edzk\u00e1 Cena -\" \/>\n<meta property=\"og:description\" content=\"Parametry V\u00fd\u0161ka v mm 5 T\u0159\u00edda ochrany II \u00dahel z\u00e1\u0159en\u00ed 120\u00b0 Stm\u00edvateln\u00e9 ano \u017divotnost 50000h Po\u010det sepnut\u00ed 25000 Hmotnost g 340 Energetick\u00e1 \u00fa\u010dinnost E Index pod\u00e1n\u00ed barev 80 \u0160\u00ed\u0159ka v mm 12 D\u00e9lka v mm 5000 Ochrana IP IP65 Sv\u011bteln\u00fd tok 7400lm Teplota barvy sv\u011btla 4000K Max. p\u0159\u00edkon sv\u011bteln\u00e9ho zdroje 70W V\u00fdkon 70W Nap\u00e1jec\u00ed nap\u011bt\u00ed [&hellip;]\" \/>\n<meta property=\"og:url\" content=\"https:\/\/www.koupelnapro.com\/index.php\/produkt\/led-pasek-accento-230v-15w-m-strip-120led-5m-4000k-ip65-century-nizka-cena-1100\/\" \/>\n<meta property=\"og:image\" content=\"https:\/\/www.koupelnapro.com\/wp-content\/uploads\/2026\/SK0005233-CZ20260425-091535-0-1777079743-CEN-AC5230-1512040.webp\" \/>\n\t<meta property=\"og:image:width\" content=\"1000\" \/>\n\t<meta property=\"og:image:height\" content=\"669\" \/>\n\t<meta property=\"og:image:type\" content=\"image\/webp\" \/>\n<meta name=\"twitter:card\" content=\"summary_large_image\" \/>\n<script type=\"application\/ld+json\" class=\"yoast-schema-graph\">{\"@context\":\"https:\/\/schema.org\",\"@graph\":[{\"@type\":\"WebPage\",\"@id\":\"https:\/\/www.koupelnapro.com\/index.php\/produkt\/led-pasek-accento-230v-15w-m-strip-120led-5m-4000k-ip65-century-nizka-cena-1100\/\",\"url\":\"https:\/\/www.koupelnapro.com\/index.php\/produkt\/led-pasek-accento-230v-15w-m-strip-120led-5m-4000k-ip65-century-nizka-cena-1100\/\",\"name\":\"LED p\u00e1sek ACCENTO 230V 15W\/m STRIP 120Led 5m 4000K IP65 - CENTURY N\u00edzk\u00e1 Cena -\",\"isPartOf\":{\"@id\":\"https:\/\/www.koupelnapro.com\/#website\"},\"primaryImageOfPage\":{\"@id\":\"https:\/\/www.koupelnapro.com\/index.php\/produkt\/led-pasek-accento-230v-15w-m-strip-120led-5m-4000k-ip65-century-nizka-cena-1100\/#primaryimage\"},\"image\":{\"@id\":\"https:\/\/www.koupelnapro.com\/index.php\/produkt\/led-pasek-accento-230v-15w-m-strip-120led-5m-4000k-ip65-century-nizka-cena-1100\/#primaryimage\"},\"thumbnailUrl\":\"https:\/\/www.koupelnapro.com\/wp-content\/uploads\/2026\/SK0005233-CZ20260425-091535-0-1777079743-CEN-AC5230-1512040.webp\",\"datePublished\":\"2026-04-26T09:13:08+00:00\",\"breadcrumb\":{\"@id\":\"https:\/\/www.koupelnapro.com\/index.php\/produkt\/led-pasek-accento-230v-15w-m-strip-120led-5m-4000k-ip65-century-nizka-cena-1100\/#breadcrumb\"},\"inLanguage\":\"cs\",\"potentialAction\":[{\"@type\":\"ReadAction\",\"target\":[\"https:\/\/www.koupelnapro.com\/index.php\/produkt\/led-pasek-accento-230v-15w-m-strip-120led-5m-4000k-ip65-century-nizka-cena-1100\/\"]}]},{\"@type\":\"ImageObject\",\"inLanguage\":\"cs\",\"@id\":\"https:\/\/www.koupelnapro.com\/index.php\/produkt\/led-pasek-accento-230v-15w-m-strip-120led-5m-4000k-ip65-century-nizka-cena-1100\/#primaryimage\",\"url\":\"https:\/\/www.koupelnapro.com\/wp-content\/uploads\/2026\/SK0005233-CZ20260425-091535-0-1777079743-CEN-AC5230-1512040.webp\",\"contentUrl\":\"https:\/\/www.koupelnapro.com\/wp-content\/uploads\/2026\/SK0005233-CZ20260425-091535-0-1777079743-CEN-AC5230-1512040.webp\",\"width\":1000,\"height\":669},{\"@type\":\"BreadcrumbList\",\"@id\":\"https:\/\/www.koupelnapro.com\/index.php\/produkt\/led-pasek-accento-230v-15w-m-strip-120led-5m-4000k-ip65-century-nizka-cena-1100\/#breadcrumb\",\"itemListElement\":[{\"@type\":\"ListItem\",\"position\":1,\"name\":\"Home\",\"item\":\"https:\/\/www.koupelnapro.com\/\"},{\"@type\":\"ListItem\",\"position\":2,\"name\":\"Products\",\"item\":\"https:\/\/www.koupelnapro.com\/index.php\/products\/\"},{\"@type\":\"ListItem\",\"position\":3,\"name\":\"LED p\u00e1sek ACCENTO 230V 15W\/m STRIP 120Led 5m 4000K IP65 &#8211; CENTURY N\u00edzk\u00e1 Cena\"}]},{\"@type\":\"WebSite\",\"@id\":\"https:\/\/www.koupelnapro.com\/#website\",\"url\":\"https:\/\/www.koupelnapro.com\/\",\"name\":\"\",\"description\":\"\",\"potentialAction\":[{\"@type\":\"SearchAction\",\"target\":{\"@type\":\"EntryPoint\",\"urlTemplate\":\"https:\/\/www.koupelnapro.com\/?s={search_term_string}\"},\"query-input\":{\"@type\":\"PropertyValueSpecification\",\"valueRequired\":true,\"valueName\":\"search_term_string\"}}],\"inLanguage\":\"cs\"}]}<\/script>\n<!-- \/ Yoast SEO plugin. -->","yoast_head_json":{"title":"LED p\u00e1sek ACCENTO 230V 15W\/m STRIP 120Led 5m 4000K IP65 - CENTURY N\u00edzk\u00e1 Cena -","robots":{"index":"index","follow":"follow","max-snippet":"max-snippet:-1","max-image-preview":"max-image-preview:large","max-video-preview":"max-video-preview:-1"},"canonical":"https:\/\/www.koupelnapro.com\/index.php\/produkt\/led-pasek-accento-230v-15w-m-strip-120led-5m-4000k-ip65-century-nizka-cena-1100\/","og_locale":"cs_CZ","og_type":"article","og_title":"LED p\u00e1sek ACCENTO 230V 15W\/m STRIP 120Led 5m 4000K IP65 - CENTURY N\u00edzk\u00e1 Cena -","og_description":"Parametry V\u00fd\u0161ka v mm 5 T\u0159\u00edda ochrany II \u00dahel z\u00e1\u0159en\u00ed 120\u00b0 Stm\u00edvateln\u00e9 ano \u017divotnost 50000h Po\u010det sepnut\u00ed 25000 Hmotnost g 340 Energetick\u00e1 \u00fa\u010dinnost E Index pod\u00e1n\u00ed barev 80 \u0160\u00ed\u0159ka v mm 12 D\u00e9lka v mm 5000 Ochrana IP IP65 Sv\u011bteln\u00fd tok 7400lm Teplota barvy sv\u011btla 4000K Max. p\u0159\u00edkon sv\u011bteln\u00e9ho zdroje 70W V\u00fdkon 70W Nap\u00e1jec\u00ed nap\u011bt\u00ed [&hellip;]","og_url":"https:\/\/www.koupelnapro.com\/index.php\/produkt\/led-pasek-accento-230v-15w-m-strip-120led-5m-4000k-ip65-century-nizka-cena-1100\/","og_image":[{"width":1000,"height":669,"url":"https:\/\/www.koupelnapro.com\/wp-content\/uploads\/2026\/SK0005233-CZ20260425-091535-0-1777079743-CEN-AC5230-1512040.webp","type":"image\/webp"}],"twitter_card":"summary_large_image","schema":{"@context":"https:\/\/schema.org","@graph":[{"@type":"WebPage","@id":"https:\/\/www.koupelnapro.com\/index.php\/produkt\/led-pasek-accento-230v-15w-m-strip-120led-5m-4000k-ip65-century-nizka-cena-1100\/","url":"https:\/\/www.koupelnapro.com\/index.php\/produkt\/led-pasek-accento-230v-15w-m-strip-120led-5m-4000k-ip65-century-nizka-cena-1100\/","name":"LED p\u00e1sek ACCENTO 230V 15W\/m STRIP 120Led 5m 4000K IP65 - CENTURY N\u00edzk\u00e1 Cena -","isPartOf":{"@id":"https:\/\/www.koupelnapro.com\/#website"},"primaryImageOfPage":{"@id":"https:\/\/www.koupelnapro.com\/index.php\/produkt\/led-pasek-accento-230v-15w-m-strip-120led-5m-4000k-ip65-century-nizka-cena-1100\/#primaryimage"},"image":{"@id":"https:\/\/www.koupelnapro.com\/index.php\/produkt\/led-pasek-accento-230v-15w-m-strip-120led-5m-4000k-ip65-century-nizka-cena-1100\/#primaryimage"},"thumbnailUrl":"https:\/\/www.koupelnapro.com\/wp-content\/uploads\/2026\/SK0005233-CZ20260425-091535-0-1777079743-CEN-AC5230-1512040.webp","datePublished":"2026-04-26T09:13:08+00:00","breadcrumb":{"@id":"https:\/\/www.koupelnapro.com\/index.php\/produkt\/led-pasek-accento-230v-15w-m-strip-120led-5m-4000k-ip65-century-nizka-cena-1100\/#breadcrumb"},"inLanguage":"cs","potentialAction":[{"@type":"ReadAction","target":["https:\/\/www.koupelnapro.com\/index.php\/produkt\/led-pasek-accento-230v-15w-m-strip-120led-5m-4000k-ip65-century-nizka-cena-1100\/"]}]},{"@type":"ImageObject","inLanguage":"cs","@id":"https:\/\/www.koupelnapro.com\/index.php\/produkt\/led-pasek-accento-230v-15w-m-strip-120led-5m-4000k-ip65-century-nizka-cena-1100\/#primaryimage","url":"https:\/\/www.koupelnapro.com\/wp-content\/uploads\/2026\/SK0005233-CZ20260425-091535-0-1777079743-CEN-AC5230-1512040.webp","contentUrl":"https:\/\/www.koupelnapro.com\/wp-content\/uploads\/2026\/SK0005233-CZ20260425-091535-0-1777079743-CEN-AC5230-1512040.webp","width":1000,"height":669},{"@type":"BreadcrumbList","@id":"https:\/\/www.koupelnapro.com\/index.php\/produkt\/led-pasek-accento-230v-15w-m-strip-120led-5m-4000k-ip65-century-nizka-cena-1100\/#breadcrumb","itemListElement":[{"@type":"ListItem","position":1,"name":"Home","item":"https:\/\/www.koupelnapro.com\/"},{"@type":"ListItem","position":2,"name":"Products","item":"https:\/\/www.koupelnapro.com\/index.php\/products\/"},{"@type":"ListItem","position":3,"name":"LED p\u00e1sek ACCENTO 230V 15W\/m STRIP 120Led 5m 4000K IP65 &#8211; CENTURY N\u00edzk\u00e1 Cena"}]},{"@type":"WebSite","@id":"https:\/\/www.koupelnapro.com\/#website","url":"https:\/\/www.koupelnapro.com\/","name":"","description":"","potentialAction":[{"@type":"SearchAction","target":{"@type":"EntryPoint","urlTemplate":"https:\/\/www.koupelnapro.com\/?s={search_term_string}"},"query-input":{"@type":"PropertyValueSpecification","valueRequired":true,"valueName":"search_term_string"}}],"inLanguage":"cs"}]}},"_links":{"self":[{"href":"https:\/\/www.koupelnapro.com\/index.php\/wp-json\/wp\/v2\/product\/1100","targetHints":{"allow":["GET"]}}],"collection":[{"href":"https:\/\/www.koupelnapro.com\/index.php\/wp-json\/wp\/v2\/product"}],"about":[{"href":"https:\/\/www.koupelnapro.com\/index.php\/wp-json\/wp\/v2\/types\/product"}],"replies":[{"embeddable":true,"href":"https:\/\/www.koupelnapro.com\/index.php\/wp-json\/wp\/v2\/comments?post=1100"}],"wp:featuredmedia":[{"embeddable":true,"href":"https:\/\/www.koupelnapro.com\/index.php\/wp-json\/wp\/v2\/media\/1200"}],"wp:attachment":[{"href":"https:\/\/www.koupelnapro.com\/index.php\/wp-json\/wp\/v2\/media?parent=1100"}],"wp:term":[{"taxonomy":"product_brand","embeddable":true,"href":"https:\/\/www.koupelnapro.com\/index.php\/wp-json\/wp\/v2\/product_brand?post=1100"},{"taxonomy":"product_cat","embeddable":true,"href":"https:\/\/www.koupelnapro.com\/index.php\/wp-json\/wp\/v2\/product_cat?post=1100"},{"taxonomy":"product_tag","embeddable":true,"href":"https:\/\/www.koupelnapro.com\/index.php\/wp-json\/wp\/v2\/product_tag?post=1100"}],"curies":[{"name":"wp","href":"https:\/\/api.w.org\/{rel}","templated":true}]}}