{"id":10920,"date":"2026-04-26T09:13:31","date_gmt":"2026-04-26T09:13:31","guid":{"rendered":""},"modified":"2026-04-26T09:13:31","modified_gmt":"2026-04-26T09:13:31","slug":"zs3332-reflektor-led-prenosny-31w-2800-lm-zlevneny-10920","status":"publish","type":"product","link":"https:\/\/www.koupelnapro.com\/index.php\/produkt\/zs3332-reflektor-led-prenosny-31w-2800-lm-zlevneny-10920\/","title":{"rendered":"ZS3332 &#8211; Reflektor LED p\u0159enosn\u00fd, 31W, 2800 lm Zlevn\u011bn\u00fd"},"content":{"rendered":"<div class=\"tmc_edt\">\n<ul>\n<li>D\u00edky nap\u00e1jen\u00ed ze s\u00edt\u011b, je mo\u017en\u00e9 reflektor pou\u017e\u00edt ve vnit\u0159n\u00edm i vn\u011bj\u0161\u00edm prost\u0159ed\u00ed<\/li>\n<li>D\u00edky sv\u00e9 robustn\u00ed konstrukci je vhodn\u00fd pro pr\u00e1ci v n\u00e1ro\u010dn\u00e9m prost\u0159ed\u00ed, je n\u00e1razu a vod\u011bodoln\u00fd<\/li>\n<li>Hlavn\u00ed oblast pou\u017eit\u00ed je osv\u011btlen\u00ed na stavb\u00e1ch, u rodinn\u00fdch dom\u016f, v gar\u00e1\u017e\u00edch, d\u00edln\u00e1ch, autoservisech<\/li>\n<\/ul><\/div>\n<\/p><\/div>\n","protected":false},"excerpt":{"rendered":"<p>D\u00edky nap\u00e1jen\u00ed ze s\u00edt\u011b, je mo\u017en\u00e9 reflektor pou\u017e\u00edt ve vnit\u0159n\u00edm i vn\u011bj\u0161\u00edm prost\u0159ed\u00ed D\u00edky sv\u00e9 robustn\u00ed konstrukci je vhodn\u00fd pro pr\u00e1ci v n\u00e1ro\u010dn\u00e9m prost\u0159ed\u00ed, je n\u00e1razu a vod\u011bodoln\u00fd Hlavn\u00ed oblast pou\u017eit\u00ed je osv\u011btlen\u00ed na stavb\u00e1ch, u rodinn\u00fdch dom\u016f, v gar\u00e1\u017e\u00edch, d\u00edln\u00e1ch, autoservisech<\/p>\n","protected":false},"featured_media":11020,"comment_status":"open","ping_status":"open","template":"","meta":[],"product_brand":[],"product_cat":[44],"product_tag":[],"class_list":{"0":"post-10920","1":"product","2":"type-product","3":"status-publish","4":"has-post-thumbnail","6":"product_cat-nejlepsi-prodejci","8":"first","9":"instock","10":"sale","11":"shipping-taxable","12":"purchasable","13":"product-type-simple"},"yoast_head":"<!-- This site is optimized with the Yoast SEO plugin v26.8 - https:\/\/yoast.com\/product\/yoast-seo-wordpress\/ -->\n<title>ZS3332 - Reflektor LED p\u0159enosn\u00fd, 31W, 2800 lm Zlevn\u011bn\u00fd -<\/title>\n<meta name=\"robots\" content=\"index, follow, max-snippet:-1, max-image-preview:large, max-video-preview:-1\" \/>\n<link rel=\"canonical\" href=\"https:\/\/www.koupelnapro.com\/index.php\/produkt\/zs3332-reflektor-led-prenosny-31w-2800-lm-zlevneny-10920\/\" \/>\n<meta property=\"og:locale\" content=\"cs_CZ\" \/>\n<meta property=\"og:type\" content=\"article\" \/>\n<meta property=\"og:title\" content=\"ZS3332 - Reflektor LED p\u0159enosn\u00fd, 31W, 2800 lm Zlevn\u011bn\u00fd -\" \/>\n<meta property=\"og:description\" content=\"D\u00edky nap\u00e1jen\u00ed ze s\u00edt\u011b, je mo\u017en\u00e9 reflektor pou\u017e\u00edt ve vnit\u0159n\u00edm i vn\u011bj\u0161\u00edm prost\u0159ed\u00ed D\u00edky sv\u00e9 robustn\u00ed konstrukci je vhodn\u00fd pro pr\u00e1ci v n\u00e1ro\u010dn\u00e9m prost\u0159ed\u00ed, je n\u00e1razu a vod\u011bodoln\u00fd Hlavn\u00ed oblast pou\u017eit\u00ed je osv\u011btlen\u00ed na stavb\u00e1ch, u rodinn\u00fdch dom\u016f, v gar\u00e1\u017e\u00edch, d\u00edln\u00e1ch, autoservisech\" \/>\n<meta property=\"og:url\" content=\"https:\/\/www.koupelnapro.com\/index.php\/produkt\/zs3332-reflektor-led-prenosny-31w-2800-lm-zlevneny-10920\/\" \/>\n<meta property=\"og:image\" content=\"https:\/\/www.koupelnapro.com\/wp-content\/uploads\/2026\/SK0003844-CZ20260425-091813-0-1777079894-gall_98546512-deb8-4951-b595-7f7c3a05c8dd90928-82zs3332-ref.webp\" \/>\n\t<meta property=\"og:image:width\" content=\"420\" \/>\n\t<meta property=\"og:image:height\" content=\"280\" \/>\n\t<meta property=\"og:image:type\" content=\"image\/webp\" \/>\n<meta name=\"twitter:card\" content=\"summary_large_image\" \/>\n<script type=\"application\/ld+json\" class=\"yoast-schema-graph\">{\"@context\":\"https:\/\/schema.org\",\"@graph\":[{\"@type\":\"WebPage\",\"@id\":\"https:\/\/www.koupelnapro.com\/index.php\/produkt\/zs3332-reflektor-led-prenosny-31w-2800-lm-zlevneny-10920\/\",\"url\":\"https:\/\/www.koupelnapro.com\/index.php\/produkt\/zs3332-reflektor-led-prenosny-31w-2800-lm-zlevneny-10920\/\",\"name\":\"ZS3332 - Reflektor LED p\u0159enosn\u00fd, 31W, 2800 lm Zlevn\u011bn\u00fd -\",\"isPartOf\":{\"@id\":\"https:\/\/www.koupelnapro.com\/#website\"},\"primaryImageOfPage\":{\"@id\":\"https:\/\/www.koupelnapro.com\/index.php\/produkt\/zs3332-reflektor-led-prenosny-31w-2800-lm-zlevneny-10920\/#primaryimage\"},\"image\":{\"@id\":\"https:\/\/www.koupelnapro.com\/index.php\/produkt\/zs3332-reflektor-led-prenosny-31w-2800-lm-zlevneny-10920\/#primaryimage\"},\"thumbnailUrl\":\"https:\/\/www.koupelnapro.com\/wp-content\/uploads\/2026\/SK0003844-CZ20260425-091813-0-1777079894-gall_98546512-deb8-4951-b595-7f7c3a05c8dd90928-82zs3332-ref.webp\",\"datePublished\":\"2026-04-26T09:13:31+00:00\",\"breadcrumb\":{\"@id\":\"https:\/\/www.koupelnapro.com\/index.php\/produkt\/zs3332-reflektor-led-prenosny-31w-2800-lm-zlevneny-10920\/#breadcrumb\"},\"inLanguage\":\"cs\",\"potentialAction\":[{\"@type\":\"ReadAction\",\"target\":[\"https:\/\/www.koupelnapro.com\/index.php\/produkt\/zs3332-reflektor-led-prenosny-31w-2800-lm-zlevneny-10920\/\"]}]},{\"@type\":\"ImageObject\",\"inLanguage\":\"cs\",\"@id\":\"https:\/\/www.koupelnapro.com\/index.php\/produkt\/zs3332-reflektor-led-prenosny-31w-2800-lm-zlevneny-10920\/#primaryimage\",\"url\":\"https:\/\/www.koupelnapro.com\/wp-content\/uploads\/2026\/SK0003844-CZ20260425-091813-0-1777079894-gall_98546512-deb8-4951-b595-7f7c3a05c8dd90928-82zs3332-ref.webp\",\"contentUrl\":\"https:\/\/www.koupelnapro.com\/wp-content\/uploads\/2026\/SK0003844-CZ20260425-091813-0-1777079894-gall_98546512-deb8-4951-b595-7f7c3a05c8dd90928-82zs3332-ref.webp\",\"width\":420,\"height\":280},{\"@type\":\"BreadcrumbList\",\"@id\":\"https:\/\/www.koupelnapro.com\/index.php\/produkt\/zs3332-reflektor-led-prenosny-31w-2800-lm-zlevneny-10920\/#breadcrumb\",\"itemListElement\":[{\"@type\":\"ListItem\",\"position\":1,\"name\":\"Home\",\"item\":\"https:\/\/www.koupelnapro.com\/\"},{\"@type\":\"ListItem\",\"position\":2,\"name\":\"Products\",\"item\":\"https:\/\/www.koupelnapro.com\/index.php\/products\/\"},{\"@type\":\"ListItem\",\"position\":3,\"name\":\"ZS3332 &#8211; Reflektor LED p\u0159enosn\u00fd, 31W, 2800 lm Zlevn\u011bn\u00fd\"}]},{\"@type\":\"WebSite\",\"@id\":\"https:\/\/www.koupelnapro.com\/#website\",\"url\":\"https:\/\/www.koupelnapro.com\/\",\"name\":\"\",\"description\":\"\",\"potentialAction\":[{\"@type\":\"SearchAction\",\"target\":{\"@type\":\"EntryPoint\",\"urlTemplate\":\"https:\/\/www.koupelnapro.com\/?s={search_term_string}\"},\"query-input\":{\"@type\":\"PropertyValueSpecification\",\"valueRequired\":true,\"valueName\":\"search_term_string\"}}],\"inLanguage\":\"cs\"}]}<\/script>\n<!-- \/ Yoast SEO plugin. -->","yoast_head_json":{"title":"ZS3332 - Reflektor LED p\u0159enosn\u00fd, 31W, 2800 lm Zlevn\u011bn\u00fd -","robots":{"index":"index","follow":"follow","max-snippet":"max-snippet:-1","max-image-preview":"max-image-preview:large","max-video-preview":"max-video-preview:-1"},"canonical":"https:\/\/www.koupelnapro.com\/index.php\/produkt\/zs3332-reflektor-led-prenosny-31w-2800-lm-zlevneny-10920\/","og_locale":"cs_CZ","og_type":"article","og_title":"ZS3332 - Reflektor LED p\u0159enosn\u00fd, 31W, 2800 lm Zlevn\u011bn\u00fd -","og_description":"D\u00edky nap\u00e1jen\u00ed ze s\u00edt\u011b, je mo\u017en\u00e9 reflektor pou\u017e\u00edt ve vnit\u0159n\u00edm i vn\u011bj\u0161\u00edm prost\u0159ed\u00ed D\u00edky sv\u00e9 robustn\u00ed konstrukci je vhodn\u00fd pro pr\u00e1ci v n\u00e1ro\u010dn\u00e9m prost\u0159ed\u00ed, je n\u00e1razu a vod\u011bodoln\u00fd Hlavn\u00ed oblast pou\u017eit\u00ed je osv\u011btlen\u00ed na stavb\u00e1ch, u rodinn\u00fdch dom\u016f, v gar\u00e1\u017e\u00edch, d\u00edln\u00e1ch, autoservisech","og_url":"https:\/\/www.koupelnapro.com\/index.php\/produkt\/zs3332-reflektor-led-prenosny-31w-2800-lm-zlevneny-10920\/","og_image":[{"width":420,"height":280,"url":"https:\/\/www.koupelnapro.com\/wp-content\/uploads\/2026\/SK0003844-CZ20260425-091813-0-1777079894-gall_98546512-deb8-4951-b595-7f7c3a05c8dd90928-82zs3332-ref.webp","type":"image\/webp"}],"twitter_card":"summary_large_image","schema":{"@context":"https:\/\/schema.org","@graph":[{"@type":"WebPage","@id":"https:\/\/www.koupelnapro.com\/index.php\/produkt\/zs3332-reflektor-led-prenosny-31w-2800-lm-zlevneny-10920\/","url":"https:\/\/www.koupelnapro.com\/index.php\/produkt\/zs3332-reflektor-led-prenosny-31w-2800-lm-zlevneny-10920\/","name":"ZS3332 - Reflektor LED p\u0159enosn\u00fd, 31W, 2800 lm Zlevn\u011bn\u00fd -","isPartOf":{"@id":"https:\/\/www.koupelnapro.com\/#website"},"primaryImageOfPage":{"@id":"https:\/\/www.koupelnapro.com\/index.php\/produkt\/zs3332-reflektor-led-prenosny-31w-2800-lm-zlevneny-10920\/#primaryimage"},"image":{"@id":"https:\/\/www.koupelnapro.com\/index.php\/produkt\/zs3332-reflektor-led-prenosny-31w-2800-lm-zlevneny-10920\/#primaryimage"},"thumbnailUrl":"https:\/\/www.koupelnapro.com\/wp-content\/uploads\/2026\/SK0003844-CZ20260425-091813-0-1777079894-gall_98546512-deb8-4951-b595-7f7c3a05c8dd90928-82zs3332-ref.webp","datePublished":"2026-04-26T09:13:31+00:00","breadcrumb":{"@id":"https:\/\/www.koupelnapro.com\/index.php\/produkt\/zs3332-reflektor-led-prenosny-31w-2800-lm-zlevneny-10920\/#breadcrumb"},"inLanguage":"cs","potentialAction":[{"@type":"ReadAction","target":["https:\/\/www.koupelnapro.com\/index.php\/produkt\/zs3332-reflektor-led-prenosny-31w-2800-lm-zlevneny-10920\/"]}]},{"@type":"ImageObject","inLanguage":"cs","@id":"https:\/\/www.koupelnapro.com\/index.php\/produkt\/zs3332-reflektor-led-prenosny-31w-2800-lm-zlevneny-10920\/#primaryimage","url":"https:\/\/www.koupelnapro.com\/wp-content\/uploads\/2026\/SK0003844-CZ20260425-091813-0-1777079894-gall_98546512-deb8-4951-b595-7f7c3a05c8dd90928-82zs3332-ref.webp","contentUrl":"https:\/\/www.koupelnapro.com\/wp-content\/uploads\/2026\/SK0003844-CZ20260425-091813-0-1777079894-gall_98546512-deb8-4951-b595-7f7c3a05c8dd90928-82zs3332-ref.webp","width":420,"height":280},{"@type":"BreadcrumbList","@id":"https:\/\/www.koupelnapro.com\/index.php\/produkt\/zs3332-reflektor-led-prenosny-31w-2800-lm-zlevneny-10920\/#breadcrumb","itemListElement":[{"@type":"ListItem","position":1,"name":"Home","item":"https:\/\/www.koupelnapro.com\/"},{"@type":"ListItem","position":2,"name":"Products","item":"https:\/\/www.koupelnapro.com\/index.php\/products\/"},{"@type":"ListItem","position":3,"name":"ZS3332 &#8211; Reflektor LED p\u0159enosn\u00fd, 31W, 2800 lm Zlevn\u011bn\u00fd"}]},{"@type":"WebSite","@id":"https:\/\/www.koupelnapro.com\/#website","url":"https:\/\/www.koupelnapro.com\/","name":"","description":"","potentialAction":[{"@type":"SearchAction","target":{"@type":"EntryPoint","urlTemplate":"https:\/\/www.koupelnapro.com\/?s={search_term_string}"},"query-input":{"@type":"PropertyValueSpecification","valueRequired":true,"valueName":"search_term_string"}}],"inLanguage":"cs"}]}},"_links":{"self":[{"href":"https:\/\/www.koupelnapro.com\/index.php\/wp-json\/wp\/v2\/product\/10920","targetHints":{"allow":["GET"]}}],"collection":[{"href":"https:\/\/www.koupelnapro.com\/index.php\/wp-json\/wp\/v2\/product"}],"about":[{"href":"https:\/\/www.koupelnapro.com\/index.php\/wp-json\/wp\/v2\/types\/product"}],"replies":[{"embeddable":true,"href":"https:\/\/www.koupelnapro.com\/index.php\/wp-json\/wp\/v2\/comments?post=10920"}],"wp:featuredmedia":[{"embeddable":true,"href":"https:\/\/www.koupelnapro.com\/index.php\/wp-json\/wp\/v2\/media\/11020"}],"wp:attachment":[{"href":"https:\/\/www.koupelnapro.com\/index.php\/wp-json\/wp\/v2\/media?parent=10920"}],"wp:term":[{"taxonomy":"product_brand","embeddable":true,"href":"https:\/\/www.koupelnapro.com\/index.php\/wp-json\/wp\/v2\/product_brand?post=10920"},{"taxonomy":"product_cat","embeddable":true,"href":"https:\/\/www.koupelnapro.com\/index.php\/wp-json\/wp\/v2\/product_cat?post=10920"},{"taxonomy":"product_tag","embeddable":true,"href":"https:\/\/www.koupelnapro.com\/index.php\/wp-json\/wp\/v2\/product_tag?post=10920"}],"curies":[{"name":"wp","href":"https:\/\/api.w.org\/{rel}","templated":true}]}}