{"id":10754,"date":"2026-04-26T09:13:30","date_gmt":"2026-04-26T09:13:30","guid":{"rendered":""},"modified":"2026-04-26T09:13:30","modified_gmt":"2026-04-26T09:13:30","slug":"vrut-do-sdk-se-zavitem-do-dreva-tx-3-5-x-35-mm-fw-3535-1000-ks-super-cena-10754","status":"publish","type":"product","link":"https:\/\/www.koupelnapro.com\/index.php\/produkt\/vrut-do-sdk-se-zavitem-do-dreva-tx-3-5-x-35-mm-fw-3535-1000-ks-super-cena-10754\/","title":{"rendered":"Vrut do SDK se z\u00e1vitem do d\u0159eva TX 3,5 x 35 mm (FW-3535)(1000 ks) Super Cena"},"content":{"rendered":"<div class=\"tmc_edt\">\n<ul>\n<li>Jsou ur\u010den\u00e9 pro mont\u00e1\u017e s\u00e1drokartonov\u00fdch desek do d\u0159ev\u011bn\u00e9 konstrukce.<\/li>\n<\/ul><\/div>\n<\/p><\/div>\n","protected":false},"excerpt":{"rendered":"<p>Jsou ur\u010den\u00e9 pro mont\u00e1\u017e s\u00e1drokartonov\u00fdch desek do d\u0159ev\u011bn\u00e9 konstrukce.<\/p>\n","protected":false},"featured_media":10854,"comment_status":"open","ping_status":"open","template":"","meta":[],"product_brand":[],"product_cat":[67],"product_tag":[],"class_list":{"0":"post-10754","1":"product","2":"type-product","3":"status-publish","4":"has-post-thumbnail","6":"product_cat-sucha-vystavba","8":"first","9":"instock","10":"sale","11":"shipping-taxable","12":"purchasable","13":"product-type-simple"},"yoast_head":"<!-- This site is optimized with the Yoast SEO plugin v26.8 - https:\/\/yoast.com\/product\/yoast-seo-wordpress\/ -->\n<title>Vrut do SDK se z\u00e1vitem do d\u0159eva TX 3,5 x 35 mm (FW-3535)(1000 ks) Super Cena -<\/title>\n<meta name=\"robots\" content=\"index, follow, max-snippet:-1, max-image-preview:large, max-video-preview:-1\" \/>\n<link rel=\"canonical\" href=\"https:\/\/www.koupelnapro.com\/index.php\/produkt\/vrut-do-sdk-se-zavitem-do-dreva-tx-3-5-x-35-mm-fw-3535-1000-ks-super-cena-10754\/\" \/>\n<meta property=\"og:locale\" content=\"cs_CZ\" \/>\n<meta property=\"og:type\" content=\"article\" \/>\n<meta property=\"og:title\" content=\"Vrut do SDK se z\u00e1vitem do d\u0159eva TX 3,5 x 35 mm (FW-3535)(1000 ks) Super Cena -\" \/>\n<meta property=\"og:description\" content=\"Jsou ur\u010den\u00e9 pro mont\u00e1\u017e s\u00e1drokartonov\u00fdch desek do d\u0159ev\u011bn\u00e9 konstrukce.\" \/>\n<meta property=\"og:url\" content=\"https:\/\/www.koupelnapro.com\/index.php\/produkt\/vrut-do-sdk-se-zavitem-do-dreva-tx-3-5-x-35-mm-fw-3535-1000-ks-super-cena-10754\/\" \/>\n<meta property=\"og:image\" content=\"https:\/\/www.koupelnapro.com\/wp-content\/uploads\/2026\/SK0003773-CZ20260425-091813-0-1777079894-gall_63e7ffde-0d49-41df-9725-8e39752ff79485270-vrut-do-sdk-.webp\" \/>\n\t<meta property=\"og:image:width\" content=\"289\" \/>\n\t<meta property=\"og:image:height\" content=\"350\" \/>\n\t<meta property=\"og:image:type\" content=\"image\/webp\" \/>\n<meta name=\"twitter:card\" content=\"summary_large_image\" \/>\n<script type=\"application\/ld+json\" class=\"yoast-schema-graph\">{\"@context\":\"https:\/\/schema.org\",\"@graph\":[{\"@type\":\"WebPage\",\"@id\":\"https:\/\/www.koupelnapro.com\/index.php\/produkt\/vrut-do-sdk-se-zavitem-do-dreva-tx-3-5-x-35-mm-fw-3535-1000-ks-super-cena-10754\/\",\"url\":\"https:\/\/www.koupelnapro.com\/index.php\/produkt\/vrut-do-sdk-se-zavitem-do-dreva-tx-3-5-x-35-mm-fw-3535-1000-ks-super-cena-10754\/\",\"name\":\"Vrut do SDK se z\u00e1vitem do d\u0159eva TX 3,5 x 35 mm (FW-3535)(1000 ks) Super Cena -\",\"isPartOf\":{\"@id\":\"https:\/\/www.koupelnapro.com\/#website\"},\"primaryImageOfPage\":{\"@id\":\"https:\/\/www.koupelnapro.com\/index.php\/produkt\/vrut-do-sdk-se-zavitem-do-dreva-tx-3-5-x-35-mm-fw-3535-1000-ks-super-cena-10754\/#primaryimage\"},\"image\":{\"@id\":\"https:\/\/www.koupelnapro.com\/index.php\/produkt\/vrut-do-sdk-se-zavitem-do-dreva-tx-3-5-x-35-mm-fw-3535-1000-ks-super-cena-10754\/#primaryimage\"},\"thumbnailUrl\":\"https:\/\/www.koupelnapro.com\/wp-content\/uploads\/2026\/SK0003773-CZ20260425-091813-0-1777079894-gall_63e7ffde-0d49-41df-9725-8e39752ff79485270-vrut-do-sdk-.webp\",\"datePublished\":\"2026-04-26T09:13:30+00:00\",\"breadcrumb\":{\"@id\":\"https:\/\/www.koupelnapro.com\/index.php\/produkt\/vrut-do-sdk-se-zavitem-do-dreva-tx-3-5-x-35-mm-fw-3535-1000-ks-super-cena-10754\/#breadcrumb\"},\"inLanguage\":\"cs\",\"potentialAction\":[{\"@type\":\"ReadAction\",\"target\":[\"https:\/\/www.koupelnapro.com\/index.php\/produkt\/vrut-do-sdk-se-zavitem-do-dreva-tx-3-5-x-35-mm-fw-3535-1000-ks-super-cena-10754\/\"]}]},{\"@type\":\"ImageObject\",\"inLanguage\":\"cs\",\"@id\":\"https:\/\/www.koupelnapro.com\/index.php\/produkt\/vrut-do-sdk-se-zavitem-do-dreva-tx-3-5-x-35-mm-fw-3535-1000-ks-super-cena-10754\/#primaryimage\",\"url\":\"https:\/\/www.koupelnapro.com\/wp-content\/uploads\/2026\/SK0003773-CZ20260425-091813-0-1777079894-gall_63e7ffde-0d49-41df-9725-8e39752ff79485270-vrut-do-sdk-.webp\",\"contentUrl\":\"https:\/\/www.koupelnapro.com\/wp-content\/uploads\/2026\/SK0003773-CZ20260425-091813-0-1777079894-gall_63e7ffde-0d49-41df-9725-8e39752ff79485270-vrut-do-sdk-.webp\",\"width\":289,\"height\":350},{\"@type\":\"BreadcrumbList\",\"@id\":\"https:\/\/www.koupelnapro.com\/index.php\/produkt\/vrut-do-sdk-se-zavitem-do-dreva-tx-3-5-x-35-mm-fw-3535-1000-ks-super-cena-10754\/#breadcrumb\",\"itemListElement\":[{\"@type\":\"ListItem\",\"position\":1,\"name\":\"Home\",\"item\":\"https:\/\/www.koupelnapro.com\/\"},{\"@type\":\"ListItem\",\"position\":2,\"name\":\"Products\",\"item\":\"https:\/\/www.koupelnapro.com\/index.php\/products\/\"},{\"@type\":\"ListItem\",\"position\":3,\"name\":\"Vrut do SDK se z\u00e1vitem do d\u0159eva TX 3,5 x 35 mm (FW-3535)(1000 ks) Super Cena\"}]},{\"@type\":\"WebSite\",\"@id\":\"https:\/\/www.koupelnapro.com\/#website\",\"url\":\"https:\/\/www.koupelnapro.com\/\",\"name\":\"\",\"description\":\"\",\"potentialAction\":[{\"@type\":\"SearchAction\",\"target\":{\"@type\":\"EntryPoint\",\"urlTemplate\":\"https:\/\/www.koupelnapro.com\/?s={search_term_string}\"},\"query-input\":{\"@type\":\"PropertyValueSpecification\",\"valueRequired\":true,\"valueName\":\"search_term_string\"}}],\"inLanguage\":\"cs\"}]}<\/script>\n<!-- \/ Yoast SEO plugin. -->","yoast_head_json":{"title":"Vrut do SDK se z\u00e1vitem do d\u0159eva TX 3,5 x 35 mm (FW-3535)(1000 ks) Super Cena -","robots":{"index":"index","follow":"follow","max-snippet":"max-snippet:-1","max-image-preview":"max-image-preview:large","max-video-preview":"max-video-preview:-1"},"canonical":"https:\/\/www.koupelnapro.com\/index.php\/produkt\/vrut-do-sdk-se-zavitem-do-dreva-tx-3-5-x-35-mm-fw-3535-1000-ks-super-cena-10754\/","og_locale":"cs_CZ","og_type":"article","og_title":"Vrut do SDK se z\u00e1vitem do d\u0159eva TX 3,5 x 35 mm (FW-3535)(1000 ks) Super Cena -","og_description":"Jsou ur\u010den\u00e9 pro mont\u00e1\u017e s\u00e1drokartonov\u00fdch desek do d\u0159ev\u011bn\u00e9 konstrukce.","og_url":"https:\/\/www.koupelnapro.com\/index.php\/produkt\/vrut-do-sdk-se-zavitem-do-dreva-tx-3-5-x-35-mm-fw-3535-1000-ks-super-cena-10754\/","og_image":[{"width":289,"height":350,"url":"https:\/\/www.koupelnapro.com\/wp-content\/uploads\/2026\/SK0003773-CZ20260425-091813-0-1777079894-gall_63e7ffde-0d49-41df-9725-8e39752ff79485270-vrut-do-sdk-.webp","type":"image\/webp"}],"twitter_card":"summary_large_image","schema":{"@context":"https:\/\/schema.org","@graph":[{"@type":"WebPage","@id":"https:\/\/www.koupelnapro.com\/index.php\/produkt\/vrut-do-sdk-se-zavitem-do-dreva-tx-3-5-x-35-mm-fw-3535-1000-ks-super-cena-10754\/","url":"https:\/\/www.koupelnapro.com\/index.php\/produkt\/vrut-do-sdk-se-zavitem-do-dreva-tx-3-5-x-35-mm-fw-3535-1000-ks-super-cena-10754\/","name":"Vrut do SDK se z\u00e1vitem do d\u0159eva TX 3,5 x 35 mm (FW-3535)(1000 ks) Super Cena -","isPartOf":{"@id":"https:\/\/www.koupelnapro.com\/#website"},"primaryImageOfPage":{"@id":"https:\/\/www.koupelnapro.com\/index.php\/produkt\/vrut-do-sdk-se-zavitem-do-dreva-tx-3-5-x-35-mm-fw-3535-1000-ks-super-cena-10754\/#primaryimage"},"image":{"@id":"https:\/\/www.koupelnapro.com\/index.php\/produkt\/vrut-do-sdk-se-zavitem-do-dreva-tx-3-5-x-35-mm-fw-3535-1000-ks-super-cena-10754\/#primaryimage"},"thumbnailUrl":"https:\/\/www.koupelnapro.com\/wp-content\/uploads\/2026\/SK0003773-CZ20260425-091813-0-1777079894-gall_63e7ffde-0d49-41df-9725-8e39752ff79485270-vrut-do-sdk-.webp","datePublished":"2026-04-26T09:13:30+00:00","breadcrumb":{"@id":"https:\/\/www.koupelnapro.com\/index.php\/produkt\/vrut-do-sdk-se-zavitem-do-dreva-tx-3-5-x-35-mm-fw-3535-1000-ks-super-cena-10754\/#breadcrumb"},"inLanguage":"cs","potentialAction":[{"@type":"ReadAction","target":["https:\/\/www.koupelnapro.com\/index.php\/produkt\/vrut-do-sdk-se-zavitem-do-dreva-tx-3-5-x-35-mm-fw-3535-1000-ks-super-cena-10754\/"]}]},{"@type":"ImageObject","inLanguage":"cs","@id":"https:\/\/www.koupelnapro.com\/index.php\/produkt\/vrut-do-sdk-se-zavitem-do-dreva-tx-3-5-x-35-mm-fw-3535-1000-ks-super-cena-10754\/#primaryimage","url":"https:\/\/www.koupelnapro.com\/wp-content\/uploads\/2026\/SK0003773-CZ20260425-091813-0-1777079894-gall_63e7ffde-0d49-41df-9725-8e39752ff79485270-vrut-do-sdk-.webp","contentUrl":"https:\/\/www.koupelnapro.com\/wp-content\/uploads\/2026\/SK0003773-CZ20260425-091813-0-1777079894-gall_63e7ffde-0d49-41df-9725-8e39752ff79485270-vrut-do-sdk-.webp","width":289,"height":350},{"@type":"BreadcrumbList","@id":"https:\/\/www.koupelnapro.com\/index.php\/produkt\/vrut-do-sdk-se-zavitem-do-dreva-tx-3-5-x-35-mm-fw-3535-1000-ks-super-cena-10754\/#breadcrumb","itemListElement":[{"@type":"ListItem","position":1,"name":"Home","item":"https:\/\/www.koupelnapro.com\/"},{"@type":"ListItem","position":2,"name":"Products","item":"https:\/\/www.koupelnapro.com\/index.php\/products\/"},{"@type":"ListItem","position":3,"name":"Vrut do SDK se z\u00e1vitem do d\u0159eva TX 3,5 x 35 mm (FW-3535)(1000 ks) Super Cena"}]},{"@type":"WebSite","@id":"https:\/\/www.koupelnapro.com\/#website","url":"https:\/\/www.koupelnapro.com\/","name":"","description":"","potentialAction":[{"@type":"SearchAction","target":{"@type":"EntryPoint","urlTemplate":"https:\/\/www.koupelnapro.com\/?s={search_term_string}"},"query-input":{"@type":"PropertyValueSpecification","valueRequired":true,"valueName":"search_term_string"}}],"inLanguage":"cs"}]}},"_links":{"self":[{"href":"https:\/\/www.koupelnapro.com\/index.php\/wp-json\/wp\/v2\/product\/10754","targetHints":{"allow":["GET"]}}],"collection":[{"href":"https:\/\/www.koupelnapro.com\/index.php\/wp-json\/wp\/v2\/product"}],"about":[{"href":"https:\/\/www.koupelnapro.com\/index.php\/wp-json\/wp\/v2\/types\/product"}],"replies":[{"embeddable":true,"href":"https:\/\/www.koupelnapro.com\/index.php\/wp-json\/wp\/v2\/comments?post=10754"}],"wp:featuredmedia":[{"embeddable":true,"href":"https:\/\/www.koupelnapro.com\/index.php\/wp-json\/wp\/v2\/media\/10854"}],"wp:attachment":[{"href":"https:\/\/www.koupelnapro.com\/index.php\/wp-json\/wp\/v2\/media?parent=10754"}],"wp:term":[{"taxonomy":"product_brand","embeddable":true,"href":"https:\/\/www.koupelnapro.com\/index.php\/wp-json\/wp\/v2\/product_brand?post=10754"},{"taxonomy":"product_cat","embeddable":true,"href":"https:\/\/www.koupelnapro.com\/index.php\/wp-json\/wp\/v2\/product_cat?post=10754"},{"taxonomy":"product_tag","embeddable":true,"href":"https:\/\/www.koupelnapro.com\/index.php\/wp-json\/wp\/v2\/product_tag?post=10754"}],"curies":[{"name":"wp","href":"https:\/\/api.w.org\/{rel}","templated":true}]}}