{"id":10751,"date":"2026-04-26T09:13:30","date_gmt":"2026-04-26T09:13:30","guid":{"rendered":""},"modified":"2026-04-26T09:13:30","modified_gmt":"2026-04-26T09:13:30","slug":"vrut-do-sdk-se-zavitem-do-plechu-tn-3-5-x-35-mm-fm-b-3535-100-ks-malobaleni-nejlepsi-cena-10751","status":"publish","type":"product","link":"https:\/\/www.koupelnapro.com\/index.php\/produkt\/vrut-do-sdk-se-zavitem-do-plechu-tn-3-5-x-35-mm-fm-b-3535-100-ks-malobaleni-nejlepsi-cena-10751\/","title":{"rendered":"Vrut do SDK se z\u00e1vitem do plechu TN &#8211; 3,5 x 35 mm (FM-B-3535)(100 ks) &#8211; malobalen\u00ed Nejlep\u0161\u00ed Cena"},"content":{"rendered":"<div class=\"tmc_edt\">\n<ul>\n<li>Pou\u017e\u00edv\u00e1 se pro mont\u00e1\u017e s\u00e1drokartonov\u00fdch desek do kovov\u00e9 podkonstrukce o tl do 0,75 mm.<\/li>\n<li>Lze&nbsp; pou\u017e\u00edt i k mont\u00e1\u017ei dvojpl\u00e1\u0161\u0165ov\u00fdch p\u0159\u00ed\u010dek a strop\u016f.<\/li>\n<\/ul><\/div>\n<\/p><\/div>\n","protected":false},"excerpt":{"rendered":"<p>Pou\u017e\u00edv\u00e1 se pro mont\u00e1\u017e s\u00e1drokartonov\u00fdch desek do kovov\u00e9 podkonstrukce o tl do 0,75 mm. Lze&nbsp; pou\u017e\u00edt i k mont\u00e1\u017ei dvojpl\u00e1\u0161\u0165ov\u00fdch p\u0159\u00ed\u010dek a strop\u016f.<\/p>\n","protected":false},"featured_media":10851,"comment_status":"open","ping_status":"open","template":"","meta":[],"product_brand":[],"product_cat":[67],"product_tag":[],"class_list":{"0":"post-10751","1":"product","2":"type-product","3":"status-publish","4":"has-post-thumbnail","6":"product_cat-sucha-vystavba","8":"first","9":"instock","10":"sale","11":"shipping-taxable","12":"purchasable","13":"product-type-simple"},"yoast_head":"<!-- This site is optimized with the Yoast SEO plugin v26.8 - https:\/\/yoast.com\/product\/yoast-seo-wordpress\/ -->\n<title>Vrut do SDK se z\u00e1vitem do plechu TN - 3,5 x 35 mm (FM-B-3535)(100 ks) - malobalen\u00ed Nejlep\u0161\u00ed Cena -<\/title>\n<meta name=\"robots\" content=\"index, follow, max-snippet:-1, max-image-preview:large, max-video-preview:-1\" \/>\n<link rel=\"canonical\" href=\"https:\/\/www.koupelnapro.com\/index.php\/produkt\/vrut-do-sdk-se-zavitem-do-plechu-tn-3-5-x-35-mm-fm-b-3535-100-ks-malobaleni-nejlepsi-cena-10751\/\" \/>\n<meta property=\"og:locale\" content=\"cs_CZ\" \/>\n<meta property=\"og:type\" content=\"article\" \/>\n<meta property=\"og:title\" content=\"Vrut do SDK se z\u00e1vitem do plechu TN - 3,5 x 35 mm (FM-B-3535)(100 ks) - malobalen\u00ed Nejlep\u0161\u00ed Cena -\" \/>\n<meta property=\"og:description\" content=\"Pou\u017e\u00edv\u00e1 se pro mont\u00e1\u017e s\u00e1drokartonov\u00fdch desek do kovov\u00e9 podkonstrukce o tl do 0,75 mm. Lze&nbsp; pou\u017e\u00edt i k mont\u00e1\u017ei dvojpl\u00e1\u0161\u0165ov\u00fdch p\u0159\u00ed\u010dek a strop\u016f.\" \/>\n<meta property=\"og:url\" content=\"https:\/\/www.koupelnapro.com\/index.php\/produkt\/vrut-do-sdk-se-zavitem-do-plechu-tn-3-5-x-35-mm-fm-b-3535-100-ks-malobaleni-nejlepsi-cena-10751\/\" \/>\n<meta property=\"og:image\" content=\"https:\/\/www.koupelnapro.com\/wp-content\/uploads\/2026\/SK0003770-CZ20260425-091813-0-1777079894-gall_c61aa6e7-4a31-4153-9241-e8c3fedc9a0285183-vrut-do-sdk-.webp\" \/>\n\t<meta property=\"og:image:width\" content=\"420\" \/>\n\t<meta property=\"og:image:height\" content=\"290\" \/>\n\t<meta property=\"og:image:type\" content=\"image\/webp\" \/>\n<meta name=\"twitter:card\" content=\"summary_large_image\" \/>\n<script type=\"application\/ld+json\" class=\"yoast-schema-graph\">{\"@context\":\"https:\/\/schema.org\",\"@graph\":[{\"@type\":\"WebPage\",\"@id\":\"https:\/\/www.koupelnapro.com\/index.php\/produkt\/vrut-do-sdk-se-zavitem-do-plechu-tn-3-5-x-35-mm-fm-b-3535-100-ks-malobaleni-nejlepsi-cena-10751\/\",\"url\":\"https:\/\/www.koupelnapro.com\/index.php\/produkt\/vrut-do-sdk-se-zavitem-do-plechu-tn-3-5-x-35-mm-fm-b-3535-100-ks-malobaleni-nejlepsi-cena-10751\/\",\"name\":\"Vrut do SDK se z\u00e1vitem do plechu TN - 3,5 x 35 mm (FM-B-3535)(100 ks) - malobalen\u00ed Nejlep\u0161\u00ed Cena -\",\"isPartOf\":{\"@id\":\"https:\/\/www.koupelnapro.com\/#website\"},\"primaryImageOfPage\":{\"@id\":\"https:\/\/www.koupelnapro.com\/index.php\/produkt\/vrut-do-sdk-se-zavitem-do-plechu-tn-3-5-x-35-mm-fm-b-3535-100-ks-malobaleni-nejlepsi-cena-10751\/#primaryimage\"},\"image\":{\"@id\":\"https:\/\/www.koupelnapro.com\/index.php\/produkt\/vrut-do-sdk-se-zavitem-do-plechu-tn-3-5-x-35-mm-fm-b-3535-100-ks-malobaleni-nejlepsi-cena-10751\/#primaryimage\"},\"thumbnailUrl\":\"https:\/\/www.koupelnapro.com\/wp-content\/uploads\/2026\/SK0003770-CZ20260425-091813-0-1777079894-gall_c61aa6e7-4a31-4153-9241-e8c3fedc9a0285183-vrut-do-sdk-.webp\",\"datePublished\":\"2026-04-26T09:13:30+00:00\",\"breadcrumb\":{\"@id\":\"https:\/\/www.koupelnapro.com\/index.php\/produkt\/vrut-do-sdk-se-zavitem-do-plechu-tn-3-5-x-35-mm-fm-b-3535-100-ks-malobaleni-nejlepsi-cena-10751\/#breadcrumb\"},\"inLanguage\":\"cs\",\"potentialAction\":[{\"@type\":\"ReadAction\",\"target\":[\"https:\/\/www.koupelnapro.com\/index.php\/produkt\/vrut-do-sdk-se-zavitem-do-plechu-tn-3-5-x-35-mm-fm-b-3535-100-ks-malobaleni-nejlepsi-cena-10751\/\"]}]},{\"@type\":\"ImageObject\",\"inLanguage\":\"cs\",\"@id\":\"https:\/\/www.koupelnapro.com\/index.php\/produkt\/vrut-do-sdk-se-zavitem-do-plechu-tn-3-5-x-35-mm-fm-b-3535-100-ks-malobaleni-nejlepsi-cena-10751\/#primaryimage\",\"url\":\"https:\/\/www.koupelnapro.com\/wp-content\/uploads\/2026\/SK0003770-CZ20260425-091813-0-1777079894-gall_c61aa6e7-4a31-4153-9241-e8c3fedc9a0285183-vrut-do-sdk-.webp\",\"contentUrl\":\"https:\/\/www.koupelnapro.com\/wp-content\/uploads\/2026\/SK0003770-CZ20260425-091813-0-1777079894-gall_c61aa6e7-4a31-4153-9241-e8c3fedc9a0285183-vrut-do-sdk-.webp\",\"width\":420,\"height\":290},{\"@type\":\"BreadcrumbList\",\"@id\":\"https:\/\/www.koupelnapro.com\/index.php\/produkt\/vrut-do-sdk-se-zavitem-do-plechu-tn-3-5-x-35-mm-fm-b-3535-100-ks-malobaleni-nejlepsi-cena-10751\/#breadcrumb\",\"itemListElement\":[{\"@type\":\"ListItem\",\"position\":1,\"name\":\"Home\",\"item\":\"https:\/\/www.koupelnapro.com\/\"},{\"@type\":\"ListItem\",\"position\":2,\"name\":\"Products\",\"item\":\"https:\/\/www.koupelnapro.com\/index.php\/products\/\"},{\"@type\":\"ListItem\",\"position\":3,\"name\":\"Vrut do SDK se z\u00e1vitem do plechu TN &#8211; 3,5 x 35 mm (FM-B-3535)(100 ks) &#8211; malobalen\u00ed Nejlep\u0161\u00ed Cena\"}]},{\"@type\":\"WebSite\",\"@id\":\"https:\/\/www.koupelnapro.com\/#website\",\"url\":\"https:\/\/www.koupelnapro.com\/\",\"name\":\"\",\"description\":\"\",\"potentialAction\":[{\"@type\":\"SearchAction\",\"target\":{\"@type\":\"EntryPoint\",\"urlTemplate\":\"https:\/\/www.koupelnapro.com\/?s={search_term_string}\"},\"query-input\":{\"@type\":\"PropertyValueSpecification\",\"valueRequired\":true,\"valueName\":\"search_term_string\"}}],\"inLanguage\":\"cs\"}]}<\/script>\n<!-- \/ Yoast SEO plugin. -->","yoast_head_json":{"title":"Vrut do SDK se z\u00e1vitem do plechu TN - 3,5 x 35 mm (FM-B-3535)(100 ks) - malobalen\u00ed Nejlep\u0161\u00ed Cena -","robots":{"index":"index","follow":"follow","max-snippet":"max-snippet:-1","max-image-preview":"max-image-preview:large","max-video-preview":"max-video-preview:-1"},"canonical":"https:\/\/www.koupelnapro.com\/index.php\/produkt\/vrut-do-sdk-se-zavitem-do-plechu-tn-3-5-x-35-mm-fm-b-3535-100-ks-malobaleni-nejlepsi-cena-10751\/","og_locale":"cs_CZ","og_type":"article","og_title":"Vrut do SDK se z\u00e1vitem do plechu TN - 3,5 x 35 mm (FM-B-3535)(100 ks) - malobalen\u00ed Nejlep\u0161\u00ed Cena -","og_description":"Pou\u017e\u00edv\u00e1 se pro mont\u00e1\u017e s\u00e1drokartonov\u00fdch desek do kovov\u00e9 podkonstrukce o tl do 0,75 mm. Lze&nbsp; pou\u017e\u00edt i k mont\u00e1\u017ei dvojpl\u00e1\u0161\u0165ov\u00fdch p\u0159\u00ed\u010dek a strop\u016f.","og_url":"https:\/\/www.koupelnapro.com\/index.php\/produkt\/vrut-do-sdk-se-zavitem-do-plechu-tn-3-5-x-35-mm-fm-b-3535-100-ks-malobaleni-nejlepsi-cena-10751\/","og_image":[{"width":420,"height":290,"url":"https:\/\/www.koupelnapro.com\/wp-content\/uploads\/2026\/SK0003770-CZ20260425-091813-0-1777079894-gall_c61aa6e7-4a31-4153-9241-e8c3fedc9a0285183-vrut-do-sdk-.webp","type":"image\/webp"}],"twitter_card":"summary_large_image","schema":{"@context":"https:\/\/schema.org","@graph":[{"@type":"WebPage","@id":"https:\/\/www.koupelnapro.com\/index.php\/produkt\/vrut-do-sdk-se-zavitem-do-plechu-tn-3-5-x-35-mm-fm-b-3535-100-ks-malobaleni-nejlepsi-cena-10751\/","url":"https:\/\/www.koupelnapro.com\/index.php\/produkt\/vrut-do-sdk-se-zavitem-do-plechu-tn-3-5-x-35-mm-fm-b-3535-100-ks-malobaleni-nejlepsi-cena-10751\/","name":"Vrut do SDK se z\u00e1vitem do plechu TN - 3,5 x 35 mm (FM-B-3535)(100 ks) - malobalen\u00ed Nejlep\u0161\u00ed Cena -","isPartOf":{"@id":"https:\/\/www.koupelnapro.com\/#website"},"primaryImageOfPage":{"@id":"https:\/\/www.koupelnapro.com\/index.php\/produkt\/vrut-do-sdk-se-zavitem-do-plechu-tn-3-5-x-35-mm-fm-b-3535-100-ks-malobaleni-nejlepsi-cena-10751\/#primaryimage"},"image":{"@id":"https:\/\/www.koupelnapro.com\/index.php\/produkt\/vrut-do-sdk-se-zavitem-do-plechu-tn-3-5-x-35-mm-fm-b-3535-100-ks-malobaleni-nejlepsi-cena-10751\/#primaryimage"},"thumbnailUrl":"https:\/\/www.koupelnapro.com\/wp-content\/uploads\/2026\/SK0003770-CZ20260425-091813-0-1777079894-gall_c61aa6e7-4a31-4153-9241-e8c3fedc9a0285183-vrut-do-sdk-.webp","datePublished":"2026-04-26T09:13:30+00:00","breadcrumb":{"@id":"https:\/\/www.koupelnapro.com\/index.php\/produkt\/vrut-do-sdk-se-zavitem-do-plechu-tn-3-5-x-35-mm-fm-b-3535-100-ks-malobaleni-nejlepsi-cena-10751\/#breadcrumb"},"inLanguage":"cs","potentialAction":[{"@type":"ReadAction","target":["https:\/\/www.koupelnapro.com\/index.php\/produkt\/vrut-do-sdk-se-zavitem-do-plechu-tn-3-5-x-35-mm-fm-b-3535-100-ks-malobaleni-nejlepsi-cena-10751\/"]}]},{"@type":"ImageObject","inLanguage":"cs","@id":"https:\/\/www.koupelnapro.com\/index.php\/produkt\/vrut-do-sdk-se-zavitem-do-plechu-tn-3-5-x-35-mm-fm-b-3535-100-ks-malobaleni-nejlepsi-cena-10751\/#primaryimage","url":"https:\/\/www.koupelnapro.com\/wp-content\/uploads\/2026\/SK0003770-CZ20260425-091813-0-1777079894-gall_c61aa6e7-4a31-4153-9241-e8c3fedc9a0285183-vrut-do-sdk-.webp","contentUrl":"https:\/\/www.koupelnapro.com\/wp-content\/uploads\/2026\/SK0003770-CZ20260425-091813-0-1777079894-gall_c61aa6e7-4a31-4153-9241-e8c3fedc9a0285183-vrut-do-sdk-.webp","width":420,"height":290},{"@type":"BreadcrumbList","@id":"https:\/\/www.koupelnapro.com\/index.php\/produkt\/vrut-do-sdk-se-zavitem-do-plechu-tn-3-5-x-35-mm-fm-b-3535-100-ks-malobaleni-nejlepsi-cena-10751\/#breadcrumb","itemListElement":[{"@type":"ListItem","position":1,"name":"Home","item":"https:\/\/www.koupelnapro.com\/"},{"@type":"ListItem","position":2,"name":"Products","item":"https:\/\/www.koupelnapro.com\/index.php\/products\/"},{"@type":"ListItem","position":3,"name":"Vrut do SDK se z\u00e1vitem do plechu TN &#8211; 3,5 x 35 mm (FM-B-3535)(100 ks) &#8211; malobalen\u00ed Nejlep\u0161\u00ed Cena"}]},{"@type":"WebSite","@id":"https:\/\/www.koupelnapro.com\/#website","url":"https:\/\/www.koupelnapro.com\/","name":"","description":"","potentialAction":[{"@type":"SearchAction","target":{"@type":"EntryPoint","urlTemplate":"https:\/\/www.koupelnapro.com\/?s={search_term_string}"},"query-input":{"@type":"PropertyValueSpecification","valueRequired":true,"valueName":"search_term_string"}}],"inLanguage":"cs"}]}},"_links":{"self":[{"href":"https:\/\/www.koupelnapro.com\/index.php\/wp-json\/wp\/v2\/product\/10751","targetHints":{"allow":["GET"]}}],"collection":[{"href":"https:\/\/www.koupelnapro.com\/index.php\/wp-json\/wp\/v2\/product"}],"about":[{"href":"https:\/\/www.koupelnapro.com\/index.php\/wp-json\/wp\/v2\/types\/product"}],"replies":[{"embeddable":true,"href":"https:\/\/www.koupelnapro.com\/index.php\/wp-json\/wp\/v2\/comments?post=10751"}],"wp:featuredmedia":[{"embeddable":true,"href":"https:\/\/www.koupelnapro.com\/index.php\/wp-json\/wp\/v2\/media\/10851"}],"wp:attachment":[{"href":"https:\/\/www.koupelnapro.com\/index.php\/wp-json\/wp\/v2\/media?parent=10751"}],"wp:term":[{"taxonomy":"product_brand","embeddable":true,"href":"https:\/\/www.koupelnapro.com\/index.php\/wp-json\/wp\/v2\/product_brand?post=10751"},{"taxonomy":"product_cat","embeddable":true,"href":"https:\/\/www.koupelnapro.com\/index.php\/wp-json\/wp\/v2\/product_cat?post=10751"},{"taxonomy":"product_tag","embeddable":true,"href":"https:\/\/www.koupelnapro.com\/index.php\/wp-json\/wp\/v2\/product_tag?post=10751"}],"curies":[{"name":"wp","href":"https:\/\/api.w.org\/{rel}","templated":true}]}}