{"id":10747,"date":"2026-04-26T09:13:30","date_gmt":"2026-04-26T09:13:30","guid":{"rendered":""},"modified":"2026-04-26T09:13:30","modified_gmt":"2026-04-26T09:13:30","slug":"zlevneny-sadrokarton-rigips-sdk-rbi-h2-12-5-x-1250-x-2000-mm-impregnovana-deska-2-5-m2-pal-56-ks-10747","status":"publish","type":"product","link":"https:\/\/www.koupelnapro.com\/index.php\/produkt\/zlevneny-sadrokarton-rigips-sdk-rbi-h2-12-5-x-1250-x-2000-mm-impregnovana-deska-2-5-m2-pal-56-ks-10747\/","title":{"rendered":"Zlevn\u011bn\u00fd S\u00e1drokarton Rigips SDK RBI (H2)  12,5 x 1250 x 2000 mm, impregnovan\u00e1 (deska 2,5 m\u00b2 \/ pal. 56 ks)"},"content":{"rendered":"<div class=\"tmc_edt\">\n<p>Impregnovan\u00e1 deska RBI (H2) je s\u00e1drokartonov\u00e1 deska se sn\u00ed\u017eenou nas\u00e1kavost\u00ed ur\u010den\u00e1 <strong>do konstrukc\u00ed v prostor\u00e1ch s vy\u0161\u0161\u00ed vzdu\u0161nou vlhkost\u00ed<\/strong> v tzv. p\u0159eru\u0161ovan\u00e9m cyklu nap\u0159. koupelen, sprch nebo kuchyn\u00ed.<\/p>\n<p>L\u00edcov\u00fd karton je barvy zelen\u00e9. <\/p>\n<p>Pro snadnou identifikaci je potisk hrany desek proveden mod\u0159e.<\/p>\n<\/p><\/div>\n<\/p><\/div>\n","protected":false},"excerpt":{"rendered":"<p>Impregnovan\u00e1 deska RBI (H2) je s\u00e1drokartonov\u00e1 deska se sn\u00ed\u017eenou nas\u00e1kavost\u00ed ur\u010den\u00e1 do konstrukc\u00ed v prostor\u00e1ch s vy\u0161\u0161\u00ed vzdu\u0161nou vlhkost\u00ed v tzv. p\u0159eru\u0161ovan\u00e9m cyklu nap\u0159. koupelen, sprch nebo kuchyn\u00ed. L\u00edcov\u00fd karton je barvy zelen\u00e9. Pro snadnou identifikaci je potisk hrany desek proveden mod\u0159e.<\/p>\n","protected":false},"featured_media":10847,"comment_status":"open","ping_status":"open","template":"","meta":[],"product_brand":[],"product_cat":[67],"product_tag":[],"class_list":{"0":"post-10747","1":"product","2":"type-product","3":"status-publish","4":"has-post-thumbnail","6":"product_cat-sucha-vystavba","8":"first","9":"instock","10":"sale","11":"shipping-taxable","12":"purchasable","13":"product-type-simple"},"yoast_head":"<!-- This site is optimized with the Yoast SEO plugin v26.8 - https:\/\/yoast.com\/product\/yoast-seo-wordpress\/ -->\n<title>Zlevn\u011bn\u00fd S\u00e1drokarton Rigips SDK RBI (H2) 12,5 x 1250 x 2000 mm, impregnovan\u00e1 (deska 2,5 m\u00b2 \/ pal. 56 ks) -<\/title>\n<meta name=\"robots\" content=\"index, follow, max-snippet:-1, max-image-preview:large, max-video-preview:-1\" \/>\n<link rel=\"canonical\" href=\"https:\/\/www.koupelnapro.com\/index.php\/produkt\/zlevneny-sadrokarton-rigips-sdk-rbi-h2-12-5-x-1250-x-2000-mm-impregnovana-deska-2-5-m2-pal-56-ks-10747\/\" \/>\n<meta property=\"og:locale\" content=\"cs_CZ\" \/>\n<meta property=\"og:type\" content=\"article\" \/>\n<meta property=\"og:title\" content=\"Zlevn\u011bn\u00fd S\u00e1drokarton Rigips SDK RBI (H2) 12,5 x 1250 x 2000 mm, impregnovan\u00e1 (deska 2,5 m\u00b2 \/ pal. 56 ks) -\" \/>\n<meta property=\"og:description\" content=\"Impregnovan\u00e1 deska RBI (H2) je s\u00e1drokartonov\u00e1 deska se sn\u00ed\u017eenou nas\u00e1kavost\u00ed ur\u010den\u00e1 do konstrukc\u00ed v prostor\u00e1ch s vy\u0161\u0161\u00ed vzdu\u0161nou vlhkost\u00ed v tzv. p\u0159eru\u0161ovan\u00e9m cyklu nap\u0159. koupelen, sprch nebo kuchyn\u00ed. L\u00edcov\u00fd karton je barvy zelen\u00e9. Pro snadnou identifikaci je potisk hrany desek proveden mod\u0159e.\" \/>\n<meta property=\"og:url\" content=\"https:\/\/www.koupelnapro.com\/index.php\/produkt\/zlevneny-sadrokarton-rigips-sdk-rbi-h2-12-5-x-1250-x-2000-mm-impregnovana-deska-2-5-m2-pal-56-ks-10747\/\" \/>\n<meta property=\"og:image\" content=\"https:\/\/www.koupelnapro.com\/wp-content\/uploads\/2026\/SK0003766-CZ20260425-091813-0-1777079894-gall_7d67b09c-2550-460e-90ad-28c8f81630ce84599-impregnovana.webp\" \/>\n\t<meta property=\"og:image:width\" content=\"380\" \/>\n\t<meta property=\"og:image:height\" content=\"320\" \/>\n\t<meta property=\"og:image:type\" content=\"image\/webp\" \/>\n<meta name=\"twitter:card\" content=\"summary_large_image\" \/>\n<script type=\"application\/ld+json\" class=\"yoast-schema-graph\">{\"@context\":\"https:\/\/schema.org\",\"@graph\":[{\"@type\":\"WebPage\",\"@id\":\"https:\/\/www.koupelnapro.com\/index.php\/produkt\/zlevneny-sadrokarton-rigips-sdk-rbi-h2-12-5-x-1250-x-2000-mm-impregnovana-deska-2-5-m2-pal-56-ks-10747\/\",\"url\":\"https:\/\/www.koupelnapro.com\/index.php\/produkt\/zlevneny-sadrokarton-rigips-sdk-rbi-h2-12-5-x-1250-x-2000-mm-impregnovana-deska-2-5-m2-pal-56-ks-10747\/\",\"name\":\"Zlevn\u011bn\u00fd S\u00e1drokarton Rigips SDK RBI (H2) 12,5 x 1250 x 2000 mm, impregnovan\u00e1 (deska 2,5 m\u00b2 \/ pal. 56 ks) -\",\"isPartOf\":{\"@id\":\"https:\/\/www.koupelnapro.com\/#website\"},\"primaryImageOfPage\":{\"@id\":\"https:\/\/www.koupelnapro.com\/index.php\/produkt\/zlevneny-sadrokarton-rigips-sdk-rbi-h2-12-5-x-1250-x-2000-mm-impregnovana-deska-2-5-m2-pal-56-ks-10747\/#primaryimage\"},\"image\":{\"@id\":\"https:\/\/www.koupelnapro.com\/index.php\/produkt\/zlevneny-sadrokarton-rigips-sdk-rbi-h2-12-5-x-1250-x-2000-mm-impregnovana-deska-2-5-m2-pal-56-ks-10747\/#primaryimage\"},\"thumbnailUrl\":\"https:\/\/www.koupelnapro.com\/wp-content\/uploads\/2026\/SK0003766-CZ20260425-091813-0-1777079894-gall_7d67b09c-2550-460e-90ad-28c8f81630ce84599-impregnovana.webp\",\"datePublished\":\"2026-04-26T09:13:30+00:00\",\"breadcrumb\":{\"@id\":\"https:\/\/www.koupelnapro.com\/index.php\/produkt\/zlevneny-sadrokarton-rigips-sdk-rbi-h2-12-5-x-1250-x-2000-mm-impregnovana-deska-2-5-m2-pal-56-ks-10747\/#breadcrumb\"},\"inLanguage\":\"cs\",\"potentialAction\":[{\"@type\":\"ReadAction\",\"target\":[\"https:\/\/www.koupelnapro.com\/index.php\/produkt\/zlevneny-sadrokarton-rigips-sdk-rbi-h2-12-5-x-1250-x-2000-mm-impregnovana-deska-2-5-m2-pal-56-ks-10747\/\"]}]},{\"@type\":\"ImageObject\",\"inLanguage\":\"cs\",\"@id\":\"https:\/\/www.koupelnapro.com\/index.php\/produkt\/zlevneny-sadrokarton-rigips-sdk-rbi-h2-12-5-x-1250-x-2000-mm-impregnovana-deska-2-5-m2-pal-56-ks-10747\/#primaryimage\",\"url\":\"https:\/\/www.koupelnapro.com\/wp-content\/uploads\/2026\/SK0003766-CZ20260425-091813-0-1777079894-gall_7d67b09c-2550-460e-90ad-28c8f81630ce84599-impregnovana.webp\",\"contentUrl\":\"https:\/\/www.koupelnapro.com\/wp-content\/uploads\/2026\/SK0003766-CZ20260425-091813-0-1777079894-gall_7d67b09c-2550-460e-90ad-28c8f81630ce84599-impregnovana.webp\",\"width\":380,\"height\":320},{\"@type\":\"BreadcrumbList\",\"@id\":\"https:\/\/www.koupelnapro.com\/index.php\/produkt\/zlevneny-sadrokarton-rigips-sdk-rbi-h2-12-5-x-1250-x-2000-mm-impregnovana-deska-2-5-m2-pal-56-ks-10747\/#breadcrumb\",\"itemListElement\":[{\"@type\":\"ListItem\",\"position\":1,\"name\":\"Home\",\"item\":\"https:\/\/www.koupelnapro.com\/\"},{\"@type\":\"ListItem\",\"position\":2,\"name\":\"Products\",\"item\":\"https:\/\/www.koupelnapro.com\/index.php\/products\/\"},{\"@type\":\"ListItem\",\"position\":3,\"name\":\"Zlevn\u011bn\u00fd S\u00e1drokarton Rigips SDK RBI (H2) 12,5 x 1250 x 2000 mm, impregnovan\u00e1 (deska 2,5 m\u00b2 \/ pal. 56 ks)\"}]},{\"@type\":\"WebSite\",\"@id\":\"https:\/\/www.koupelnapro.com\/#website\",\"url\":\"https:\/\/www.koupelnapro.com\/\",\"name\":\"\",\"description\":\"\",\"potentialAction\":[{\"@type\":\"SearchAction\",\"target\":{\"@type\":\"EntryPoint\",\"urlTemplate\":\"https:\/\/www.koupelnapro.com\/?s={search_term_string}\"},\"query-input\":{\"@type\":\"PropertyValueSpecification\",\"valueRequired\":true,\"valueName\":\"search_term_string\"}}],\"inLanguage\":\"cs\"}]}<\/script>\n<!-- \/ Yoast SEO plugin. -->","yoast_head_json":{"title":"Zlevn\u011bn\u00fd S\u00e1drokarton Rigips SDK RBI (H2) 12,5 x 1250 x 2000 mm, impregnovan\u00e1 (deska 2,5 m\u00b2 \/ pal. 56 ks) -","robots":{"index":"index","follow":"follow","max-snippet":"max-snippet:-1","max-image-preview":"max-image-preview:large","max-video-preview":"max-video-preview:-1"},"canonical":"https:\/\/www.koupelnapro.com\/index.php\/produkt\/zlevneny-sadrokarton-rigips-sdk-rbi-h2-12-5-x-1250-x-2000-mm-impregnovana-deska-2-5-m2-pal-56-ks-10747\/","og_locale":"cs_CZ","og_type":"article","og_title":"Zlevn\u011bn\u00fd S\u00e1drokarton Rigips SDK RBI (H2) 12,5 x 1250 x 2000 mm, impregnovan\u00e1 (deska 2,5 m\u00b2 \/ pal. 56 ks) -","og_description":"Impregnovan\u00e1 deska RBI (H2) je s\u00e1drokartonov\u00e1 deska se sn\u00ed\u017eenou nas\u00e1kavost\u00ed ur\u010den\u00e1 do konstrukc\u00ed v prostor\u00e1ch s vy\u0161\u0161\u00ed vzdu\u0161nou vlhkost\u00ed v tzv. p\u0159eru\u0161ovan\u00e9m cyklu nap\u0159. koupelen, sprch nebo kuchyn\u00ed. L\u00edcov\u00fd karton je barvy zelen\u00e9. Pro snadnou identifikaci je potisk hrany desek proveden mod\u0159e.","og_url":"https:\/\/www.koupelnapro.com\/index.php\/produkt\/zlevneny-sadrokarton-rigips-sdk-rbi-h2-12-5-x-1250-x-2000-mm-impregnovana-deska-2-5-m2-pal-56-ks-10747\/","og_image":[{"width":380,"height":320,"url":"https:\/\/www.koupelnapro.com\/wp-content\/uploads\/2026\/SK0003766-CZ20260425-091813-0-1777079894-gall_7d67b09c-2550-460e-90ad-28c8f81630ce84599-impregnovana.webp","type":"image\/webp"}],"twitter_card":"summary_large_image","schema":{"@context":"https:\/\/schema.org","@graph":[{"@type":"WebPage","@id":"https:\/\/www.koupelnapro.com\/index.php\/produkt\/zlevneny-sadrokarton-rigips-sdk-rbi-h2-12-5-x-1250-x-2000-mm-impregnovana-deska-2-5-m2-pal-56-ks-10747\/","url":"https:\/\/www.koupelnapro.com\/index.php\/produkt\/zlevneny-sadrokarton-rigips-sdk-rbi-h2-12-5-x-1250-x-2000-mm-impregnovana-deska-2-5-m2-pal-56-ks-10747\/","name":"Zlevn\u011bn\u00fd S\u00e1drokarton Rigips SDK RBI (H2) 12,5 x 1250 x 2000 mm, impregnovan\u00e1 (deska 2,5 m\u00b2 \/ pal. 56 ks) -","isPartOf":{"@id":"https:\/\/www.koupelnapro.com\/#website"},"primaryImageOfPage":{"@id":"https:\/\/www.koupelnapro.com\/index.php\/produkt\/zlevneny-sadrokarton-rigips-sdk-rbi-h2-12-5-x-1250-x-2000-mm-impregnovana-deska-2-5-m2-pal-56-ks-10747\/#primaryimage"},"image":{"@id":"https:\/\/www.koupelnapro.com\/index.php\/produkt\/zlevneny-sadrokarton-rigips-sdk-rbi-h2-12-5-x-1250-x-2000-mm-impregnovana-deska-2-5-m2-pal-56-ks-10747\/#primaryimage"},"thumbnailUrl":"https:\/\/www.koupelnapro.com\/wp-content\/uploads\/2026\/SK0003766-CZ20260425-091813-0-1777079894-gall_7d67b09c-2550-460e-90ad-28c8f81630ce84599-impregnovana.webp","datePublished":"2026-04-26T09:13:30+00:00","breadcrumb":{"@id":"https:\/\/www.koupelnapro.com\/index.php\/produkt\/zlevneny-sadrokarton-rigips-sdk-rbi-h2-12-5-x-1250-x-2000-mm-impregnovana-deska-2-5-m2-pal-56-ks-10747\/#breadcrumb"},"inLanguage":"cs","potentialAction":[{"@type":"ReadAction","target":["https:\/\/www.koupelnapro.com\/index.php\/produkt\/zlevneny-sadrokarton-rigips-sdk-rbi-h2-12-5-x-1250-x-2000-mm-impregnovana-deska-2-5-m2-pal-56-ks-10747\/"]}]},{"@type":"ImageObject","inLanguage":"cs","@id":"https:\/\/www.koupelnapro.com\/index.php\/produkt\/zlevneny-sadrokarton-rigips-sdk-rbi-h2-12-5-x-1250-x-2000-mm-impregnovana-deska-2-5-m2-pal-56-ks-10747\/#primaryimage","url":"https:\/\/www.koupelnapro.com\/wp-content\/uploads\/2026\/SK0003766-CZ20260425-091813-0-1777079894-gall_7d67b09c-2550-460e-90ad-28c8f81630ce84599-impregnovana.webp","contentUrl":"https:\/\/www.koupelnapro.com\/wp-content\/uploads\/2026\/SK0003766-CZ20260425-091813-0-1777079894-gall_7d67b09c-2550-460e-90ad-28c8f81630ce84599-impregnovana.webp","width":380,"height":320},{"@type":"BreadcrumbList","@id":"https:\/\/www.koupelnapro.com\/index.php\/produkt\/zlevneny-sadrokarton-rigips-sdk-rbi-h2-12-5-x-1250-x-2000-mm-impregnovana-deska-2-5-m2-pal-56-ks-10747\/#breadcrumb","itemListElement":[{"@type":"ListItem","position":1,"name":"Home","item":"https:\/\/www.koupelnapro.com\/"},{"@type":"ListItem","position":2,"name":"Products","item":"https:\/\/www.koupelnapro.com\/index.php\/products\/"},{"@type":"ListItem","position":3,"name":"Zlevn\u011bn\u00fd S\u00e1drokarton Rigips SDK RBI (H2) 12,5 x 1250 x 2000 mm, impregnovan\u00e1 (deska 2,5 m\u00b2 \/ pal. 56 ks)"}]},{"@type":"WebSite","@id":"https:\/\/www.koupelnapro.com\/#website","url":"https:\/\/www.koupelnapro.com\/","name":"","description":"","potentialAction":[{"@type":"SearchAction","target":{"@type":"EntryPoint","urlTemplate":"https:\/\/www.koupelnapro.com\/?s={search_term_string}"},"query-input":{"@type":"PropertyValueSpecification","valueRequired":true,"valueName":"search_term_string"}}],"inLanguage":"cs"}]}},"_links":{"self":[{"href":"https:\/\/www.koupelnapro.com\/index.php\/wp-json\/wp\/v2\/product\/10747","targetHints":{"allow":["GET"]}}],"collection":[{"href":"https:\/\/www.koupelnapro.com\/index.php\/wp-json\/wp\/v2\/product"}],"about":[{"href":"https:\/\/www.koupelnapro.com\/index.php\/wp-json\/wp\/v2\/types\/product"}],"replies":[{"embeddable":true,"href":"https:\/\/www.koupelnapro.com\/index.php\/wp-json\/wp\/v2\/comments?post=10747"}],"wp:featuredmedia":[{"embeddable":true,"href":"https:\/\/www.koupelnapro.com\/index.php\/wp-json\/wp\/v2\/media\/10847"}],"wp:attachment":[{"href":"https:\/\/www.koupelnapro.com\/index.php\/wp-json\/wp\/v2\/media?parent=10747"}],"wp:term":[{"taxonomy":"product_brand","embeddable":true,"href":"https:\/\/www.koupelnapro.com\/index.php\/wp-json\/wp\/v2\/product_brand?post=10747"},{"taxonomy":"product_cat","embeddable":true,"href":"https:\/\/www.koupelnapro.com\/index.php\/wp-json\/wp\/v2\/product_cat?post=10747"},{"taxonomy":"product_tag","embeddable":true,"href":"https:\/\/www.koupelnapro.com\/index.php\/wp-json\/wp\/v2\/product_tag?post=10747"}],"curies":[{"name":"wp","href":"https:\/\/api.w.org\/{rel}","templated":true}]}}