{"id":10746,"date":"2026-04-26T09:13:30","date_gmt":"2026-04-26T09:13:30","guid":{"rendered":""},"modified":"2026-04-26T09:13:30","modified_gmt":"2026-04-26T09:13:30","slug":"sadrokarton-rigips-sdk-rb-a-12-5-x-1250-x-2000-mm-bila-deska-2-5-m2-pal-56-ks-cenova-bomba-10746","status":"publish","type":"product","link":"https:\/\/www.koupelnapro.com\/index.php\/produkt\/sadrokarton-rigips-sdk-rb-a-12-5-x-1250-x-2000-mm-bila-deska-2-5-m2-pal-56-ks-cenova-bomba-10746\/","title":{"rendered":"S\u00e1drokarton Rigips SDK RB (A) 12,5 x 1250 x 2000 mm, b\u00edl\u00e1 (deska 2,5 m\u00b2 \/ pal. 56 ks) Cenov\u00e1 Bomba"},"content":{"rendered":"<div class=\"tmc_edt\">\n<p>Stavebn\u00ed deska RB (A) je standardn\u00ed s\u00e1drokartonov\u00e1 deska ur\u010den\u00e1 do konstrukc\u00ed bez zvl\u00e1\u0161tn\u00edch n\u00e1rok\u016f na po\u017e\u00e1rn\u00ed odolnost \u010di vzduchovou nepr\u016fzvu\u010dnost.<\/p>\n<p>L\u00edcov\u00fd karton je barvy sv\u011btle\u0161ed\u00e9. <\/p>\n<p>Pro snadnou identifikaci je potisk hrany desek proveden mod\u0159e.<\/p>\n<\/p><\/div>\n<\/p><\/div>\n","protected":false},"excerpt":{"rendered":"<p>Stavebn\u00ed deska RB (A) je standardn\u00ed s\u00e1drokartonov\u00e1 deska ur\u010den\u00e1 do konstrukc\u00ed bez zvl\u00e1\u0161tn\u00edch n\u00e1rok\u016f na po\u017e\u00e1rn\u00ed odolnost \u010di vzduchovou nepr\u016fzvu\u010dnost. L\u00edcov\u00fd karton je barvy sv\u011btle\u0161ed\u00e9. Pro snadnou identifikaci je potisk hrany desek proveden mod\u0159e.<\/p>\n","protected":false},"featured_media":10846,"comment_status":"open","ping_status":"open","template":"","meta":[],"product_brand":[],"product_cat":[67],"product_tag":[],"class_list":{"0":"post-10746","1":"product","2":"type-product","3":"status-publish","4":"has-post-thumbnail","6":"product_cat-sucha-vystavba","8":"first","9":"instock","10":"sale","11":"shipping-taxable","12":"purchasable","13":"product-type-simple"},"yoast_head":"<!-- This site is optimized with the Yoast SEO plugin v26.8 - https:\/\/yoast.com\/product\/yoast-seo-wordpress\/ -->\n<title>S\u00e1drokarton Rigips SDK RB (A) 12,5 x 1250 x 2000 mm, b\u00edl\u00e1 (deska 2,5 m\u00b2 \/ pal. 56 ks) Cenov\u00e1 Bomba -<\/title>\n<meta name=\"robots\" content=\"index, follow, max-snippet:-1, max-image-preview:large, max-video-preview:-1\" \/>\n<link rel=\"canonical\" href=\"https:\/\/www.koupelnapro.com\/index.php\/produkt\/sadrokarton-rigips-sdk-rb-a-12-5-x-1250-x-2000-mm-bila-deska-2-5-m2-pal-56-ks-cenova-bomba-10746\/\" \/>\n<meta property=\"og:locale\" content=\"cs_CZ\" \/>\n<meta property=\"og:type\" content=\"article\" \/>\n<meta property=\"og:title\" content=\"S\u00e1drokarton Rigips SDK RB (A) 12,5 x 1250 x 2000 mm, b\u00edl\u00e1 (deska 2,5 m\u00b2 \/ pal. 56 ks) Cenov\u00e1 Bomba -\" \/>\n<meta property=\"og:description\" content=\"Stavebn\u00ed deska RB (A) je standardn\u00ed s\u00e1drokartonov\u00e1 deska ur\u010den\u00e1 do konstrukc\u00ed bez zvl\u00e1\u0161tn\u00edch n\u00e1rok\u016f na po\u017e\u00e1rn\u00ed odolnost \u010di vzduchovou nepr\u016fzvu\u010dnost. L\u00edcov\u00fd karton je barvy sv\u011btle\u0161ed\u00e9. Pro snadnou identifikaci je potisk hrany desek proveden mod\u0159e.\" \/>\n<meta property=\"og:url\" content=\"https:\/\/www.koupelnapro.com\/index.php\/produkt\/sadrokarton-rigips-sdk-rb-a-12-5-x-1250-x-2000-mm-bila-deska-2-5-m2-pal-56-ks-cenova-bomba-10746\/\" \/>\n<meta property=\"og:image\" content=\"https:\/\/www.koupelnapro.com\/wp-content\/uploads\/2026\/SK0003765-CZ20260425-091813-0-1777079894-gall_3c32793c-573a-4c0d-9b5c-46ff064e97f584596-stavebni-des.webp\" \/>\n\t<meta property=\"og:image:width\" content=\"380\" \/>\n\t<meta property=\"og:image:height\" content=\"320\" \/>\n\t<meta property=\"og:image:type\" content=\"image\/webp\" \/>\n<meta name=\"twitter:card\" content=\"summary_large_image\" \/>\n<script type=\"application\/ld+json\" class=\"yoast-schema-graph\">{\"@context\":\"https:\/\/schema.org\",\"@graph\":[{\"@type\":\"WebPage\",\"@id\":\"https:\/\/www.koupelnapro.com\/index.php\/produkt\/sadrokarton-rigips-sdk-rb-a-12-5-x-1250-x-2000-mm-bila-deska-2-5-m2-pal-56-ks-cenova-bomba-10746\/\",\"url\":\"https:\/\/www.koupelnapro.com\/index.php\/produkt\/sadrokarton-rigips-sdk-rb-a-12-5-x-1250-x-2000-mm-bila-deska-2-5-m2-pal-56-ks-cenova-bomba-10746\/\",\"name\":\"S\u00e1drokarton Rigips SDK RB (A) 12,5 x 1250 x 2000 mm, b\u00edl\u00e1 (deska 2,5 m\u00b2 \/ pal. 56 ks) Cenov\u00e1 Bomba -\",\"isPartOf\":{\"@id\":\"https:\/\/www.koupelnapro.com\/#website\"},\"primaryImageOfPage\":{\"@id\":\"https:\/\/www.koupelnapro.com\/index.php\/produkt\/sadrokarton-rigips-sdk-rb-a-12-5-x-1250-x-2000-mm-bila-deska-2-5-m2-pal-56-ks-cenova-bomba-10746\/#primaryimage\"},\"image\":{\"@id\":\"https:\/\/www.koupelnapro.com\/index.php\/produkt\/sadrokarton-rigips-sdk-rb-a-12-5-x-1250-x-2000-mm-bila-deska-2-5-m2-pal-56-ks-cenova-bomba-10746\/#primaryimage\"},\"thumbnailUrl\":\"https:\/\/www.koupelnapro.com\/wp-content\/uploads\/2026\/SK0003765-CZ20260425-091813-0-1777079894-gall_3c32793c-573a-4c0d-9b5c-46ff064e97f584596-stavebni-des.webp\",\"datePublished\":\"2026-04-26T09:13:30+00:00\",\"breadcrumb\":{\"@id\":\"https:\/\/www.koupelnapro.com\/index.php\/produkt\/sadrokarton-rigips-sdk-rb-a-12-5-x-1250-x-2000-mm-bila-deska-2-5-m2-pal-56-ks-cenova-bomba-10746\/#breadcrumb\"},\"inLanguage\":\"cs\",\"potentialAction\":[{\"@type\":\"ReadAction\",\"target\":[\"https:\/\/www.koupelnapro.com\/index.php\/produkt\/sadrokarton-rigips-sdk-rb-a-12-5-x-1250-x-2000-mm-bila-deska-2-5-m2-pal-56-ks-cenova-bomba-10746\/\"]}]},{\"@type\":\"ImageObject\",\"inLanguage\":\"cs\",\"@id\":\"https:\/\/www.koupelnapro.com\/index.php\/produkt\/sadrokarton-rigips-sdk-rb-a-12-5-x-1250-x-2000-mm-bila-deska-2-5-m2-pal-56-ks-cenova-bomba-10746\/#primaryimage\",\"url\":\"https:\/\/www.koupelnapro.com\/wp-content\/uploads\/2026\/SK0003765-CZ20260425-091813-0-1777079894-gall_3c32793c-573a-4c0d-9b5c-46ff064e97f584596-stavebni-des.webp\",\"contentUrl\":\"https:\/\/www.koupelnapro.com\/wp-content\/uploads\/2026\/SK0003765-CZ20260425-091813-0-1777079894-gall_3c32793c-573a-4c0d-9b5c-46ff064e97f584596-stavebni-des.webp\",\"width\":380,\"height\":320},{\"@type\":\"BreadcrumbList\",\"@id\":\"https:\/\/www.koupelnapro.com\/index.php\/produkt\/sadrokarton-rigips-sdk-rb-a-12-5-x-1250-x-2000-mm-bila-deska-2-5-m2-pal-56-ks-cenova-bomba-10746\/#breadcrumb\",\"itemListElement\":[{\"@type\":\"ListItem\",\"position\":1,\"name\":\"Home\",\"item\":\"https:\/\/www.koupelnapro.com\/\"},{\"@type\":\"ListItem\",\"position\":2,\"name\":\"Products\",\"item\":\"https:\/\/www.koupelnapro.com\/index.php\/products\/\"},{\"@type\":\"ListItem\",\"position\":3,\"name\":\"S\u00e1drokarton Rigips SDK RB (A) 12,5 x 1250 x 2000 mm, b\u00edl\u00e1 (deska 2,5 m\u00b2 \/ pal. 56 ks) Cenov\u00e1 Bomba\"}]},{\"@type\":\"WebSite\",\"@id\":\"https:\/\/www.koupelnapro.com\/#website\",\"url\":\"https:\/\/www.koupelnapro.com\/\",\"name\":\"\",\"description\":\"\",\"potentialAction\":[{\"@type\":\"SearchAction\",\"target\":{\"@type\":\"EntryPoint\",\"urlTemplate\":\"https:\/\/www.koupelnapro.com\/?s={search_term_string}\"},\"query-input\":{\"@type\":\"PropertyValueSpecification\",\"valueRequired\":true,\"valueName\":\"search_term_string\"}}],\"inLanguage\":\"cs\"}]}<\/script>\n<!-- \/ Yoast SEO plugin. -->","yoast_head_json":{"title":"S\u00e1drokarton Rigips SDK RB (A) 12,5 x 1250 x 2000 mm, b\u00edl\u00e1 (deska 2,5 m\u00b2 \/ pal. 56 ks) Cenov\u00e1 Bomba -","robots":{"index":"index","follow":"follow","max-snippet":"max-snippet:-1","max-image-preview":"max-image-preview:large","max-video-preview":"max-video-preview:-1"},"canonical":"https:\/\/www.koupelnapro.com\/index.php\/produkt\/sadrokarton-rigips-sdk-rb-a-12-5-x-1250-x-2000-mm-bila-deska-2-5-m2-pal-56-ks-cenova-bomba-10746\/","og_locale":"cs_CZ","og_type":"article","og_title":"S\u00e1drokarton Rigips SDK RB (A) 12,5 x 1250 x 2000 mm, b\u00edl\u00e1 (deska 2,5 m\u00b2 \/ pal. 56 ks) Cenov\u00e1 Bomba -","og_description":"Stavebn\u00ed deska RB (A) je standardn\u00ed s\u00e1drokartonov\u00e1 deska ur\u010den\u00e1 do konstrukc\u00ed bez zvl\u00e1\u0161tn\u00edch n\u00e1rok\u016f na po\u017e\u00e1rn\u00ed odolnost \u010di vzduchovou nepr\u016fzvu\u010dnost. L\u00edcov\u00fd karton je barvy sv\u011btle\u0161ed\u00e9. Pro snadnou identifikaci je potisk hrany desek proveden mod\u0159e.","og_url":"https:\/\/www.koupelnapro.com\/index.php\/produkt\/sadrokarton-rigips-sdk-rb-a-12-5-x-1250-x-2000-mm-bila-deska-2-5-m2-pal-56-ks-cenova-bomba-10746\/","og_image":[{"width":380,"height":320,"url":"https:\/\/www.koupelnapro.com\/wp-content\/uploads\/2026\/SK0003765-CZ20260425-091813-0-1777079894-gall_3c32793c-573a-4c0d-9b5c-46ff064e97f584596-stavebni-des.webp","type":"image\/webp"}],"twitter_card":"summary_large_image","schema":{"@context":"https:\/\/schema.org","@graph":[{"@type":"WebPage","@id":"https:\/\/www.koupelnapro.com\/index.php\/produkt\/sadrokarton-rigips-sdk-rb-a-12-5-x-1250-x-2000-mm-bila-deska-2-5-m2-pal-56-ks-cenova-bomba-10746\/","url":"https:\/\/www.koupelnapro.com\/index.php\/produkt\/sadrokarton-rigips-sdk-rb-a-12-5-x-1250-x-2000-mm-bila-deska-2-5-m2-pal-56-ks-cenova-bomba-10746\/","name":"S\u00e1drokarton Rigips SDK RB (A) 12,5 x 1250 x 2000 mm, b\u00edl\u00e1 (deska 2,5 m\u00b2 \/ pal. 56 ks) Cenov\u00e1 Bomba -","isPartOf":{"@id":"https:\/\/www.koupelnapro.com\/#website"},"primaryImageOfPage":{"@id":"https:\/\/www.koupelnapro.com\/index.php\/produkt\/sadrokarton-rigips-sdk-rb-a-12-5-x-1250-x-2000-mm-bila-deska-2-5-m2-pal-56-ks-cenova-bomba-10746\/#primaryimage"},"image":{"@id":"https:\/\/www.koupelnapro.com\/index.php\/produkt\/sadrokarton-rigips-sdk-rb-a-12-5-x-1250-x-2000-mm-bila-deska-2-5-m2-pal-56-ks-cenova-bomba-10746\/#primaryimage"},"thumbnailUrl":"https:\/\/www.koupelnapro.com\/wp-content\/uploads\/2026\/SK0003765-CZ20260425-091813-0-1777079894-gall_3c32793c-573a-4c0d-9b5c-46ff064e97f584596-stavebni-des.webp","datePublished":"2026-04-26T09:13:30+00:00","breadcrumb":{"@id":"https:\/\/www.koupelnapro.com\/index.php\/produkt\/sadrokarton-rigips-sdk-rb-a-12-5-x-1250-x-2000-mm-bila-deska-2-5-m2-pal-56-ks-cenova-bomba-10746\/#breadcrumb"},"inLanguage":"cs","potentialAction":[{"@type":"ReadAction","target":["https:\/\/www.koupelnapro.com\/index.php\/produkt\/sadrokarton-rigips-sdk-rb-a-12-5-x-1250-x-2000-mm-bila-deska-2-5-m2-pal-56-ks-cenova-bomba-10746\/"]}]},{"@type":"ImageObject","inLanguage":"cs","@id":"https:\/\/www.koupelnapro.com\/index.php\/produkt\/sadrokarton-rigips-sdk-rb-a-12-5-x-1250-x-2000-mm-bila-deska-2-5-m2-pal-56-ks-cenova-bomba-10746\/#primaryimage","url":"https:\/\/www.koupelnapro.com\/wp-content\/uploads\/2026\/SK0003765-CZ20260425-091813-0-1777079894-gall_3c32793c-573a-4c0d-9b5c-46ff064e97f584596-stavebni-des.webp","contentUrl":"https:\/\/www.koupelnapro.com\/wp-content\/uploads\/2026\/SK0003765-CZ20260425-091813-0-1777079894-gall_3c32793c-573a-4c0d-9b5c-46ff064e97f584596-stavebni-des.webp","width":380,"height":320},{"@type":"BreadcrumbList","@id":"https:\/\/www.koupelnapro.com\/index.php\/produkt\/sadrokarton-rigips-sdk-rb-a-12-5-x-1250-x-2000-mm-bila-deska-2-5-m2-pal-56-ks-cenova-bomba-10746\/#breadcrumb","itemListElement":[{"@type":"ListItem","position":1,"name":"Home","item":"https:\/\/www.koupelnapro.com\/"},{"@type":"ListItem","position":2,"name":"Products","item":"https:\/\/www.koupelnapro.com\/index.php\/products\/"},{"@type":"ListItem","position":3,"name":"S\u00e1drokarton Rigips SDK RB (A) 12,5 x 1250 x 2000 mm, b\u00edl\u00e1 (deska 2,5 m\u00b2 \/ pal. 56 ks) Cenov\u00e1 Bomba"}]},{"@type":"WebSite","@id":"https:\/\/www.koupelnapro.com\/#website","url":"https:\/\/www.koupelnapro.com\/","name":"","description":"","potentialAction":[{"@type":"SearchAction","target":{"@type":"EntryPoint","urlTemplate":"https:\/\/www.koupelnapro.com\/?s={search_term_string}"},"query-input":{"@type":"PropertyValueSpecification","valueRequired":true,"valueName":"search_term_string"}}],"inLanguage":"cs"}]}},"_links":{"self":[{"href":"https:\/\/www.koupelnapro.com\/index.php\/wp-json\/wp\/v2\/product\/10746","targetHints":{"allow":["GET"]}}],"collection":[{"href":"https:\/\/www.koupelnapro.com\/index.php\/wp-json\/wp\/v2\/product"}],"about":[{"href":"https:\/\/www.koupelnapro.com\/index.php\/wp-json\/wp\/v2\/types\/product"}],"replies":[{"embeddable":true,"href":"https:\/\/www.koupelnapro.com\/index.php\/wp-json\/wp\/v2\/comments?post=10746"}],"wp:featuredmedia":[{"embeddable":true,"href":"https:\/\/www.koupelnapro.com\/index.php\/wp-json\/wp\/v2\/media\/10846"}],"wp:attachment":[{"href":"https:\/\/www.koupelnapro.com\/index.php\/wp-json\/wp\/v2\/media?parent=10746"}],"wp:term":[{"taxonomy":"product_brand","embeddable":true,"href":"https:\/\/www.koupelnapro.com\/index.php\/wp-json\/wp\/v2\/product_brand?post=10746"},{"taxonomy":"product_cat","embeddable":true,"href":"https:\/\/www.koupelnapro.com\/index.php\/wp-json\/wp\/v2\/product_cat?post=10746"},{"taxonomy":"product_tag","embeddable":true,"href":"https:\/\/www.koupelnapro.com\/index.php\/wp-json\/wp\/v2\/product_tag?post=10746"}],"curies":[{"name":"wp","href":"https:\/\/api.w.org\/{rel}","templated":true}]}}