{"id":10697,"date":"2026-04-26T09:13:30","date_gmt":"2026-04-26T09:13:30","guid":{"rendered":""},"modified":"2026-04-26T09:13:30","modified_gmt":"2026-04-26T09:13:30","slug":"vyhodna-nabidka-talir-hmoz-kovovy-trn-pr-8mm-ki-170m-bal-250-vyprodej-10697","status":"publish","type":"product","link":"https:\/\/www.koupelnapro.com\/index.php\/produkt\/vyhodna-nabidka-talir-hmoz-kovovy-trn-pr-8mm-ki-170m-bal-250-vyprodej-10697\/","title":{"rendered":"V\u00fdhodn\u00e1 Nab\u00eddka Tal\u00ed\u0159.hmo\u017e.kovov\u00fd trn pr.8mm KI-170M(bal.250)V\u00ddPRODEJ"},"content":{"rendered":"<div class=\"tmc_edt\">\n<\/p><\/div>\n<\/p><\/div>\n","protected":false},"excerpt":{"rendered":"","protected":false},"featured_media":10797,"comment_status":"open","ping_status":"open","template":"","meta":[],"product_brand":[],"product_cat":[67],"product_tag":[],"class_list":{"0":"post-10697","1":"product","2":"type-product","3":"status-publish","4":"has-post-thumbnail","6":"product_cat-sucha-vystavba","8":"first","9":"instock","10":"sale","11":"shipping-taxable","12":"purchasable","13":"product-type-simple"},"yoast_head":"<!-- This site is optimized with the Yoast SEO plugin v26.8 - https:\/\/yoast.com\/product\/yoast-seo-wordpress\/ -->\n<title>V\u00fdhodn\u00e1 Nab\u00eddka Tal\u00ed\u0159.hmo\u017e.kovov\u00fd trn pr.8mm KI-170M(bal.250)V\u00ddPRODEJ -<\/title>\n<meta name=\"robots\" content=\"index, follow, max-snippet:-1, max-image-preview:large, max-video-preview:-1\" \/>\n<link rel=\"canonical\" href=\"https:\/\/www.koupelnapro.com\/index.php\/produkt\/vyhodna-nabidka-talir-hmoz-kovovy-trn-pr-8mm-ki-170m-bal-250-vyprodej-10697\/\" \/>\n<meta property=\"og:locale\" content=\"cs_CZ\" \/>\n<meta property=\"og:type\" content=\"article\" \/>\n<meta property=\"og:title\" content=\"V\u00fdhodn\u00e1 Nab\u00eddka Tal\u00ed\u0159.hmo\u017e.kovov\u00fd trn pr.8mm KI-170M(bal.250)V\u00ddPRODEJ -\" \/>\n<meta property=\"og:url\" content=\"https:\/\/www.koupelnapro.com\/index.php\/produkt\/vyhodna-nabidka-talir-hmoz-kovovy-trn-pr-8mm-ki-170m-bal-250-vyprodej-10697\/\" \/>\n<meta property=\"og:image\" content=\"https:\/\/www.koupelnapro.com\/wp-content\/uploads\/2026\/SK0003712-CZ20260425-091813-0-1777079894-7d354147-b5e5-48fd-ba20-e5585c9114ed_medium.webp\" \/>\n\t<meta property=\"og:image:width\" content=\"300\" \/>\n\t<meta property=\"og:image:height\" content=\"300\" \/>\n\t<meta property=\"og:image:type\" content=\"image\/webp\" \/>\n<meta name=\"twitter:card\" content=\"summary_large_image\" \/>\n<script type=\"application\/ld+json\" class=\"yoast-schema-graph\">{\"@context\":\"https:\/\/schema.org\",\"@graph\":[{\"@type\":\"WebPage\",\"@id\":\"https:\/\/www.koupelnapro.com\/index.php\/produkt\/vyhodna-nabidka-talir-hmoz-kovovy-trn-pr-8mm-ki-170m-bal-250-vyprodej-10697\/\",\"url\":\"https:\/\/www.koupelnapro.com\/index.php\/produkt\/vyhodna-nabidka-talir-hmoz-kovovy-trn-pr-8mm-ki-170m-bal-250-vyprodej-10697\/\",\"name\":\"V\u00fdhodn\u00e1 Nab\u00eddka Tal\u00ed\u0159.hmo\u017e.kovov\u00fd trn pr.8mm KI-170M(bal.250)V\u00ddPRODEJ -\",\"isPartOf\":{\"@id\":\"https:\/\/www.koupelnapro.com\/#website\"},\"primaryImageOfPage\":{\"@id\":\"https:\/\/www.koupelnapro.com\/index.php\/produkt\/vyhodna-nabidka-talir-hmoz-kovovy-trn-pr-8mm-ki-170m-bal-250-vyprodej-10697\/#primaryimage\"},\"image\":{\"@id\":\"https:\/\/www.koupelnapro.com\/index.php\/produkt\/vyhodna-nabidka-talir-hmoz-kovovy-trn-pr-8mm-ki-170m-bal-250-vyprodej-10697\/#primaryimage\"},\"thumbnailUrl\":\"https:\/\/www.koupelnapro.com\/wp-content\/uploads\/2026\/SK0003712-CZ20260425-091813-0-1777079894-7d354147-b5e5-48fd-ba20-e5585c9114ed_medium.webp\",\"datePublished\":\"2026-04-26T09:13:30+00:00\",\"breadcrumb\":{\"@id\":\"https:\/\/www.koupelnapro.com\/index.php\/produkt\/vyhodna-nabidka-talir-hmoz-kovovy-trn-pr-8mm-ki-170m-bal-250-vyprodej-10697\/#breadcrumb\"},\"inLanguage\":\"cs\",\"potentialAction\":[{\"@type\":\"ReadAction\",\"target\":[\"https:\/\/www.koupelnapro.com\/index.php\/produkt\/vyhodna-nabidka-talir-hmoz-kovovy-trn-pr-8mm-ki-170m-bal-250-vyprodej-10697\/\"]}]},{\"@type\":\"ImageObject\",\"inLanguage\":\"cs\",\"@id\":\"https:\/\/www.koupelnapro.com\/index.php\/produkt\/vyhodna-nabidka-talir-hmoz-kovovy-trn-pr-8mm-ki-170m-bal-250-vyprodej-10697\/#primaryimage\",\"url\":\"https:\/\/www.koupelnapro.com\/wp-content\/uploads\/2026\/SK0003712-CZ20260425-091813-0-1777079894-7d354147-b5e5-48fd-ba20-e5585c9114ed_medium.webp\",\"contentUrl\":\"https:\/\/www.koupelnapro.com\/wp-content\/uploads\/2026\/SK0003712-CZ20260425-091813-0-1777079894-7d354147-b5e5-48fd-ba20-e5585c9114ed_medium.webp\",\"width\":300,\"height\":300},{\"@type\":\"BreadcrumbList\",\"@id\":\"https:\/\/www.koupelnapro.com\/index.php\/produkt\/vyhodna-nabidka-talir-hmoz-kovovy-trn-pr-8mm-ki-170m-bal-250-vyprodej-10697\/#breadcrumb\",\"itemListElement\":[{\"@type\":\"ListItem\",\"position\":1,\"name\":\"Home\",\"item\":\"https:\/\/www.koupelnapro.com\/\"},{\"@type\":\"ListItem\",\"position\":2,\"name\":\"Products\",\"item\":\"https:\/\/www.koupelnapro.com\/index.php\/products\/\"},{\"@type\":\"ListItem\",\"position\":3,\"name\":\"V\u00fdhodn\u00e1 Nab\u00eddka Tal\u00ed\u0159.hmo\u017e.kovov\u00fd trn pr.8mm KI-170M(bal.250)V\u00ddPRODEJ\"}]},{\"@type\":\"WebSite\",\"@id\":\"https:\/\/www.koupelnapro.com\/#website\",\"url\":\"https:\/\/www.koupelnapro.com\/\",\"name\":\"\",\"description\":\"\",\"potentialAction\":[{\"@type\":\"SearchAction\",\"target\":{\"@type\":\"EntryPoint\",\"urlTemplate\":\"https:\/\/www.koupelnapro.com\/?s={search_term_string}\"},\"query-input\":{\"@type\":\"PropertyValueSpecification\",\"valueRequired\":true,\"valueName\":\"search_term_string\"}}],\"inLanguage\":\"cs\"}]}<\/script>\n<!-- \/ Yoast SEO plugin. -->","yoast_head_json":{"title":"V\u00fdhodn\u00e1 Nab\u00eddka Tal\u00ed\u0159.hmo\u017e.kovov\u00fd trn pr.8mm KI-170M(bal.250)V\u00ddPRODEJ -","robots":{"index":"index","follow":"follow","max-snippet":"max-snippet:-1","max-image-preview":"max-image-preview:large","max-video-preview":"max-video-preview:-1"},"canonical":"https:\/\/www.koupelnapro.com\/index.php\/produkt\/vyhodna-nabidka-talir-hmoz-kovovy-trn-pr-8mm-ki-170m-bal-250-vyprodej-10697\/","og_locale":"cs_CZ","og_type":"article","og_title":"V\u00fdhodn\u00e1 Nab\u00eddka Tal\u00ed\u0159.hmo\u017e.kovov\u00fd trn pr.8mm KI-170M(bal.250)V\u00ddPRODEJ -","og_url":"https:\/\/www.koupelnapro.com\/index.php\/produkt\/vyhodna-nabidka-talir-hmoz-kovovy-trn-pr-8mm-ki-170m-bal-250-vyprodej-10697\/","og_image":[{"width":300,"height":300,"url":"https:\/\/www.koupelnapro.com\/wp-content\/uploads\/2026\/SK0003712-CZ20260425-091813-0-1777079894-7d354147-b5e5-48fd-ba20-e5585c9114ed_medium.webp","type":"image\/webp"}],"twitter_card":"summary_large_image","schema":{"@context":"https:\/\/schema.org","@graph":[{"@type":"WebPage","@id":"https:\/\/www.koupelnapro.com\/index.php\/produkt\/vyhodna-nabidka-talir-hmoz-kovovy-trn-pr-8mm-ki-170m-bal-250-vyprodej-10697\/","url":"https:\/\/www.koupelnapro.com\/index.php\/produkt\/vyhodna-nabidka-talir-hmoz-kovovy-trn-pr-8mm-ki-170m-bal-250-vyprodej-10697\/","name":"V\u00fdhodn\u00e1 Nab\u00eddka Tal\u00ed\u0159.hmo\u017e.kovov\u00fd trn pr.8mm KI-170M(bal.250)V\u00ddPRODEJ -","isPartOf":{"@id":"https:\/\/www.koupelnapro.com\/#website"},"primaryImageOfPage":{"@id":"https:\/\/www.koupelnapro.com\/index.php\/produkt\/vyhodna-nabidka-talir-hmoz-kovovy-trn-pr-8mm-ki-170m-bal-250-vyprodej-10697\/#primaryimage"},"image":{"@id":"https:\/\/www.koupelnapro.com\/index.php\/produkt\/vyhodna-nabidka-talir-hmoz-kovovy-trn-pr-8mm-ki-170m-bal-250-vyprodej-10697\/#primaryimage"},"thumbnailUrl":"https:\/\/www.koupelnapro.com\/wp-content\/uploads\/2026\/SK0003712-CZ20260425-091813-0-1777079894-7d354147-b5e5-48fd-ba20-e5585c9114ed_medium.webp","datePublished":"2026-04-26T09:13:30+00:00","breadcrumb":{"@id":"https:\/\/www.koupelnapro.com\/index.php\/produkt\/vyhodna-nabidka-talir-hmoz-kovovy-trn-pr-8mm-ki-170m-bal-250-vyprodej-10697\/#breadcrumb"},"inLanguage":"cs","potentialAction":[{"@type":"ReadAction","target":["https:\/\/www.koupelnapro.com\/index.php\/produkt\/vyhodna-nabidka-talir-hmoz-kovovy-trn-pr-8mm-ki-170m-bal-250-vyprodej-10697\/"]}]},{"@type":"ImageObject","inLanguage":"cs","@id":"https:\/\/www.koupelnapro.com\/index.php\/produkt\/vyhodna-nabidka-talir-hmoz-kovovy-trn-pr-8mm-ki-170m-bal-250-vyprodej-10697\/#primaryimage","url":"https:\/\/www.koupelnapro.com\/wp-content\/uploads\/2026\/SK0003712-CZ20260425-091813-0-1777079894-7d354147-b5e5-48fd-ba20-e5585c9114ed_medium.webp","contentUrl":"https:\/\/www.koupelnapro.com\/wp-content\/uploads\/2026\/SK0003712-CZ20260425-091813-0-1777079894-7d354147-b5e5-48fd-ba20-e5585c9114ed_medium.webp","width":300,"height":300},{"@type":"BreadcrumbList","@id":"https:\/\/www.koupelnapro.com\/index.php\/produkt\/vyhodna-nabidka-talir-hmoz-kovovy-trn-pr-8mm-ki-170m-bal-250-vyprodej-10697\/#breadcrumb","itemListElement":[{"@type":"ListItem","position":1,"name":"Home","item":"https:\/\/www.koupelnapro.com\/"},{"@type":"ListItem","position":2,"name":"Products","item":"https:\/\/www.koupelnapro.com\/index.php\/products\/"},{"@type":"ListItem","position":3,"name":"V\u00fdhodn\u00e1 Nab\u00eddka Tal\u00ed\u0159.hmo\u017e.kovov\u00fd trn pr.8mm KI-170M(bal.250)V\u00ddPRODEJ"}]},{"@type":"WebSite","@id":"https:\/\/www.koupelnapro.com\/#website","url":"https:\/\/www.koupelnapro.com\/","name":"","description":"","potentialAction":[{"@type":"SearchAction","target":{"@type":"EntryPoint","urlTemplate":"https:\/\/www.koupelnapro.com\/?s={search_term_string}"},"query-input":{"@type":"PropertyValueSpecification","valueRequired":true,"valueName":"search_term_string"}}],"inLanguage":"cs"}]}},"_links":{"self":[{"href":"https:\/\/www.koupelnapro.com\/index.php\/wp-json\/wp\/v2\/product\/10697","targetHints":{"allow":["GET"]}}],"collection":[{"href":"https:\/\/www.koupelnapro.com\/index.php\/wp-json\/wp\/v2\/product"}],"about":[{"href":"https:\/\/www.koupelnapro.com\/index.php\/wp-json\/wp\/v2\/types\/product"}],"replies":[{"embeddable":true,"href":"https:\/\/www.koupelnapro.com\/index.php\/wp-json\/wp\/v2\/comments?post=10697"}],"wp:featuredmedia":[{"embeddable":true,"href":"https:\/\/www.koupelnapro.com\/index.php\/wp-json\/wp\/v2\/media\/10797"}],"wp:attachment":[{"href":"https:\/\/www.koupelnapro.com\/index.php\/wp-json\/wp\/v2\/media?parent=10697"}],"wp:term":[{"taxonomy":"product_brand","embeddable":true,"href":"https:\/\/www.koupelnapro.com\/index.php\/wp-json\/wp\/v2\/product_brand?post=10697"},{"taxonomy":"product_cat","embeddable":true,"href":"https:\/\/www.koupelnapro.com\/index.php\/wp-json\/wp\/v2\/product_cat?post=10697"},{"taxonomy":"product_tag","embeddable":true,"href":"https:\/\/www.koupelnapro.com\/index.php\/wp-json\/wp\/v2\/product_tag?post=10697"}],"curies":[{"name":"wp","href":"https:\/\/api.w.org\/{rel}","templated":true}]}}