{"id":10696,"date":"2026-04-26T09:13:30","date_gmt":"2026-04-26T09:13:30","guid":{"rendered":""},"modified":"2026-04-26T09:13:30","modified_gmt":"2026-04-26T09:13:30","slug":"talir-hmoz-plast-trn-kew-10-60-x-190-mm-baleni-250-ks-vyprodej-sezonni-sleva-10696","status":"publish","type":"product","link":"https:\/\/www.koupelnapro.com\/index.php\/produkt\/talir-hmoz-plast-trn-kew-10-60-x-190-mm-baleni-250-ks-vyprodej-sezonni-sleva-10696\/","title":{"rendered":"Tal\u00ed\u0159. hmo\u017e. plast trn KEW 10\/ 60 x 190 mm (balen\u00ed 250 ks) V\u00ddPRODEJ Sez\u00f3nn\u00ed Sleva"},"content":{"rendered":"<div class=\"tmc_edt\">\n<ul>\n<li><font face=\"Segoe UI\"><strong>Schv\u00e1leno pro:<br \/><\/strong>\u2022 beton<br \/>\u2022 pln\u00e9 cihly a d\u011brovan\u00e9 cihly<br \/>\u2022 dutinov\u00e9 tv\u00e1rnice<br \/>\u2022 p\u00f3robeton<\/font><\/li>\n<\/ul>\n<p><font face=\"Segoe UI\"><br \/><\/font><\/p>\n<ul>\n<li><font face=\"Segoe UI\"><font face=\"Segoe UI\"><strong>Vhodn\u00e9 tak\u00e9 pro:<\/strong><br \/>\u2022 p\u0159\u00edrodn\u00ed k\u00e1men s hutnou strukturou<\/font><\/font><\/li>\n<\/ul>\n<p><font face=\"Segoe UI\"><font face=\"Segoe UI\"><br \/><\/font><\/font><\/p>\n<ul>\n<li><font face=\"Segoe UI\"><font face=\"Segoe UI\"><font face=\"Segoe UI\"><strong>K p\u0159ipevn\u011bn\u00ed:<\/strong><br \/>\u2022 r\u016fzn\u00fdch izola\u010dn\u00edch materi\u00e1l\u016f<br \/>\u2022 vhodn\u00e1 nap\u0159. do vn\u011bj\u0161\u00edch tepeln\u011b izola\u010dn\u00edch kompozitn\u00edch syst\u00e9m\u016f (ETICS)<\/font><\/font><\/font><\/li>\n<\/ul><\/div>\n<\/p><\/div>\n","protected":false},"excerpt":{"rendered":"<p>Schv\u00e1leno pro:\u2022 beton\u2022 pln\u00e9 cihly a d\u011brovan\u00e9 cihly\u2022 dutinov\u00e9 tv\u00e1rnice\u2022 p\u00f3robeton Vhodn\u00e9 tak\u00e9 pro:\u2022 p\u0159\u00edrodn\u00ed k\u00e1men s hutnou strukturou K p\u0159ipevn\u011bn\u00ed:\u2022 r\u016fzn\u00fdch izola\u010dn\u00edch materi\u00e1l\u016f\u2022 vhodn\u00e1 nap\u0159. do vn\u011bj\u0161\u00edch tepeln\u011b izola\u010dn\u00edch kompozitn\u00edch syst\u00e9m\u016f (ETICS)<\/p>\n","protected":false},"featured_media":10796,"comment_status":"open","ping_status":"open","template":"","meta":[],"product_brand":[],"product_cat":[67],"product_tag":[],"class_list":{"0":"post-10696","1":"product","2":"type-product","3":"status-publish","4":"has-post-thumbnail","6":"product_cat-sucha-vystavba","8":"first","9":"instock","10":"sale","11":"shipping-taxable","12":"purchasable","13":"product-type-simple"},"yoast_head":"<!-- This site is optimized with the Yoast SEO plugin v26.8 - https:\/\/yoast.com\/product\/yoast-seo-wordpress\/ -->\n<title>Tal\u00ed\u0159. hmo\u017e. plast trn KEW 10\/ 60 x 190 mm (balen\u00ed 250 ks) V\u00ddPRODEJ Sez\u00f3nn\u00ed Sleva -<\/title>\n<meta name=\"robots\" content=\"index, follow, max-snippet:-1, max-image-preview:large, max-video-preview:-1\" \/>\n<link rel=\"canonical\" href=\"https:\/\/www.koupelnapro.com\/index.php\/produkt\/talir-hmoz-plast-trn-kew-10-60-x-190-mm-baleni-250-ks-vyprodej-sezonni-sleva-10696\/\" \/>\n<meta property=\"og:locale\" content=\"cs_CZ\" \/>\n<meta property=\"og:type\" content=\"article\" \/>\n<meta property=\"og:title\" content=\"Tal\u00ed\u0159. hmo\u017e. plast trn KEW 10\/ 60 x 190 mm (balen\u00ed 250 ks) V\u00ddPRODEJ Sez\u00f3nn\u00ed Sleva -\" \/>\n<meta property=\"og:description\" content=\"Schv\u00e1leno pro:\u2022 beton\u2022 pln\u00e9 cihly a d\u011brovan\u00e9 cihly\u2022 dutinov\u00e9 tv\u00e1rnice\u2022 p\u00f3robeton Vhodn\u00e9 tak\u00e9 pro:\u2022 p\u0159\u00edrodn\u00ed k\u00e1men s hutnou strukturou K p\u0159ipevn\u011bn\u00ed:\u2022 r\u016fzn\u00fdch izola\u010dn\u00edch materi\u00e1l\u016f\u2022 vhodn\u00e1 nap\u0159. do vn\u011bj\u0161\u00edch tepeln\u011b izola\u010dn\u00edch kompozitn\u00edch syst\u00e9m\u016f (ETICS)\" \/>\n<meta property=\"og:url\" content=\"https:\/\/www.koupelnapro.com\/index.php\/produkt\/talir-hmoz-plast-trn-kew-10-60-x-190-mm-baleni-250-ks-vyprodej-sezonni-sleva-10696\/\" \/>\n<meta property=\"og:image\" content=\"https:\/\/www.koupelnapro.com\/wp-content\/uploads\/2026\/SK0003711-CZ20260425-091813-0-1777079894-7d354147-b5e5-48fd-ba20-e5585c9114ed_medium.webp\" \/>\n\t<meta property=\"og:image:width\" content=\"300\" \/>\n\t<meta property=\"og:image:height\" content=\"300\" \/>\n\t<meta property=\"og:image:type\" content=\"image\/webp\" \/>\n<meta name=\"twitter:card\" content=\"summary_large_image\" \/>\n<script type=\"application\/ld+json\" class=\"yoast-schema-graph\">{\"@context\":\"https:\/\/schema.org\",\"@graph\":[{\"@type\":\"WebPage\",\"@id\":\"https:\/\/www.koupelnapro.com\/index.php\/produkt\/talir-hmoz-plast-trn-kew-10-60-x-190-mm-baleni-250-ks-vyprodej-sezonni-sleva-10696\/\",\"url\":\"https:\/\/www.koupelnapro.com\/index.php\/produkt\/talir-hmoz-plast-trn-kew-10-60-x-190-mm-baleni-250-ks-vyprodej-sezonni-sleva-10696\/\",\"name\":\"Tal\u00ed\u0159. hmo\u017e. plast trn KEW 10\/ 60 x 190 mm (balen\u00ed 250 ks) V\u00ddPRODEJ Sez\u00f3nn\u00ed Sleva -\",\"isPartOf\":{\"@id\":\"https:\/\/www.koupelnapro.com\/#website\"},\"primaryImageOfPage\":{\"@id\":\"https:\/\/www.koupelnapro.com\/index.php\/produkt\/talir-hmoz-plast-trn-kew-10-60-x-190-mm-baleni-250-ks-vyprodej-sezonni-sleva-10696\/#primaryimage\"},\"image\":{\"@id\":\"https:\/\/www.koupelnapro.com\/index.php\/produkt\/talir-hmoz-plast-trn-kew-10-60-x-190-mm-baleni-250-ks-vyprodej-sezonni-sleva-10696\/#primaryimage\"},\"thumbnailUrl\":\"https:\/\/www.koupelnapro.com\/wp-content\/uploads\/2026\/SK0003711-CZ20260425-091813-0-1777079894-7d354147-b5e5-48fd-ba20-e5585c9114ed_medium.webp\",\"datePublished\":\"2026-04-26T09:13:30+00:00\",\"breadcrumb\":{\"@id\":\"https:\/\/www.koupelnapro.com\/index.php\/produkt\/talir-hmoz-plast-trn-kew-10-60-x-190-mm-baleni-250-ks-vyprodej-sezonni-sleva-10696\/#breadcrumb\"},\"inLanguage\":\"cs\",\"potentialAction\":[{\"@type\":\"ReadAction\",\"target\":[\"https:\/\/www.koupelnapro.com\/index.php\/produkt\/talir-hmoz-plast-trn-kew-10-60-x-190-mm-baleni-250-ks-vyprodej-sezonni-sleva-10696\/\"]}]},{\"@type\":\"ImageObject\",\"inLanguage\":\"cs\",\"@id\":\"https:\/\/www.koupelnapro.com\/index.php\/produkt\/talir-hmoz-plast-trn-kew-10-60-x-190-mm-baleni-250-ks-vyprodej-sezonni-sleva-10696\/#primaryimage\",\"url\":\"https:\/\/www.koupelnapro.com\/wp-content\/uploads\/2026\/SK0003711-CZ20260425-091813-0-1777079894-7d354147-b5e5-48fd-ba20-e5585c9114ed_medium.webp\",\"contentUrl\":\"https:\/\/www.koupelnapro.com\/wp-content\/uploads\/2026\/SK0003711-CZ20260425-091813-0-1777079894-7d354147-b5e5-48fd-ba20-e5585c9114ed_medium.webp\",\"width\":300,\"height\":300},{\"@type\":\"BreadcrumbList\",\"@id\":\"https:\/\/www.koupelnapro.com\/index.php\/produkt\/talir-hmoz-plast-trn-kew-10-60-x-190-mm-baleni-250-ks-vyprodej-sezonni-sleva-10696\/#breadcrumb\",\"itemListElement\":[{\"@type\":\"ListItem\",\"position\":1,\"name\":\"Home\",\"item\":\"https:\/\/www.koupelnapro.com\/\"},{\"@type\":\"ListItem\",\"position\":2,\"name\":\"Products\",\"item\":\"https:\/\/www.koupelnapro.com\/index.php\/products\/\"},{\"@type\":\"ListItem\",\"position\":3,\"name\":\"Tal\u00ed\u0159. hmo\u017e. plast trn KEW 10\/ 60 x 190 mm (balen\u00ed 250 ks) V\u00ddPRODEJ Sez\u00f3nn\u00ed Sleva\"}]},{\"@type\":\"WebSite\",\"@id\":\"https:\/\/www.koupelnapro.com\/#website\",\"url\":\"https:\/\/www.koupelnapro.com\/\",\"name\":\"\",\"description\":\"\",\"potentialAction\":[{\"@type\":\"SearchAction\",\"target\":{\"@type\":\"EntryPoint\",\"urlTemplate\":\"https:\/\/www.koupelnapro.com\/?s={search_term_string}\"},\"query-input\":{\"@type\":\"PropertyValueSpecification\",\"valueRequired\":true,\"valueName\":\"search_term_string\"}}],\"inLanguage\":\"cs\"}]}<\/script>\n<!-- \/ Yoast SEO plugin. -->","yoast_head_json":{"title":"Tal\u00ed\u0159. hmo\u017e. plast trn KEW 10\/ 60 x 190 mm (balen\u00ed 250 ks) V\u00ddPRODEJ Sez\u00f3nn\u00ed Sleva -","robots":{"index":"index","follow":"follow","max-snippet":"max-snippet:-1","max-image-preview":"max-image-preview:large","max-video-preview":"max-video-preview:-1"},"canonical":"https:\/\/www.koupelnapro.com\/index.php\/produkt\/talir-hmoz-plast-trn-kew-10-60-x-190-mm-baleni-250-ks-vyprodej-sezonni-sleva-10696\/","og_locale":"cs_CZ","og_type":"article","og_title":"Tal\u00ed\u0159. hmo\u017e. plast trn KEW 10\/ 60 x 190 mm (balen\u00ed 250 ks) V\u00ddPRODEJ Sez\u00f3nn\u00ed Sleva -","og_description":"Schv\u00e1leno pro:\u2022 beton\u2022 pln\u00e9 cihly a d\u011brovan\u00e9 cihly\u2022 dutinov\u00e9 tv\u00e1rnice\u2022 p\u00f3robeton Vhodn\u00e9 tak\u00e9 pro:\u2022 p\u0159\u00edrodn\u00ed k\u00e1men s hutnou strukturou K p\u0159ipevn\u011bn\u00ed:\u2022 r\u016fzn\u00fdch izola\u010dn\u00edch materi\u00e1l\u016f\u2022 vhodn\u00e1 nap\u0159. do vn\u011bj\u0161\u00edch tepeln\u011b izola\u010dn\u00edch kompozitn\u00edch syst\u00e9m\u016f (ETICS)","og_url":"https:\/\/www.koupelnapro.com\/index.php\/produkt\/talir-hmoz-plast-trn-kew-10-60-x-190-mm-baleni-250-ks-vyprodej-sezonni-sleva-10696\/","og_image":[{"width":300,"height":300,"url":"https:\/\/www.koupelnapro.com\/wp-content\/uploads\/2026\/SK0003711-CZ20260425-091813-0-1777079894-7d354147-b5e5-48fd-ba20-e5585c9114ed_medium.webp","type":"image\/webp"}],"twitter_card":"summary_large_image","schema":{"@context":"https:\/\/schema.org","@graph":[{"@type":"WebPage","@id":"https:\/\/www.koupelnapro.com\/index.php\/produkt\/talir-hmoz-plast-trn-kew-10-60-x-190-mm-baleni-250-ks-vyprodej-sezonni-sleva-10696\/","url":"https:\/\/www.koupelnapro.com\/index.php\/produkt\/talir-hmoz-plast-trn-kew-10-60-x-190-mm-baleni-250-ks-vyprodej-sezonni-sleva-10696\/","name":"Tal\u00ed\u0159. hmo\u017e. plast trn KEW 10\/ 60 x 190 mm (balen\u00ed 250 ks) V\u00ddPRODEJ Sez\u00f3nn\u00ed Sleva -","isPartOf":{"@id":"https:\/\/www.koupelnapro.com\/#website"},"primaryImageOfPage":{"@id":"https:\/\/www.koupelnapro.com\/index.php\/produkt\/talir-hmoz-plast-trn-kew-10-60-x-190-mm-baleni-250-ks-vyprodej-sezonni-sleva-10696\/#primaryimage"},"image":{"@id":"https:\/\/www.koupelnapro.com\/index.php\/produkt\/talir-hmoz-plast-trn-kew-10-60-x-190-mm-baleni-250-ks-vyprodej-sezonni-sleva-10696\/#primaryimage"},"thumbnailUrl":"https:\/\/www.koupelnapro.com\/wp-content\/uploads\/2026\/SK0003711-CZ20260425-091813-0-1777079894-7d354147-b5e5-48fd-ba20-e5585c9114ed_medium.webp","datePublished":"2026-04-26T09:13:30+00:00","breadcrumb":{"@id":"https:\/\/www.koupelnapro.com\/index.php\/produkt\/talir-hmoz-plast-trn-kew-10-60-x-190-mm-baleni-250-ks-vyprodej-sezonni-sleva-10696\/#breadcrumb"},"inLanguage":"cs","potentialAction":[{"@type":"ReadAction","target":["https:\/\/www.koupelnapro.com\/index.php\/produkt\/talir-hmoz-plast-trn-kew-10-60-x-190-mm-baleni-250-ks-vyprodej-sezonni-sleva-10696\/"]}]},{"@type":"ImageObject","inLanguage":"cs","@id":"https:\/\/www.koupelnapro.com\/index.php\/produkt\/talir-hmoz-plast-trn-kew-10-60-x-190-mm-baleni-250-ks-vyprodej-sezonni-sleva-10696\/#primaryimage","url":"https:\/\/www.koupelnapro.com\/wp-content\/uploads\/2026\/SK0003711-CZ20260425-091813-0-1777079894-7d354147-b5e5-48fd-ba20-e5585c9114ed_medium.webp","contentUrl":"https:\/\/www.koupelnapro.com\/wp-content\/uploads\/2026\/SK0003711-CZ20260425-091813-0-1777079894-7d354147-b5e5-48fd-ba20-e5585c9114ed_medium.webp","width":300,"height":300},{"@type":"BreadcrumbList","@id":"https:\/\/www.koupelnapro.com\/index.php\/produkt\/talir-hmoz-plast-trn-kew-10-60-x-190-mm-baleni-250-ks-vyprodej-sezonni-sleva-10696\/#breadcrumb","itemListElement":[{"@type":"ListItem","position":1,"name":"Home","item":"https:\/\/www.koupelnapro.com\/"},{"@type":"ListItem","position":2,"name":"Products","item":"https:\/\/www.koupelnapro.com\/index.php\/products\/"},{"@type":"ListItem","position":3,"name":"Tal\u00ed\u0159. hmo\u017e. plast trn KEW 10\/ 60 x 190 mm (balen\u00ed 250 ks) V\u00ddPRODEJ Sez\u00f3nn\u00ed Sleva"}]},{"@type":"WebSite","@id":"https:\/\/www.koupelnapro.com\/#website","url":"https:\/\/www.koupelnapro.com\/","name":"","description":"","potentialAction":[{"@type":"SearchAction","target":{"@type":"EntryPoint","urlTemplate":"https:\/\/www.koupelnapro.com\/?s={search_term_string}"},"query-input":{"@type":"PropertyValueSpecification","valueRequired":true,"valueName":"search_term_string"}}],"inLanguage":"cs"}]}},"_links":{"self":[{"href":"https:\/\/www.koupelnapro.com\/index.php\/wp-json\/wp\/v2\/product\/10696","targetHints":{"allow":["GET"]}}],"collection":[{"href":"https:\/\/www.koupelnapro.com\/index.php\/wp-json\/wp\/v2\/product"}],"about":[{"href":"https:\/\/www.koupelnapro.com\/index.php\/wp-json\/wp\/v2\/types\/product"}],"replies":[{"embeddable":true,"href":"https:\/\/www.koupelnapro.com\/index.php\/wp-json\/wp\/v2\/comments?post=10696"}],"wp:featuredmedia":[{"embeddable":true,"href":"https:\/\/www.koupelnapro.com\/index.php\/wp-json\/wp\/v2\/media\/10796"}],"wp:attachment":[{"href":"https:\/\/www.koupelnapro.com\/index.php\/wp-json\/wp\/v2\/media?parent=10696"}],"wp:term":[{"taxonomy":"product_brand","embeddable":true,"href":"https:\/\/www.koupelnapro.com\/index.php\/wp-json\/wp\/v2\/product_brand?post=10696"},{"taxonomy":"product_cat","embeddable":true,"href":"https:\/\/www.koupelnapro.com\/index.php\/wp-json\/wp\/v2\/product_cat?post=10696"},{"taxonomy":"product_tag","embeddable":true,"href":"https:\/\/www.koupelnapro.com\/index.php\/wp-json\/wp\/v2\/product_tag?post=10696"}],"curies":[{"name":"wp","href":"https:\/\/api.w.org\/{rel}","templated":true}]}}